{"id":161695,"date":"2023-11-28T16:15:55","date_gmt":"2023-11-28T15:15:55","guid":{"rendered":"https:\/\/www.voustenshoes.com\/santoni-amg-lewis-schwarz-38286\/"},"modified":"2026-02-05T11:17:44","modified_gmt":"2026-02-05T10:17:44","slug":"santoni-amg-lewis-schwarz-38286-2","status":"publish","type":"product","link":"https:\/\/www.voustenshoes.com\/de\/santoni-amg-lewis-schwarz-38286-2\/","title":{"rendered":"Santoni AMG Lewis schwarz (38286)"},"content":{"rendered":"<p>Ist ein halb hoge\u00a0Sneaker und hat einen sportlichen Look. Hergestellt mit den neuesten Techniken und Materialien. Dieser Schuh verf\u00fcgt \u00fcber ein Obermaterial aus Stretchgewebe und eine robuste Au\u00dfensohle f\u00fcr einen unterst\u00fctzenden Schritt. Abgerundet mit einem Logodetail\u00a0als Symbol des unverwechselbaren Santoni-Stils.<\/p>\n<ul>\n<li>Breite: Standard bis breit<\/li>\n<li>Verschluss: Spitze<\/li>\n<li>Au\u00dfen: Leder und Hightech-Nylon<\/li>\n<li>Innen: Leder<\/li>\n<li>Sohlenkonstruktion: Gummi<\/li>\n<li>Standardgr\u00f6\u00dfe<\/li>\n<li>Diese Santoni-Schuhe werden in Italien handgefertigt<\/li>\n<\/ul>\n<p>Lieferung in der original Santoni-Box, mit passenden Staubbeuteln.<\/p>\n","protected":false},"excerpt":{"rendered":"<p>Ist ein halb hoge\u00a0Sneaker und hat einen sportlichen Look. Hergestellt mit den neuesten Techniken und Materialien. Dieser Schuh verf\u00fcgt \u00fcber ein Obermaterial aus Stretchgewebe und eine robuste Au\u00dfensohle f\u00fcr einen unterst\u00fctzenden Schritt. Abgerundet mit einem Logodetail\u00a0als Symbol des unverwechselbaren Santoni-Stils. Breite: Standard bis breit Verschluss: Spitze Au\u00dfen: Leder und Hightech-Nylon Innen: Leder Sohlenkonstruktion: Gummi Standardgr\u00f6\u00dfe [&#8230;]\n","protected":false},"featured_media":180435,"comment_status":"open","ping_status":"closed","template":"","meta":{"rank_math_lock_modified_date":false},"product_cat":[1174,1182,1269,1308,1100,1123,1139],"product_tag":[],"class_list":{"0":"post-161695","1":"product","2":"type-product","3":"status-publish","4":"has-post-thumbnail","6":"product_cat-schoenen-nl-de","7":"product_cat-santoni-nl-de","8":"product_cat-sneakers-nl-de","9":"product_cat-hoge-sneakers-de","10":"product_cat-amg-sneakers-de","11":"product_cat-hoge-santoni-sneakers-en-2-de","12":"product_cat-heren-nl-de","14":"first","15":"instock","16":"taxable","17":"shipping-taxable","18":"purchasable","19":"product-type-variable"},"acf":[],"yoast_head":"<!-- This site is optimized with the Yoast SEO plugin v23.9 - https:\/\/yoast.com\/wordpress\/plugins\/seo\/ -->\n<title>Santoni AMG Lewis schwarz (38286) - Vousten Shoes<\/title>\n<meta name=\"robots\" content=\"index, follow, max-snippet:-1, max-image-preview:large, max-video-preview:-1\" \/>\n<link rel=\"canonical\" href=\"https:\/\/www.voustenshoes.com\/de\/santoni-amg-lewis-schwarz-38286-2\/\" \/>\n<meta property=\"og:locale\" content=\"de_DE\" \/>\n<meta property=\"og:type\" content=\"article\" \/>\n<meta property=\"og:title\" content=\"Santoni AMG Lewis schwarz (38286) - Vousten Shoes\" \/>\n<meta property=\"og:description\" content=\"Ist ein halb hoge\u00a0Sneaker und hat einen sportlichen Look. Hergestellt mit den neuesten Techniken und Materialien. Dieser Schuh verf\u00fcgt \u00fcber ein Obermaterial aus Stretchgewebe und eine robuste Au\u00dfensohle f\u00fcr einen unterst\u00fctzenden Schritt. Abgerundet mit einem Logodetail\u00a0als Symbol des unverwechselbaren Santoni-Stils. Breite: Standard bis breit Verschluss: Spitze Au\u00dfen: Leder und Hightech-Nylon Innen: Leder Sohlenkonstruktion: Gummi Standardgr\u00f6\u00dfe [...]\" \/>\n<meta property=\"og:url\" content=\"https:\/\/www.voustenshoes.com\/de\/santoni-amg-lewis-schwarz-38286-2\/\" \/>\n<meta property=\"og:site_name\" content=\"Vousten Shoes\" \/>\n<meta property=\"article:modified_time\" content=\"2026-02-05T10:17:44+00:00\" \/>\n<meta property=\"og:image\" content=\"https:\/\/www.voustenshoes.com\/wp-content\/uploads\/2023\/06\/santoni_amg_zwart_0.jpg\" \/>\n\t<meta property=\"og:image:width\" content=\"2048\" \/>\n\t<meta property=\"og:image:height\" content=\"2048\" \/>\n\t<meta property=\"og:image:type\" content=\"image\/jpeg\" \/>\n<meta name=\"twitter:card\" content=\"summary_large_image\" \/>\n<script type=\"application\/ld+json\" class=\"yoast-schema-graph\">{\"@context\":\"https:\/\/schema.org\",\"@graph\":[{\"@type\":\"WebPage\",\"@id\":\"https:\/\/www.voustenshoes.com\/de\/santoni-amg-lewis-schwarz-38286-2\/\",\"url\":\"https:\/\/www.voustenshoes.com\/de\/santoni-amg-lewis-schwarz-38286-2\/\",\"name\":\"Santoni AMG Lewis schwarz (38286) - Vousten Shoes\",\"isPartOf\":{\"@id\":\"https:\/\/www.voustenshoes.com\/nl\/#website\"},\"primaryImageOfPage\":{\"@id\":\"https:\/\/www.voustenshoes.com\/de\/santoni-amg-lewis-schwarz-38286-2\/#primaryimage\"},\"image\":{\"@id\":\"https:\/\/www.voustenshoes.com\/de\/santoni-amg-lewis-schwarz-38286-2\/#primaryimage\"},\"thumbnailUrl\":\"https:\/\/www.voustenshoes.com\/wp-content\/uploads\/2023\/06\/santoni_amg_zwart_0.jpg\",\"datePublished\":\"2023-11-28T15:15:55+00:00\",\"dateModified\":\"2026-02-05T10:17:44+00:00\",\"breadcrumb\":{\"@id\":\"https:\/\/www.voustenshoes.com\/de\/santoni-amg-lewis-schwarz-38286-2\/#breadcrumb\"},\"inLanguage\":\"de-DE\",\"potentialAction\":[{\"@type\":\"ReadAction\",\"target\":[\"https:\/\/www.voustenshoes.com\/de\/santoni-amg-lewis-schwarz-38286-2\/\"]}]},{\"@type\":\"ImageObject\",\"inLanguage\":\"de-DE\",\"@id\":\"https:\/\/www.voustenshoes.com\/de\/santoni-amg-lewis-schwarz-38286-2\/#primaryimage\",\"url\":\"https:\/\/www.voustenshoes.com\/wp-content\/uploads\/2023\/06\/santoni_amg_zwart_0.jpg\",\"contentUrl\":\"https:\/\/www.voustenshoes.com\/wp-content\/uploads\/2023\/06\/santoni_amg_zwart_0.jpg\",\"width\":2048,\"height\":2048},{\"@type\":\"BreadcrumbList\",\"@id\":\"https:\/\/www.voustenshoes.com\/de\/santoni-amg-lewis-schwarz-38286-2\/#breadcrumb\",\"itemListElement\":[{\"@type\":\"ListItem\",\"position\":1,\"name\":\"Home\",\"item\":\"https:\/\/www.voustenshoes.com\/de\/\"},{\"@type\":\"ListItem\",\"position\":2,\"name\":\"Shop\",\"item\":\"https:\/\/www.voustenshoes.com\/de\/shop\/\"},{\"@type\":\"ListItem\",\"position\":3,\"name\":\"Santoni AMG Lewis schwarz (38286)\"}]},{\"@type\":\"WebSite\",\"@id\":\"https:\/\/www.voustenshoes.com\/nl\/#website\",\"url\":\"https:\/\/www.voustenshoes.com\/nl\/\",\"name\":\"Vousten Shoes\",\"description\":\"\",\"potentialAction\":[{\"@type\":\"SearchAction\",\"target\":{\"@type\":\"EntryPoint\",\"urlTemplate\":\"https:\/\/www.voustenshoes.com\/nl\/?s={search_term_string}\"},\"query-input\":{\"@type\":\"PropertyValueSpecification\",\"valueRequired\":true,\"valueName\":\"search_term_string\"}}],\"inLanguage\":\"de-DE\"}]}<\/script>\n<!-- \/ Yoast SEO plugin. -->","yoast_head_json":{"title":"Santoni AMG Lewis schwarz (38286) - Vousten Shoes","robots":{"index":"index","follow":"follow","max-snippet":"max-snippet:-1","max-image-preview":"max-image-preview:large","max-video-preview":"max-video-preview:-1"},"canonical":"https:\/\/www.voustenshoes.com\/de\/santoni-amg-lewis-schwarz-38286-2\/","og_locale":"de_DE","og_type":"article","og_title":"Santoni AMG Lewis schwarz (38286) - Vousten Shoes","og_description":"Ist ein halb hoge\u00a0Sneaker und hat einen sportlichen Look. Hergestellt mit den neuesten Techniken und Materialien. Dieser Schuh verf\u00fcgt \u00fcber ein Obermaterial aus Stretchgewebe und eine robuste Au\u00dfensohle f\u00fcr einen unterst\u00fctzenden Schritt. Abgerundet mit einem Logodetail\u00a0als Symbol des unverwechselbaren Santoni-Stils. Breite: Standard bis breit Verschluss: Spitze Au\u00dfen: Leder und Hightech-Nylon Innen: Leder Sohlenkonstruktion: Gummi Standardgr\u00f6\u00dfe [...]","og_url":"https:\/\/www.voustenshoes.com\/de\/santoni-amg-lewis-schwarz-38286-2\/","og_site_name":"Vousten Shoes","article_modified_time":"2026-02-05T10:17:44+00:00","og_image":[{"width":2048,"height":2048,"url":"https:\/\/www.voustenshoes.com\/wp-content\/uploads\/2023\/06\/santoni_amg_zwart_0.jpg","type":"image\/jpeg"}],"twitter_card":"summary_large_image","schema":{"@context":"https:\/\/schema.org","@graph":[{"@type":"WebPage","@id":"https:\/\/www.voustenshoes.com\/de\/santoni-amg-lewis-schwarz-38286-2\/","url":"https:\/\/www.voustenshoes.com\/de\/santoni-amg-lewis-schwarz-38286-2\/","name":"Santoni AMG Lewis schwarz (38286) - Vousten Shoes","isPartOf":{"@id":"https:\/\/www.voustenshoes.com\/nl\/#website"},"primaryImageOfPage":{"@id":"https:\/\/www.voustenshoes.com\/de\/santoni-amg-lewis-schwarz-38286-2\/#primaryimage"},"image":{"@id":"https:\/\/www.voustenshoes.com\/de\/santoni-amg-lewis-schwarz-38286-2\/#primaryimage"},"thumbnailUrl":"https:\/\/www.voustenshoes.com\/wp-content\/uploads\/2023\/06\/santoni_amg_zwart_0.jpg","datePublished":"2023-11-28T15:15:55+00:00","dateModified":"2026-02-05T10:17:44+00:00","breadcrumb":{"@id":"https:\/\/www.voustenshoes.com\/de\/santoni-amg-lewis-schwarz-38286-2\/#breadcrumb"},"inLanguage":"de-DE","potentialAction":[{"@type":"ReadAction","target":["https:\/\/www.voustenshoes.com\/de\/santoni-amg-lewis-schwarz-38286-2\/"]}]},{"@type":"ImageObject","inLanguage":"de-DE","@id":"https:\/\/www.voustenshoes.com\/de\/santoni-amg-lewis-schwarz-38286-2\/#primaryimage","url":"https:\/\/www.voustenshoes.com\/wp-content\/uploads\/2023\/06\/santoni_amg_zwart_0.jpg","contentUrl":"https:\/\/www.voustenshoes.com\/wp-content\/uploads\/2023\/06\/santoni_amg_zwart_0.jpg","width":2048,"height":2048},{"@type":"BreadcrumbList","@id":"https:\/\/www.voustenshoes.com\/de\/santoni-amg-lewis-schwarz-38286-2\/#breadcrumb","itemListElement":[{"@type":"ListItem","position":1,"name":"Home","item":"https:\/\/www.voustenshoes.com\/de\/"},{"@type":"ListItem","position":2,"name":"Shop","item":"https:\/\/www.voustenshoes.com\/de\/shop\/"},{"@type":"ListItem","position":3,"name":"Santoni AMG Lewis schwarz (38286)"}]},{"@type":"WebSite","@id":"https:\/\/www.voustenshoes.com\/nl\/#website","url":"https:\/\/www.voustenshoes.com\/nl\/","name":"Vousten Shoes","description":"","potentialAction":[{"@type":"SearchAction","target":{"@type":"EntryPoint","urlTemplate":"https:\/\/www.voustenshoes.com\/nl\/?s={search_term_string}"},"query-input":{"@type":"PropertyValueSpecification","valueRequired":true,"valueName":"search_term_string"}}],"inLanguage":"de-DE"}]}},"_links":{"self":[{"href":"https:\/\/www.voustenshoes.com\/de\/wp-json\/wp\/v2\/product\/161695","targetHints":{"allow":["GET"]}}],"collection":[{"href":"https:\/\/www.voustenshoes.com\/de\/wp-json\/wp\/v2\/product"}],"about":[{"href":"https:\/\/www.voustenshoes.com\/de\/wp-json\/wp\/v2\/types\/product"}],"replies":[{"embeddable":true,"href":"https:\/\/www.voustenshoes.com\/de\/wp-json\/wp\/v2\/comments?post=161695"}],"wp:featuredmedia":[{"embeddable":true,"href":"https:\/\/www.voustenshoes.com\/de\/wp-json\/wp\/v2\/media\/180435"}],"wp:attachment":[{"href":"https:\/\/www.voustenshoes.com\/de\/wp-json\/wp\/v2\/media?parent=161695"}],"wp:term":[{"taxonomy":"product_cat","embeddable":true,"href":"https:\/\/www.voustenshoes.com\/de\/wp-json\/wp\/v2\/product_cat?post=161695"},{"taxonomy":"product_tag","embeddable":true,"href":"https:\/\/www.voustenshoes.com\/de\/wp-json\/wp\/v2\/product_tag?post=161695"}],"curies":[{"name":"wp","href":"https:\/\/api.w.org\/{rel}","templated":true}]}}