{"id":174423,"date":"2024-04-09T10:04:10","date_gmt":"2024-04-09T08:04:10","guid":{"rendered":"https:\/\/www.voustenshoes.com\/santoni-rucksack-sand-38841\/"},"modified":"2026-02-05T11:19:15","modified_gmt":"2026-02-05T10:19:15","slug":"santoni-rucksack-sand-38841","status":"publish","type":"product","link":"https:\/\/www.voustenshoes.com\/de\/santoni-rucksack-sand-38841\/","title":{"rendered":"Santoni Backpack Sand (38841)"},"content":{"rendered":"<p>Der dynamische und aufwendige Santoni-Herrenrucksack eignet sich sowohl f\u00fcr Besorgungen in der Stadt als auch f\u00fcr gelegentliche Arbeitsveranstaltungen. Es ist aus gewalktem Leder gefertigt und verf\u00fcgt \u00fcber zahlreiche Innen- und Au\u00dfentaschen, um Ihre Sachen ordentlich und organisiert aufzubewahren.<\/p>\n<ul>\n<li>Herrenrucksack<\/li>\n<li>Aus gewalktem Leder<\/li>\n<li>Lederdetails, behandelt mit der Farbkorrekturtechnik \u201eVelatura\u201c von Santoni<\/li>\n<li>Farbe: sand<\/li>\n<li>Zwei Innentaschen<\/li>\n<li>Vordertasche mit Sonnenlicht<\/li>\n<li>Verstellbare Tr\u00e4ger<\/li>\n<li>In beide Richtungen verbrannt<\/li>\n<li>Ton in Ton gepr\u00e4gtes Santoni-Logo<\/li>\n<li>Abmessungen: 45 cm x 35 cm x 19 cm<\/li>\n<\/ul>\n","protected":false},"excerpt":{"rendered":"<p>Der dynamische und aufwendige Santoni-Herrenrucksack eignet sich sowohl f\u00fcr Besorgungen in der Stadt als auch f\u00fcr gelegentliche Arbeitsveranstaltungen. Es ist aus gewalktem Leder gefertigt und verf\u00fcgt \u00fcber zahlreiche Innen- und Au\u00dfentaschen, um Ihre Sachen ordentlich und organisiert aufzubewahren. Herrenrucksack Aus gewalktem Leder Lederdetails, behandelt mit der Farbkorrekturtechnik \u201eVelatura\u201c von Santoni Farbe: sand Zwei Innentaschen Vordertasche [&#8230;]\n","protected":false},"featured_media":180854,"comment_status":"open","ping_status":"closed","template":"","meta":{"rank_math_lock_modified_date":false},"product_cat":[1139,1182,1262],"product_tag":[],"class_list":{"0":"post-174423","1":"product","2":"type-product","3":"status-publish","4":"has-post-thumbnail","6":"product_cat-heren-nl-de","7":"product_cat-santoni-nl-de","8":"product_cat-tassen-nl-de","10":"first","11":"instock","12":"taxable","13":"shipping-taxable","14":"purchasable","15":"product-type-variable"},"acf":[],"yoast_head":"<!-- This site is optimized with the Yoast SEO plugin v23.9 - https:\/\/yoast.com\/wordpress\/plugins\/seo\/ -->\n<title>Santoni Backpack Sand (38841) - Vousten Shoes<\/title>\n<meta name=\"robots\" content=\"index, follow, max-snippet:-1, max-image-preview:large, max-video-preview:-1\" \/>\n<link rel=\"canonical\" href=\"https:\/\/www.voustenshoes.com\/de\/santoni-rucksack-sand-38841\/\" \/>\n<meta property=\"og:locale\" content=\"de_DE\" \/>\n<meta property=\"og:type\" content=\"article\" \/>\n<meta property=\"og:title\" content=\"Santoni Backpack Sand (38841) - Vousten Shoes\" \/>\n<meta property=\"og:description\" content=\"Der dynamische und aufwendige Santoni-Herrenrucksack eignet sich sowohl f\u00fcr Besorgungen in der Stadt als auch f\u00fcr gelegentliche Arbeitsveranstaltungen. Es ist aus gewalktem Leder gefertigt und verf\u00fcgt \u00fcber zahlreiche Innen- und Au\u00dfentaschen, um Ihre Sachen ordentlich und organisiert aufzubewahren. Herrenrucksack Aus gewalktem Leder Lederdetails, behandelt mit der Farbkorrekturtechnik \u201eVelatura\u201c von Santoni Farbe: sand Zwei Innentaschen Vordertasche [...]\" \/>\n<meta property=\"og:url\" content=\"https:\/\/www.voustenshoes.com\/de\/santoni-rucksack-sand-38841\/\" \/>\n<meta property=\"og:site_name\" content=\"Vousten Shoes\" \/>\n<meta property=\"article:modified_time\" content=\"2026-02-05T10:19:15+00:00\" \/>\n<meta property=\"og:image\" content=\"https:\/\/www.voustenshoes.com\/wp-content\/uploads\/2023\/06\/santoni_backpack_sand_2.png\" \/>\n\t<meta property=\"og:image:width\" content=\"1660\" \/>\n\t<meta property=\"og:image:height\" content=\"1660\" \/>\n\t<meta property=\"og:image:type\" content=\"image\/png\" \/>\n<meta name=\"twitter:card\" content=\"summary_large_image\" \/>\n<script type=\"application\/ld+json\" class=\"yoast-schema-graph\">{\"@context\":\"https:\/\/schema.org\",\"@graph\":[{\"@type\":\"WebPage\",\"@id\":\"https:\/\/www.voustenshoes.com\/de\/santoni-rucksack-sand-38841\/\",\"url\":\"https:\/\/www.voustenshoes.com\/de\/santoni-rucksack-sand-38841\/\",\"name\":\"Santoni Backpack Sand (38841) - Vousten Shoes\",\"isPartOf\":{\"@id\":\"https:\/\/www.voustenshoes.com\/nl\/#website\"},\"primaryImageOfPage\":{\"@id\":\"https:\/\/www.voustenshoes.com\/de\/santoni-rucksack-sand-38841\/#primaryimage\"},\"image\":{\"@id\":\"https:\/\/www.voustenshoes.com\/de\/santoni-rucksack-sand-38841\/#primaryimage\"},\"thumbnailUrl\":\"https:\/\/www.voustenshoes.com\/wp-content\/uploads\/2023\/06\/santoni_backpack_sand_2.png\",\"datePublished\":\"2024-04-09T08:04:10+00:00\",\"dateModified\":\"2026-02-05T10:19:15+00:00\",\"breadcrumb\":{\"@id\":\"https:\/\/www.voustenshoes.com\/de\/santoni-rucksack-sand-38841\/#breadcrumb\"},\"inLanguage\":\"de-DE\",\"potentialAction\":[{\"@type\":\"ReadAction\",\"target\":[\"https:\/\/www.voustenshoes.com\/de\/santoni-rucksack-sand-38841\/\"]}]},{\"@type\":\"ImageObject\",\"inLanguage\":\"de-DE\",\"@id\":\"https:\/\/www.voustenshoes.com\/de\/santoni-rucksack-sand-38841\/#primaryimage\",\"url\":\"https:\/\/www.voustenshoes.com\/wp-content\/uploads\/2023\/06\/santoni_backpack_sand_2.png\",\"contentUrl\":\"https:\/\/www.voustenshoes.com\/wp-content\/uploads\/2023\/06\/santoni_backpack_sand_2.png\",\"width\":1660,\"height\":1660},{\"@type\":\"BreadcrumbList\",\"@id\":\"https:\/\/www.voustenshoes.com\/de\/santoni-rucksack-sand-38841\/#breadcrumb\",\"itemListElement\":[{\"@type\":\"ListItem\",\"position\":1,\"name\":\"Home\",\"item\":\"https:\/\/www.voustenshoes.com\/de\/\"},{\"@type\":\"ListItem\",\"position\":2,\"name\":\"Shop\",\"item\":\"https:\/\/www.voustenshoes.com\/de\/shop\/\"},{\"@type\":\"ListItem\",\"position\":3,\"name\":\"Santoni Backpack Sand (38841)\"}]},{\"@type\":\"WebSite\",\"@id\":\"https:\/\/www.voustenshoes.com\/nl\/#website\",\"url\":\"https:\/\/www.voustenshoes.com\/nl\/\",\"name\":\"Vousten Shoes\",\"description\":\"\",\"potentialAction\":[{\"@type\":\"SearchAction\",\"target\":{\"@type\":\"EntryPoint\",\"urlTemplate\":\"https:\/\/www.voustenshoes.com\/nl\/?s={search_term_string}\"},\"query-input\":{\"@type\":\"PropertyValueSpecification\",\"valueRequired\":true,\"valueName\":\"search_term_string\"}}],\"inLanguage\":\"de-DE\"}]}<\/script>\n<!-- \/ Yoast SEO plugin. -->","yoast_head_json":{"title":"Santoni Backpack Sand (38841) - Vousten Shoes","robots":{"index":"index","follow":"follow","max-snippet":"max-snippet:-1","max-image-preview":"max-image-preview:large","max-video-preview":"max-video-preview:-1"},"canonical":"https:\/\/www.voustenshoes.com\/de\/santoni-rucksack-sand-38841\/","og_locale":"de_DE","og_type":"article","og_title":"Santoni Backpack Sand (38841) - Vousten Shoes","og_description":"Der dynamische und aufwendige Santoni-Herrenrucksack eignet sich sowohl f\u00fcr Besorgungen in der Stadt als auch f\u00fcr gelegentliche Arbeitsveranstaltungen. Es ist aus gewalktem Leder gefertigt und verf\u00fcgt \u00fcber zahlreiche Innen- und Au\u00dfentaschen, um Ihre Sachen ordentlich und organisiert aufzubewahren. Herrenrucksack Aus gewalktem Leder Lederdetails, behandelt mit der Farbkorrekturtechnik \u201eVelatura\u201c von Santoni Farbe: sand Zwei Innentaschen Vordertasche [...]","og_url":"https:\/\/www.voustenshoes.com\/de\/santoni-rucksack-sand-38841\/","og_site_name":"Vousten Shoes","article_modified_time":"2026-02-05T10:19:15+00:00","og_image":[{"width":1660,"height":1660,"url":"https:\/\/www.voustenshoes.com\/wp-content\/uploads\/2023\/06\/santoni_backpack_sand_2.png","type":"image\/png"}],"twitter_card":"summary_large_image","schema":{"@context":"https:\/\/schema.org","@graph":[{"@type":"WebPage","@id":"https:\/\/www.voustenshoes.com\/de\/santoni-rucksack-sand-38841\/","url":"https:\/\/www.voustenshoes.com\/de\/santoni-rucksack-sand-38841\/","name":"Santoni Backpack Sand (38841) - Vousten Shoes","isPartOf":{"@id":"https:\/\/www.voustenshoes.com\/nl\/#website"},"primaryImageOfPage":{"@id":"https:\/\/www.voustenshoes.com\/de\/santoni-rucksack-sand-38841\/#primaryimage"},"image":{"@id":"https:\/\/www.voustenshoes.com\/de\/santoni-rucksack-sand-38841\/#primaryimage"},"thumbnailUrl":"https:\/\/www.voustenshoes.com\/wp-content\/uploads\/2023\/06\/santoni_backpack_sand_2.png","datePublished":"2024-04-09T08:04:10+00:00","dateModified":"2026-02-05T10:19:15+00:00","breadcrumb":{"@id":"https:\/\/www.voustenshoes.com\/de\/santoni-rucksack-sand-38841\/#breadcrumb"},"inLanguage":"de-DE","potentialAction":[{"@type":"ReadAction","target":["https:\/\/www.voustenshoes.com\/de\/santoni-rucksack-sand-38841\/"]}]},{"@type":"ImageObject","inLanguage":"de-DE","@id":"https:\/\/www.voustenshoes.com\/de\/santoni-rucksack-sand-38841\/#primaryimage","url":"https:\/\/www.voustenshoes.com\/wp-content\/uploads\/2023\/06\/santoni_backpack_sand_2.png","contentUrl":"https:\/\/www.voustenshoes.com\/wp-content\/uploads\/2023\/06\/santoni_backpack_sand_2.png","width":1660,"height":1660},{"@type":"BreadcrumbList","@id":"https:\/\/www.voustenshoes.com\/de\/santoni-rucksack-sand-38841\/#breadcrumb","itemListElement":[{"@type":"ListItem","position":1,"name":"Home","item":"https:\/\/www.voustenshoes.com\/de\/"},{"@type":"ListItem","position":2,"name":"Shop","item":"https:\/\/www.voustenshoes.com\/de\/shop\/"},{"@type":"ListItem","position":3,"name":"Santoni Backpack Sand (38841)"}]},{"@type":"WebSite","@id":"https:\/\/www.voustenshoes.com\/nl\/#website","url":"https:\/\/www.voustenshoes.com\/nl\/","name":"Vousten Shoes","description":"","potentialAction":[{"@type":"SearchAction","target":{"@type":"EntryPoint","urlTemplate":"https:\/\/www.voustenshoes.com\/nl\/?s={search_term_string}"},"query-input":{"@type":"PropertyValueSpecification","valueRequired":true,"valueName":"search_term_string"}}],"inLanguage":"de-DE"}]}},"_links":{"self":[{"href":"https:\/\/www.voustenshoes.com\/de\/wp-json\/wp\/v2\/product\/174423","targetHints":{"allow":["GET"]}}],"collection":[{"href":"https:\/\/www.voustenshoes.com\/de\/wp-json\/wp\/v2\/product"}],"about":[{"href":"https:\/\/www.voustenshoes.com\/de\/wp-json\/wp\/v2\/types\/product"}],"replies":[{"embeddable":true,"href":"https:\/\/www.voustenshoes.com\/de\/wp-json\/wp\/v2\/comments?post=174423"}],"wp:featuredmedia":[{"embeddable":true,"href":"https:\/\/www.voustenshoes.com\/de\/wp-json\/wp\/v2\/media\/180854"}],"wp:attachment":[{"href":"https:\/\/www.voustenshoes.com\/de\/wp-json\/wp\/v2\/media?parent=174423"}],"wp:term":[{"taxonomy":"product_cat","embeddable":true,"href":"https:\/\/www.voustenshoes.com\/de\/wp-json\/wp\/v2\/product_cat?post=174423"},{"taxonomy":"product_tag","embeddable":true,"href":"https:\/\/www.voustenshoes.com\/de\/wp-json\/wp\/v2\/product_tag?post=174423"}],"curies":[{"name":"wp","href":"https:\/\/api.w.org\/{rel}","templated":true}]}}