{"id":183751,"date":"2024-10-10T09:52:05","date_gmt":"2024-10-10T07:52:05","guid":{"rendered":"https:\/\/www.voustenshoes.com\/santoni-bijenwas-schoenpoets-bruin-39914-2\/"},"modified":"2026-03-02T01:18:10","modified_gmt":"2026-03-02T00:18:10","slug":"title-ident-39914-language-de","status":"publish","type":"product","link":"https:\/\/www.voustenshoes.com\/de\/title-ident-39914-language-de\/","title":{"rendered":"SANTONI &#8211; Bienenwachs Schuhcreme braun (39914)"},"content":{"rendered":"<p>Richtige Pflege ist das Geheimnis zeitloser Sch\u00f6nheit. Diese Bienenwachs-Schuhcreme hat feuchtigkeitsspendende Eigenschaften, die dazu beitragen, dass Ihre Lederschuhe weich und strahlend bleiben und auch nach dem Tragen noch getragen werden k\u00f6nnen. Reiben Sie sie mit einem Schwamm oder einem weichen Tuch in die Oberfl\u00e4che des Schuhs ein und polieren Sie das Leder anschlie\u00dfend mit einem separaten sauberen Tuch. Nicht f\u00fcr Wildleder oder Lackleder verwenden.<\/p>\n","protected":false},"excerpt":{"rendered":"<p>Richtige Pflege ist das Geheimnis zeitloser Sch\u00f6nheit. Diese Bienenwachs-Schuhcreme hat feuchtigkeitsspendende Eigenschaften, die dazu beitragen, dass Ihre Lederschuhe weich und strahlend bleiben und auch nach dem Tragen noch getragen werden k\u00f6nnen. Reiben Sie sie mit einem Schwamm oder einem weichen Tuch in die Oberfl\u00e4che des Schuhs ein und polieren Sie das Leder anschlie\u00dfend mit einem [&#8230;]\n","protected":false},"featured_media":183744,"comment_status":"open","ping_status":"closed","template":"","meta":{"rank_math_lock_modified_date":false},"product_cat":[1139,1182,1283],"product_tag":[],"class_list":{"0":"post-183751","1":"product","2":"type-product","3":"status-publish","4":"has-post-thumbnail","6":"product_cat-heren-nl-de","7":"product_cat-santoni-nl-de","8":"product_cat-schoenverzorging-nl-de","10":"first","11":"instock","12":"taxable","13":"shipping-taxable","14":"purchasable","15":"product-type-variable"},"acf":[],"yoast_head":"<!-- This site is optimized with the Yoast SEO plugin v23.9 - https:\/\/yoast.com\/wordpress\/plugins\/seo\/ -->\n<title>SANTONI - Bienenwachs Schuhcreme braun (39914) - Vousten Shoes<\/title>\n<meta name=\"robots\" content=\"index, follow, max-snippet:-1, max-image-preview:large, max-video-preview:-1\" \/>\n<link rel=\"canonical\" href=\"https:\/\/www.voustenshoes.com\/de\/title-ident-39914-language-de\/\" \/>\n<meta property=\"og:locale\" content=\"de_DE\" \/>\n<meta property=\"og:type\" content=\"article\" \/>\n<meta property=\"og:title\" content=\"SANTONI - Bienenwachs Schuhcreme braun (39914) - Vousten Shoes\" \/>\n<meta property=\"og:description\" content=\"Richtige Pflege ist das Geheimnis zeitloser Sch\u00f6nheit. Diese Bienenwachs-Schuhcreme hat feuchtigkeitsspendende Eigenschaften, die dazu beitragen, dass Ihre Lederschuhe weich und strahlend bleiben und auch nach dem Tragen noch getragen werden k\u00f6nnen. Reiben Sie sie mit einem Schwamm oder einem weichen Tuch in die Oberfl\u00e4che des Schuhs ein und polieren Sie das Leder anschlie\u00dfend mit einem [...]\" \/>\n<meta property=\"og:url\" content=\"https:\/\/www.voustenshoes.com\/de\/title-ident-39914-language-de\/\" \/>\n<meta property=\"og:site_name\" content=\"Vousten Shoes\" \/>\n<meta property=\"article:modified_time\" content=\"2026-03-02T00:18:10+00:00\" \/>\n<meta property=\"og:image\" content=\"https:\/\/www.voustenshoes.com\/wp-content\/uploads\/2023\/06\/Santoni-Bijenwas-Schoenpoets-bruin-39914.jpg\" \/>\n\t<meta property=\"og:image:width\" content=\"1300\" \/>\n\t<meta property=\"og:image:height\" content=\"1300\" \/>\n\t<meta property=\"og:image:type\" content=\"image\/jpeg\" \/>\n<meta name=\"twitter:card\" content=\"summary_large_image\" \/>\n<script type=\"application\/ld+json\" class=\"yoast-schema-graph\">{\"@context\":\"https:\/\/schema.org\",\"@graph\":[{\"@type\":\"WebPage\",\"@id\":\"https:\/\/www.voustenshoes.com\/de\/title-ident-39914-language-de\/\",\"url\":\"https:\/\/www.voustenshoes.com\/de\/title-ident-39914-language-de\/\",\"name\":\"SANTONI - Bienenwachs Schuhcreme braun (39914) - Vousten Shoes\",\"isPartOf\":{\"@id\":\"https:\/\/www.voustenshoes.com\/nl\/#website\"},\"primaryImageOfPage\":{\"@id\":\"https:\/\/www.voustenshoes.com\/de\/title-ident-39914-language-de\/#primaryimage\"},\"image\":{\"@id\":\"https:\/\/www.voustenshoes.com\/de\/title-ident-39914-language-de\/#primaryimage\"},\"thumbnailUrl\":\"https:\/\/www.voustenshoes.com\/wp-content\/uploads\/2023\/06\/Santoni-Bijenwas-Schoenpoets-bruin-39914.jpg\",\"datePublished\":\"2024-10-10T07:52:05+00:00\",\"dateModified\":\"2026-03-02T00:18:10+00:00\",\"breadcrumb\":{\"@id\":\"https:\/\/www.voustenshoes.com\/de\/title-ident-39914-language-de\/#breadcrumb\"},\"inLanguage\":\"de-DE\",\"potentialAction\":[{\"@type\":\"ReadAction\",\"target\":[\"https:\/\/www.voustenshoes.com\/de\/title-ident-39914-language-de\/\"]}]},{\"@type\":\"ImageObject\",\"inLanguage\":\"de-DE\",\"@id\":\"https:\/\/www.voustenshoes.com\/de\/title-ident-39914-language-de\/#primaryimage\",\"url\":\"https:\/\/www.voustenshoes.com\/wp-content\/uploads\/2023\/06\/Santoni-Bijenwas-Schoenpoets-bruin-39914.jpg\",\"contentUrl\":\"https:\/\/www.voustenshoes.com\/wp-content\/uploads\/2023\/06\/Santoni-Bijenwas-Schoenpoets-bruin-39914.jpg\",\"width\":1300,\"height\":1300},{\"@type\":\"BreadcrumbList\",\"@id\":\"https:\/\/www.voustenshoes.com\/de\/title-ident-39914-language-de\/#breadcrumb\",\"itemListElement\":[{\"@type\":\"ListItem\",\"position\":1,\"name\":\"Home\",\"item\":\"https:\/\/www.voustenshoes.com\/de\/\"},{\"@type\":\"ListItem\",\"position\":2,\"name\":\"Shop\",\"item\":\"https:\/\/www.voustenshoes.com\/de\/shop\/\"},{\"@type\":\"ListItem\",\"position\":3,\"name\":\"SANTONI &#8211; Bienenwachs Schuhcreme braun (39914)\"}]},{\"@type\":\"WebSite\",\"@id\":\"https:\/\/www.voustenshoes.com\/nl\/#website\",\"url\":\"https:\/\/www.voustenshoes.com\/nl\/\",\"name\":\"Vousten Shoes\",\"description\":\"\",\"potentialAction\":[{\"@type\":\"SearchAction\",\"target\":{\"@type\":\"EntryPoint\",\"urlTemplate\":\"https:\/\/www.voustenshoes.com\/nl\/?s={search_term_string}\"},\"query-input\":{\"@type\":\"PropertyValueSpecification\",\"valueRequired\":true,\"valueName\":\"search_term_string\"}}],\"inLanguage\":\"de-DE\"}]}<\/script>\n<!-- \/ Yoast SEO plugin. -->","yoast_head_json":{"title":"SANTONI - Bienenwachs Schuhcreme braun (39914) - Vousten Shoes","robots":{"index":"index","follow":"follow","max-snippet":"max-snippet:-1","max-image-preview":"max-image-preview:large","max-video-preview":"max-video-preview:-1"},"canonical":"https:\/\/www.voustenshoes.com\/de\/title-ident-39914-language-de\/","og_locale":"de_DE","og_type":"article","og_title":"SANTONI - Bienenwachs Schuhcreme braun (39914) - Vousten Shoes","og_description":"Richtige Pflege ist das Geheimnis zeitloser Sch\u00f6nheit. Diese Bienenwachs-Schuhcreme hat feuchtigkeitsspendende Eigenschaften, die dazu beitragen, dass Ihre Lederschuhe weich und strahlend bleiben und auch nach dem Tragen noch getragen werden k\u00f6nnen. Reiben Sie sie mit einem Schwamm oder einem weichen Tuch in die Oberfl\u00e4che des Schuhs ein und polieren Sie das Leder anschlie\u00dfend mit einem [...]","og_url":"https:\/\/www.voustenshoes.com\/de\/title-ident-39914-language-de\/","og_site_name":"Vousten Shoes","article_modified_time":"2026-03-02T00:18:10+00:00","og_image":[{"width":1300,"height":1300,"url":"https:\/\/www.voustenshoes.com\/wp-content\/uploads\/2023\/06\/Santoni-Bijenwas-Schoenpoets-bruin-39914.jpg","type":"image\/jpeg"}],"twitter_card":"summary_large_image","schema":{"@context":"https:\/\/schema.org","@graph":[{"@type":"WebPage","@id":"https:\/\/www.voustenshoes.com\/de\/title-ident-39914-language-de\/","url":"https:\/\/www.voustenshoes.com\/de\/title-ident-39914-language-de\/","name":"SANTONI - Bienenwachs Schuhcreme braun (39914) - Vousten Shoes","isPartOf":{"@id":"https:\/\/www.voustenshoes.com\/nl\/#website"},"primaryImageOfPage":{"@id":"https:\/\/www.voustenshoes.com\/de\/title-ident-39914-language-de\/#primaryimage"},"image":{"@id":"https:\/\/www.voustenshoes.com\/de\/title-ident-39914-language-de\/#primaryimage"},"thumbnailUrl":"https:\/\/www.voustenshoes.com\/wp-content\/uploads\/2023\/06\/Santoni-Bijenwas-Schoenpoets-bruin-39914.jpg","datePublished":"2024-10-10T07:52:05+00:00","dateModified":"2026-03-02T00:18:10+00:00","breadcrumb":{"@id":"https:\/\/www.voustenshoes.com\/de\/title-ident-39914-language-de\/#breadcrumb"},"inLanguage":"de-DE","potentialAction":[{"@type":"ReadAction","target":["https:\/\/www.voustenshoes.com\/de\/title-ident-39914-language-de\/"]}]},{"@type":"ImageObject","inLanguage":"de-DE","@id":"https:\/\/www.voustenshoes.com\/de\/title-ident-39914-language-de\/#primaryimage","url":"https:\/\/www.voustenshoes.com\/wp-content\/uploads\/2023\/06\/Santoni-Bijenwas-Schoenpoets-bruin-39914.jpg","contentUrl":"https:\/\/www.voustenshoes.com\/wp-content\/uploads\/2023\/06\/Santoni-Bijenwas-Schoenpoets-bruin-39914.jpg","width":1300,"height":1300},{"@type":"BreadcrumbList","@id":"https:\/\/www.voustenshoes.com\/de\/title-ident-39914-language-de\/#breadcrumb","itemListElement":[{"@type":"ListItem","position":1,"name":"Home","item":"https:\/\/www.voustenshoes.com\/de\/"},{"@type":"ListItem","position":2,"name":"Shop","item":"https:\/\/www.voustenshoes.com\/de\/shop\/"},{"@type":"ListItem","position":3,"name":"SANTONI &#8211; Bienenwachs Schuhcreme braun (39914)"}]},{"@type":"WebSite","@id":"https:\/\/www.voustenshoes.com\/nl\/#website","url":"https:\/\/www.voustenshoes.com\/nl\/","name":"Vousten Shoes","description":"","potentialAction":[{"@type":"SearchAction","target":{"@type":"EntryPoint","urlTemplate":"https:\/\/www.voustenshoes.com\/nl\/?s={search_term_string}"},"query-input":{"@type":"PropertyValueSpecification","valueRequired":true,"valueName":"search_term_string"}}],"inLanguage":"de-DE"}]}},"_links":{"self":[{"href":"https:\/\/www.voustenshoes.com\/de\/wp-json\/wp\/v2\/product\/183751","targetHints":{"allow":["GET"]}}],"collection":[{"href":"https:\/\/www.voustenshoes.com\/de\/wp-json\/wp\/v2\/product"}],"about":[{"href":"https:\/\/www.voustenshoes.com\/de\/wp-json\/wp\/v2\/types\/product"}],"replies":[{"embeddable":true,"href":"https:\/\/www.voustenshoes.com\/de\/wp-json\/wp\/v2\/comments?post=183751"}],"wp:featuredmedia":[{"embeddable":true,"href":"https:\/\/www.voustenshoes.com\/de\/wp-json\/wp\/v2\/media\/183744"}],"wp:attachment":[{"href":"https:\/\/www.voustenshoes.com\/de\/wp-json\/wp\/v2\/media?parent=183751"}],"wp:term":[{"taxonomy":"product_cat","embeddable":true,"href":"https:\/\/www.voustenshoes.com\/de\/wp-json\/wp\/v2\/product_cat?post=183751"},{"taxonomy":"product_tag","embeddable":true,"href":"https:\/\/www.voustenshoes.com\/de\/wp-json\/wp\/v2\/product_tag?post=183751"}],"curies":[{"name":"wp","href":"https:\/\/api.w.org\/{rel}","templated":true}]}}