{"id":184140,"date":"2024-10-11T03:32:05","date_gmt":"2024-10-11T01:32:05","guid":{"rendered":"https:\/\/www.voustenshoes.com\/santoni-franz-25743-2\/"},"modified":"2026-02-06T00:57:03","modified_gmt":"2026-02-05T23:57:03","slug":"santoni-franz-25743-2","status":"publish","type":"product","link":"https:\/\/www.voustenshoes.com\/de\/santoni-franz-25743-2\/","title":{"rendered":"Santoni Franz (25743)"},"content":{"rendered":"<p>Ist eine Stiefelette aus Leder und hat verschiedene Farbnuancen.<\/p>\n<ul>\n<li>Breite: Standard bis ger\u00e4umig<\/li>\n<li>Schlie\u00dfung: Spitze und Riem<\/li>\n<li>Detail: von Hand gef\u00e4rbt<\/li>\n<li>Obermaterial: Leder<\/li>\n<li>Innenseite: Leder<\/li>\n<li>Sohlenkonstruktion: Norvegese Methode benannt &#8222;Roccia Cervino&#8220;<\/li>\n<li>Standardgr\u00f6\u00dfe<\/li>\n<li>Passender G\u00fcrtel m\u00f6glich<\/li>\n<li>Diese Santoni Schuhe sind in Italien handgefertigt<\/li>\n<\/ul>\n<p>Wird in der Original Santoni-Box mit passenden Staubbeuteln geliefert.<\/p>\n","protected":false},"excerpt":{"rendered":"<p>Ist eine Stiefelette aus Leder und hat verschiedene Farbnuancen. Breite: Standard bis ger\u00e4umig Schlie\u00dfung: Spitze und Riem Detail: von Hand gef\u00e4rbt Obermaterial: Leder Innenseite: Leder Sohlenkonstruktion: Norvegese Methode benannt &#8222;Roccia Cervino&#8220; Standardgr\u00f6\u00dfe Passender G\u00fcrtel m\u00f6glich Diese Santoni Schuhe sind in Italien handgefertigt Wird in der Original Santoni-Box mit passenden Staubbeuteln geliefert.<\/p>\n","protected":false},"featured_media":176887,"comment_status":"open","ping_status":"closed","template":"","meta":{"rank_math_lock_modified_date":false},"product_cat":[1245,1139,1174,1182],"product_tag":[],"class_list":{"0":"post-184140","1":"product","2":"type-product","3":"status-publish","4":"has-post-thumbnail","6":"product_cat-winterschoenen-nl-de","7":"product_cat-heren-nl-de","8":"product_cat-schoenen-nl-de","9":"product_cat-santoni-nl-de","11":"first","12":"instock","13":"taxable","14":"shipping-taxable","15":"purchasable","16":"product-type-variable"},"acf":[],"yoast_head":"<!-- This site is optimized with the Yoast SEO plugin v23.9 - https:\/\/yoast.com\/wordpress\/plugins\/seo\/ -->\n<title>Santoni Franz (25743) - Vousten Shoes<\/title>\n<meta name=\"robots\" content=\"index, follow, max-snippet:-1, max-image-preview:large, max-video-preview:-1\" \/>\n<link rel=\"canonical\" href=\"https:\/\/www.voustenshoes.com\/de\/santoni-franz-25743-2\/\" \/>\n<meta property=\"og:locale\" content=\"de_DE\" \/>\n<meta property=\"og:type\" content=\"article\" \/>\n<meta property=\"og:title\" content=\"Santoni Franz (25743) - Vousten Shoes\" \/>\n<meta property=\"og:description\" content=\"Ist eine Stiefelette aus Leder und hat verschiedene Farbnuancen. Breite: Standard bis ger\u00e4umig Schlie\u00dfung: Spitze und Riem Detail: von Hand gef\u00e4rbt Obermaterial: Leder Innenseite: Leder Sohlenkonstruktion: Norvegese Methode benannt &#8222;Roccia Cervino&#8220; Standardgr\u00f6\u00dfe Passender G\u00fcrtel m\u00f6glich Diese Santoni Schuhe sind in Italien handgefertigt Wird in der Original Santoni-Box mit passenden Staubbeuteln geliefert.\" \/>\n<meta property=\"og:url\" content=\"https:\/\/www.voustenshoes.com\/de\/santoni-franz-25743-2\/\" \/>\n<meta property=\"og:site_name\" content=\"Vousten Shoes\" \/>\n<meta property=\"article:modified_time\" content=\"2026-02-05T23:57:03+00:00\" \/>\n<meta property=\"og:image\" content=\"https:\/\/www.voustenshoes.com\/wp-content\/uploads\/2023\/06\/franz1.jpg\" \/>\n\t<meta property=\"og:image:width\" content=\"1300\" \/>\n\t<meta property=\"og:image:height\" content=\"1300\" \/>\n\t<meta property=\"og:image:type\" content=\"image\/jpeg\" \/>\n<meta name=\"twitter:card\" content=\"summary_large_image\" \/>\n<script type=\"application\/ld+json\" class=\"yoast-schema-graph\">{\"@context\":\"https:\/\/schema.org\",\"@graph\":[{\"@type\":\"WebPage\",\"@id\":\"https:\/\/www.voustenshoes.com\/de\/santoni-franz-25743-2\/\",\"url\":\"https:\/\/www.voustenshoes.com\/de\/santoni-franz-25743-2\/\",\"name\":\"Santoni Franz (25743) - Vousten Shoes\",\"isPartOf\":{\"@id\":\"https:\/\/www.voustenshoes.com\/nl\/#website\"},\"primaryImageOfPage\":{\"@id\":\"https:\/\/www.voustenshoes.com\/de\/santoni-franz-25743-2\/#primaryimage\"},\"image\":{\"@id\":\"https:\/\/www.voustenshoes.com\/de\/santoni-franz-25743-2\/#primaryimage\"},\"thumbnailUrl\":\"https:\/\/www.voustenshoes.com\/wp-content\/uploads\/2023\/06\/franz1.jpg\",\"datePublished\":\"2024-10-11T01:32:05+00:00\",\"dateModified\":\"2026-02-05T23:57:03+00:00\",\"breadcrumb\":{\"@id\":\"https:\/\/www.voustenshoes.com\/de\/santoni-franz-25743-2\/#breadcrumb\"},\"inLanguage\":\"de-DE\",\"potentialAction\":[{\"@type\":\"ReadAction\",\"target\":[\"https:\/\/www.voustenshoes.com\/de\/santoni-franz-25743-2\/\"]}]},{\"@type\":\"ImageObject\",\"inLanguage\":\"de-DE\",\"@id\":\"https:\/\/www.voustenshoes.com\/de\/santoni-franz-25743-2\/#primaryimage\",\"url\":\"https:\/\/www.voustenshoes.com\/wp-content\/uploads\/2023\/06\/franz1.jpg\",\"contentUrl\":\"https:\/\/www.voustenshoes.com\/wp-content\/uploads\/2023\/06\/franz1.jpg\",\"width\":1300,\"height\":1300},{\"@type\":\"BreadcrumbList\",\"@id\":\"https:\/\/www.voustenshoes.com\/de\/santoni-franz-25743-2\/#breadcrumb\",\"itemListElement\":[{\"@type\":\"ListItem\",\"position\":1,\"name\":\"Home\",\"item\":\"https:\/\/www.voustenshoes.com\/de\/\"},{\"@type\":\"ListItem\",\"position\":2,\"name\":\"Shop\",\"item\":\"https:\/\/www.voustenshoes.com\/de\/shop\/\"},{\"@type\":\"ListItem\",\"position\":3,\"name\":\"Santoni Franz (25743)\"}]},{\"@type\":\"WebSite\",\"@id\":\"https:\/\/www.voustenshoes.com\/nl\/#website\",\"url\":\"https:\/\/www.voustenshoes.com\/nl\/\",\"name\":\"Vousten Shoes\",\"description\":\"\",\"potentialAction\":[{\"@type\":\"SearchAction\",\"target\":{\"@type\":\"EntryPoint\",\"urlTemplate\":\"https:\/\/www.voustenshoes.com\/nl\/?s={search_term_string}\"},\"query-input\":{\"@type\":\"PropertyValueSpecification\",\"valueRequired\":true,\"valueName\":\"search_term_string\"}}],\"inLanguage\":\"de-DE\"}]}<\/script>\n<!-- \/ Yoast SEO plugin. -->","yoast_head_json":{"title":"Santoni Franz (25743) - Vousten Shoes","robots":{"index":"index","follow":"follow","max-snippet":"max-snippet:-1","max-image-preview":"max-image-preview:large","max-video-preview":"max-video-preview:-1"},"canonical":"https:\/\/www.voustenshoes.com\/de\/santoni-franz-25743-2\/","og_locale":"de_DE","og_type":"article","og_title":"Santoni Franz (25743) - Vousten Shoes","og_description":"Ist eine Stiefelette aus Leder und hat verschiedene Farbnuancen. Breite: Standard bis ger\u00e4umig Schlie\u00dfung: Spitze und Riem Detail: von Hand gef\u00e4rbt Obermaterial: Leder Innenseite: Leder Sohlenkonstruktion: Norvegese Methode benannt &#8222;Roccia Cervino&#8220; Standardgr\u00f6\u00dfe Passender G\u00fcrtel m\u00f6glich Diese Santoni Schuhe sind in Italien handgefertigt Wird in der Original Santoni-Box mit passenden Staubbeuteln geliefert.","og_url":"https:\/\/www.voustenshoes.com\/de\/santoni-franz-25743-2\/","og_site_name":"Vousten Shoes","article_modified_time":"2026-02-05T23:57:03+00:00","og_image":[{"width":1300,"height":1300,"url":"https:\/\/www.voustenshoes.com\/wp-content\/uploads\/2023\/06\/franz1.jpg","type":"image\/jpeg"}],"twitter_card":"summary_large_image","schema":{"@context":"https:\/\/schema.org","@graph":[{"@type":"WebPage","@id":"https:\/\/www.voustenshoes.com\/de\/santoni-franz-25743-2\/","url":"https:\/\/www.voustenshoes.com\/de\/santoni-franz-25743-2\/","name":"Santoni Franz (25743) - Vousten Shoes","isPartOf":{"@id":"https:\/\/www.voustenshoes.com\/nl\/#website"},"primaryImageOfPage":{"@id":"https:\/\/www.voustenshoes.com\/de\/santoni-franz-25743-2\/#primaryimage"},"image":{"@id":"https:\/\/www.voustenshoes.com\/de\/santoni-franz-25743-2\/#primaryimage"},"thumbnailUrl":"https:\/\/www.voustenshoes.com\/wp-content\/uploads\/2023\/06\/franz1.jpg","datePublished":"2024-10-11T01:32:05+00:00","dateModified":"2026-02-05T23:57:03+00:00","breadcrumb":{"@id":"https:\/\/www.voustenshoes.com\/de\/santoni-franz-25743-2\/#breadcrumb"},"inLanguage":"de-DE","potentialAction":[{"@type":"ReadAction","target":["https:\/\/www.voustenshoes.com\/de\/santoni-franz-25743-2\/"]}]},{"@type":"ImageObject","inLanguage":"de-DE","@id":"https:\/\/www.voustenshoes.com\/de\/santoni-franz-25743-2\/#primaryimage","url":"https:\/\/www.voustenshoes.com\/wp-content\/uploads\/2023\/06\/franz1.jpg","contentUrl":"https:\/\/www.voustenshoes.com\/wp-content\/uploads\/2023\/06\/franz1.jpg","width":1300,"height":1300},{"@type":"BreadcrumbList","@id":"https:\/\/www.voustenshoes.com\/de\/santoni-franz-25743-2\/#breadcrumb","itemListElement":[{"@type":"ListItem","position":1,"name":"Home","item":"https:\/\/www.voustenshoes.com\/de\/"},{"@type":"ListItem","position":2,"name":"Shop","item":"https:\/\/www.voustenshoes.com\/de\/shop\/"},{"@type":"ListItem","position":3,"name":"Santoni Franz (25743)"}]},{"@type":"WebSite","@id":"https:\/\/www.voustenshoes.com\/nl\/#website","url":"https:\/\/www.voustenshoes.com\/nl\/","name":"Vousten Shoes","description":"","potentialAction":[{"@type":"SearchAction","target":{"@type":"EntryPoint","urlTemplate":"https:\/\/www.voustenshoes.com\/nl\/?s={search_term_string}"},"query-input":{"@type":"PropertyValueSpecification","valueRequired":true,"valueName":"search_term_string"}}],"inLanguage":"de-DE"}]}},"_links":{"self":[{"href":"https:\/\/www.voustenshoes.com\/de\/wp-json\/wp\/v2\/product\/184140","targetHints":{"allow":["GET"]}}],"collection":[{"href":"https:\/\/www.voustenshoes.com\/de\/wp-json\/wp\/v2\/product"}],"about":[{"href":"https:\/\/www.voustenshoes.com\/de\/wp-json\/wp\/v2\/types\/product"}],"replies":[{"embeddable":true,"href":"https:\/\/www.voustenshoes.com\/de\/wp-json\/wp\/v2\/comments?post=184140"}],"wp:featuredmedia":[{"embeddable":true,"href":"https:\/\/www.voustenshoes.com\/de\/wp-json\/wp\/v2\/media\/176887"}],"wp:attachment":[{"href":"https:\/\/www.voustenshoes.com\/de\/wp-json\/wp\/v2\/media?parent=184140"}],"wp:term":[{"taxonomy":"product_cat","embeddable":true,"href":"https:\/\/www.voustenshoes.com\/de\/wp-json\/wp\/v2\/product_cat?post=184140"},{"taxonomy":"product_tag","embeddable":true,"href":"https:\/\/www.voustenshoes.com\/de\/wp-json\/wp\/v2\/product_tag?post=184140"}],"curies":[{"name":"wp","href":"https:\/\/api.w.org\/{rel}","templated":true}]}}