{"id":185034,"date":"2024-10-11T14:36:56","date_gmt":"2024-10-11T12:36:56","guid":{"rendered":"https:\/\/www.voustenshoes.com\/santoni-borelli-27253-2\/"},"modified":"2025-12-05T21:42:17","modified_gmt":"2025-12-05T20:42:17","slug":"santoni-borelli-27253-2","status":"publish","type":"product","link":"https:\/\/www.voustenshoes.com\/de\/santoni-borelli-27253-2\/","title":{"rendered":"Santoni Borelli (27253)"},"content":{"rendered":"<p>Ist ein Schnallenschuh aus Leder und hat verschiedene Farbnuancen.<\/p>\n<ul>\n<li>Breite: Standard bis ger\u00e4umig<\/li>\n<li>Schlie\u00dfung: doppelte Schnalle<\/li>\n<li>Detail: Krokodilmuster (croco stampato) und von Hand gef\u00e4rbt<\/li>\n<li>Obermaterial: Leder<\/li>\n<li>Innenseite: Leder<\/li>\n<li>Sohlenkonstruktion: Leder in Goodyear<\/li>\n<li>Standardgr\u00f6\u00dfe<\/li>\n<li>Passender G\u00fcrtel m\u00f6glich<\/li>\n<li>Diese Santoni Schuhe sind in Italien handgefertigt<\/li>\n<\/ul>\n<p>Wird in der Original Santoni-Box mit passenden Staubbeuteln geliefert.<\/p>\n","protected":false},"excerpt":{"rendered":"<p>Ist ein Schnallenschuh aus Leder und hat verschiedene Farbnuancen. Breite: Standard bis ger\u00e4umig Schlie\u00dfung: doppelte Schnalle Detail: Krokodilmuster (croco stampato) und von Hand gef\u00e4rbt Obermaterial: Leder Innenseite: Leder Sohlenkonstruktion: Leder in Goodyear Standardgr\u00f6\u00dfe Passender G\u00fcrtel m\u00f6glich Diese Santoni Schuhe sind in Italien handgefertigt Wird in der Original Santoni-Box mit passenden Staubbeuteln geliefert.<\/p>\n","protected":false},"featured_media":13441,"comment_status":"open","ping_status":"closed","template":"","meta":{"rank_math_lock_modified_date":false},"product_cat":[1139,1174,1182,1258,1296],"product_tag":[],"class_list":{"0":"post-185034","1":"product","2":"type-product","3":"status-publish","4":"has-post-thumbnail","6":"product_cat-heren-nl-de","7":"product_cat-schoenen-nl-de","8":"product_cat-santoni-nl-de","9":"product_cat-veter-en-gespschoenen-nl-de","10":"product_cat-classic-schoenen-nl-de","12":"first","13":"outofstock","14":"taxable","15":"shipping-taxable","16":"purchasable","17":"product-type-variable"},"acf":[],"yoast_head":"<!-- This site is optimized with the Yoast SEO plugin v23.9 - https:\/\/yoast.com\/wordpress\/plugins\/seo\/ -->\n<title>Santoni Borelli (27253) - Vousten Shoes<\/title>\n<meta name=\"robots\" content=\"index, follow, max-snippet:-1, max-image-preview:large, max-video-preview:-1\" \/>\n<link rel=\"canonical\" href=\"https:\/\/www.voustenshoes.com\/de\/santoni-borelli-27253-2\/\" \/>\n<meta property=\"og:locale\" content=\"de_DE\" \/>\n<meta property=\"og:type\" content=\"article\" \/>\n<meta property=\"og:title\" content=\"Santoni Borelli (27253) - Vousten Shoes\" \/>\n<meta property=\"og:description\" content=\"Ist ein Schnallenschuh aus Leder und hat verschiedene Farbnuancen. Breite: Standard bis ger\u00e4umig Schlie\u00dfung: doppelte Schnalle Detail: Krokodilmuster (croco stampato) und von Hand gef\u00e4rbt Obermaterial: Leder Innenseite: Leder Sohlenkonstruktion: Leder in Goodyear Standardgr\u00f6\u00dfe Passender G\u00fcrtel m\u00f6glich Diese Santoni Schuhe sind in Italien handgefertigt Wird in der Original Santoni-Box mit passenden Staubbeuteln geliefert.\" \/>\n<meta property=\"og:url\" content=\"https:\/\/www.voustenshoes.com\/de\/santoni-borelli-27253-2\/\" \/>\n<meta property=\"og:site_name\" content=\"Vousten Shoes\" \/>\n<meta property=\"article:modified_time\" content=\"2025-12-05T20:42:17+00:00\" \/>\n<meta property=\"og:image\" content=\"https:\/\/www.voustenshoes.com\/wp-content\/uploads\/2023\/03\/borelli_1_van_7.jpg\" \/>\n\t<meta property=\"og:image:width\" content=\"2000\" \/>\n\t<meta property=\"og:image:height\" content=\"2000\" \/>\n\t<meta property=\"og:image:type\" content=\"image\/jpeg\" \/>\n<meta name=\"twitter:card\" content=\"summary_large_image\" \/>\n<script type=\"application\/ld+json\" class=\"yoast-schema-graph\">{\"@context\":\"https:\/\/schema.org\",\"@graph\":[{\"@type\":\"WebPage\",\"@id\":\"https:\/\/www.voustenshoes.com\/de\/santoni-borelli-27253-2\/\",\"url\":\"https:\/\/www.voustenshoes.com\/de\/santoni-borelli-27253-2\/\",\"name\":\"Santoni Borelli (27253) - Vousten Shoes\",\"isPartOf\":{\"@id\":\"https:\/\/www.voustenshoes.com\/nl\/#website\"},\"primaryImageOfPage\":{\"@id\":\"https:\/\/www.voustenshoes.com\/de\/santoni-borelli-27253-2\/#primaryimage\"},\"image\":{\"@id\":\"https:\/\/www.voustenshoes.com\/de\/santoni-borelli-27253-2\/#primaryimage\"},\"thumbnailUrl\":\"https:\/\/www.voustenshoes.com\/wp-content\/uploads\/2023\/03\/borelli_1_van_7.jpg\",\"datePublished\":\"2024-10-11T12:36:56+00:00\",\"dateModified\":\"2025-12-05T20:42:17+00:00\",\"breadcrumb\":{\"@id\":\"https:\/\/www.voustenshoes.com\/de\/santoni-borelli-27253-2\/#breadcrumb\"},\"inLanguage\":\"de-DE\",\"potentialAction\":[{\"@type\":\"ReadAction\",\"target\":[\"https:\/\/www.voustenshoes.com\/de\/santoni-borelli-27253-2\/\"]}]},{\"@type\":\"ImageObject\",\"inLanguage\":\"de-DE\",\"@id\":\"https:\/\/www.voustenshoes.com\/de\/santoni-borelli-27253-2\/#primaryimage\",\"url\":\"https:\/\/www.voustenshoes.com\/wp-content\/uploads\/2023\/03\/borelli_1_van_7.jpg\",\"contentUrl\":\"https:\/\/www.voustenshoes.com\/wp-content\/uploads\/2023\/03\/borelli_1_van_7.jpg\",\"width\":2000,\"height\":2000},{\"@type\":\"BreadcrumbList\",\"@id\":\"https:\/\/www.voustenshoes.com\/de\/santoni-borelli-27253-2\/#breadcrumb\",\"itemListElement\":[{\"@type\":\"ListItem\",\"position\":1,\"name\":\"Home\",\"item\":\"https:\/\/www.voustenshoes.com\/de\/\"},{\"@type\":\"ListItem\",\"position\":2,\"name\":\"Shop\",\"item\":\"https:\/\/www.voustenshoes.com\/de\/shop\/\"},{\"@type\":\"ListItem\",\"position\":3,\"name\":\"Santoni Borelli (27253)\"}]},{\"@type\":\"WebSite\",\"@id\":\"https:\/\/www.voustenshoes.com\/nl\/#website\",\"url\":\"https:\/\/www.voustenshoes.com\/nl\/\",\"name\":\"Vousten Shoes\",\"description\":\"\",\"potentialAction\":[{\"@type\":\"SearchAction\",\"target\":{\"@type\":\"EntryPoint\",\"urlTemplate\":\"https:\/\/www.voustenshoes.com\/nl\/?s={search_term_string}\"},\"query-input\":{\"@type\":\"PropertyValueSpecification\",\"valueRequired\":true,\"valueName\":\"search_term_string\"}}],\"inLanguage\":\"de-DE\"}]}<\/script>\n<!-- \/ Yoast SEO plugin. -->","yoast_head_json":{"title":"Santoni Borelli (27253) - Vousten Shoes","robots":{"index":"index","follow":"follow","max-snippet":"max-snippet:-1","max-image-preview":"max-image-preview:large","max-video-preview":"max-video-preview:-1"},"canonical":"https:\/\/www.voustenshoes.com\/de\/santoni-borelli-27253-2\/","og_locale":"de_DE","og_type":"article","og_title":"Santoni Borelli (27253) - Vousten Shoes","og_description":"Ist ein Schnallenschuh aus Leder und hat verschiedene Farbnuancen. Breite: Standard bis ger\u00e4umig Schlie\u00dfung: doppelte Schnalle Detail: Krokodilmuster (croco stampato) und von Hand gef\u00e4rbt Obermaterial: Leder Innenseite: Leder Sohlenkonstruktion: Leder in Goodyear Standardgr\u00f6\u00dfe Passender G\u00fcrtel m\u00f6glich Diese Santoni Schuhe sind in Italien handgefertigt Wird in der Original Santoni-Box mit passenden Staubbeuteln geliefert.","og_url":"https:\/\/www.voustenshoes.com\/de\/santoni-borelli-27253-2\/","og_site_name":"Vousten Shoes","article_modified_time":"2025-12-05T20:42:17+00:00","og_image":[{"width":2000,"height":2000,"url":"https:\/\/www.voustenshoes.com\/wp-content\/uploads\/2023\/03\/borelli_1_van_7.jpg","type":"image\/jpeg"}],"twitter_card":"summary_large_image","schema":{"@context":"https:\/\/schema.org","@graph":[{"@type":"WebPage","@id":"https:\/\/www.voustenshoes.com\/de\/santoni-borelli-27253-2\/","url":"https:\/\/www.voustenshoes.com\/de\/santoni-borelli-27253-2\/","name":"Santoni Borelli (27253) - Vousten Shoes","isPartOf":{"@id":"https:\/\/www.voustenshoes.com\/nl\/#website"},"primaryImageOfPage":{"@id":"https:\/\/www.voustenshoes.com\/de\/santoni-borelli-27253-2\/#primaryimage"},"image":{"@id":"https:\/\/www.voustenshoes.com\/de\/santoni-borelli-27253-2\/#primaryimage"},"thumbnailUrl":"https:\/\/www.voustenshoes.com\/wp-content\/uploads\/2023\/03\/borelli_1_van_7.jpg","datePublished":"2024-10-11T12:36:56+00:00","dateModified":"2025-12-05T20:42:17+00:00","breadcrumb":{"@id":"https:\/\/www.voustenshoes.com\/de\/santoni-borelli-27253-2\/#breadcrumb"},"inLanguage":"de-DE","potentialAction":[{"@type":"ReadAction","target":["https:\/\/www.voustenshoes.com\/de\/santoni-borelli-27253-2\/"]}]},{"@type":"ImageObject","inLanguage":"de-DE","@id":"https:\/\/www.voustenshoes.com\/de\/santoni-borelli-27253-2\/#primaryimage","url":"https:\/\/www.voustenshoes.com\/wp-content\/uploads\/2023\/03\/borelli_1_van_7.jpg","contentUrl":"https:\/\/www.voustenshoes.com\/wp-content\/uploads\/2023\/03\/borelli_1_van_7.jpg","width":2000,"height":2000},{"@type":"BreadcrumbList","@id":"https:\/\/www.voustenshoes.com\/de\/santoni-borelli-27253-2\/#breadcrumb","itemListElement":[{"@type":"ListItem","position":1,"name":"Home","item":"https:\/\/www.voustenshoes.com\/de\/"},{"@type":"ListItem","position":2,"name":"Shop","item":"https:\/\/www.voustenshoes.com\/de\/shop\/"},{"@type":"ListItem","position":3,"name":"Santoni Borelli (27253)"}]},{"@type":"WebSite","@id":"https:\/\/www.voustenshoes.com\/nl\/#website","url":"https:\/\/www.voustenshoes.com\/nl\/","name":"Vousten Shoes","description":"","potentialAction":[{"@type":"SearchAction","target":{"@type":"EntryPoint","urlTemplate":"https:\/\/www.voustenshoes.com\/nl\/?s={search_term_string}"},"query-input":{"@type":"PropertyValueSpecification","valueRequired":true,"valueName":"search_term_string"}}],"inLanguage":"de-DE"}]}},"_links":{"self":[{"href":"https:\/\/www.voustenshoes.com\/de\/wp-json\/wp\/v2\/product\/185034","targetHints":{"allow":["GET"]}}],"collection":[{"href":"https:\/\/www.voustenshoes.com\/de\/wp-json\/wp\/v2\/product"}],"about":[{"href":"https:\/\/www.voustenshoes.com\/de\/wp-json\/wp\/v2\/types\/product"}],"replies":[{"embeddable":true,"href":"https:\/\/www.voustenshoes.com\/de\/wp-json\/wp\/v2\/comments?post=185034"}],"wp:featuredmedia":[{"embeddable":true,"href":"https:\/\/www.voustenshoes.com\/de\/wp-json\/wp\/v2\/media\/13441"}],"wp:attachment":[{"href":"https:\/\/www.voustenshoes.com\/de\/wp-json\/wp\/v2\/media?parent=185034"}],"wp:term":[{"taxonomy":"product_cat","embeddable":true,"href":"https:\/\/www.voustenshoes.com\/de\/wp-json\/wp\/v2\/product_cat?post=185034"},{"taxonomy":"product_tag","embeddable":true,"href":"https:\/\/www.voustenshoes.com\/de\/wp-json\/wp\/v2\/product_tag?post=185034"}],"curies":[{"name":"wp","href":"https:\/\/api.w.org\/{rel}","templated":true}]}}