{"id":191204,"date":"2024-10-11T22:32:52","date_gmt":"2024-10-11T20:32:52","guid":{"rendered":"https:\/\/www.voustenshoes.com\/santoni-melle-37351-2\/"},"modified":"2026-02-05T11:14:35","modified_gmt":"2026-02-05T10:14:35","slug":"santoni-melle-37351-2","status":"publish","type":"product","link":"https:\/\/www.voustenshoes.com\/de\/santoni-melle-37351-2\/","title":{"rendered":"Santoni Melle (37351)"},"content":{"rendered":"<p>Ist ein halb hoch\u00a0Sneaker und hat einen sportlichen Look. Hergestellt mit den neuesten Techniken und Materialien. Dieser Schuh verf\u00fcgt \u00fcber ein Obermaterial aus Stretchgewebe und eine robuste Au\u00dfensohle f\u00fcr einen unterst\u00fctzenden Schritt. Abgerundet mit einem Logodetail aus Leder an der Ferse als Symbol des unverwechselbaren Santoni-Stils.<\/p>\n<ul>\n<li>Breite: Standard bis breit<\/li>\n<li>Verschluss: Spitze<\/li>\n<li>Au\u00dfen: Leder und Hightech-Nylon<\/li>\n<li>Innen: Leder<\/li>\n<li>Sohlenkonstruktion: Gummi<\/li>\n<li>Standardgr\u00f6\u00dfe<\/li>\n<li>Diese Santoni-Schuhe werden in Italien handgefertigt<\/li>\n<\/ul>\n<p>Lieferung in der original Santoni-Box, mit passenden Staubbeuteln.<\/p>\n","protected":false},"excerpt":{"rendered":"<p>Ist ein halb hoch\u00a0Sneaker und hat einen sportlichen Look. Hergestellt mit den neuesten Techniken und Materialien. Dieser Schuh verf\u00fcgt \u00fcber ein Obermaterial aus Stretchgewebe und eine robuste Au\u00dfensohle f\u00fcr einen unterst\u00fctzenden Schritt. Abgerundet mit einem Logodetail aus Leder an der Ferse als Symbol des unverwechselbaren Santoni-Stils. Breite: Standard bis breit Verschluss: Spitze Au\u00dfen: Leder und [&#8230;]\n","protected":false},"featured_media":179668,"comment_status":"open","ping_status":"closed","template":"","meta":{"rank_math_lock_modified_date":false},"product_cat":[1117,1139,1174,1182,1269,1302],"product_tag":[],"class_list":{"0":"post-191204","1":"product","2":"type-product","3":"status-publish","4":"has-post-thumbnail","6":"product_cat-lage-santoni-sneakers-en-2-de","7":"product_cat-heren-nl-de","8":"product_cat-schoenen-nl-de","9":"product_cat-santoni-nl-de","10":"product_cat-sneakers-nl-de","11":"product_cat-lage-sneakers-de","13":"first","14":"outofstock","15":"taxable","16":"shipping-taxable","17":"purchasable","18":"product-type-variable"},"acf":[],"yoast_head":"<!-- This site is optimized with the Yoast SEO plugin v23.9 - https:\/\/yoast.com\/wordpress\/plugins\/seo\/ -->\n<title>Santoni Melle (37351) - Vousten Shoes<\/title>\n<meta name=\"robots\" content=\"index, follow, max-snippet:-1, max-image-preview:large, max-video-preview:-1\" \/>\n<link rel=\"canonical\" href=\"https:\/\/www.voustenshoes.com\/de\/santoni-melle-37351-2\/\" \/>\n<meta property=\"og:locale\" content=\"de_DE\" \/>\n<meta property=\"og:type\" content=\"article\" \/>\n<meta property=\"og:title\" content=\"Santoni Melle (37351) - Vousten Shoes\" \/>\n<meta property=\"og:description\" content=\"Ist ein halb hoch\u00a0Sneaker und hat einen sportlichen Look. Hergestellt mit den neuesten Techniken und Materialien. Dieser Schuh verf\u00fcgt \u00fcber ein Obermaterial aus Stretchgewebe und eine robuste Au\u00dfensohle f\u00fcr einen unterst\u00fctzenden Schritt. Abgerundet mit einem Logodetail aus Leder an der Ferse als Symbol des unverwechselbaren Santoni-Stils. Breite: Standard bis breit Verschluss: Spitze Au\u00dfen: Leder und [...]\" \/>\n<meta property=\"og:url\" content=\"https:\/\/www.voustenshoes.com\/de\/santoni-melle-37351-2\/\" \/>\n<meta property=\"og:site_name\" content=\"Vousten Shoes\" \/>\n<meta property=\"article:modified_time\" content=\"2026-02-05T10:14:35+00:00\" \/>\n<meta property=\"og:image\" content=\"https:\/\/www.voustenshoes.com\/wp-content\/uploads\/2023\/06\/melle1_0.jpg\" \/>\n\t<meta property=\"og:image:width\" content=\"2000\" \/>\n\t<meta property=\"og:image:height\" content=\"2000\" \/>\n\t<meta property=\"og:image:type\" content=\"image\/jpeg\" \/>\n<meta name=\"twitter:card\" content=\"summary_large_image\" \/>\n<script type=\"application\/ld+json\" class=\"yoast-schema-graph\">{\"@context\":\"https:\/\/schema.org\",\"@graph\":[{\"@type\":\"WebPage\",\"@id\":\"https:\/\/www.voustenshoes.com\/de\/santoni-melle-37351-2\/\",\"url\":\"https:\/\/www.voustenshoes.com\/de\/santoni-melle-37351-2\/\",\"name\":\"Santoni Melle (37351) - Vousten Shoes\",\"isPartOf\":{\"@id\":\"https:\/\/www.voustenshoes.com\/nl\/#website\"},\"primaryImageOfPage\":{\"@id\":\"https:\/\/www.voustenshoes.com\/de\/santoni-melle-37351-2\/#primaryimage\"},\"image\":{\"@id\":\"https:\/\/www.voustenshoes.com\/de\/santoni-melle-37351-2\/#primaryimage\"},\"thumbnailUrl\":\"https:\/\/www.voustenshoes.com\/wp-content\/uploads\/2023\/06\/melle1_0.jpg\",\"datePublished\":\"2024-10-11T20:32:52+00:00\",\"dateModified\":\"2026-02-05T10:14:35+00:00\",\"breadcrumb\":{\"@id\":\"https:\/\/www.voustenshoes.com\/de\/santoni-melle-37351-2\/#breadcrumb\"},\"inLanguage\":\"de-DE\",\"potentialAction\":[{\"@type\":\"ReadAction\",\"target\":[\"https:\/\/www.voustenshoes.com\/de\/santoni-melle-37351-2\/\"]}]},{\"@type\":\"ImageObject\",\"inLanguage\":\"de-DE\",\"@id\":\"https:\/\/www.voustenshoes.com\/de\/santoni-melle-37351-2\/#primaryimage\",\"url\":\"https:\/\/www.voustenshoes.com\/wp-content\/uploads\/2023\/06\/melle1_0.jpg\",\"contentUrl\":\"https:\/\/www.voustenshoes.com\/wp-content\/uploads\/2023\/06\/melle1_0.jpg\",\"width\":2000,\"height\":2000},{\"@type\":\"BreadcrumbList\",\"@id\":\"https:\/\/www.voustenshoes.com\/de\/santoni-melle-37351-2\/#breadcrumb\",\"itemListElement\":[{\"@type\":\"ListItem\",\"position\":1,\"name\":\"Home\",\"item\":\"https:\/\/www.voustenshoes.com\/de\/\"},{\"@type\":\"ListItem\",\"position\":2,\"name\":\"Shop\",\"item\":\"https:\/\/www.voustenshoes.com\/de\/shop\/\"},{\"@type\":\"ListItem\",\"position\":3,\"name\":\"Santoni Melle (37351)\"}]},{\"@type\":\"WebSite\",\"@id\":\"https:\/\/www.voustenshoes.com\/nl\/#website\",\"url\":\"https:\/\/www.voustenshoes.com\/nl\/\",\"name\":\"Vousten Shoes\",\"description\":\"\",\"potentialAction\":[{\"@type\":\"SearchAction\",\"target\":{\"@type\":\"EntryPoint\",\"urlTemplate\":\"https:\/\/www.voustenshoes.com\/nl\/?s={search_term_string}\"},\"query-input\":{\"@type\":\"PropertyValueSpecification\",\"valueRequired\":true,\"valueName\":\"search_term_string\"}}],\"inLanguage\":\"de-DE\"}]}<\/script>\n<!-- \/ Yoast SEO plugin. -->","yoast_head_json":{"title":"Santoni Melle (37351) - Vousten Shoes","robots":{"index":"index","follow":"follow","max-snippet":"max-snippet:-1","max-image-preview":"max-image-preview:large","max-video-preview":"max-video-preview:-1"},"canonical":"https:\/\/www.voustenshoes.com\/de\/santoni-melle-37351-2\/","og_locale":"de_DE","og_type":"article","og_title":"Santoni Melle (37351) - Vousten Shoes","og_description":"Ist ein halb hoch\u00a0Sneaker und hat einen sportlichen Look. Hergestellt mit den neuesten Techniken und Materialien. Dieser Schuh verf\u00fcgt \u00fcber ein Obermaterial aus Stretchgewebe und eine robuste Au\u00dfensohle f\u00fcr einen unterst\u00fctzenden Schritt. Abgerundet mit einem Logodetail aus Leder an der Ferse als Symbol des unverwechselbaren Santoni-Stils. Breite: Standard bis breit Verschluss: Spitze Au\u00dfen: Leder und [...]","og_url":"https:\/\/www.voustenshoes.com\/de\/santoni-melle-37351-2\/","og_site_name":"Vousten Shoes","article_modified_time":"2026-02-05T10:14:35+00:00","og_image":[{"width":2000,"height":2000,"url":"https:\/\/www.voustenshoes.com\/wp-content\/uploads\/2023\/06\/melle1_0.jpg","type":"image\/jpeg"}],"twitter_card":"summary_large_image","schema":{"@context":"https:\/\/schema.org","@graph":[{"@type":"WebPage","@id":"https:\/\/www.voustenshoes.com\/de\/santoni-melle-37351-2\/","url":"https:\/\/www.voustenshoes.com\/de\/santoni-melle-37351-2\/","name":"Santoni Melle (37351) - Vousten Shoes","isPartOf":{"@id":"https:\/\/www.voustenshoes.com\/nl\/#website"},"primaryImageOfPage":{"@id":"https:\/\/www.voustenshoes.com\/de\/santoni-melle-37351-2\/#primaryimage"},"image":{"@id":"https:\/\/www.voustenshoes.com\/de\/santoni-melle-37351-2\/#primaryimage"},"thumbnailUrl":"https:\/\/www.voustenshoes.com\/wp-content\/uploads\/2023\/06\/melle1_0.jpg","datePublished":"2024-10-11T20:32:52+00:00","dateModified":"2026-02-05T10:14:35+00:00","breadcrumb":{"@id":"https:\/\/www.voustenshoes.com\/de\/santoni-melle-37351-2\/#breadcrumb"},"inLanguage":"de-DE","potentialAction":[{"@type":"ReadAction","target":["https:\/\/www.voustenshoes.com\/de\/santoni-melle-37351-2\/"]}]},{"@type":"ImageObject","inLanguage":"de-DE","@id":"https:\/\/www.voustenshoes.com\/de\/santoni-melle-37351-2\/#primaryimage","url":"https:\/\/www.voustenshoes.com\/wp-content\/uploads\/2023\/06\/melle1_0.jpg","contentUrl":"https:\/\/www.voustenshoes.com\/wp-content\/uploads\/2023\/06\/melle1_0.jpg","width":2000,"height":2000},{"@type":"BreadcrumbList","@id":"https:\/\/www.voustenshoes.com\/de\/santoni-melle-37351-2\/#breadcrumb","itemListElement":[{"@type":"ListItem","position":1,"name":"Home","item":"https:\/\/www.voustenshoes.com\/de\/"},{"@type":"ListItem","position":2,"name":"Shop","item":"https:\/\/www.voustenshoes.com\/de\/shop\/"},{"@type":"ListItem","position":3,"name":"Santoni Melle (37351)"}]},{"@type":"WebSite","@id":"https:\/\/www.voustenshoes.com\/nl\/#website","url":"https:\/\/www.voustenshoes.com\/nl\/","name":"Vousten Shoes","description":"","potentialAction":[{"@type":"SearchAction","target":{"@type":"EntryPoint","urlTemplate":"https:\/\/www.voustenshoes.com\/nl\/?s={search_term_string}"},"query-input":{"@type":"PropertyValueSpecification","valueRequired":true,"valueName":"search_term_string"}}],"inLanguage":"de-DE"}]}},"_links":{"self":[{"href":"https:\/\/www.voustenshoes.com\/de\/wp-json\/wp\/v2\/product\/191204","targetHints":{"allow":["GET"]}}],"collection":[{"href":"https:\/\/www.voustenshoes.com\/de\/wp-json\/wp\/v2\/product"}],"about":[{"href":"https:\/\/www.voustenshoes.com\/de\/wp-json\/wp\/v2\/types\/product"}],"replies":[{"embeddable":true,"href":"https:\/\/www.voustenshoes.com\/de\/wp-json\/wp\/v2\/comments?post=191204"}],"wp:featuredmedia":[{"embeddable":true,"href":"https:\/\/www.voustenshoes.com\/de\/wp-json\/wp\/v2\/media\/179668"}],"wp:attachment":[{"href":"https:\/\/www.voustenshoes.com\/de\/wp-json\/wp\/v2\/media?parent=191204"}],"wp:term":[{"taxonomy":"product_cat","embeddable":true,"href":"https:\/\/www.voustenshoes.com\/de\/wp-json\/wp\/v2\/product_cat?post=191204"},{"taxonomy":"product_tag","embeddable":true,"href":"https:\/\/www.voustenshoes.com\/de\/wp-json\/wp\/v2\/product_tag?post=191204"}],"curies":[{"name":"wp","href":"https:\/\/api.w.org\/{rel}","templated":true}]}}