{"id":192599,"date":"2024-10-12T02:20:11","date_gmt":"2024-10-12T00:20:11","guid":{"rendered":"https:\/\/www.voustenshoes.com\/santoni-tabe-braun-38262\/"},"modified":"2026-02-05T11:17:00","modified_gmt":"2026-02-05T10:17:00","slug":"santoni-tabe-braun-38262","status":"publish","type":"product","link":"https:\/\/www.voustenshoes.com\/de\/santoni-tabe-braun-38262\/","title":{"rendered":"Santoni Tabe braun (38262)"},"content":{"rendered":"<p>Ist ein Schnallenschuh aus Wildleder und hat Ziern\u00e4hte.<\/p>\n<ul>\n<li>Breite: Standard bis breit<\/li>\n<li>Verschluss: Doppelschnalle<\/li>\n<li>Detail: Zehenkappe<\/li>\n<li>Au\u00dfen: Wildleder<\/li>\n<li>Innen: Leder<\/li>\n<li>Sohlenkonstruktion: Gummi in\u00a0blake<\/li>\n<li>Standardgr\u00f6\u00dfe<\/li>\n<li>Passender G\u00fcrtel erh\u00e4ltlich<\/li>\n<li>Diese Santoni-Schuhe werden in Italien handgefertigt<\/li>\n<\/ul>\n<p>Lieferung in der Originalverpackung von Santoni, mit passenden Staubbeuteln.<\/p>\n","protected":false},"excerpt":{"rendered":"<p>Ist ein Schnallenschuh aus Wildleder und hat Ziern\u00e4hte. Breite: Standard bis breit Verschluss: Doppelschnalle Detail: Zehenkappe Au\u00dfen: Wildleder Innen: Leder Sohlenkonstruktion: Gummi in\u00a0blake Standardgr\u00f6\u00dfe Passender G\u00fcrtel erh\u00e4ltlich Diese Santoni-Schuhe werden in Italien handgefertigt Lieferung in der Originalverpackung von Santoni, mit passenden Staubbeuteln.<\/p>\n","protected":false},"featured_media":180283,"comment_status":"open","ping_status":"closed","template":"","meta":{"rank_math_lock_modified_date":false},"product_cat":[1139,1174,1182,1258,1296],"product_tag":[],"class_list":{"0":"post-192599","1":"product","2":"type-product","3":"status-publish","4":"has-post-thumbnail","6":"product_cat-heren-nl-de","7":"product_cat-schoenen-nl-de","8":"product_cat-santoni-nl-de","9":"product_cat-veter-en-gespschoenen-nl-de","10":"product_cat-classic-schoenen-nl-de","12":"first","13":"instock","14":"taxable","15":"shipping-taxable","16":"purchasable","17":"product-type-variable"},"acf":[],"yoast_head":"<!-- This site is optimized with the Yoast SEO plugin v23.9 - https:\/\/yoast.com\/wordpress\/plugins\/seo\/ -->\n<title>Santoni Tabe braun (38262) - Vousten Shoes<\/title>\n<meta name=\"robots\" content=\"index, follow, max-snippet:-1, max-image-preview:large, max-video-preview:-1\" \/>\n<link rel=\"canonical\" href=\"https:\/\/www.voustenshoes.com\/de\/santoni-tabe-braun-38262\/\" \/>\n<meta property=\"og:locale\" content=\"de_DE\" \/>\n<meta property=\"og:type\" content=\"article\" \/>\n<meta property=\"og:title\" content=\"Santoni Tabe braun (38262) - Vousten Shoes\" \/>\n<meta property=\"og:description\" content=\"Ist ein Schnallenschuh aus Wildleder und hat Ziern\u00e4hte. Breite: Standard bis breit Verschluss: Doppelschnalle Detail: Zehenkappe Au\u00dfen: Wildleder Innen: Leder Sohlenkonstruktion: Gummi in\u00a0blake Standardgr\u00f6\u00dfe Passender G\u00fcrtel erh\u00e4ltlich Diese Santoni-Schuhe werden in Italien handgefertigt Lieferung in der Originalverpackung von Santoni, mit passenden Staubbeuteln.\" \/>\n<meta property=\"og:url\" content=\"https:\/\/www.voustenshoes.com\/de\/santoni-tabe-braun-38262\/\" \/>\n<meta property=\"og:site_name\" content=\"Vousten Shoes\" \/>\n<meta property=\"article:modified_time\" content=\"2026-02-05T10:17:00+00:00\" \/>\n<meta property=\"og:image\" content=\"https:\/\/www.voustenshoes.com\/wp-content\/uploads\/2023\/06\/tabe_bruin-scaled-1.jpg\" \/>\n\t<meta property=\"og:image:width\" content=\"2560\" \/>\n\t<meta property=\"og:image:height\" content=\"2560\" \/>\n\t<meta property=\"og:image:type\" content=\"image\/jpeg\" \/>\n<meta name=\"twitter:card\" content=\"summary_large_image\" \/>\n<script type=\"application\/ld+json\" class=\"yoast-schema-graph\">{\"@context\":\"https:\/\/schema.org\",\"@graph\":[{\"@type\":\"WebPage\",\"@id\":\"https:\/\/www.voustenshoes.com\/de\/santoni-tabe-braun-38262\/\",\"url\":\"https:\/\/www.voustenshoes.com\/de\/santoni-tabe-braun-38262\/\",\"name\":\"Santoni Tabe braun (38262) - Vousten Shoes\",\"isPartOf\":{\"@id\":\"https:\/\/www.voustenshoes.com\/nl\/#website\"},\"primaryImageOfPage\":{\"@id\":\"https:\/\/www.voustenshoes.com\/de\/santoni-tabe-braun-38262\/#primaryimage\"},\"image\":{\"@id\":\"https:\/\/www.voustenshoes.com\/de\/santoni-tabe-braun-38262\/#primaryimage\"},\"thumbnailUrl\":\"https:\/\/www.voustenshoes.com\/wp-content\/uploads\/2023\/06\/tabe_bruin-scaled-1.jpg\",\"datePublished\":\"2024-10-12T00:20:11+00:00\",\"dateModified\":\"2026-02-05T10:17:00+00:00\",\"breadcrumb\":{\"@id\":\"https:\/\/www.voustenshoes.com\/de\/santoni-tabe-braun-38262\/#breadcrumb\"},\"inLanguage\":\"de-DE\",\"potentialAction\":[{\"@type\":\"ReadAction\",\"target\":[\"https:\/\/www.voustenshoes.com\/de\/santoni-tabe-braun-38262\/\"]}]},{\"@type\":\"ImageObject\",\"inLanguage\":\"de-DE\",\"@id\":\"https:\/\/www.voustenshoes.com\/de\/santoni-tabe-braun-38262\/#primaryimage\",\"url\":\"https:\/\/www.voustenshoes.com\/wp-content\/uploads\/2023\/06\/tabe_bruin-scaled-1.jpg\",\"contentUrl\":\"https:\/\/www.voustenshoes.com\/wp-content\/uploads\/2023\/06\/tabe_bruin-scaled-1.jpg\",\"width\":2560,\"height\":2560},{\"@type\":\"BreadcrumbList\",\"@id\":\"https:\/\/www.voustenshoes.com\/de\/santoni-tabe-braun-38262\/#breadcrumb\",\"itemListElement\":[{\"@type\":\"ListItem\",\"position\":1,\"name\":\"Home\",\"item\":\"https:\/\/www.voustenshoes.com\/de\/\"},{\"@type\":\"ListItem\",\"position\":2,\"name\":\"Shop\",\"item\":\"https:\/\/www.voustenshoes.com\/de\/shop\/\"},{\"@type\":\"ListItem\",\"position\":3,\"name\":\"Santoni Tabe braun (38262)\"}]},{\"@type\":\"WebSite\",\"@id\":\"https:\/\/www.voustenshoes.com\/nl\/#website\",\"url\":\"https:\/\/www.voustenshoes.com\/nl\/\",\"name\":\"Vousten Shoes\",\"description\":\"\",\"potentialAction\":[{\"@type\":\"SearchAction\",\"target\":{\"@type\":\"EntryPoint\",\"urlTemplate\":\"https:\/\/www.voustenshoes.com\/nl\/?s={search_term_string}\"},\"query-input\":{\"@type\":\"PropertyValueSpecification\",\"valueRequired\":true,\"valueName\":\"search_term_string\"}}],\"inLanguage\":\"de-DE\"}]}<\/script>\n<!-- \/ Yoast SEO plugin. -->","yoast_head_json":{"title":"Santoni Tabe braun (38262) - Vousten Shoes","robots":{"index":"index","follow":"follow","max-snippet":"max-snippet:-1","max-image-preview":"max-image-preview:large","max-video-preview":"max-video-preview:-1"},"canonical":"https:\/\/www.voustenshoes.com\/de\/santoni-tabe-braun-38262\/","og_locale":"de_DE","og_type":"article","og_title":"Santoni Tabe braun (38262) - Vousten Shoes","og_description":"Ist ein Schnallenschuh aus Wildleder und hat Ziern\u00e4hte. Breite: Standard bis breit Verschluss: Doppelschnalle Detail: Zehenkappe Au\u00dfen: Wildleder Innen: Leder Sohlenkonstruktion: Gummi in\u00a0blake Standardgr\u00f6\u00dfe Passender G\u00fcrtel erh\u00e4ltlich Diese Santoni-Schuhe werden in Italien handgefertigt Lieferung in der Originalverpackung von Santoni, mit passenden Staubbeuteln.","og_url":"https:\/\/www.voustenshoes.com\/de\/santoni-tabe-braun-38262\/","og_site_name":"Vousten Shoes","article_modified_time":"2026-02-05T10:17:00+00:00","og_image":[{"width":2560,"height":2560,"url":"https:\/\/www.voustenshoes.com\/wp-content\/uploads\/2023\/06\/tabe_bruin-scaled-1.jpg","type":"image\/jpeg"}],"twitter_card":"summary_large_image","schema":{"@context":"https:\/\/schema.org","@graph":[{"@type":"WebPage","@id":"https:\/\/www.voustenshoes.com\/de\/santoni-tabe-braun-38262\/","url":"https:\/\/www.voustenshoes.com\/de\/santoni-tabe-braun-38262\/","name":"Santoni Tabe braun (38262) - Vousten Shoes","isPartOf":{"@id":"https:\/\/www.voustenshoes.com\/nl\/#website"},"primaryImageOfPage":{"@id":"https:\/\/www.voustenshoes.com\/de\/santoni-tabe-braun-38262\/#primaryimage"},"image":{"@id":"https:\/\/www.voustenshoes.com\/de\/santoni-tabe-braun-38262\/#primaryimage"},"thumbnailUrl":"https:\/\/www.voustenshoes.com\/wp-content\/uploads\/2023\/06\/tabe_bruin-scaled-1.jpg","datePublished":"2024-10-12T00:20:11+00:00","dateModified":"2026-02-05T10:17:00+00:00","breadcrumb":{"@id":"https:\/\/www.voustenshoes.com\/de\/santoni-tabe-braun-38262\/#breadcrumb"},"inLanguage":"de-DE","potentialAction":[{"@type":"ReadAction","target":["https:\/\/www.voustenshoes.com\/de\/santoni-tabe-braun-38262\/"]}]},{"@type":"ImageObject","inLanguage":"de-DE","@id":"https:\/\/www.voustenshoes.com\/de\/santoni-tabe-braun-38262\/#primaryimage","url":"https:\/\/www.voustenshoes.com\/wp-content\/uploads\/2023\/06\/tabe_bruin-scaled-1.jpg","contentUrl":"https:\/\/www.voustenshoes.com\/wp-content\/uploads\/2023\/06\/tabe_bruin-scaled-1.jpg","width":2560,"height":2560},{"@type":"BreadcrumbList","@id":"https:\/\/www.voustenshoes.com\/de\/santoni-tabe-braun-38262\/#breadcrumb","itemListElement":[{"@type":"ListItem","position":1,"name":"Home","item":"https:\/\/www.voustenshoes.com\/de\/"},{"@type":"ListItem","position":2,"name":"Shop","item":"https:\/\/www.voustenshoes.com\/de\/shop\/"},{"@type":"ListItem","position":3,"name":"Santoni Tabe braun (38262)"}]},{"@type":"WebSite","@id":"https:\/\/www.voustenshoes.com\/nl\/#website","url":"https:\/\/www.voustenshoes.com\/nl\/","name":"Vousten Shoes","description":"","potentialAction":[{"@type":"SearchAction","target":{"@type":"EntryPoint","urlTemplate":"https:\/\/www.voustenshoes.com\/nl\/?s={search_term_string}"},"query-input":{"@type":"PropertyValueSpecification","valueRequired":true,"valueName":"search_term_string"}}],"inLanguage":"de-DE"}]}},"_links":{"self":[{"href":"https:\/\/www.voustenshoes.com\/de\/wp-json\/wp\/v2\/product\/192599","targetHints":{"allow":["GET"]}}],"collection":[{"href":"https:\/\/www.voustenshoes.com\/de\/wp-json\/wp\/v2\/product"}],"about":[{"href":"https:\/\/www.voustenshoes.com\/de\/wp-json\/wp\/v2\/types\/product"}],"replies":[{"embeddable":true,"href":"https:\/\/www.voustenshoes.com\/de\/wp-json\/wp\/v2\/comments?post=192599"}],"wp:featuredmedia":[{"embeddable":true,"href":"https:\/\/www.voustenshoes.com\/de\/wp-json\/wp\/v2\/media\/180283"}],"wp:attachment":[{"href":"https:\/\/www.voustenshoes.com\/de\/wp-json\/wp\/v2\/media?parent=192599"}],"wp:term":[{"taxonomy":"product_cat","embeddable":true,"href":"https:\/\/www.voustenshoes.com\/de\/wp-json\/wp\/v2\/product_cat?post=192599"},{"taxonomy":"product_tag","embeddable":true,"href":"https:\/\/www.voustenshoes.com\/de\/wp-json\/wp\/v2\/product_tag?post=192599"}],"curies":[{"name":"wp","href":"https:\/\/api.w.org\/{rel}","templated":true}]}}