{"id":196950,"date":"2024-10-22T14:18:45","date_gmt":"2024-10-22T12:18:45","guid":{"rendered":"https:\/\/www.voustenshoes.com\/santoni-croco-leder-uhrenetui-dunkelbraun-39822\/"},"modified":"2026-02-05T11:22:44","modified_gmt":"2026-02-05T10:22:44","slug":"santoni-croco-leder-uhrenetui-dunkelbraun-39822","status":"publish","type":"product","link":"https:\/\/www.voustenshoes.com\/de\/santoni-croco-leder-uhrenetui-dunkelbraun-39822\/","title":{"rendered":"Santoni Croco Leder Uhrenetui Dunkelbraun (39822)"},"content":{"rendered":"<div>Dieser Uhrenhalter ist f\u00fcr Menschen gedacht, die gerne von sch\u00f6nen Dingen umgeben sind und Freude daran haben, ihre Accessoires gut zu pflegen. Das Design aus echtem Krokodilleder l\u00e4sst sich \u00f6ffnen und gibt einen Blick auf den ikonischen Orangeton von Santoni frei.<\/div>\n<ul>\n<li>Kleiner Uhrenhalter\u00a0<\/li>\n<li>Aus Krokodilleder\u00a0<\/li>\n<li>Farbe: dunkelbraun\u00a0<\/li>\n<li>Innenfutter aus orangefarbenem Leder<\/li>\n<li>Abnehmbarer gepolsterter Zylinder<\/li>\n<li>Magnetverschluss\u00a0<\/li>\n<li>Gedrucktes Santoni-Logo<\/li>\n<li>Abmessungen: 7,5 cm x 8,5 x 7,5 cm<\/li>\n<\/ul>\n","protected":false},"excerpt":{"rendered":"<p>Dieser Uhrenhalter ist f\u00fcr Menschen gedacht, die gerne von sch\u00f6nen Dingen umgeben sind und Freude daran haben, ihre Accessoires gut zu pflegen. Das Design aus echtem Krokodilleder l\u00e4sst sich \u00f6ffnen und gibt einen Blick auf den ikonischen Orangeton von Santoni frei. Kleiner Uhrenhalter\u00a0 Aus Krokodilleder\u00a0 Farbe: dunkelbraun\u00a0 Innenfutter aus orangefarbenem Leder Abnehmbarer gepolsterter Zylinder Magnetverschluss\u00a0 [&#8230;]\n","protected":false},"featured_media":194984,"comment_status":"open","ping_status":"closed","template":"","meta":{"rank_math_lock_modified_date":false},"product_cat":[1382,1406,1113,1139,1182],"product_tag":[],"class_list":{"0":"post-196950","1":"product","2":"type-product","3":"status-publish","4":"has-post-thumbnail","6":"product_cat-watch-case-de","7":"product_cat-gifts-de","8":"product_cat-accessoires-de","9":"product_cat-heren-nl-de","10":"product_cat-santoni-nl-de","12":"first","13":"outofstock","14":"taxable","15":"shipping-taxable","16":"purchasable","17":"product-type-variable"},"acf":[],"yoast_head":"<!-- This site is optimized with the Yoast SEO plugin v23.9 - https:\/\/yoast.com\/wordpress\/plugins\/seo\/ -->\n<title>Santoni Croco Leder Uhrenetui Dunkelbraun (39822) - Vousten Shoes<\/title>\n<meta name=\"robots\" content=\"index, follow, max-snippet:-1, max-image-preview:large, max-video-preview:-1\" \/>\n<link rel=\"canonical\" href=\"https:\/\/www.voustenshoes.com\/de\/santoni-croco-leder-uhrenetui-dunkelbraun-39822\/\" \/>\n<meta property=\"og:locale\" content=\"de_DE\" \/>\n<meta property=\"og:type\" content=\"article\" \/>\n<meta property=\"og:title\" content=\"Santoni Croco Leder Uhrenetui Dunkelbraun (39822) - Vousten Shoes\" \/>\n<meta property=\"og:description\" content=\"Dieser Uhrenhalter ist f\u00fcr Menschen gedacht, die gerne von sch\u00f6nen Dingen umgeben sind und Freude daran haben, ihre Accessoires gut zu pflegen. Das Design aus echtem Krokodilleder l\u00e4sst sich \u00f6ffnen und gibt einen Blick auf den ikonischen Orangeton von Santoni frei. Kleiner Uhrenhalter\u00a0 Aus Krokodilleder\u00a0 Farbe: dunkelbraun\u00a0 Innenfutter aus orangefarbenem Leder Abnehmbarer gepolsterter Zylinder Magnetverschluss\u00a0 [...]\" \/>\n<meta property=\"og:url\" content=\"https:\/\/www.voustenshoes.com\/de\/santoni-croco-leder-uhrenetui-dunkelbraun-39822\/\" \/>\n<meta property=\"og:site_name\" content=\"Vousten Shoes\" \/>\n<meta property=\"article:modified_time\" content=\"2026-02-05T10:22:44+00:00\" \/>\n<meta property=\"og:image\" content=\"https:\/\/www.voustenshoes.com\/wp-content\/uploads\/2023\/06\/santoni_watch_case_croco_brown_39822_1st.png\" \/>\n\t<meta property=\"og:image:width\" content=\"887\" \/>\n\t<meta property=\"og:image:height\" content=\"887\" \/>\n\t<meta property=\"og:image:type\" content=\"image\/png\" \/>\n<meta name=\"twitter:card\" content=\"summary_large_image\" \/>\n<script type=\"application\/ld+json\" class=\"yoast-schema-graph\">{\"@context\":\"https:\/\/schema.org\",\"@graph\":[{\"@type\":\"WebPage\",\"@id\":\"https:\/\/www.voustenshoes.com\/de\/santoni-croco-leder-uhrenetui-dunkelbraun-39822\/\",\"url\":\"https:\/\/www.voustenshoes.com\/de\/santoni-croco-leder-uhrenetui-dunkelbraun-39822\/\",\"name\":\"Santoni Croco Leder Uhrenetui Dunkelbraun (39822) - Vousten Shoes\",\"isPartOf\":{\"@id\":\"https:\/\/www.voustenshoes.com\/nl\/#website\"},\"primaryImageOfPage\":{\"@id\":\"https:\/\/www.voustenshoes.com\/de\/santoni-croco-leder-uhrenetui-dunkelbraun-39822\/#primaryimage\"},\"image\":{\"@id\":\"https:\/\/www.voustenshoes.com\/de\/santoni-croco-leder-uhrenetui-dunkelbraun-39822\/#primaryimage\"},\"thumbnailUrl\":\"https:\/\/www.voustenshoes.com\/wp-content\/uploads\/2023\/06\/santoni_watch_case_croco_brown_39822_1st.png\",\"datePublished\":\"2024-10-22T12:18:45+00:00\",\"dateModified\":\"2026-02-05T10:22:44+00:00\",\"breadcrumb\":{\"@id\":\"https:\/\/www.voustenshoes.com\/de\/santoni-croco-leder-uhrenetui-dunkelbraun-39822\/#breadcrumb\"},\"inLanguage\":\"de-DE\",\"potentialAction\":[{\"@type\":\"ReadAction\",\"target\":[\"https:\/\/www.voustenshoes.com\/de\/santoni-croco-leder-uhrenetui-dunkelbraun-39822\/\"]}]},{\"@type\":\"ImageObject\",\"inLanguage\":\"de-DE\",\"@id\":\"https:\/\/www.voustenshoes.com\/de\/santoni-croco-leder-uhrenetui-dunkelbraun-39822\/#primaryimage\",\"url\":\"https:\/\/www.voustenshoes.com\/wp-content\/uploads\/2023\/06\/santoni_watch_case_croco_brown_39822_1st.png\",\"contentUrl\":\"https:\/\/www.voustenshoes.com\/wp-content\/uploads\/2023\/06\/santoni_watch_case_croco_brown_39822_1st.png\",\"width\":887,\"height\":887},{\"@type\":\"BreadcrumbList\",\"@id\":\"https:\/\/www.voustenshoes.com\/de\/santoni-croco-leder-uhrenetui-dunkelbraun-39822\/#breadcrumb\",\"itemListElement\":[{\"@type\":\"ListItem\",\"position\":1,\"name\":\"Home\",\"item\":\"https:\/\/www.voustenshoes.com\/de\/\"},{\"@type\":\"ListItem\",\"position\":2,\"name\":\"Shop\",\"item\":\"https:\/\/www.voustenshoes.com\/de\/shop\/\"},{\"@type\":\"ListItem\",\"position\":3,\"name\":\"Santoni Croco Leder Uhrenetui Dunkelbraun (39822)\"}]},{\"@type\":\"WebSite\",\"@id\":\"https:\/\/www.voustenshoes.com\/nl\/#website\",\"url\":\"https:\/\/www.voustenshoes.com\/nl\/\",\"name\":\"Vousten Shoes\",\"description\":\"\",\"potentialAction\":[{\"@type\":\"SearchAction\",\"target\":{\"@type\":\"EntryPoint\",\"urlTemplate\":\"https:\/\/www.voustenshoes.com\/nl\/?s={search_term_string}\"},\"query-input\":{\"@type\":\"PropertyValueSpecification\",\"valueRequired\":true,\"valueName\":\"search_term_string\"}}],\"inLanguage\":\"de-DE\"}]}<\/script>\n<!-- \/ Yoast SEO plugin. -->","yoast_head_json":{"title":"Santoni Croco Leder Uhrenetui Dunkelbraun (39822) - Vousten Shoes","robots":{"index":"index","follow":"follow","max-snippet":"max-snippet:-1","max-image-preview":"max-image-preview:large","max-video-preview":"max-video-preview:-1"},"canonical":"https:\/\/www.voustenshoes.com\/de\/santoni-croco-leder-uhrenetui-dunkelbraun-39822\/","og_locale":"de_DE","og_type":"article","og_title":"Santoni Croco Leder Uhrenetui Dunkelbraun (39822) - Vousten Shoes","og_description":"Dieser Uhrenhalter ist f\u00fcr Menschen gedacht, die gerne von sch\u00f6nen Dingen umgeben sind und Freude daran haben, ihre Accessoires gut zu pflegen. Das Design aus echtem Krokodilleder l\u00e4sst sich \u00f6ffnen und gibt einen Blick auf den ikonischen Orangeton von Santoni frei. Kleiner Uhrenhalter\u00a0 Aus Krokodilleder\u00a0 Farbe: dunkelbraun\u00a0 Innenfutter aus orangefarbenem Leder Abnehmbarer gepolsterter Zylinder Magnetverschluss\u00a0 [...]","og_url":"https:\/\/www.voustenshoes.com\/de\/santoni-croco-leder-uhrenetui-dunkelbraun-39822\/","og_site_name":"Vousten Shoes","article_modified_time":"2026-02-05T10:22:44+00:00","og_image":[{"width":887,"height":887,"url":"https:\/\/www.voustenshoes.com\/wp-content\/uploads\/2023\/06\/santoni_watch_case_croco_brown_39822_1st.png","type":"image\/png"}],"twitter_card":"summary_large_image","schema":{"@context":"https:\/\/schema.org","@graph":[{"@type":"WebPage","@id":"https:\/\/www.voustenshoes.com\/de\/santoni-croco-leder-uhrenetui-dunkelbraun-39822\/","url":"https:\/\/www.voustenshoes.com\/de\/santoni-croco-leder-uhrenetui-dunkelbraun-39822\/","name":"Santoni Croco Leder Uhrenetui Dunkelbraun (39822) - Vousten Shoes","isPartOf":{"@id":"https:\/\/www.voustenshoes.com\/nl\/#website"},"primaryImageOfPage":{"@id":"https:\/\/www.voustenshoes.com\/de\/santoni-croco-leder-uhrenetui-dunkelbraun-39822\/#primaryimage"},"image":{"@id":"https:\/\/www.voustenshoes.com\/de\/santoni-croco-leder-uhrenetui-dunkelbraun-39822\/#primaryimage"},"thumbnailUrl":"https:\/\/www.voustenshoes.com\/wp-content\/uploads\/2023\/06\/santoni_watch_case_croco_brown_39822_1st.png","datePublished":"2024-10-22T12:18:45+00:00","dateModified":"2026-02-05T10:22:44+00:00","breadcrumb":{"@id":"https:\/\/www.voustenshoes.com\/de\/santoni-croco-leder-uhrenetui-dunkelbraun-39822\/#breadcrumb"},"inLanguage":"de-DE","potentialAction":[{"@type":"ReadAction","target":["https:\/\/www.voustenshoes.com\/de\/santoni-croco-leder-uhrenetui-dunkelbraun-39822\/"]}]},{"@type":"ImageObject","inLanguage":"de-DE","@id":"https:\/\/www.voustenshoes.com\/de\/santoni-croco-leder-uhrenetui-dunkelbraun-39822\/#primaryimage","url":"https:\/\/www.voustenshoes.com\/wp-content\/uploads\/2023\/06\/santoni_watch_case_croco_brown_39822_1st.png","contentUrl":"https:\/\/www.voustenshoes.com\/wp-content\/uploads\/2023\/06\/santoni_watch_case_croco_brown_39822_1st.png","width":887,"height":887},{"@type":"BreadcrumbList","@id":"https:\/\/www.voustenshoes.com\/de\/santoni-croco-leder-uhrenetui-dunkelbraun-39822\/#breadcrumb","itemListElement":[{"@type":"ListItem","position":1,"name":"Home","item":"https:\/\/www.voustenshoes.com\/de\/"},{"@type":"ListItem","position":2,"name":"Shop","item":"https:\/\/www.voustenshoes.com\/de\/shop\/"},{"@type":"ListItem","position":3,"name":"Santoni Croco Leder Uhrenetui Dunkelbraun (39822)"}]},{"@type":"WebSite","@id":"https:\/\/www.voustenshoes.com\/nl\/#website","url":"https:\/\/www.voustenshoes.com\/nl\/","name":"Vousten Shoes","description":"","potentialAction":[{"@type":"SearchAction","target":{"@type":"EntryPoint","urlTemplate":"https:\/\/www.voustenshoes.com\/nl\/?s={search_term_string}"},"query-input":{"@type":"PropertyValueSpecification","valueRequired":true,"valueName":"search_term_string"}}],"inLanguage":"de-DE"}]}},"_links":{"self":[{"href":"https:\/\/www.voustenshoes.com\/de\/wp-json\/wp\/v2\/product\/196950","targetHints":{"allow":["GET"]}}],"collection":[{"href":"https:\/\/www.voustenshoes.com\/de\/wp-json\/wp\/v2\/product"}],"about":[{"href":"https:\/\/www.voustenshoes.com\/de\/wp-json\/wp\/v2\/types\/product"}],"replies":[{"embeddable":true,"href":"https:\/\/www.voustenshoes.com\/de\/wp-json\/wp\/v2\/comments?post=196950"}],"wp:featuredmedia":[{"embeddable":true,"href":"https:\/\/www.voustenshoes.com\/de\/wp-json\/wp\/v2\/media\/194984"}],"wp:attachment":[{"href":"https:\/\/www.voustenshoes.com\/de\/wp-json\/wp\/v2\/media?parent=196950"}],"wp:term":[{"taxonomy":"product_cat","embeddable":true,"href":"https:\/\/www.voustenshoes.com\/de\/wp-json\/wp\/v2\/product_cat?post=196950"},{"taxonomy":"product_tag","embeddable":true,"href":"https:\/\/www.voustenshoes.com\/de\/wp-json\/wp\/v2\/product_tag?post=196950"}],"curies":[{"name":"wp","href":"https:\/\/api.w.org\/{rel}","templated":true}]}}