{"id":196978,"date":"2024-10-22T14:19:00","date_gmt":"2024-10-22T12:19:00","guid":{"rendered":"https:\/\/www.voustenshoes.com\/santoni-lederuhr-etui-braun-39824\/"},"modified":"2026-02-05T11:22:48","modified_gmt":"2026-02-05T10:22:48","slug":"santoni-lederuhr-etui-braun-39824","status":"publish","type":"product","link":"https:\/\/www.voustenshoes.com\/de\/santoni-lederuhr-etui-braun-39824\/","title":{"rendered":"Santoni Lederuhr Etui Braun (39824)"},"content":{"rendered":"<p>Dieser Uhrenhalter ist denjenigen gewidmet, die es lieben, von sch\u00f6nen Dingen umgeben zu sein und Freude daran haben, ihre Accessoires richtig zu pflegen. Das gepr\u00e4gte Lederdesign l\u00e4sst sich \u00f6ffnen und gibt einen Blick auf den ikonischen Orangeton von Santoni frei.<\/p>\n<ul>\n<li>Kleiner Uhrenhalter\u00a0<\/li>\n<li>Hergestellt aus Saffiano-Leder\u00a0<\/li>\n<li>Farbe: dunkelbraun\u00a0<\/li>\n<li>Innenfutter aus orangefarbenem Leder<\/li>\n<li>Abnehmbarer gepolsterter Zylinder<\/li>\n<li>Magnetverschluss\u00a0<\/li>\n<li>Gedrucktes Santoni-Logo<\/li>\n<li>Abmessungen: 7,5 cm x 8,5 x 7,5 cm<\/li>\n<\/ul>\n","protected":false},"excerpt":{"rendered":"<p>Dieser Uhrenhalter ist denjenigen gewidmet, die es lieben, von sch\u00f6nen Dingen umgeben zu sein und Freude daran haben, ihre Accessoires richtig zu pflegen. Das gepr\u00e4gte Lederdesign l\u00e4sst sich \u00f6ffnen und gibt einen Blick auf den ikonischen Orangeton von Santoni frei. Kleiner Uhrenhalter\u00a0 Hergestellt aus Saffiano-Leder\u00a0 Farbe: dunkelbraun\u00a0 Innenfutter aus orangefarbenem Leder Abnehmbarer gepolsterter Zylinder Magnetverschluss\u00a0 [&#8230;]\n","protected":false},"featured_media":194793,"comment_status":"open","ping_status":"closed","template":"","meta":{"rank_math_lock_modified_date":false},"product_cat":[1113,1139,1182,1382,1398],"product_tag":[],"class_list":{"0":"post-196978","1":"product","2":"type-product","3":"status-publish","4":"has-post-thumbnail","6":"product_cat-accessoires-de","7":"product_cat-heren-nl-de","8":"product_cat-santoni-nl-de","9":"product_cat-watch-case-de","10":"product_cat-gifts-2-de","12":"first","13":"instock","14":"taxable","15":"shipping-taxable","16":"purchasable","17":"product-type-variable"},"acf":[],"yoast_head":"<!-- This site is optimized with the Yoast SEO plugin v23.9 - https:\/\/yoast.com\/wordpress\/plugins\/seo\/ -->\n<title>Santoni Lederuhr Etui Braun (39824) - Vousten Shoes<\/title>\n<meta name=\"robots\" content=\"index, follow, max-snippet:-1, max-image-preview:large, max-video-preview:-1\" \/>\n<link rel=\"canonical\" href=\"https:\/\/www.voustenshoes.com\/de\/santoni-lederuhr-etui-braun-39824\/\" \/>\n<meta property=\"og:locale\" content=\"de_DE\" \/>\n<meta property=\"og:type\" content=\"article\" \/>\n<meta property=\"og:title\" content=\"Santoni Lederuhr Etui Braun (39824) - Vousten Shoes\" \/>\n<meta property=\"og:description\" content=\"Dieser Uhrenhalter ist denjenigen gewidmet, die es lieben, von sch\u00f6nen Dingen umgeben zu sein und Freude daran haben, ihre Accessoires richtig zu pflegen. Das gepr\u00e4gte Lederdesign l\u00e4sst sich \u00f6ffnen und gibt einen Blick auf den ikonischen Orangeton von Santoni frei. Kleiner Uhrenhalter\u00a0 Hergestellt aus Saffiano-Leder\u00a0 Farbe: dunkelbraun\u00a0 Innenfutter aus orangefarbenem Leder Abnehmbarer gepolsterter Zylinder Magnetverschluss\u00a0 [...]\" \/>\n<meta property=\"og:url\" content=\"https:\/\/www.voustenshoes.com\/de\/santoni-lederuhr-etui-braun-39824\/\" \/>\n<meta property=\"og:site_name\" content=\"Vousten Shoes\" \/>\n<meta property=\"article:modified_time\" content=\"2026-02-05T10:22:48+00:00\" \/>\n<meta property=\"og:image\" content=\"https:\/\/www.voustenshoes.com\/wp-content\/uploads\/2023\/06\/santoni_watch_case_brown_39824.png\" \/>\n\t<meta property=\"og:image:width\" content=\"1032\" \/>\n\t<meta property=\"og:image:height\" content=\"1032\" \/>\n\t<meta property=\"og:image:type\" content=\"image\/png\" \/>\n<meta name=\"twitter:card\" content=\"summary_large_image\" \/>\n<script type=\"application\/ld+json\" class=\"yoast-schema-graph\">{\"@context\":\"https:\/\/schema.org\",\"@graph\":[{\"@type\":\"WebPage\",\"@id\":\"https:\/\/www.voustenshoes.com\/de\/santoni-lederuhr-etui-braun-39824\/\",\"url\":\"https:\/\/www.voustenshoes.com\/de\/santoni-lederuhr-etui-braun-39824\/\",\"name\":\"Santoni Lederuhr Etui Braun (39824) - Vousten Shoes\",\"isPartOf\":{\"@id\":\"https:\/\/www.voustenshoes.com\/nl\/#website\"},\"primaryImageOfPage\":{\"@id\":\"https:\/\/www.voustenshoes.com\/de\/santoni-lederuhr-etui-braun-39824\/#primaryimage\"},\"image\":{\"@id\":\"https:\/\/www.voustenshoes.com\/de\/santoni-lederuhr-etui-braun-39824\/#primaryimage\"},\"thumbnailUrl\":\"https:\/\/www.voustenshoes.com\/wp-content\/uploads\/2023\/06\/santoni_watch_case_brown_39824.png\",\"datePublished\":\"2024-10-22T12:19:00+00:00\",\"dateModified\":\"2026-02-05T10:22:48+00:00\",\"breadcrumb\":{\"@id\":\"https:\/\/www.voustenshoes.com\/de\/santoni-lederuhr-etui-braun-39824\/#breadcrumb\"},\"inLanguage\":\"de-DE\",\"potentialAction\":[{\"@type\":\"ReadAction\",\"target\":[\"https:\/\/www.voustenshoes.com\/de\/santoni-lederuhr-etui-braun-39824\/\"]}]},{\"@type\":\"ImageObject\",\"inLanguage\":\"de-DE\",\"@id\":\"https:\/\/www.voustenshoes.com\/de\/santoni-lederuhr-etui-braun-39824\/#primaryimage\",\"url\":\"https:\/\/www.voustenshoes.com\/wp-content\/uploads\/2023\/06\/santoni_watch_case_brown_39824.png\",\"contentUrl\":\"https:\/\/www.voustenshoes.com\/wp-content\/uploads\/2023\/06\/santoni_watch_case_brown_39824.png\",\"width\":1032,\"height\":1032},{\"@type\":\"BreadcrumbList\",\"@id\":\"https:\/\/www.voustenshoes.com\/de\/santoni-lederuhr-etui-braun-39824\/#breadcrumb\",\"itemListElement\":[{\"@type\":\"ListItem\",\"position\":1,\"name\":\"Home\",\"item\":\"https:\/\/www.voustenshoes.com\/de\/\"},{\"@type\":\"ListItem\",\"position\":2,\"name\":\"Shop\",\"item\":\"https:\/\/www.voustenshoes.com\/de\/shop\/\"},{\"@type\":\"ListItem\",\"position\":3,\"name\":\"Santoni Lederuhr Etui Braun (39824)\"}]},{\"@type\":\"WebSite\",\"@id\":\"https:\/\/www.voustenshoes.com\/nl\/#website\",\"url\":\"https:\/\/www.voustenshoes.com\/nl\/\",\"name\":\"Vousten Shoes\",\"description\":\"\",\"potentialAction\":[{\"@type\":\"SearchAction\",\"target\":{\"@type\":\"EntryPoint\",\"urlTemplate\":\"https:\/\/www.voustenshoes.com\/nl\/?s={search_term_string}\"},\"query-input\":{\"@type\":\"PropertyValueSpecification\",\"valueRequired\":true,\"valueName\":\"search_term_string\"}}],\"inLanguage\":\"de-DE\"}]}<\/script>\n<!-- \/ Yoast SEO plugin. -->","yoast_head_json":{"title":"Santoni Lederuhr Etui Braun (39824) - Vousten Shoes","robots":{"index":"index","follow":"follow","max-snippet":"max-snippet:-1","max-image-preview":"max-image-preview:large","max-video-preview":"max-video-preview:-1"},"canonical":"https:\/\/www.voustenshoes.com\/de\/santoni-lederuhr-etui-braun-39824\/","og_locale":"de_DE","og_type":"article","og_title":"Santoni Lederuhr Etui Braun (39824) - Vousten Shoes","og_description":"Dieser Uhrenhalter ist denjenigen gewidmet, die es lieben, von sch\u00f6nen Dingen umgeben zu sein und Freude daran haben, ihre Accessoires richtig zu pflegen. Das gepr\u00e4gte Lederdesign l\u00e4sst sich \u00f6ffnen und gibt einen Blick auf den ikonischen Orangeton von Santoni frei. Kleiner Uhrenhalter\u00a0 Hergestellt aus Saffiano-Leder\u00a0 Farbe: dunkelbraun\u00a0 Innenfutter aus orangefarbenem Leder Abnehmbarer gepolsterter Zylinder Magnetverschluss\u00a0 [...]","og_url":"https:\/\/www.voustenshoes.com\/de\/santoni-lederuhr-etui-braun-39824\/","og_site_name":"Vousten Shoes","article_modified_time":"2026-02-05T10:22:48+00:00","og_image":[{"width":1032,"height":1032,"url":"https:\/\/www.voustenshoes.com\/wp-content\/uploads\/2023\/06\/santoni_watch_case_brown_39824.png","type":"image\/png"}],"twitter_card":"summary_large_image","schema":{"@context":"https:\/\/schema.org","@graph":[{"@type":"WebPage","@id":"https:\/\/www.voustenshoes.com\/de\/santoni-lederuhr-etui-braun-39824\/","url":"https:\/\/www.voustenshoes.com\/de\/santoni-lederuhr-etui-braun-39824\/","name":"Santoni Lederuhr Etui Braun (39824) - Vousten Shoes","isPartOf":{"@id":"https:\/\/www.voustenshoes.com\/nl\/#website"},"primaryImageOfPage":{"@id":"https:\/\/www.voustenshoes.com\/de\/santoni-lederuhr-etui-braun-39824\/#primaryimage"},"image":{"@id":"https:\/\/www.voustenshoes.com\/de\/santoni-lederuhr-etui-braun-39824\/#primaryimage"},"thumbnailUrl":"https:\/\/www.voustenshoes.com\/wp-content\/uploads\/2023\/06\/santoni_watch_case_brown_39824.png","datePublished":"2024-10-22T12:19:00+00:00","dateModified":"2026-02-05T10:22:48+00:00","breadcrumb":{"@id":"https:\/\/www.voustenshoes.com\/de\/santoni-lederuhr-etui-braun-39824\/#breadcrumb"},"inLanguage":"de-DE","potentialAction":[{"@type":"ReadAction","target":["https:\/\/www.voustenshoes.com\/de\/santoni-lederuhr-etui-braun-39824\/"]}]},{"@type":"ImageObject","inLanguage":"de-DE","@id":"https:\/\/www.voustenshoes.com\/de\/santoni-lederuhr-etui-braun-39824\/#primaryimage","url":"https:\/\/www.voustenshoes.com\/wp-content\/uploads\/2023\/06\/santoni_watch_case_brown_39824.png","contentUrl":"https:\/\/www.voustenshoes.com\/wp-content\/uploads\/2023\/06\/santoni_watch_case_brown_39824.png","width":1032,"height":1032},{"@type":"BreadcrumbList","@id":"https:\/\/www.voustenshoes.com\/de\/santoni-lederuhr-etui-braun-39824\/#breadcrumb","itemListElement":[{"@type":"ListItem","position":1,"name":"Home","item":"https:\/\/www.voustenshoes.com\/de\/"},{"@type":"ListItem","position":2,"name":"Shop","item":"https:\/\/www.voustenshoes.com\/de\/shop\/"},{"@type":"ListItem","position":3,"name":"Santoni Lederuhr Etui Braun (39824)"}]},{"@type":"WebSite","@id":"https:\/\/www.voustenshoes.com\/nl\/#website","url":"https:\/\/www.voustenshoes.com\/nl\/","name":"Vousten Shoes","description":"","potentialAction":[{"@type":"SearchAction","target":{"@type":"EntryPoint","urlTemplate":"https:\/\/www.voustenshoes.com\/nl\/?s={search_term_string}"},"query-input":{"@type":"PropertyValueSpecification","valueRequired":true,"valueName":"search_term_string"}}],"inLanguage":"de-DE"}]}},"_links":{"self":[{"href":"https:\/\/www.voustenshoes.com\/de\/wp-json\/wp\/v2\/product\/196978","targetHints":{"allow":["GET"]}}],"collection":[{"href":"https:\/\/www.voustenshoes.com\/de\/wp-json\/wp\/v2\/product"}],"about":[{"href":"https:\/\/www.voustenshoes.com\/de\/wp-json\/wp\/v2\/types\/product"}],"replies":[{"embeddable":true,"href":"https:\/\/www.voustenshoes.com\/de\/wp-json\/wp\/v2\/comments?post=196978"}],"wp:featuredmedia":[{"embeddable":true,"href":"https:\/\/www.voustenshoes.com\/de\/wp-json\/wp\/v2\/media\/194793"}],"wp:attachment":[{"href":"https:\/\/www.voustenshoes.com\/de\/wp-json\/wp\/v2\/media?parent=196978"}],"wp:term":[{"taxonomy":"product_cat","embeddable":true,"href":"https:\/\/www.voustenshoes.com\/de\/wp-json\/wp\/v2\/product_cat?post=196978"},{"taxonomy":"product_tag","embeddable":true,"href":"https:\/\/www.voustenshoes.com\/de\/wp-json\/wp\/v2\/product_tag?post=196978"}],"curies":[{"name":"wp","href":"https:\/\/api.w.org\/{rel}","templated":true}]}}