{"id":198670,"date":"2024-10-23T20:48:25","date_gmt":"2024-10-23T18:48:25","guid":{"rendered":"https:\/\/www.voustenshoes.com\/santoni-eron-39909-2\/"},"modified":"2026-03-03T01:03:06","modified_gmt":"2026-03-03T00:03:06","slug":"santoni-eron-39909-2","status":"publish","type":"product","link":"https:\/\/www.voustenshoes.com\/de\/santoni-eron-39909-2\/","title":{"rendered":"Santoni Eron (39909)"},"content":{"rendered":"<p>Ist ein Leder-Stiefelettenschuh f\u00fcr die Wintersaison in Schwarz.<br \/>\nFunktionelles Design kombiniert mit viel Liebe zum Detail verleiht Ihrer Freizeitkleidung eine exklusive Note. Diese Santoni-Stiefelette ist aus gewalktem Leder gefertigt und mit weichem Lammfell gef\u00fcttert, um an den k\u00e4ltesten Wintertagen hervorragenden Schutz zu bieten. \u00dcberkreuzte Schn\u00fcrsenkel und \u00d6sen im Wanderstil sorgen f\u00fcr einen coolen Look mit Outdoor-Attit\u00fcde und kontrastierenden Details<\/p>\n<ul>\n<li>Breite: Standard bis ger\u00e4umig<\/li>\n<li>Verschluss: Spitze + Rei\u00dfverschluss<\/li>\n<li>Detail: handkoloriert<\/li>\n<li>Au\u00dfenmaterial: gewalktes Leder<\/li>\n<li>Innen: Leder und Fell<\/li>\n<li>Standardgr\u00f6\u00dfe<\/li>\n<li>Passender G\u00fcrtel m\u00f6glich<\/li>\n<li>Diese Santoni-Schuhe werden in Italien handgefertigt<\/li>\n<\/ul>\n<p>Lieferung in der Original-Santoni-Box mit dazugeh\u00f6rigen Staubbeuteln.<\/p>\n","protected":false},"excerpt":{"rendered":"<p>Ist ein Leder-Stiefelettenschuh f\u00fcr die Wintersaison in Schwarz. Funktionelles Design kombiniert mit viel Liebe zum Detail verleiht Ihrer Freizeitkleidung eine exklusive Note. Diese Santoni-Stiefelette ist aus gewalktem Leder gefertigt und mit weichem Lammfell gef\u00fcttert, um an den k\u00e4ltesten Wintertagen hervorragenden Schutz zu bieten. \u00dcberkreuzte Schn\u00fcrsenkel und \u00d6sen im Wanderstil sorgen f\u00fcr einen coolen Look mit [&#8230;]\n","protected":false},"featured_media":198585,"comment_status":"open","ping_status":"closed","template":"","meta":{"rank_math_lock_modified_date":false},"product_cat":[1139,1174,1182,1245],"product_tag":[],"class_list":{"0":"post-198670","1":"product","2":"type-product","3":"status-publish","4":"has-post-thumbnail","6":"product_cat-heren-nl-de","7":"product_cat-schoenen-nl-de","8":"product_cat-santoni-nl-de","9":"product_cat-winterschoenen-nl-de","11":"first","12":"instock","13":"taxable","14":"shipping-taxable","15":"purchasable","16":"product-type-variable"},"acf":[],"yoast_head":"<!-- This site is optimized with the Yoast SEO plugin v23.9 - https:\/\/yoast.com\/wordpress\/plugins\/seo\/ -->\n<title>Santoni Eron (39909) - Vousten Shoes<\/title>\n<meta name=\"robots\" content=\"index, follow, max-snippet:-1, max-image-preview:large, max-video-preview:-1\" \/>\n<link rel=\"canonical\" href=\"https:\/\/www.voustenshoes.com\/de\/santoni-eron-39909-2\/\" \/>\n<meta property=\"og:locale\" content=\"de_DE\" \/>\n<meta property=\"og:type\" content=\"article\" \/>\n<meta property=\"og:title\" content=\"Santoni Eron (39909) - Vousten Shoes\" \/>\n<meta property=\"og:description\" content=\"Ist ein Leder-Stiefelettenschuh f\u00fcr die Wintersaison in Schwarz. Funktionelles Design kombiniert mit viel Liebe zum Detail verleiht Ihrer Freizeitkleidung eine exklusive Note. Diese Santoni-Stiefelette ist aus gewalktem Leder gefertigt und mit weichem Lammfell gef\u00fcttert, um an den k\u00e4ltesten Wintertagen hervorragenden Schutz zu bieten. \u00dcberkreuzte Schn\u00fcrsenkel und \u00d6sen im Wanderstil sorgen f\u00fcr einen coolen Look mit [...]\" \/>\n<meta property=\"og:url\" content=\"https:\/\/www.voustenshoes.com\/de\/santoni-eron-39909-2\/\" \/>\n<meta property=\"og:site_name\" content=\"Vousten Shoes\" \/>\n<meta property=\"article:modified_time\" content=\"2026-03-03T00:03:06+00:00\" \/>\n<meta property=\"og:image\" content=\"https:\/\/www.voustenshoes.com\/wp-content\/uploads\/2023\/06\/santoni_eron_39909.png\" \/>\n\t<meta property=\"og:image:width\" content=\"1377\" \/>\n\t<meta property=\"og:image:height\" content=\"1377\" \/>\n\t<meta property=\"og:image:type\" content=\"image\/png\" \/>\n<meta name=\"twitter:card\" content=\"summary_large_image\" \/>\n<meta name=\"twitter:label1\" content=\"Est. reading time\" \/>\n\t<meta name=\"twitter:data1\" content=\"1 Minute\" \/>\n<script type=\"application\/ld+json\" class=\"yoast-schema-graph\">{\"@context\":\"https:\/\/schema.org\",\"@graph\":[{\"@type\":\"WebPage\",\"@id\":\"https:\/\/www.voustenshoes.com\/de\/santoni-eron-39909-2\/\",\"url\":\"https:\/\/www.voustenshoes.com\/de\/santoni-eron-39909-2\/\",\"name\":\"Santoni Eron (39909) - Vousten Shoes\",\"isPartOf\":{\"@id\":\"https:\/\/www.voustenshoes.com\/nl\/#website\"},\"primaryImageOfPage\":{\"@id\":\"https:\/\/www.voustenshoes.com\/de\/santoni-eron-39909-2\/#primaryimage\"},\"image\":{\"@id\":\"https:\/\/www.voustenshoes.com\/de\/santoni-eron-39909-2\/#primaryimage\"},\"thumbnailUrl\":\"https:\/\/www.voustenshoes.com\/wp-content\/uploads\/2023\/06\/santoni_eron_39909.png\",\"datePublished\":\"2024-10-23T18:48:25+00:00\",\"dateModified\":\"2026-03-03T00:03:06+00:00\",\"breadcrumb\":{\"@id\":\"https:\/\/www.voustenshoes.com\/de\/santoni-eron-39909-2\/#breadcrumb\"},\"inLanguage\":\"de-DE\",\"potentialAction\":[{\"@type\":\"ReadAction\",\"target\":[\"https:\/\/www.voustenshoes.com\/de\/santoni-eron-39909-2\/\"]}]},{\"@type\":\"ImageObject\",\"inLanguage\":\"de-DE\",\"@id\":\"https:\/\/www.voustenshoes.com\/de\/santoni-eron-39909-2\/#primaryimage\",\"url\":\"https:\/\/www.voustenshoes.com\/wp-content\/uploads\/2023\/06\/santoni_eron_39909.png\",\"contentUrl\":\"https:\/\/www.voustenshoes.com\/wp-content\/uploads\/2023\/06\/santoni_eron_39909.png\",\"width\":1377,\"height\":1377},{\"@type\":\"BreadcrumbList\",\"@id\":\"https:\/\/www.voustenshoes.com\/de\/santoni-eron-39909-2\/#breadcrumb\",\"itemListElement\":[{\"@type\":\"ListItem\",\"position\":1,\"name\":\"Home\",\"item\":\"https:\/\/www.voustenshoes.com\/de\/\"},{\"@type\":\"ListItem\",\"position\":2,\"name\":\"Shop\",\"item\":\"https:\/\/www.voustenshoes.com\/de\/shop\/\"},{\"@type\":\"ListItem\",\"position\":3,\"name\":\"Santoni Eron (39909)\"}]},{\"@type\":\"WebSite\",\"@id\":\"https:\/\/www.voustenshoes.com\/nl\/#website\",\"url\":\"https:\/\/www.voustenshoes.com\/nl\/\",\"name\":\"Vousten Shoes\",\"description\":\"\",\"potentialAction\":[{\"@type\":\"SearchAction\",\"target\":{\"@type\":\"EntryPoint\",\"urlTemplate\":\"https:\/\/www.voustenshoes.com\/nl\/?s={search_term_string}\"},\"query-input\":{\"@type\":\"PropertyValueSpecification\",\"valueRequired\":true,\"valueName\":\"search_term_string\"}}],\"inLanguage\":\"de-DE\"}]}<\/script>\n<!-- \/ Yoast SEO plugin. -->","yoast_head_json":{"title":"Santoni Eron (39909) - Vousten Shoes","robots":{"index":"index","follow":"follow","max-snippet":"max-snippet:-1","max-image-preview":"max-image-preview:large","max-video-preview":"max-video-preview:-1"},"canonical":"https:\/\/www.voustenshoes.com\/de\/santoni-eron-39909-2\/","og_locale":"de_DE","og_type":"article","og_title":"Santoni Eron (39909) - Vousten Shoes","og_description":"Ist ein Leder-Stiefelettenschuh f\u00fcr die Wintersaison in Schwarz. Funktionelles Design kombiniert mit viel Liebe zum Detail verleiht Ihrer Freizeitkleidung eine exklusive Note. Diese Santoni-Stiefelette ist aus gewalktem Leder gefertigt und mit weichem Lammfell gef\u00fcttert, um an den k\u00e4ltesten Wintertagen hervorragenden Schutz zu bieten. \u00dcberkreuzte Schn\u00fcrsenkel und \u00d6sen im Wanderstil sorgen f\u00fcr einen coolen Look mit [...]","og_url":"https:\/\/www.voustenshoes.com\/de\/santoni-eron-39909-2\/","og_site_name":"Vousten Shoes","article_modified_time":"2026-03-03T00:03:06+00:00","og_image":[{"width":1377,"height":1377,"url":"https:\/\/www.voustenshoes.com\/wp-content\/uploads\/2023\/06\/santoni_eron_39909.png","type":"image\/png"}],"twitter_card":"summary_large_image","twitter_misc":{"Est. reading time":"1 Minute"},"schema":{"@context":"https:\/\/schema.org","@graph":[{"@type":"WebPage","@id":"https:\/\/www.voustenshoes.com\/de\/santoni-eron-39909-2\/","url":"https:\/\/www.voustenshoes.com\/de\/santoni-eron-39909-2\/","name":"Santoni Eron (39909) - Vousten Shoes","isPartOf":{"@id":"https:\/\/www.voustenshoes.com\/nl\/#website"},"primaryImageOfPage":{"@id":"https:\/\/www.voustenshoes.com\/de\/santoni-eron-39909-2\/#primaryimage"},"image":{"@id":"https:\/\/www.voustenshoes.com\/de\/santoni-eron-39909-2\/#primaryimage"},"thumbnailUrl":"https:\/\/www.voustenshoes.com\/wp-content\/uploads\/2023\/06\/santoni_eron_39909.png","datePublished":"2024-10-23T18:48:25+00:00","dateModified":"2026-03-03T00:03:06+00:00","breadcrumb":{"@id":"https:\/\/www.voustenshoes.com\/de\/santoni-eron-39909-2\/#breadcrumb"},"inLanguage":"de-DE","potentialAction":[{"@type":"ReadAction","target":["https:\/\/www.voustenshoes.com\/de\/santoni-eron-39909-2\/"]}]},{"@type":"ImageObject","inLanguage":"de-DE","@id":"https:\/\/www.voustenshoes.com\/de\/santoni-eron-39909-2\/#primaryimage","url":"https:\/\/www.voustenshoes.com\/wp-content\/uploads\/2023\/06\/santoni_eron_39909.png","contentUrl":"https:\/\/www.voustenshoes.com\/wp-content\/uploads\/2023\/06\/santoni_eron_39909.png","width":1377,"height":1377},{"@type":"BreadcrumbList","@id":"https:\/\/www.voustenshoes.com\/de\/santoni-eron-39909-2\/#breadcrumb","itemListElement":[{"@type":"ListItem","position":1,"name":"Home","item":"https:\/\/www.voustenshoes.com\/de\/"},{"@type":"ListItem","position":2,"name":"Shop","item":"https:\/\/www.voustenshoes.com\/de\/shop\/"},{"@type":"ListItem","position":3,"name":"Santoni Eron (39909)"}]},{"@type":"WebSite","@id":"https:\/\/www.voustenshoes.com\/nl\/#website","url":"https:\/\/www.voustenshoes.com\/nl\/","name":"Vousten Shoes","description":"","potentialAction":[{"@type":"SearchAction","target":{"@type":"EntryPoint","urlTemplate":"https:\/\/www.voustenshoes.com\/nl\/?s={search_term_string}"},"query-input":{"@type":"PropertyValueSpecification","valueRequired":true,"valueName":"search_term_string"}}],"inLanguage":"de-DE"}]}},"_links":{"self":[{"href":"https:\/\/www.voustenshoes.com\/de\/wp-json\/wp\/v2\/product\/198670","targetHints":{"allow":["GET"]}}],"collection":[{"href":"https:\/\/www.voustenshoes.com\/de\/wp-json\/wp\/v2\/product"}],"about":[{"href":"https:\/\/www.voustenshoes.com\/de\/wp-json\/wp\/v2\/types\/product"}],"replies":[{"embeddable":true,"href":"https:\/\/www.voustenshoes.com\/de\/wp-json\/wp\/v2\/comments?post=198670"}],"wp:featuredmedia":[{"embeddable":true,"href":"https:\/\/www.voustenshoes.com\/de\/wp-json\/wp\/v2\/media\/198585"}],"wp:attachment":[{"href":"https:\/\/www.voustenshoes.com\/de\/wp-json\/wp\/v2\/media?parent=198670"}],"wp:term":[{"taxonomy":"product_cat","embeddable":true,"href":"https:\/\/www.voustenshoes.com\/de\/wp-json\/wp\/v2\/product_cat?post=198670"},{"taxonomy":"product_tag","embeddable":true,"href":"https:\/\/www.voustenshoes.com\/de\/wp-json\/wp\/v2\/product_tag?post=198670"}],"curies":[{"name":"wp","href":"https:\/\/api.w.org\/{rel}","templated":true}]}}