{"id":204968,"date":"2024-10-29T14:29:02","date_gmt":"2024-10-29T13:29:02","guid":{"rendered":"https:\/\/www.voustenshoes.com\/brunello-belt-soft-blue-35113-2\/"},"modified":"2026-02-05T11:05:50","modified_gmt":"2026-02-05T10:05:50","slug":"brunello-belt-soft-blue-35113-2","status":"publish","type":"product","link":"https:\/\/www.voustenshoes.com\/de\/brunello-belt-soft-blue-35113-2\/","title":{"rendered":"Brunello belt soft blue  (35113)"},"content":{"rendered":"<p>Brunello ruft<\/p>\n<p>Ist ein einzigartiger geflochtener G\u00fcrtel mit einer L\u00e4nge von 115\/130 cm.<\/p>\n<p>Nachdem Sie einen G\u00fcrtel bestellt haben, senden wir Ihnen eine Zeichnung \u00fcber die Gr\u00f6\u00dfe. Anschlie\u00dfend fertigen wir den G\u00fcrtel auf jede gew\u00fcnschte L\u00e4nge und versenden ihn dann an Sie.<\/p>\n<ul>\n<li>G\u00fcrtelbreite: 3,5\u00a0cm<\/li>\n<li>Material: B\u00fcffelleder<\/li>\n<li>Geflochtene Struktur<\/li>\n<li>Farbe: dunkelblau<\/li>\n<li>Handgefertigt in Bologna (Italien)<\/li>\n<\/ul>\n","protected":false},"excerpt":{"rendered":"<p>Brunello ruft Ist ein einzigartiger geflochtener G\u00fcrtel mit einer L\u00e4nge von 115\/130 cm. Nachdem Sie einen G\u00fcrtel bestellt haben, senden wir Ihnen eine Zeichnung \u00fcber die Gr\u00f6\u00dfe. Anschlie\u00dfend fertigen wir den G\u00fcrtel auf jede gew\u00fcnschte L\u00e4nge und versenden ihn dann an Sie. G\u00fcrtelbreite: 3,5\u00a0cm Material: B\u00fcffelleder Geflochtene Struktur Farbe: dunkelblau Handgefertigt in Bologna (Italien)<\/p>\n","protected":false},"featured_media":204928,"comment_status":"open","ping_status":"closed","template":"","meta":{"rank_math_lock_modified_date":false},"product_cat":[1113,1139,1190],"product_tag":[],"class_list":{"0":"post-204968","1":"product","2":"type-product","3":"status-publish","4":"has-post-thumbnail","6":"product_cat-accessoires-de","7":"product_cat-heren-nl-de","8":"product_cat-riemen-nl-de","10":"first","11":"instock","12":"taxable","13":"shipping-taxable","14":"purchasable","15":"product-type-variable"},"acf":[],"yoast_head":"<!-- This site is optimized with the Yoast SEO plugin v23.9 - https:\/\/yoast.com\/wordpress\/plugins\/seo\/ -->\n<title>Brunello belt soft blue (35113) - Vousten Shoes<\/title>\n<meta name=\"robots\" content=\"index, follow, max-snippet:-1, max-image-preview:large, max-video-preview:-1\" \/>\n<link rel=\"canonical\" href=\"https:\/\/www.voustenshoes.com\/de\/brunello-belt-soft-blue-35113-2\/\" \/>\n<meta property=\"og:locale\" content=\"de_DE\" \/>\n<meta property=\"og:type\" content=\"article\" \/>\n<meta property=\"og:title\" content=\"Brunello belt soft blue (35113) - Vousten Shoes\" \/>\n<meta property=\"og:description\" content=\"Brunello ruft Ist ein einzigartiger geflochtener G\u00fcrtel mit einer L\u00e4nge von 115\/130 cm. Nachdem Sie einen G\u00fcrtel bestellt haben, senden wir Ihnen eine Zeichnung \u00fcber die Gr\u00f6\u00dfe. Anschlie\u00dfend fertigen wir den G\u00fcrtel auf jede gew\u00fcnschte L\u00e4nge und versenden ihn dann an Sie. G\u00fcrtelbreite: 3,5\u00a0cm Material: B\u00fcffelleder Geflochtene Struktur Farbe: dunkelblau Handgefertigt in Bologna (Italien)\" \/>\n<meta property=\"og:url\" content=\"https:\/\/www.voustenshoes.com\/de\/brunello-belt-soft-blue-35113-2\/\" \/>\n<meta property=\"og:site_name\" content=\"Vousten Shoes\" \/>\n<meta property=\"article:modified_time\" content=\"2026-02-05T10:05:50+00:00\" \/>\n<meta property=\"og:image\" content=\"https:\/\/www.voustenshoes.com\/wp-content\/uploads\/2023\/06\/brunelli_3_extra_2_van_3.jpg\" \/>\n\t<meta property=\"og:image:width\" content=\"2000\" \/>\n\t<meta property=\"og:image:height\" content=\"2000\" \/>\n\t<meta property=\"og:image:type\" content=\"image\/jpeg\" \/>\n<meta name=\"twitter:card\" content=\"summary_large_image\" \/>\n<script type=\"application\/ld+json\" class=\"yoast-schema-graph\">{\"@context\":\"https:\/\/schema.org\",\"@graph\":[{\"@type\":\"WebPage\",\"@id\":\"https:\/\/www.voustenshoes.com\/de\/brunello-belt-soft-blue-35113-2\/\",\"url\":\"https:\/\/www.voustenshoes.com\/de\/brunello-belt-soft-blue-35113-2\/\",\"name\":\"Brunello belt soft blue (35113) - Vousten Shoes\",\"isPartOf\":{\"@id\":\"https:\/\/www.voustenshoes.com\/nl\/#website\"},\"primaryImageOfPage\":{\"@id\":\"https:\/\/www.voustenshoes.com\/de\/brunello-belt-soft-blue-35113-2\/#primaryimage\"},\"image\":{\"@id\":\"https:\/\/www.voustenshoes.com\/de\/brunello-belt-soft-blue-35113-2\/#primaryimage\"},\"thumbnailUrl\":\"https:\/\/www.voustenshoes.com\/wp-content\/uploads\/2023\/06\/brunelli_3_extra_2_van_3.jpg\",\"datePublished\":\"2024-10-29T13:29:02+00:00\",\"dateModified\":\"2026-02-05T10:05:50+00:00\",\"breadcrumb\":{\"@id\":\"https:\/\/www.voustenshoes.com\/de\/brunello-belt-soft-blue-35113-2\/#breadcrumb\"},\"inLanguage\":\"de-DE\",\"potentialAction\":[{\"@type\":\"ReadAction\",\"target\":[\"https:\/\/www.voustenshoes.com\/de\/brunello-belt-soft-blue-35113-2\/\"]}]},{\"@type\":\"ImageObject\",\"inLanguage\":\"de-DE\",\"@id\":\"https:\/\/www.voustenshoes.com\/de\/brunello-belt-soft-blue-35113-2\/#primaryimage\",\"url\":\"https:\/\/www.voustenshoes.com\/wp-content\/uploads\/2023\/06\/brunelli_3_extra_2_van_3.jpg\",\"contentUrl\":\"https:\/\/www.voustenshoes.com\/wp-content\/uploads\/2023\/06\/brunelli_3_extra_2_van_3.jpg\",\"width\":2000,\"height\":2000},{\"@type\":\"BreadcrumbList\",\"@id\":\"https:\/\/www.voustenshoes.com\/de\/brunello-belt-soft-blue-35113-2\/#breadcrumb\",\"itemListElement\":[{\"@type\":\"ListItem\",\"position\":1,\"name\":\"Home\",\"item\":\"https:\/\/www.voustenshoes.com\/de\/\"},{\"@type\":\"ListItem\",\"position\":2,\"name\":\"Shop\",\"item\":\"https:\/\/www.voustenshoes.com\/de\/shop\/\"},{\"@type\":\"ListItem\",\"position\":3,\"name\":\"Brunello belt soft blue (35113)\"}]},{\"@type\":\"WebSite\",\"@id\":\"https:\/\/www.voustenshoes.com\/nl\/#website\",\"url\":\"https:\/\/www.voustenshoes.com\/nl\/\",\"name\":\"Vousten Shoes\",\"description\":\"\",\"potentialAction\":[{\"@type\":\"SearchAction\",\"target\":{\"@type\":\"EntryPoint\",\"urlTemplate\":\"https:\/\/www.voustenshoes.com\/nl\/?s={search_term_string}\"},\"query-input\":{\"@type\":\"PropertyValueSpecification\",\"valueRequired\":true,\"valueName\":\"search_term_string\"}}],\"inLanguage\":\"de-DE\"}]}<\/script>\n<!-- \/ Yoast SEO plugin. -->","yoast_head_json":{"title":"Brunello belt soft blue (35113) - Vousten Shoes","robots":{"index":"index","follow":"follow","max-snippet":"max-snippet:-1","max-image-preview":"max-image-preview:large","max-video-preview":"max-video-preview:-1"},"canonical":"https:\/\/www.voustenshoes.com\/de\/brunello-belt-soft-blue-35113-2\/","og_locale":"de_DE","og_type":"article","og_title":"Brunello belt soft blue (35113) - Vousten Shoes","og_description":"Brunello ruft Ist ein einzigartiger geflochtener G\u00fcrtel mit einer L\u00e4nge von 115\/130 cm. Nachdem Sie einen G\u00fcrtel bestellt haben, senden wir Ihnen eine Zeichnung \u00fcber die Gr\u00f6\u00dfe. Anschlie\u00dfend fertigen wir den G\u00fcrtel auf jede gew\u00fcnschte L\u00e4nge und versenden ihn dann an Sie. G\u00fcrtelbreite: 3,5\u00a0cm Material: B\u00fcffelleder Geflochtene Struktur Farbe: dunkelblau Handgefertigt in Bologna (Italien)","og_url":"https:\/\/www.voustenshoes.com\/de\/brunello-belt-soft-blue-35113-2\/","og_site_name":"Vousten Shoes","article_modified_time":"2026-02-05T10:05:50+00:00","og_image":[{"width":2000,"height":2000,"url":"https:\/\/www.voustenshoes.com\/wp-content\/uploads\/2023\/06\/brunelli_3_extra_2_van_3.jpg","type":"image\/jpeg"}],"twitter_card":"summary_large_image","schema":{"@context":"https:\/\/schema.org","@graph":[{"@type":"WebPage","@id":"https:\/\/www.voustenshoes.com\/de\/brunello-belt-soft-blue-35113-2\/","url":"https:\/\/www.voustenshoes.com\/de\/brunello-belt-soft-blue-35113-2\/","name":"Brunello belt soft blue (35113) - Vousten Shoes","isPartOf":{"@id":"https:\/\/www.voustenshoes.com\/nl\/#website"},"primaryImageOfPage":{"@id":"https:\/\/www.voustenshoes.com\/de\/brunello-belt-soft-blue-35113-2\/#primaryimage"},"image":{"@id":"https:\/\/www.voustenshoes.com\/de\/brunello-belt-soft-blue-35113-2\/#primaryimage"},"thumbnailUrl":"https:\/\/www.voustenshoes.com\/wp-content\/uploads\/2023\/06\/brunelli_3_extra_2_van_3.jpg","datePublished":"2024-10-29T13:29:02+00:00","dateModified":"2026-02-05T10:05:50+00:00","breadcrumb":{"@id":"https:\/\/www.voustenshoes.com\/de\/brunello-belt-soft-blue-35113-2\/#breadcrumb"},"inLanguage":"de-DE","potentialAction":[{"@type":"ReadAction","target":["https:\/\/www.voustenshoes.com\/de\/brunello-belt-soft-blue-35113-2\/"]}]},{"@type":"ImageObject","inLanguage":"de-DE","@id":"https:\/\/www.voustenshoes.com\/de\/brunello-belt-soft-blue-35113-2\/#primaryimage","url":"https:\/\/www.voustenshoes.com\/wp-content\/uploads\/2023\/06\/brunelli_3_extra_2_van_3.jpg","contentUrl":"https:\/\/www.voustenshoes.com\/wp-content\/uploads\/2023\/06\/brunelli_3_extra_2_van_3.jpg","width":2000,"height":2000},{"@type":"BreadcrumbList","@id":"https:\/\/www.voustenshoes.com\/de\/brunello-belt-soft-blue-35113-2\/#breadcrumb","itemListElement":[{"@type":"ListItem","position":1,"name":"Home","item":"https:\/\/www.voustenshoes.com\/de\/"},{"@type":"ListItem","position":2,"name":"Shop","item":"https:\/\/www.voustenshoes.com\/de\/shop\/"},{"@type":"ListItem","position":3,"name":"Brunello belt soft blue (35113)"}]},{"@type":"WebSite","@id":"https:\/\/www.voustenshoes.com\/nl\/#website","url":"https:\/\/www.voustenshoes.com\/nl\/","name":"Vousten Shoes","description":"","potentialAction":[{"@type":"SearchAction","target":{"@type":"EntryPoint","urlTemplate":"https:\/\/www.voustenshoes.com\/nl\/?s={search_term_string}"},"query-input":{"@type":"PropertyValueSpecification","valueRequired":true,"valueName":"search_term_string"}}],"inLanguage":"de-DE"}]}},"_links":{"self":[{"href":"https:\/\/www.voustenshoes.com\/de\/wp-json\/wp\/v2\/product\/204968","targetHints":{"allow":["GET"]}}],"collection":[{"href":"https:\/\/www.voustenshoes.com\/de\/wp-json\/wp\/v2\/product"}],"about":[{"href":"https:\/\/www.voustenshoes.com\/de\/wp-json\/wp\/v2\/types\/product"}],"replies":[{"embeddable":true,"href":"https:\/\/www.voustenshoes.com\/de\/wp-json\/wp\/v2\/comments?post=204968"}],"wp:featuredmedia":[{"embeddable":true,"href":"https:\/\/www.voustenshoes.com\/de\/wp-json\/wp\/v2\/media\/204928"}],"wp:attachment":[{"href":"https:\/\/www.voustenshoes.com\/de\/wp-json\/wp\/v2\/media?parent=204968"}],"wp:term":[{"taxonomy":"product_cat","embeddable":true,"href":"https:\/\/www.voustenshoes.com\/de\/wp-json\/wp\/v2\/product_cat?post=204968"},{"taxonomy":"product_tag","embeddable":true,"href":"https:\/\/www.voustenshoes.com\/de\/wp-json\/wp\/v2\/product_tag?post=204968"}],"curies":[{"name":"wp","href":"https:\/\/api.w.org\/{rel}","templated":true}]}}