{"id":210409,"date":"2024-11-15T19:24:22","date_gmt":"2024-11-15T18:24:22","guid":{"rendered":"https:\/\/www.voustenshoes.com\/santoni-manuel-39867-2\/"},"modified":"2026-02-24T01:15:10","modified_gmt":"2026-02-24T00:15:10","slug":"santoni-manuel-39867-2","status":"publish","type":"product","link":"https:\/\/www.voustenshoes.com\/de\/santoni-manuel-39867-2\/","title":{"rendered":"SANTONI &#8211; Manuel (39867)"},"content":{"rendered":"<p>Ist ein kn\u00f6chelhoher Wildlederschuh und hat keine Schn\u00fcrsenkel.<\/p>\n<ul>\n<li>Breite: Standard bis breit<\/li>\n<li>Schlie\u00dfung: keine<\/li>\n<li>Detail: Ziern\u00e4hte<\/li>\n<li>Au\u00dfen: Wildleder<\/li>\n<li>Innen: Leder<\/li>\n<li>Sohlenaufbau: Gummi mit winterprofil<\/li>\n<li>Standardgr\u00f6\u00dfe<\/li>\n<li>Diese Santoni-Schuhe werden in Italien handgefertigt<\/li>\n<\/ul>\n<p>Lieferung in Original Santoni Verpackung mit passenden Staubbeuteln.<\/p>\n","protected":false},"excerpt":{"rendered":"<p>Ist ein kn\u00f6chelhoher Wildlederschuh und hat keine Schn\u00fcrsenkel. Breite: Standard bis breit Schlie\u00dfung: keine Detail: Ziern\u00e4hte Au\u00dfen: Wildleder Innen: Leder Sohlenaufbau: Gummi mit winterprofil Standardgr\u00f6\u00dfe Diese Santoni-Schuhe werden in Italien handgefertigt Lieferung in Original Santoni Verpackung mit passenden Staubbeuteln.<\/p>\n","protected":false},"featured_media":210351,"comment_status":"open","ping_status":"closed","template":"","meta":{"rank_math_lock_modified_date":false},"product_cat":[1132,1139,1168,1174,1182,1245],"product_tag":[],"class_list":{"0":"post-210409","1":"product","2":"type-product","3":"status-publish","4":"has-post-thumbnail","6":"product_cat-herenschoenen-nl-de","7":"product_cat-heren-nl-de","8":"product_cat-boots-nl-de","9":"product_cat-schoenen-nl-de","10":"product_cat-santoni-nl-de","11":"product_cat-winterschoenen-nl-de","13":"first","14":"instock","15":"taxable","16":"shipping-taxable","17":"purchasable","18":"product-type-variable"},"acf":[],"yoast_head":"<!-- This site is optimized with the Yoast SEO plugin v23.9 - https:\/\/yoast.com\/wordpress\/plugins\/seo\/ -->\n<title>SANTONI - Manuel (39867) - Vousten Shoes<\/title>\n<meta name=\"robots\" content=\"index, follow, max-snippet:-1, max-image-preview:large, max-video-preview:-1\" \/>\n<link rel=\"canonical\" href=\"https:\/\/www.voustenshoes.com\/de\/santoni-manuel-39867-2\/\" \/>\n<meta property=\"og:locale\" content=\"de_DE\" \/>\n<meta property=\"og:type\" content=\"article\" \/>\n<meta property=\"og:title\" content=\"SANTONI - Manuel (39867) - Vousten Shoes\" \/>\n<meta property=\"og:description\" content=\"Ist ein kn\u00f6chelhoher Wildlederschuh und hat keine Schn\u00fcrsenkel. Breite: Standard bis breit Schlie\u00dfung: keine Detail: Ziern\u00e4hte Au\u00dfen: Wildleder Innen: Leder Sohlenaufbau: Gummi mit winterprofil Standardgr\u00f6\u00dfe Diese Santoni-Schuhe werden in Italien handgefertigt Lieferung in Original Santoni Verpackung mit passenden Staubbeuteln.\" \/>\n<meta property=\"og:url\" content=\"https:\/\/www.voustenshoes.com\/de\/santoni-manuel-39867-2\/\" \/>\n<meta property=\"og:site_name\" content=\"Vousten Shoes\" \/>\n<meta property=\"article:modified_time\" content=\"2026-02-24T00:15:10+00:00\" \/>\n<meta property=\"og:image\" content=\"https:\/\/www.voustenshoes.com\/wp-content\/uploads\/2023\/06\/SANTONI-Manuel-39867.jpg\" \/>\n\t<meta property=\"og:image:width\" content=\"2486\" \/>\n\t<meta property=\"og:image:height\" content=\"2486\" \/>\n\t<meta property=\"og:image:type\" content=\"image\/jpeg\" \/>\n<meta name=\"twitter:card\" content=\"summary_large_image\" \/>\n<script type=\"application\/ld+json\" class=\"yoast-schema-graph\">{\"@context\":\"https:\/\/schema.org\",\"@graph\":[{\"@type\":\"WebPage\",\"@id\":\"https:\/\/www.voustenshoes.com\/de\/santoni-manuel-39867-2\/\",\"url\":\"https:\/\/www.voustenshoes.com\/de\/santoni-manuel-39867-2\/\",\"name\":\"SANTONI - Manuel (39867) - Vousten Shoes\",\"isPartOf\":{\"@id\":\"https:\/\/www.voustenshoes.com\/nl\/#website\"},\"primaryImageOfPage\":{\"@id\":\"https:\/\/www.voustenshoes.com\/de\/santoni-manuel-39867-2\/#primaryimage\"},\"image\":{\"@id\":\"https:\/\/www.voustenshoes.com\/de\/santoni-manuel-39867-2\/#primaryimage\"},\"thumbnailUrl\":\"https:\/\/www.voustenshoes.com\/wp-content\/uploads\/2023\/06\/SANTONI-Manuel-39867.jpg\",\"datePublished\":\"2024-11-15T18:24:22+00:00\",\"dateModified\":\"2026-02-24T00:15:10+00:00\",\"breadcrumb\":{\"@id\":\"https:\/\/www.voustenshoes.com\/de\/santoni-manuel-39867-2\/#breadcrumb\"},\"inLanguage\":\"de-DE\",\"potentialAction\":[{\"@type\":\"ReadAction\",\"target\":[\"https:\/\/www.voustenshoes.com\/de\/santoni-manuel-39867-2\/\"]}]},{\"@type\":\"ImageObject\",\"inLanguage\":\"de-DE\",\"@id\":\"https:\/\/www.voustenshoes.com\/de\/santoni-manuel-39867-2\/#primaryimage\",\"url\":\"https:\/\/www.voustenshoes.com\/wp-content\/uploads\/2023\/06\/SANTONI-Manuel-39867.jpg\",\"contentUrl\":\"https:\/\/www.voustenshoes.com\/wp-content\/uploads\/2023\/06\/SANTONI-Manuel-39867.jpg\",\"width\":2486,\"height\":2486},{\"@type\":\"BreadcrumbList\",\"@id\":\"https:\/\/www.voustenshoes.com\/de\/santoni-manuel-39867-2\/#breadcrumb\",\"itemListElement\":[{\"@type\":\"ListItem\",\"position\":1,\"name\":\"Home\",\"item\":\"https:\/\/www.voustenshoes.com\/de\/\"},{\"@type\":\"ListItem\",\"position\":2,\"name\":\"Shop\",\"item\":\"https:\/\/www.voustenshoes.com\/de\/shop\/\"},{\"@type\":\"ListItem\",\"position\":3,\"name\":\"SANTONI &#8211; Manuel (39867)\"}]},{\"@type\":\"WebSite\",\"@id\":\"https:\/\/www.voustenshoes.com\/nl\/#website\",\"url\":\"https:\/\/www.voustenshoes.com\/nl\/\",\"name\":\"Vousten Shoes\",\"description\":\"\",\"potentialAction\":[{\"@type\":\"SearchAction\",\"target\":{\"@type\":\"EntryPoint\",\"urlTemplate\":\"https:\/\/www.voustenshoes.com\/nl\/?s={search_term_string}\"},\"query-input\":{\"@type\":\"PropertyValueSpecification\",\"valueRequired\":true,\"valueName\":\"search_term_string\"}}],\"inLanguage\":\"de-DE\"}]}<\/script>\n<!-- \/ Yoast SEO plugin. -->","yoast_head_json":{"title":"SANTONI - Manuel (39867) - Vousten Shoes","robots":{"index":"index","follow":"follow","max-snippet":"max-snippet:-1","max-image-preview":"max-image-preview:large","max-video-preview":"max-video-preview:-1"},"canonical":"https:\/\/www.voustenshoes.com\/de\/santoni-manuel-39867-2\/","og_locale":"de_DE","og_type":"article","og_title":"SANTONI - Manuel (39867) - Vousten Shoes","og_description":"Ist ein kn\u00f6chelhoher Wildlederschuh und hat keine Schn\u00fcrsenkel. Breite: Standard bis breit Schlie\u00dfung: keine Detail: Ziern\u00e4hte Au\u00dfen: Wildleder Innen: Leder Sohlenaufbau: Gummi mit winterprofil Standardgr\u00f6\u00dfe Diese Santoni-Schuhe werden in Italien handgefertigt Lieferung in Original Santoni Verpackung mit passenden Staubbeuteln.","og_url":"https:\/\/www.voustenshoes.com\/de\/santoni-manuel-39867-2\/","og_site_name":"Vousten Shoes","article_modified_time":"2026-02-24T00:15:10+00:00","og_image":[{"width":2486,"height":2486,"url":"https:\/\/www.voustenshoes.com\/wp-content\/uploads\/2023\/06\/SANTONI-Manuel-39867.jpg","type":"image\/jpeg"}],"twitter_card":"summary_large_image","schema":{"@context":"https:\/\/schema.org","@graph":[{"@type":"WebPage","@id":"https:\/\/www.voustenshoes.com\/de\/santoni-manuel-39867-2\/","url":"https:\/\/www.voustenshoes.com\/de\/santoni-manuel-39867-2\/","name":"SANTONI - Manuel (39867) - Vousten Shoes","isPartOf":{"@id":"https:\/\/www.voustenshoes.com\/nl\/#website"},"primaryImageOfPage":{"@id":"https:\/\/www.voustenshoes.com\/de\/santoni-manuel-39867-2\/#primaryimage"},"image":{"@id":"https:\/\/www.voustenshoes.com\/de\/santoni-manuel-39867-2\/#primaryimage"},"thumbnailUrl":"https:\/\/www.voustenshoes.com\/wp-content\/uploads\/2023\/06\/SANTONI-Manuel-39867.jpg","datePublished":"2024-11-15T18:24:22+00:00","dateModified":"2026-02-24T00:15:10+00:00","breadcrumb":{"@id":"https:\/\/www.voustenshoes.com\/de\/santoni-manuel-39867-2\/#breadcrumb"},"inLanguage":"de-DE","potentialAction":[{"@type":"ReadAction","target":["https:\/\/www.voustenshoes.com\/de\/santoni-manuel-39867-2\/"]}]},{"@type":"ImageObject","inLanguage":"de-DE","@id":"https:\/\/www.voustenshoes.com\/de\/santoni-manuel-39867-2\/#primaryimage","url":"https:\/\/www.voustenshoes.com\/wp-content\/uploads\/2023\/06\/SANTONI-Manuel-39867.jpg","contentUrl":"https:\/\/www.voustenshoes.com\/wp-content\/uploads\/2023\/06\/SANTONI-Manuel-39867.jpg","width":2486,"height":2486},{"@type":"BreadcrumbList","@id":"https:\/\/www.voustenshoes.com\/de\/santoni-manuel-39867-2\/#breadcrumb","itemListElement":[{"@type":"ListItem","position":1,"name":"Home","item":"https:\/\/www.voustenshoes.com\/de\/"},{"@type":"ListItem","position":2,"name":"Shop","item":"https:\/\/www.voustenshoes.com\/de\/shop\/"},{"@type":"ListItem","position":3,"name":"SANTONI &#8211; Manuel (39867)"}]},{"@type":"WebSite","@id":"https:\/\/www.voustenshoes.com\/nl\/#website","url":"https:\/\/www.voustenshoes.com\/nl\/","name":"Vousten Shoes","description":"","potentialAction":[{"@type":"SearchAction","target":{"@type":"EntryPoint","urlTemplate":"https:\/\/www.voustenshoes.com\/nl\/?s={search_term_string}"},"query-input":{"@type":"PropertyValueSpecification","valueRequired":true,"valueName":"search_term_string"}}],"inLanguage":"de-DE"}]}},"_links":{"self":[{"href":"https:\/\/www.voustenshoes.com\/de\/wp-json\/wp\/v2\/product\/210409","targetHints":{"allow":["GET"]}}],"collection":[{"href":"https:\/\/www.voustenshoes.com\/de\/wp-json\/wp\/v2\/product"}],"about":[{"href":"https:\/\/www.voustenshoes.com\/de\/wp-json\/wp\/v2\/types\/product"}],"replies":[{"embeddable":true,"href":"https:\/\/www.voustenshoes.com\/de\/wp-json\/wp\/v2\/comments?post=210409"}],"wp:featuredmedia":[{"embeddable":true,"href":"https:\/\/www.voustenshoes.com\/de\/wp-json\/wp\/v2\/media\/210351"}],"wp:attachment":[{"href":"https:\/\/www.voustenshoes.com\/de\/wp-json\/wp\/v2\/media?parent=210409"}],"wp:term":[{"taxonomy":"product_cat","embeddable":true,"href":"https:\/\/www.voustenshoes.com\/de\/wp-json\/wp\/v2\/product_cat?post=210409"},{"taxonomy":"product_tag","embeddable":true,"href":"https:\/\/www.voustenshoes.com\/de\/wp-json\/wp\/v2\/product_tag?post=210409"}],"curies":[{"name":"wp","href":"https:\/\/api.w.org\/{rel}","templated":true}]}}