{"id":212345,"date":"2024-12-23T19:48:13","date_gmt":"2024-12-23T18:48:13","guid":{"rendered":"https:\/\/www.voustenshoes.com\/santoni-ceintuur-suede-brown-40517-2\/"},"modified":"2026-04-06T01:51:04","modified_gmt":"2026-04-05T23:51:04","slug":"santoni-ceintuur-suede-brown-40517-2","status":"publish","type":"product","link":"https:\/\/www.voustenshoes.com\/de\/santoni-ceintuur-suede-brown-40517-2\/","title":{"rendered":"SANTONI &#8211; Ceintuur su\u00e9de brown (40517)"},"content":{"rendered":"<div>Santoni G\u00fcrtel aus Wildleder in mittelbrauner Farbe<\/div>\n<ul>\n<li>Handgefertigt in Italien.<\/li>\n<li>3,5 cm breit.<\/li>\n<li>Die Standardl\u00e4nge betr\u00e4gt 110 cm.<\/li>\n<li>Einfaches Einstellen der L\u00e4nge mit Hilfe einer Schraube.<\/li>\n<li>Artikel Nummer VS003B9IH2MOT50<\/li>\n<\/ul>\n<div>Wir machen den G\u00fcrtel gerne f\u00fcr Sie k\u00fcrzer, wir setzen uns mit Ihnen in Verbindung (ein gek\u00fcrzter G\u00fcrtel kann jedoch nicht zur\u00fcckgegeben werden).<\/div>\n","protected":false},"excerpt":{"rendered":"<p>Santoni G\u00fcrtel aus Wildleder in mittelbrauner Farbe Handgefertigt in Italien. 3,5 cm breit. Die Standardl\u00e4nge betr\u00e4gt 110 cm. Einfaches Einstellen der L\u00e4nge mit Hilfe einer Schraube. Artikel Nummer VS003B9IH2MOT50 Wir machen den G\u00fcrtel gerne f\u00fcr Sie k\u00fcrzer, wir setzen uns mit Ihnen in Verbindung (ein gek\u00fcrzter G\u00fcrtel kann jedoch nicht zur\u00fcckgegeben werden).<\/p>\n","protected":false},"featured_media":212337,"comment_status":"open","ping_status":"closed","template":"","meta":{"rank_math_lock_modified_date":false},"product_cat":[1113,1139,1182,1190],"product_tag":[],"class_list":{"0":"post-212345","1":"product","2":"type-product","3":"status-publish","4":"has-post-thumbnail","6":"product_cat-accessoires-de","7":"product_cat-heren-nl-de","8":"product_cat-santoni-nl-de","9":"product_cat-riemen-nl-de","11":"first","12":"instock","13":"taxable","14":"shipping-taxable","15":"purchasable","16":"product-type-variable"},"acf":[],"yoast_head":"<!-- This site is optimized with the Yoast SEO plugin v23.9 - https:\/\/yoast.com\/wordpress\/plugins\/seo\/ -->\n<title>SANTONI - Ceintuur su\u00e9de brown (40517) - Vousten Shoes<\/title>\n<meta name=\"robots\" content=\"index, follow, max-snippet:-1, max-image-preview:large, max-video-preview:-1\" \/>\n<link rel=\"canonical\" href=\"https:\/\/www.voustenshoes.com\/de\/santoni-ceintuur-suede-brown-40517-2\/\" \/>\n<meta property=\"og:locale\" content=\"de_DE\" \/>\n<meta property=\"og:type\" content=\"article\" \/>\n<meta property=\"og:title\" content=\"SANTONI - Ceintuur su\u00e9de brown (40517) - Vousten Shoes\" \/>\n<meta property=\"og:description\" content=\"Santoni G\u00fcrtel aus Wildleder in mittelbrauner Farbe Handgefertigt in Italien. 3,5 cm breit. Die Standardl\u00e4nge betr\u00e4gt 110 cm. Einfaches Einstellen der L\u00e4nge mit Hilfe einer Schraube. Artikel Nummer VS003B9IH2MOT50 Wir machen den G\u00fcrtel gerne f\u00fcr Sie k\u00fcrzer, wir setzen uns mit Ihnen in Verbindung (ein gek\u00fcrzter G\u00fcrtel kann jedoch nicht zur\u00fcckgegeben werden).\" \/>\n<meta property=\"og:url\" content=\"https:\/\/www.voustenshoes.com\/de\/santoni-ceintuur-suede-brown-40517-2\/\" \/>\n<meta property=\"og:site_name\" content=\"Vousten Shoes\" \/>\n<meta property=\"article:modified_time\" content=\"2026-04-05T23:51:04+00:00\" \/>\n<meta property=\"og:image\" content=\"https:\/\/www.voustenshoes.com\/wp-content\/uploads\/2023\/06\/Ceintuur-40517.png\" \/>\n\t<meta property=\"og:image:width\" content=\"1381\" \/>\n\t<meta property=\"og:image:height\" content=\"1381\" \/>\n\t<meta property=\"og:image:type\" content=\"image\/png\" \/>\n<meta name=\"twitter:card\" content=\"summary_large_image\" \/>\n<script type=\"application\/ld+json\" class=\"yoast-schema-graph\">{\"@context\":\"https:\/\/schema.org\",\"@graph\":[{\"@type\":\"WebPage\",\"@id\":\"https:\/\/www.voustenshoes.com\/de\/santoni-ceintuur-suede-brown-40517-2\/\",\"url\":\"https:\/\/www.voustenshoes.com\/de\/santoni-ceintuur-suede-brown-40517-2\/\",\"name\":\"SANTONI - Ceintuur su\u00e9de brown (40517) - Vousten Shoes\",\"isPartOf\":{\"@id\":\"https:\/\/www.voustenshoes.com\/nl\/#website\"},\"primaryImageOfPage\":{\"@id\":\"https:\/\/www.voustenshoes.com\/de\/santoni-ceintuur-suede-brown-40517-2\/#primaryimage\"},\"image\":{\"@id\":\"https:\/\/www.voustenshoes.com\/de\/santoni-ceintuur-suede-brown-40517-2\/#primaryimage\"},\"thumbnailUrl\":\"https:\/\/www.voustenshoes.com\/wp-content\/uploads\/2023\/06\/Ceintuur-40517.png\",\"datePublished\":\"2024-12-23T18:48:13+00:00\",\"dateModified\":\"2026-04-05T23:51:04+00:00\",\"breadcrumb\":{\"@id\":\"https:\/\/www.voustenshoes.com\/de\/santoni-ceintuur-suede-brown-40517-2\/#breadcrumb\"},\"inLanguage\":\"de-DE\",\"potentialAction\":[{\"@type\":\"ReadAction\",\"target\":[\"https:\/\/www.voustenshoes.com\/de\/santoni-ceintuur-suede-brown-40517-2\/\"]}]},{\"@type\":\"ImageObject\",\"inLanguage\":\"de-DE\",\"@id\":\"https:\/\/www.voustenshoes.com\/de\/santoni-ceintuur-suede-brown-40517-2\/#primaryimage\",\"url\":\"https:\/\/www.voustenshoes.com\/wp-content\/uploads\/2023\/06\/Ceintuur-40517.png\",\"contentUrl\":\"https:\/\/www.voustenshoes.com\/wp-content\/uploads\/2023\/06\/Ceintuur-40517.png\",\"width\":1381,\"height\":1381},{\"@type\":\"BreadcrumbList\",\"@id\":\"https:\/\/www.voustenshoes.com\/de\/santoni-ceintuur-suede-brown-40517-2\/#breadcrumb\",\"itemListElement\":[{\"@type\":\"ListItem\",\"position\":1,\"name\":\"Home\",\"item\":\"https:\/\/www.voustenshoes.com\/de\/\"},{\"@type\":\"ListItem\",\"position\":2,\"name\":\"Shop\",\"item\":\"https:\/\/www.voustenshoes.com\/de\/shop\/\"},{\"@type\":\"ListItem\",\"position\":3,\"name\":\"SANTONI &#8211; Ceintuur su\u00e9de brown (40517)\"}]},{\"@type\":\"WebSite\",\"@id\":\"https:\/\/www.voustenshoes.com\/nl\/#website\",\"url\":\"https:\/\/www.voustenshoes.com\/nl\/\",\"name\":\"Vousten Shoes\",\"description\":\"\",\"potentialAction\":[{\"@type\":\"SearchAction\",\"target\":{\"@type\":\"EntryPoint\",\"urlTemplate\":\"https:\/\/www.voustenshoes.com\/nl\/?s={search_term_string}\"},\"query-input\":{\"@type\":\"PropertyValueSpecification\",\"valueRequired\":true,\"valueName\":\"search_term_string\"}}],\"inLanguage\":\"de-DE\"}]}<\/script>\n<!-- \/ Yoast SEO plugin. -->","yoast_head_json":{"title":"SANTONI - Ceintuur su\u00e9de brown (40517) - Vousten Shoes","robots":{"index":"index","follow":"follow","max-snippet":"max-snippet:-1","max-image-preview":"max-image-preview:large","max-video-preview":"max-video-preview:-1"},"canonical":"https:\/\/www.voustenshoes.com\/de\/santoni-ceintuur-suede-brown-40517-2\/","og_locale":"de_DE","og_type":"article","og_title":"SANTONI - Ceintuur su\u00e9de brown (40517) - Vousten Shoes","og_description":"Santoni G\u00fcrtel aus Wildleder in mittelbrauner Farbe Handgefertigt in Italien. 3,5 cm breit. Die Standardl\u00e4nge betr\u00e4gt 110 cm. Einfaches Einstellen der L\u00e4nge mit Hilfe einer Schraube. Artikel Nummer VS003B9IH2MOT50 Wir machen den G\u00fcrtel gerne f\u00fcr Sie k\u00fcrzer, wir setzen uns mit Ihnen in Verbindung (ein gek\u00fcrzter G\u00fcrtel kann jedoch nicht zur\u00fcckgegeben werden).","og_url":"https:\/\/www.voustenshoes.com\/de\/santoni-ceintuur-suede-brown-40517-2\/","og_site_name":"Vousten Shoes","article_modified_time":"2026-04-05T23:51:04+00:00","og_image":[{"width":1381,"height":1381,"url":"https:\/\/www.voustenshoes.com\/wp-content\/uploads\/2023\/06\/Ceintuur-40517.png","type":"image\/png"}],"twitter_card":"summary_large_image","schema":{"@context":"https:\/\/schema.org","@graph":[{"@type":"WebPage","@id":"https:\/\/www.voustenshoes.com\/de\/santoni-ceintuur-suede-brown-40517-2\/","url":"https:\/\/www.voustenshoes.com\/de\/santoni-ceintuur-suede-brown-40517-2\/","name":"SANTONI - Ceintuur su\u00e9de brown (40517) - Vousten Shoes","isPartOf":{"@id":"https:\/\/www.voustenshoes.com\/nl\/#website"},"primaryImageOfPage":{"@id":"https:\/\/www.voustenshoes.com\/de\/santoni-ceintuur-suede-brown-40517-2\/#primaryimage"},"image":{"@id":"https:\/\/www.voustenshoes.com\/de\/santoni-ceintuur-suede-brown-40517-2\/#primaryimage"},"thumbnailUrl":"https:\/\/www.voustenshoes.com\/wp-content\/uploads\/2023\/06\/Ceintuur-40517.png","datePublished":"2024-12-23T18:48:13+00:00","dateModified":"2026-04-05T23:51:04+00:00","breadcrumb":{"@id":"https:\/\/www.voustenshoes.com\/de\/santoni-ceintuur-suede-brown-40517-2\/#breadcrumb"},"inLanguage":"de-DE","potentialAction":[{"@type":"ReadAction","target":["https:\/\/www.voustenshoes.com\/de\/santoni-ceintuur-suede-brown-40517-2\/"]}]},{"@type":"ImageObject","inLanguage":"de-DE","@id":"https:\/\/www.voustenshoes.com\/de\/santoni-ceintuur-suede-brown-40517-2\/#primaryimage","url":"https:\/\/www.voustenshoes.com\/wp-content\/uploads\/2023\/06\/Ceintuur-40517.png","contentUrl":"https:\/\/www.voustenshoes.com\/wp-content\/uploads\/2023\/06\/Ceintuur-40517.png","width":1381,"height":1381},{"@type":"BreadcrumbList","@id":"https:\/\/www.voustenshoes.com\/de\/santoni-ceintuur-suede-brown-40517-2\/#breadcrumb","itemListElement":[{"@type":"ListItem","position":1,"name":"Home","item":"https:\/\/www.voustenshoes.com\/de\/"},{"@type":"ListItem","position":2,"name":"Shop","item":"https:\/\/www.voustenshoes.com\/de\/shop\/"},{"@type":"ListItem","position":3,"name":"SANTONI &#8211; Ceintuur su\u00e9de brown (40517)"}]},{"@type":"WebSite","@id":"https:\/\/www.voustenshoes.com\/nl\/#website","url":"https:\/\/www.voustenshoes.com\/nl\/","name":"Vousten Shoes","description":"","potentialAction":[{"@type":"SearchAction","target":{"@type":"EntryPoint","urlTemplate":"https:\/\/www.voustenshoes.com\/nl\/?s={search_term_string}"},"query-input":{"@type":"PropertyValueSpecification","valueRequired":true,"valueName":"search_term_string"}}],"inLanguage":"de-DE"}]}},"_links":{"self":[{"href":"https:\/\/www.voustenshoes.com\/de\/wp-json\/wp\/v2\/product\/212345","targetHints":{"allow":["GET"]}}],"collection":[{"href":"https:\/\/www.voustenshoes.com\/de\/wp-json\/wp\/v2\/product"}],"about":[{"href":"https:\/\/www.voustenshoes.com\/de\/wp-json\/wp\/v2\/types\/product"}],"replies":[{"embeddable":true,"href":"https:\/\/www.voustenshoes.com\/de\/wp-json\/wp\/v2\/comments?post=212345"}],"wp:featuredmedia":[{"embeddable":true,"href":"https:\/\/www.voustenshoes.com\/de\/wp-json\/wp\/v2\/media\/212337"}],"wp:attachment":[{"href":"https:\/\/www.voustenshoes.com\/de\/wp-json\/wp\/v2\/media?parent=212345"}],"wp:term":[{"taxonomy":"product_cat","embeddable":true,"href":"https:\/\/www.voustenshoes.com\/de\/wp-json\/wp\/v2\/product_cat?post=212345"},{"taxonomy":"product_tag","embeddable":true,"href":"https:\/\/www.voustenshoes.com\/de\/wp-json\/wp\/v2\/product_tag?post=212345"}],"curies":[{"name":"wp","href":"https:\/\/api.w.org\/{rel}","templated":true}]}}