{"id":214429,"date":"2025-02-21T18:48:23","date_gmt":"2025-02-21T17:48:24","guid":{"rendered":"https:\/\/www.voustenshoes.com\/santoni-juma-40740-2\/"},"modified":"2026-02-05T11:26:00","modified_gmt":"2026-02-05T10:26:00","slug":"santoni-juma-40740-2","status":"publish","type":"product","link":"https:\/\/www.voustenshoes.com\/de\/santoni-juma-40740-2\/","title":{"rendered":"SANTONI &#8211; Juma (40740)"},"content":{"rendered":"<p>C&#8217;est une chaussure \u00e0 la cheville en daim et sans lacets.<\/p>\n<ul>\n<li>Largeur : standard \u00e0 spacieuse<br \/>\nFermeture : aucune<br \/>\nD\u00e9tail : coutures d\u00e9coratives<br \/>\nExt\u00e9rieur : daim<br \/>\nInt\u00e9rieur : cuir<br \/>\nConstruction de la semelle : caoutchouc<br \/>\nTaille standard<br \/>\nCes chaussures Santoni sont fabriqu\u00e9es \u00e0 la main en Italie<\/li>\n<\/ul>\n<p>Livr\u00e9 dans l&#8217;emballage d&#8217;origine Santoni avec sacs \u00e0 poussi\u00e8re assortis.<\/p>\n","protected":false},"excerpt":{"rendered":"<p>C&#8217;est une chaussure \u00e0 la cheville en daim et sans lacets. Largeur : standard \u00e0 spacieuse Fermeture : aucune D\u00e9tail : coutures d\u00e9coratives Ext\u00e9rieur : daim Int\u00e9rieur : cuir Construction de la semelle : caoutchouc Taille standard Ces chaussures Santoni sont fabriqu\u00e9es \u00e0 la main en Italie Livr\u00e9 dans l&#8217;emballage d&#8217;origine Santoni avec sacs \u00e0 [&#8230;]\n","protected":false},"featured_media":214365,"comment_status":"open","ping_status":"closed","template":"","meta":{"rank_math_lock_modified_date":false},"product_cat":[1174,1182,1132,1139,1168],"product_tag":[],"class_list":{"0":"post-214429","1":"product","2":"type-product","3":"status-publish","4":"has-post-thumbnail","6":"product_cat-schoenen-nl-de","7":"product_cat-santoni-nl-de","8":"product_cat-herenschoenen-nl-de","9":"product_cat-heren-nl-de","10":"product_cat-boots-nl-de","12":"first","13":"instock","14":"taxable","15":"shipping-taxable","16":"purchasable","17":"product-type-variable"},"acf":[],"yoast_head":"<!-- This site is optimized with the Yoast SEO plugin v23.9 - https:\/\/yoast.com\/wordpress\/plugins\/seo\/ -->\n<title>SANTONI - Juma (40740) - Vousten Shoes<\/title>\n<meta name=\"robots\" content=\"index, follow, max-snippet:-1, max-image-preview:large, max-video-preview:-1\" \/>\n<link rel=\"canonical\" href=\"https:\/\/www.voustenshoes.com\/de\/santoni-juma-40740-2\/\" \/>\n<meta property=\"og:locale\" content=\"de_DE\" \/>\n<meta property=\"og:type\" content=\"article\" \/>\n<meta property=\"og:title\" content=\"SANTONI - Juma (40740) - Vousten Shoes\" \/>\n<meta property=\"og:description\" content=\"C&#8217;est une chaussure \u00e0 la cheville en daim et sans lacets. Largeur : standard \u00e0 spacieuse Fermeture : aucune D\u00e9tail : coutures d\u00e9coratives Ext\u00e9rieur : daim Int\u00e9rieur : cuir Construction de la semelle : caoutchouc Taille standard Ces chaussures Santoni sont fabriqu\u00e9es \u00e0 la main en Italie Livr\u00e9 dans l&#8217;emballage d&#8217;origine Santoni avec sacs \u00e0 [...]\" \/>\n<meta property=\"og:url\" content=\"https:\/\/www.voustenshoes.com\/de\/santoni-juma-40740-2\/\" \/>\n<meta property=\"og:site_name\" content=\"Vousten Shoes\" \/>\n<meta property=\"article:modified_time\" content=\"2026-02-05T10:26:00+00:00\" \/>\n<meta property=\"og:image\" content=\"https:\/\/www.voustenshoes.com\/wp-content\/uploads\/2023\/06\/Santoni-Juma-40740.png\" \/>\n\t<meta property=\"og:image:width\" content=\"1365\" \/>\n\t<meta property=\"og:image:height\" content=\"1365\" \/>\n\t<meta property=\"og:image:type\" content=\"image\/png\" \/>\n<meta name=\"twitter:card\" content=\"summary_large_image\" \/>\n<script type=\"application\/ld+json\" class=\"yoast-schema-graph\">{\"@context\":\"https:\/\/schema.org\",\"@graph\":[{\"@type\":\"WebPage\",\"@id\":\"https:\/\/www.voustenshoes.com\/de\/santoni-juma-40740-2\/\",\"url\":\"https:\/\/www.voustenshoes.com\/de\/santoni-juma-40740-2\/\",\"name\":\"SANTONI - Juma (40740) - Vousten Shoes\",\"isPartOf\":{\"@id\":\"https:\/\/www.voustenshoes.com\/nl\/#website\"},\"primaryImageOfPage\":{\"@id\":\"https:\/\/www.voustenshoes.com\/de\/santoni-juma-40740-2\/#primaryimage\"},\"image\":{\"@id\":\"https:\/\/www.voustenshoes.com\/de\/santoni-juma-40740-2\/#primaryimage\"},\"thumbnailUrl\":\"https:\/\/www.voustenshoes.com\/wp-content\/uploads\/2023\/06\/Santoni-Juma-40740.png\",\"datePublished\":\"2025-02-21T17:48:24+00:00\",\"dateModified\":\"2026-02-05T10:26:00+00:00\",\"breadcrumb\":{\"@id\":\"https:\/\/www.voustenshoes.com\/de\/santoni-juma-40740-2\/#breadcrumb\"},\"inLanguage\":\"de-DE\",\"potentialAction\":[{\"@type\":\"ReadAction\",\"target\":[\"https:\/\/www.voustenshoes.com\/de\/santoni-juma-40740-2\/\"]}]},{\"@type\":\"ImageObject\",\"inLanguage\":\"de-DE\",\"@id\":\"https:\/\/www.voustenshoes.com\/de\/santoni-juma-40740-2\/#primaryimage\",\"url\":\"https:\/\/www.voustenshoes.com\/wp-content\/uploads\/2023\/06\/Santoni-Juma-40740.png\",\"contentUrl\":\"https:\/\/www.voustenshoes.com\/wp-content\/uploads\/2023\/06\/Santoni-Juma-40740.png\",\"width\":1365,\"height\":1365},{\"@type\":\"BreadcrumbList\",\"@id\":\"https:\/\/www.voustenshoes.com\/de\/santoni-juma-40740-2\/#breadcrumb\",\"itemListElement\":[{\"@type\":\"ListItem\",\"position\":1,\"name\":\"Home\",\"item\":\"https:\/\/www.voustenshoes.com\/de\/\"},{\"@type\":\"ListItem\",\"position\":2,\"name\":\"Shop\",\"item\":\"https:\/\/www.voustenshoes.com\/de\/shop\/\"},{\"@type\":\"ListItem\",\"position\":3,\"name\":\"SANTONI &#8211; Juma (40740)\"}]},{\"@type\":\"WebSite\",\"@id\":\"https:\/\/www.voustenshoes.com\/nl\/#website\",\"url\":\"https:\/\/www.voustenshoes.com\/nl\/\",\"name\":\"Vousten Shoes\",\"description\":\"\",\"potentialAction\":[{\"@type\":\"SearchAction\",\"target\":{\"@type\":\"EntryPoint\",\"urlTemplate\":\"https:\/\/www.voustenshoes.com\/nl\/?s={search_term_string}\"},\"query-input\":{\"@type\":\"PropertyValueSpecification\",\"valueRequired\":true,\"valueName\":\"search_term_string\"}}],\"inLanguage\":\"de-DE\"}]}<\/script>\n<!-- \/ Yoast SEO plugin. -->","yoast_head_json":{"title":"SANTONI - Juma (40740) - Vousten Shoes","robots":{"index":"index","follow":"follow","max-snippet":"max-snippet:-1","max-image-preview":"max-image-preview:large","max-video-preview":"max-video-preview:-1"},"canonical":"https:\/\/www.voustenshoes.com\/de\/santoni-juma-40740-2\/","og_locale":"de_DE","og_type":"article","og_title":"SANTONI - Juma (40740) - Vousten Shoes","og_description":"C&#8217;est une chaussure \u00e0 la cheville en daim et sans lacets. Largeur : standard \u00e0 spacieuse Fermeture : aucune D\u00e9tail : coutures d\u00e9coratives Ext\u00e9rieur : daim Int\u00e9rieur : cuir Construction de la semelle : caoutchouc Taille standard Ces chaussures Santoni sont fabriqu\u00e9es \u00e0 la main en Italie Livr\u00e9 dans l&#8217;emballage d&#8217;origine Santoni avec sacs \u00e0 [...]","og_url":"https:\/\/www.voustenshoes.com\/de\/santoni-juma-40740-2\/","og_site_name":"Vousten Shoes","article_modified_time":"2026-02-05T10:26:00+00:00","og_image":[{"width":1365,"height":1365,"url":"https:\/\/www.voustenshoes.com\/wp-content\/uploads\/2023\/06\/Santoni-Juma-40740.png","type":"image\/png"}],"twitter_card":"summary_large_image","schema":{"@context":"https:\/\/schema.org","@graph":[{"@type":"WebPage","@id":"https:\/\/www.voustenshoes.com\/de\/santoni-juma-40740-2\/","url":"https:\/\/www.voustenshoes.com\/de\/santoni-juma-40740-2\/","name":"SANTONI - Juma (40740) - Vousten Shoes","isPartOf":{"@id":"https:\/\/www.voustenshoes.com\/nl\/#website"},"primaryImageOfPage":{"@id":"https:\/\/www.voustenshoes.com\/de\/santoni-juma-40740-2\/#primaryimage"},"image":{"@id":"https:\/\/www.voustenshoes.com\/de\/santoni-juma-40740-2\/#primaryimage"},"thumbnailUrl":"https:\/\/www.voustenshoes.com\/wp-content\/uploads\/2023\/06\/Santoni-Juma-40740.png","datePublished":"2025-02-21T17:48:24+00:00","dateModified":"2026-02-05T10:26:00+00:00","breadcrumb":{"@id":"https:\/\/www.voustenshoes.com\/de\/santoni-juma-40740-2\/#breadcrumb"},"inLanguage":"de-DE","potentialAction":[{"@type":"ReadAction","target":["https:\/\/www.voustenshoes.com\/de\/santoni-juma-40740-2\/"]}]},{"@type":"ImageObject","inLanguage":"de-DE","@id":"https:\/\/www.voustenshoes.com\/de\/santoni-juma-40740-2\/#primaryimage","url":"https:\/\/www.voustenshoes.com\/wp-content\/uploads\/2023\/06\/Santoni-Juma-40740.png","contentUrl":"https:\/\/www.voustenshoes.com\/wp-content\/uploads\/2023\/06\/Santoni-Juma-40740.png","width":1365,"height":1365},{"@type":"BreadcrumbList","@id":"https:\/\/www.voustenshoes.com\/de\/santoni-juma-40740-2\/#breadcrumb","itemListElement":[{"@type":"ListItem","position":1,"name":"Home","item":"https:\/\/www.voustenshoes.com\/de\/"},{"@type":"ListItem","position":2,"name":"Shop","item":"https:\/\/www.voustenshoes.com\/de\/shop\/"},{"@type":"ListItem","position":3,"name":"SANTONI &#8211; Juma (40740)"}]},{"@type":"WebSite","@id":"https:\/\/www.voustenshoes.com\/nl\/#website","url":"https:\/\/www.voustenshoes.com\/nl\/","name":"Vousten Shoes","description":"","potentialAction":[{"@type":"SearchAction","target":{"@type":"EntryPoint","urlTemplate":"https:\/\/www.voustenshoes.com\/nl\/?s={search_term_string}"},"query-input":{"@type":"PropertyValueSpecification","valueRequired":true,"valueName":"search_term_string"}}],"inLanguage":"de-DE"}]}},"_links":{"self":[{"href":"https:\/\/www.voustenshoes.com\/de\/wp-json\/wp\/v2\/product\/214429","targetHints":{"allow":["GET"]}}],"collection":[{"href":"https:\/\/www.voustenshoes.com\/de\/wp-json\/wp\/v2\/product"}],"about":[{"href":"https:\/\/www.voustenshoes.com\/de\/wp-json\/wp\/v2\/types\/product"}],"replies":[{"embeddable":true,"href":"https:\/\/www.voustenshoes.com\/de\/wp-json\/wp\/v2\/comments?post=214429"}],"wp:featuredmedia":[{"embeddable":true,"href":"https:\/\/www.voustenshoes.com\/de\/wp-json\/wp\/v2\/media\/214365"}],"wp:attachment":[{"href":"https:\/\/www.voustenshoes.com\/de\/wp-json\/wp\/v2\/media?parent=214429"}],"wp:term":[{"taxonomy":"product_cat","embeddable":true,"href":"https:\/\/www.voustenshoes.com\/de\/wp-json\/wp\/v2\/product_cat?post=214429"},{"taxonomy":"product_tag","embeddable":true,"href":"https:\/\/www.voustenshoes.com\/de\/wp-json\/wp\/v2\/product_tag?post=214429"}],"curies":[{"name":"wp","href":"https:\/\/api.w.org\/{rel}","templated":true}]}}