{"id":215726,"date":"2025-03-18T18:08:34","date_gmt":"2025-03-18T17:08:34","guid":{"rendered":"https:\/\/www.voustenshoes.com\/santoni-dalmar-lackleder-loafer-40748\/"},"modified":"2026-04-07T02:00:08","modified_gmt":"2026-04-07T00:00:08","slug":"santoni-dalmar-lackleder-loafer-40748","status":"publish","type":"product","link":"https:\/\/www.voustenshoes.com\/de\/santoni-dalmar-lackleder-loafer-40748\/","title":{"rendered":"SANTONI &#8211; Dalmar Lackleder-Loafer (40748)"},"content":{"rendered":"<div>Verstr\u00f6men Sie exklusiven Charme und formale Eleganz in diesem raffinierten Loafer f\u00fcr Herren aus schwarzem Lackleder. Dieser Loafer hat eine schlanke, spitz zulaufende Silhouette mit farblich abgestimmten Ripsbandabschl\u00fcssen. Und das Ergebnis? Ein umwerfender Abendschuh f\u00fcr die wichtigsten Anl\u00e4sse im Leben.<\/div>\n<div>Perfekt mit einem Smoking.<\/div>\n<ul>\n<li>Weite: Standard bis ger\u00e4umig<\/li>\n<li>Verschluss: kein Verschluss<\/li>\n<li>Au\u00dfenseite: Lackleder<\/li>\n<li>Innen: Leder<\/li>\n<li>Sohlenkonstruktion: Leder<\/li>\n<li>Standard-Gr\u00f6\u00dfe<\/li>\n<li>Diese Santoni Schuhe werden in Italien handgefertigt<\/li>\n<li>Geliefert in der Originalverpackung von Santoni mit passenden Staubbeuteln<\/li>\n<li>Hergestellt in Italien<\/li>\n<\/ul>\n","protected":false},"excerpt":{"rendered":"<p>Verstr\u00f6men Sie exklusiven Charme und formale Eleganz in diesem raffinierten Loafer f\u00fcr Herren aus schwarzem Lackleder. Dieser Loafer hat eine schlanke, spitz zulaufende Silhouette mit farblich abgestimmten Ripsbandabschl\u00fcssen. Und das Ergebnis? Ein umwerfender Abendschuh f\u00fcr die wichtigsten Anl\u00e4sse im Leben. Perfekt mit einem Smoking. Weite: Standard bis ger\u00e4umig Verschluss: kein Verschluss Au\u00dfenseite: Lackleder Innen: Leder [&#8230;]\n","protected":false},"featured_media":215662,"comment_status":"open","ping_status":"closed","template":"","meta":{"rank_math_lock_modified_date":false},"product_cat":[1132,1139,1174,1182,1233],"product_tag":[],"class_list":{"0":"post-215726","1":"product","2":"type-product","3":"status-publish","4":"has-post-thumbnail","6":"product_cat-herenschoenen-nl-de","7":"product_cat-heren-nl-de","8":"product_cat-schoenen-nl-de","9":"product_cat-santoni-nl-de","10":"product_cat-loafers-nl-de","12":"first","13":"instock","14":"taxable","15":"shipping-taxable","16":"purchasable","17":"product-type-variable"},"acf":[],"yoast_head":"<!-- This site is optimized with the Yoast SEO plugin v23.9 - https:\/\/yoast.com\/wordpress\/plugins\/seo\/ -->\n<title>SANTONI - Dalmar Lackleder-Loafer (40748) - Vousten Shoes<\/title>\n<meta name=\"robots\" content=\"index, follow, max-snippet:-1, max-image-preview:large, max-video-preview:-1\" \/>\n<link rel=\"canonical\" href=\"https:\/\/www.voustenshoes.com\/de\/santoni-dalmar-lackleder-loafer-40748\/\" \/>\n<meta property=\"og:locale\" content=\"de_DE\" \/>\n<meta property=\"og:type\" content=\"article\" \/>\n<meta property=\"og:title\" content=\"SANTONI - Dalmar Lackleder-Loafer (40748) - Vousten Shoes\" \/>\n<meta property=\"og:description\" content=\"Verstr\u00f6men Sie exklusiven Charme und formale Eleganz in diesem raffinierten Loafer f\u00fcr Herren aus schwarzem Lackleder. Dieser Loafer hat eine schlanke, spitz zulaufende Silhouette mit farblich abgestimmten Ripsbandabschl\u00fcssen. Und das Ergebnis? Ein umwerfender Abendschuh f\u00fcr die wichtigsten Anl\u00e4sse im Leben. Perfekt mit einem Smoking. Weite: Standard bis ger\u00e4umig Verschluss: kein Verschluss Au\u00dfenseite: Lackleder Innen: Leder [...]\" \/>\n<meta property=\"og:url\" content=\"https:\/\/www.voustenshoes.com\/de\/santoni-dalmar-lackleder-loafer-40748\/\" \/>\n<meta property=\"og:site_name\" content=\"Vousten Shoes\" \/>\n<meta property=\"article:modified_time\" content=\"2026-04-07T00:00:08+00:00\" \/>\n<meta property=\"og:image\" content=\"https:\/\/www.voustenshoes.com\/wp-content\/uploads\/2023\/06\/Santoni-Dalmar-40748.png\" \/>\n\t<meta property=\"og:image:width\" content=\"1920\" \/>\n\t<meta property=\"og:image:height\" content=\"1920\" \/>\n\t<meta property=\"og:image:type\" content=\"image\/png\" \/>\n<meta name=\"twitter:card\" content=\"summary_large_image\" \/>\n<script type=\"application\/ld+json\" class=\"yoast-schema-graph\">{\"@context\":\"https:\/\/schema.org\",\"@graph\":[{\"@type\":\"WebPage\",\"@id\":\"https:\/\/www.voustenshoes.com\/de\/santoni-dalmar-lackleder-loafer-40748\/\",\"url\":\"https:\/\/www.voustenshoes.com\/de\/santoni-dalmar-lackleder-loafer-40748\/\",\"name\":\"SANTONI - Dalmar Lackleder-Loafer (40748) - Vousten Shoes\",\"isPartOf\":{\"@id\":\"https:\/\/www.voustenshoes.com\/nl\/#website\"},\"primaryImageOfPage\":{\"@id\":\"https:\/\/www.voustenshoes.com\/de\/santoni-dalmar-lackleder-loafer-40748\/#primaryimage\"},\"image\":{\"@id\":\"https:\/\/www.voustenshoes.com\/de\/santoni-dalmar-lackleder-loafer-40748\/#primaryimage\"},\"thumbnailUrl\":\"https:\/\/www.voustenshoes.com\/wp-content\/uploads\/2023\/06\/Santoni-Dalmar-40748.png\",\"datePublished\":\"2025-03-18T17:08:34+00:00\",\"dateModified\":\"2026-04-07T00:00:08+00:00\",\"breadcrumb\":{\"@id\":\"https:\/\/www.voustenshoes.com\/de\/santoni-dalmar-lackleder-loafer-40748\/#breadcrumb\"},\"inLanguage\":\"de-DE\",\"potentialAction\":[{\"@type\":\"ReadAction\",\"target\":[\"https:\/\/www.voustenshoes.com\/de\/santoni-dalmar-lackleder-loafer-40748\/\"]}]},{\"@type\":\"ImageObject\",\"inLanguage\":\"de-DE\",\"@id\":\"https:\/\/www.voustenshoes.com\/de\/santoni-dalmar-lackleder-loafer-40748\/#primaryimage\",\"url\":\"https:\/\/www.voustenshoes.com\/wp-content\/uploads\/2023\/06\/Santoni-Dalmar-40748.png\",\"contentUrl\":\"https:\/\/www.voustenshoes.com\/wp-content\/uploads\/2023\/06\/Santoni-Dalmar-40748.png\",\"width\":1920,\"height\":1920},{\"@type\":\"BreadcrumbList\",\"@id\":\"https:\/\/www.voustenshoes.com\/de\/santoni-dalmar-lackleder-loafer-40748\/#breadcrumb\",\"itemListElement\":[{\"@type\":\"ListItem\",\"position\":1,\"name\":\"Home\",\"item\":\"https:\/\/www.voustenshoes.com\/de\/\"},{\"@type\":\"ListItem\",\"position\":2,\"name\":\"Shop\",\"item\":\"https:\/\/www.voustenshoes.com\/de\/shop\/\"},{\"@type\":\"ListItem\",\"position\":3,\"name\":\"SANTONI &#8211; Dalmar Lackleder-Loafer (40748)\"}]},{\"@type\":\"WebSite\",\"@id\":\"https:\/\/www.voustenshoes.com\/nl\/#website\",\"url\":\"https:\/\/www.voustenshoes.com\/nl\/\",\"name\":\"Vousten Shoes\",\"description\":\"\",\"potentialAction\":[{\"@type\":\"SearchAction\",\"target\":{\"@type\":\"EntryPoint\",\"urlTemplate\":\"https:\/\/www.voustenshoes.com\/nl\/?s={search_term_string}\"},\"query-input\":{\"@type\":\"PropertyValueSpecification\",\"valueRequired\":true,\"valueName\":\"search_term_string\"}}],\"inLanguage\":\"de-DE\"}]}<\/script>\n<!-- \/ Yoast SEO plugin. -->","yoast_head_json":{"title":"SANTONI - Dalmar Lackleder-Loafer (40748) - Vousten Shoes","robots":{"index":"index","follow":"follow","max-snippet":"max-snippet:-1","max-image-preview":"max-image-preview:large","max-video-preview":"max-video-preview:-1"},"canonical":"https:\/\/www.voustenshoes.com\/de\/santoni-dalmar-lackleder-loafer-40748\/","og_locale":"de_DE","og_type":"article","og_title":"SANTONI - Dalmar Lackleder-Loafer (40748) - Vousten Shoes","og_description":"Verstr\u00f6men Sie exklusiven Charme und formale Eleganz in diesem raffinierten Loafer f\u00fcr Herren aus schwarzem Lackleder. Dieser Loafer hat eine schlanke, spitz zulaufende Silhouette mit farblich abgestimmten Ripsbandabschl\u00fcssen. Und das Ergebnis? Ein umwerfender Abendschuh f\u00fcr die wichtigsten Anl\u00e4sse im Leben. Perfekt mit einem Smoking. Weite: Standard bis ger\u00e4umig Verschluss: kein Verschluss Au\u00dfenseite: Lackleder Innen: Leder [...]","og_url":"https:\/\/www.voustenshoes.com\/de\/santoni-dalmar-lackleder-loafer-40748\/","og_site_name":"Vousten Shoes","article_modified_time":"2026-04-07T00:00:08+00:00","og_image":[{"width":1920,"height":1920,"url":"https:\/\/www.voustenshoes.com\/wp-content\/uploads\/2023\/06\/Santoni-Dalmar-40748.png","type":"image\/png"}],"twitter_card":"summary_large_image","schema":{"@context":"https:\/\/schema.org","@graph":[{"@type":"WebPage","@id":"https:\/\/www.voustenshoes.com\/de\/santoni-dalmar-lackleder-loafer-40748\/","url":"https:\/\/www.voustenshoes.com\/de\/santoni-dalmar-lackleder-loafer-40748\/","name":"SANTONI - Dalmar Lackleder-Loafer (40748) - Vousten Shoes","isPartOf":{"@id":"https:\/\/www.voustenshoes.com\/nl\/#website"},"primaryImageOfPage":{"@id":"https:\/\/www.voustenshoes.com\/de\/santoni-dalmar-lackleder-loafer-40748\/#primaryimage"},"image":{"@id":"https:\/\/www.voustenshoes.com\/de\/santoni-dalmar-lackleder-loafer-40748\/#primaryimage"},"thumbnailUrl":"https:\/\/www.voustenshoes.com\/wp-content\/uploads\/2023\/06\/Santoni-Dalmar-40748.png","datePublished":"2025-03-18T17:08:34+00:00","dateModified":"2026-04-07T00:00:08+00:00","breadcrumb":{"@id":"https:\/\/www.voustenshoes.com\/de\/santoni-dalmar-lackleder-loafer-40748\/#breadcrumb"},"inLanguage":"de-DE","potentialAction":[{"@type":"ReadAction","target":["https:\/\/www.voustenshoes.com\/de\/santoni-dalmar-lackleder-loafer-40748\/"]}]},{"@type":"ImageObject","inLanguage":"de-DE","@id":"https:\/\/www.voustenshoes.com\/de\/santoni-dalmar-lackleder-loafer-40748\/#primaryimage","url":"https:\/\/www.voustenshoes.com\/wp-content\/uploads\/2023\/06\/Santoni-Dalmar-40748.png","contentUrl":"https:\/\/www.voustenshoes.com\/wp-content\/uploads\/2023\/06\/Santoni-Dalmar-40748.png","width":1920,"height":1920},{"@type":"BreadcrumbList","@id":"https:\/\/www.voustenshoes.com\/de\/santoni-dalmar-lackleder-loafer-40748\/#breadcrumb","itemListElement":[{"@type":"ListItem","position":1,"name":"Home","item":"https:\/\/www.voustenshoes.com\/de\/"},{"@type":"ListItem","position":2,"name":"Shop","item":"https:\/\/www.voustenshoes.com\/de\/shop\/"},{"@type":"ListItem","position":3,"name":"SANTONI &#8211; Dalmar Lackleder-Loafer (40748)"}]},{"@type":"WebSite","@id":"https:\/\/www.voustenshoes.com\/nl\/#website","url":"https:\/\/www.voustenshoes.com\/nl\/","name":"Vousten Shoes","description":"","potentialAction":[{"@type":"SearchAction","target":{"@type":"EntryPoint","urlTemplate":"https:\/\/www.voustenshoes.com\/nl\/?s={search_term_string}"},"query-input":{"@type":"PropertyValueSpecification","valueRequired":true,"valueName":"search_term_string"}}],"inLanguage":"de-DE"}]}},"_links":{"self":[{"href":"https:\/\/www.voustenshoes.com\/de\/wp-json\/wp\/v2\/product\/215726","targetHints":{"allow":["GET"]}}],"collection":[{"href":"https:\/\/www.voustenshoes.com\/de\/wp-json\/wp\/v2\/product"}],"about":[{"href":"https:\/\/www.voustenshoes.com\/de\/wp-json\/wp\/v2\/types\/product"}],"replies":[{"embeddable":true,"href":"https:\/\/www.voustenshoes.com\/de\/wp-json\/wp\/v2\/comments?post=215726"}],"wp:featuredmedia":[{"embeddable":true,"href":"https:\/\/www.voustenshoes.com\/de\/wp-json\/wp\/v2\/media\/215662"}],"wp:attachment":[{"href":"https:\/\/www.voustenshoes.com\/de\/wp-json\/wp\/v2\/media?parent=215726"}],"wp:term":[{"taxonomy":"product_cat","embeddable":true,"href":"https:\/\/www.voustenshoes.com\/de\/wp-json\/wp\/v2\/product_cat?post=215726"},{"taxonomy":"product_tag","embeddable":true,"href":"https:\/\/www.voustenshoes.com\/de\/wp-json\/wp\/v2\/product_tag?post=215726"}],"curies":[{"name":"wp","href":"https:\/\/api.w.org\/{rel}","templated":true}]}}