{"id":217744,"date":"2025-04-10T15:48:35","date_gmt":"2025-04-10T13:48:35","guid":{"rendered":"https:\/\/www.voustenshoes.com\/santoni-daren-40747-2\/"},"modified":"2026-02-17T01:51:19","modified_gmt":"2026-02-17T00:51:19","slug":"santoni-daren-40747-2","status":"publish","type":"product","link":"https:\/\/www.voustenshoes.com\/de\/santoni-daren-40747-2\/","title":{"rendered":"SANTONI &#8211; Daren (40747)"},"content":{"rendered":"<div>Santoni ist stets bestrebt, exklusive Modelle zu entwerfen, die Eleganz und Komfort in jedem Detail vereinen. Dieser Slipper ist da keine Ausnahme. Er besticht durch seine schlanke, leichte Silhouette mit perforiertem Obermaterial aus Leder und einer Gummisohle, die einen bequemen, unterst\u00fctzenden Gang erm\u00f6glicht. Die zarten orangefarbenen N\u00e4hte sind eine Anspielung auf unsere charakteristischen Stilcodes.<\/div>\n<div><\/div>\n<div>Ist ein Slipper aus perforiertem Leder.<\/div>\n<ul>\n<li>Weite: Standard bis ger\u00e4umig<\/li>\n<li>Verschluss: kein Verschluss<\/li>\n<li>Details: Perforation und Ziern\u00e4hte<\/li>\n<li>Au\u00dfenseite: Leder<\/li>\n<li>Innen: Leder<\/li>\n<li>Sohlenkonstruktion: Gummi<\/li>\n<li>Standardgr\u00f6\u00dfe<\/li>\n<li>Passender G\u00fcrtel m\u00f6glich<\/li>\n<li>Diese Santoni Schuhe werden in Italien handgefertigt<\/li>\n<\/ul>\n<div>Sie werden in der Originalverpackung von Santoni mit passenden Staubbeuteln geliefert.<\/div>\n","protected":false},"excerpt":{"rendered":"<p>Santoni ist stets bestrebt, exklusive Modelle zu entwerfen, die Eleganz und Komfort in jedem Detail vereinen. Dieser Slipper ist da keine Ausnahme. Er besticht durch seine schlanke, leichte Silhouette mit perforiertem Obermaterial aus Leder und einer Gummisohle, die einen bequemen, unterst\u00fctzenden Gang erm\u00f6glicht. Die zarten orangefarbenen N\u00e4hte sind eine Anspielung auf unsere charakteristischen Stilcodes. Ist [&#8230;]\n","protected":false},"featured_media":217680,"comment_status":"open","ping_status":"closed","template":"","meta":{"rank_math_lock_modified_date":false},"product_cat":[1132,1139,1174,1182,1233],"product_tag":[],"class_list":{"0":"post-217744","1":"product","2":"type-product","3":"status-publish","4":"has-post-thumbnail","6":"product_cat-herenschoenen-nl-de","7":"product_cat-heren-nl-de","8":"product_cat-schoenen-nl-de","9":"product_cat-santoni-nl-de","10":"product_cat-loafers-nl-de","12":"first","13":"instock","14":"taxable","15":"shipping-taxable","16":"purchasable","17":"product-type-variable"},"acf":[],"yoast_head":"<!-- This site is optimized with the Yoast SEO plugin v23.9 - https:\/\/yoast.com\/wordpress\/plugins\/seo\/ -->\n<title>SANTONI - Daren (40747) - Vousten Shoes<\/title>\n<meta name=\"robots\" content=\"index, follow, max-snippet:-1, max-image-preview:large, max-video-preview:-1\" \/>\n<link rel=\"canonical\" href=\"https:\/\/www.voustenshoes.com\/de\/santoni-daren-40747-2\/\" \/>\n<meta property=\"og:locale\" content=\"de_DE\" \/>\n<meta property=\"og:type\" content=\"article\" \/>\n<meta property=\"og:title\" content=\"SANTONI - Daren (40747) - Vousten Shoes\" \/>\n<meta property=\"og:description\" content=\"Santoni ist stets bestrebt, exklusive Modelle zu entwerfen, die Eleganz und Komfort in jedem Detail vereinen. Dieser Slipper ist da keine Ausnahme. Er besticht durch seine schlanke, leichte Silhouette mit perforiertem Obermaterial aus Leder und einer Gummisohle, die einen bequemen, unterst\u00fctzenden Gang erm\u00f6glicht. Die zarten orangefarbenen N\u00e4hte sind eine Anspielung auf unsere charakteristischen Stilcodes. Ist [...]\" \/>\n<meta property=\"og:url\" content=\"https:\/\/www.voustenshoes.com\/de\/santoni-daren-40747-2\/\" \/>\n<meta property=\"og:site_name\" content=\"Vousten Shoes\" \/>\n<meta property=\"article:modified_time\" content=\"2026-02-17T00:51:19+00:00\" \/>\n<meta property=\"og:image\" content=\"https:\/\/www.voustenshoes.com\/wp-content\/uploads\/2023\/06\/Santoni-Daren-40747-1.png\" \/>\n\t<meta property=\"og:image:width\" content=\"1920\" \/>\n\t<meta property=\"og:image:height\" content=\"1920\" \/>\n\t<meta property=\"og:image:type\" content=\"image\/png\" \/>\n<meta name=\"twitter:card\" content=\"summary_large_image\" \/>\n<meta name=\"twitter:label1\" content=\"Est. reading time\" \/>\n\t<meta name=\"twitter:data1\" content=\"1 Minute\" \/>\n<script type=\"application\/ld+json\" class=\"yoast-schema-graph\">{\"@context\":\"https:\/\/schema.org\",\"@graph\":[{\"@type\":\"WebPage\",\"@id\":\"https:\/\/www.voustenshoes.com\/de\/santoni-daren-40747-2\/\",\"url\":\"https:\/\/www.voustenshoes.com\/de\/santoni-daren-40747-2\/\",\"name\":\"SANTONI - Daren (40747) - Vousten Shoes\",\"isPartOf\":{\"@id\":\"https:\/\/www.voustenshoes.com\/nl\/#website\"},\"primaryImageOfPage\":{\"@id\":\"https:\/\/www.voustenshoes.com\/de\/santoni-daren-40747-2\/#primaryimage\"},\"image\":{\"@id\":\"https:\/\/www.voustenshoes.com\/de\/santoni-daren-40747-2\/#primaryimage\"},\"thumbnailUrl\":\"https:\/\/www.voustenshoes.com\/wp-content\/uploads\/2023\/06\/Santoni-Daren-40747-1.png\",\"datePublished\":\"2025-04-10T13:48:35+00:00\",\"dateModified\":\"2026-02-17T00:51:19+00:00\",\"breadcrumb\":{\"@id\":\"https:\/\/www.voustenshoes.com\/de\/santoni-daren-40747-2\/#breadcrumb\"},\"inLanguage\":\"de-DE\",\"potentialAction\":[{\"@type\":\"ReadAction\",\"target\":[\"https:\/\/www.voustenshoes.com\/de\/santoni-daren-40747-2\/\"]}]},{\"@type\":\"ImageObject\",\"inLanguage\":\"de-DE\",\"@id\":\"https:\/\/www.voustenshoes.com\/de\/santoni-daren-40747-2\/#primaryimage\",\"url\":\"https:\/\/www.voustenshoes.com\/wp-content\/uploads\/2023\/06\/Santoni-Daren-40747-1.png\",\"contentUrl\":\"https:\/\/www.voustenshoes.com\/wp-content\/uploads\/2023\/06\/Santoni-Daren-40747-1.png\",\"width\":1920,\"height\":1920},{\"@type\":\"BreadcrumbList\",\"@id\":\"https:\/\/www.voustenshoes.com\/de\/santoni-daren-40747-2\/#breadcrumb\",\"itemListElement\":[{\"@type\":\"ListItem\",\"position\":1,\"name\":\"Home\",\"item\":\"https:\/\/www.voustenshoes.com\/de\/\"},{\"@type\":\"ListItem\",\"position\":2,\"name\":\"Shop\",\"item\":\"https:\/\/www.voustenshoes.com\/de\/shop\/\"},{\"@type\":\"ListItem\",\"position\":3,\"name\":\"SANTONI &#8211; Daren (40747)\"}]},{\"@type\":\"WebSite\",\"@id\":\"https:\/\/www.voustenshoes.com\/nl\/#website\",\"url\":\"https:\/\/www.voustenshoes.com\/nl\/\",\"name\":\"Vousten Shoes\",\"description\":\"\",\"potentialAction\":[{\"@type\":\"SearchAction\",\"target\":{\"@type\":\"EntryPoint\",\"urlTemplate\":\"https:\/\/www.voustenshoes.com\/nl\/?s={search_term_string}\"},\"query-input\":{\"@type\":\"PropertyValueSpecification\",\"valueRequired\":true,\"valueName\":\"search_term_string\"}}],\"inLanguage\":\"de-DE\"}]}<\/script>\n<!-- \/ Yoast SEO plugin. -->","yoast_head_json":{"title":"SANTONI - Daren (40747) - Vousten Shoes","robots":{"index":"index","follow":"follow","max-snippet":"max-snippet:-1","max-image-preview":"max-image-preview:large","max-video-preview":"max-video-preview:-1"},"canonical":"https:\/\/www.voustenshoes.com\/de\/santoni-daren-40747-2\/","og_locale":"de_DE","og_type":"article","og_title":"SANTONI - Daren (40747) - Vousten Shoes","og_description":"Santoni ist stets bestrebt, exklusive Modelle zu entwerfen, die Eleganz und Komfort in jedem Detail vereinen. Dieser Slipper ist da keine Ausnahme. Er besticht durch seine schlanke, leichte Silhouette mit perforiertem Obermaterial aus Leder und einer Gummisohle, die einen bequemen, unterst\u00fctzenden Gang erm\u00f6glicht. Die zarten orangefarbenen N\u00e4hte sind eine Anspielung auf unsere charakteristischen Stilcodes. Ist [...]","og_url":"https:\/\/www.voustenshoes.com\/de\/santoni-daren-40747-2\/","og_site_name":"Vousten Shoes","article_modified_time":"2026-02-17T00:51:19+00:00","og_image":[{"width":1920,"height":1920,"url":"https:\/\/www.voustenshoes.com\/wp-content\/uploads\/2023\/06\/Santoni-Daren-40747-1.png","type":"image\/png"}],"twitter_card":"summary_large_image","twitter_misc":{"Est. reading time":"1 Minute"},"schema":{"@context":"https:\/\/schema.org","@graph":[{"@type":"WebPage","@id":"https:\/\/www.voustenshoes.com\/de\/santoni-daren-40747-2\/","url":"https:\/\/www.voustenshoes.com\/de\/santoni-daren-40747-2\/","name":"SANTONI - Daren (40747) - Vousten Shoes","isPartOf":{"@id":"https:\/\/www.voustenshoes.com\/nl\/#website"},"primaryImageOfPage":{"@id":"https:\/\/www.voustenshoes.com\/de\/santoni-daren-40747-2\/#primaryimage"},"image":{"@id":"https:\/\/www.voustenshoes.com\/de\/santoni-daren-40747-2\/#primaryimage"},"thumbnailUrl":"https:\/\/www.voustenshoes.com\/wp-content\/uploads\/2023\/06\/Santoni-Daren-40747-1.png","datePublished":"2025-04-10T13:48:35+00:00","dateModified":"2026-02-17T00:51:19+00:00","breadcrumb":{"@id":"https:\/\/www.voustenshoes.com\/de\/santoni-daren-40747-2\/#breadcrumb"},"inLanguage":"de-DE","potentialAction":[{"@type":"ReadAction","target":["https:\/\/www.voustenshoes.com\/de\/santoni-daren-40747-2\/"]}]},{"@type":"ImageObject","inLanguage":"de-DE","@id":"https:\/\/www.voustenshoes.com\/de\/santoni-daren-40747-2\/#primaryimage","url":"https:\/\/www.voustenshoes.com\/wp-content\/uploads\/2023\/06\/Santoni-Daren-40747-1.png","contentUrl":"https:\/\/www.voustenshoes.com\/wp-content\/uploads\/2023\/06\/Santoni-Daren-40747-1.png","width":1920,"height":1920},{"@type":"BreadcrumbList","@id":"https:\/\/www.voustenshoes.com\/de\/santoni-daren-40747-2\/#breadcrumb","itemListElement":[{"@type":"ListItem","position":1,"name":"Home","item":"https:\/\/www.voustenshoes.com\/de\/"},{"@type":"ListItem","position":2,"name":"Shop","item":"https:\/\/www.voustenshoes.com\/de\/shop\/"},{"@type":"ListItem","position":3,"name":"SANTONI &#8211; Daren (40747)"}]},{"@type":"WebSite","@id":"https:\/\/www.voustenshoes.com\/nl\/#website","url":"https:\/\/www.voustenshoes.com\/nl\/","name":"Vousten Shoes","description":"","potentialAction":[{"@type":"SearchAction","target":{"@type":"EntryPoint","urlTemplate":"https:\/\/www.voustenshoes.com\/nl\/?s={search_term_string}"},"query-input":{"@type":"PropertyValueSpecification","valueRequired":true,"valueName":"search_term_string"}}],"inLanguage":"de-DE"}]}},"_links":{"self":[{"href":"https:\/\/www.voustenshoes.com\/de\/wp-json\/wp\/v2\/product\/217744","targetHints":{"allow":["GET"]}}],"collection":[{"href":"https:\/\/www.voustenshoes.com\/de\/wp-json\/wp\/v2\/product"}],"about":[{"href":"https:\/\/www.voustenshoes.com\/de\/wp-json\/wp\/v2\/types\/product"}],"replies":[{"embeddable":true,"href":"https:\/\/www.voustenshoes.com\/de\/wp-json\/wp\/v2\/comments?post=217744"}],"wp:featuredmedia":[{"embeddable":true,"href":"https:\/\/www.voustenshoes.com\/de\/wp-json\/wp\/v2\/media\/217680"}],"wp:attachment":[{"href":"https:\/\/www.voustenshoes.com\/de\/wp-json\/wp\/v2\/media?parent=217744"}],"wp:term":[{"taxonomy":"product_cat","embeddable":true,"href":"https:\/\/www.voustenshoes.com\/de\/wp-json\/wp\/v2\/product_cat?post=217744"},{"taxonomy":"product_tag","embeddable":true,"href":"https:\/\/www.voustenshoes.com\/de\/wp-json\/wp\/v2\/product_tag?post=217744"}],"curies":[{"name":"wp","href":"https:\/\/api.w.org\/{rel}","templated":true}]}}