{"id":218553,"date":"2025-08-07T01:03:41","date_gmt":"2025-08-06T23:03:41","guid":{"rendered":"https:\/\/www.voustenshoes.com\/santoni-handtas-donkerbruin-41639-2\/"},"modified":"2026-02-05T11:28:36","modified_gmt":"2026-02-05T10:28:36","slug":"santoni-handtas-donkerbruin-41639-2","status":"publish","type":"product","link":"https:\/\/www.voustenshoes.com\/de\/santoni-handtas-donkerbruin-41639-2\/","title":{"rendered":"SANTONI &#8211; Handtasche Dunkelbraun (41639)"},"content":{"rendered":"<div>Diese kleine Handtasche f\u00fcr Herren ist ein Symbol f\u00fcr die zeitgen\u00f6ssische Eleganz von Santoni. Das kompakte Design verf\u00fcgt \u00fcber eine Vordertasche und einen Rei\u00dfverschluss. Tragen Sie es mit der abnehmbaren Handschlaufe in Ihrer Handfl\u00e4che oder am Handgelenk.<\/div>\n<ul>\n<li>Aus gewalktem Leder<\/li>\n<li>Abmessungen: 26x7x17 cm<\/li>\n<li>Lederdetails mit \u201eVelatura\u201c-Finish<\/li>\n<li>Farbe: dunkelbraun<\/li>\n<li>Abnehmbarer Griff<\/li>\n<li>Rei\u00dfverschlusstasche auf der Vorderseite<\/li>\n<li>Innentasche mit Rei\u00dfverschluss<\/li>\n<li>Kartentaschen innen<\/li>\n<li>Handgefertigt von Santoni in Italien<\/li>\n<\/ul>\n<p>&nbsp;<\/p>\n","protected":false},"excerpt":{"rendered":"<p>Diese kleine Handtasche f\u00fcr Herren ist ein Symbol f\u00fcr die zeitgen\u00f6ssische Eleganz von Santoni. Das kompakte Design verf\u00fcgt \u00fcber eine Vordertasche und einen Rei\u00dfverschluss. Tragen Sie es mit der abnehmbaren Handschlaufe in Ihrer Handfl\u00e4che oder am Handgelenk. Aus gewalktem Leder Abmessungen: 26x7x17 cm Lederdetails mit \u201eVelatura\u201c-Finish Farbe: dunkelbraun Abnehmbarer Griff Rei\u00dfverschlusstasche auf der Vorderseite Innentasche [&#8230;]\n","protected":false},"featured_media":218587,"comment_status":"open","ping_status":"closed","template":"","meta":{"rank_math_lock_modified_date":false},"product_cat":[1139,1182,1262],"product_tag":[],"class_list":{"0":"post-218553","1":"product","2":"type-product","3":"status-publish","4":"has-post-thumbnail","6":"product_cat-heren-nl-de","7":"product_cat-santoni-nl-de","8":"product_cat-tassen-nl-de","10":"first","11":"outofstock","12":"taxable","13":"shipping-taxable","14":"purchasable","15":"product-type-variable"},"acf":[],"yoast_head":"<!-- This site is optimized with the Yoast SEO plugin v23.9 - https:\/\/yoast.com\/wordpress\/plugins\/seo\/ -->\n<title>SANTONI - Handtasche Dunkelbraun (41639) - Vousten Shoes<\/title>\n<meta name=\"robots\" content=\"index, follow, max-snippet:-1, max-image-preview:large, max-video-preview:-1\" \/>\n<link rel=\"canonical\" href=\"https:\/\/www.voustenshoes.com\/de\/santoni-handtas-donkerbruin-41639-2\/\" \/>\n<meta property=\"og:locale\" content=\"de_DE\" \/>\n<meta property=\"og:type\" content=\"article\" \/>\n<meta property=\"og:title\" content=\"SANTONI - Handtasche Dunkelbraun (41639) - Vousten Shoes\" \/>\n<meta property=\"og:description\" content=\"Diese kleine Handtasche f\u00fcr Herren ist ein Symbol f\u00fcr die zeitgen\u00f6ssische Eleganz von Santoni. Das kompakte Design verf\u00fcgt \u00fcber eine Vordertasche und einen Rei\u00dfverschluss. Tragen Sie es mit der abnehmbaren Handschlaufe in Ihrer Handfl\u00e4che oder am Handgelenk. Aus gewalktem Leder Abmessungen: 26x7x17 cm Lederdetails mit \u201eVelatura\u201c-Finish Farbe: dunkelbraun Abnehmbarer Griff Rei\u00dfverschlusstasche auf der Vorderseite Innentasche [...]\" \/>\n<meta property=\"og:url\" content=\"https:\/\/www.voustenshoes.com\/de\/santoni-handtas-donkerbruin-41639-2\/\" \/>\n<meta property=\"og:site_name\" content=\"Vousten Shoes\" \/>\n<meta property=\"article:modified_time\" content=\"2026-02-05T10:28:36+00:00\" \/>\n<meta property=\"og:image\" content=\"https:\/\/www.voustenshoes.com\/wp-content\/uploads\/2023\/06\/Santoni-Handtas-bruin-41639-12.png\" \/>\n\t<meta property=\"og:image:width\" content=\"1920\" \/>\n\t<meta property=\"og:image:height\" content=\"1920\" \/>\n\t<meta property=\"og:image:type\" content=\"image\/png\" \/>\n<meta name=\"twitter:card\" content=\"summary_large_image\" \/>\n<script type=\"application\/ld+json\" class=\"yoast-schema-graph\">{\"@context\":\"https:\/\/schema.org\",\"@graph\":[{\"@type\":\"WebPage\",\"@id\":\"https:\/\/www.voustenshoes.com\/de\/santoni-handtas-donkerbruin-41639-2\/\",\"url\":\"https:\/\/www.voustenshoes.com\/de\/santoni-handtas-donkerbruin-41639-2\/\",\"name\":\"SANTONI - Handtasche Dunkelbraun (41639) - Vousten Shoes\",\"isPartOf\":{\"@id\":\"https:\/\/www.voustenshoes.com\/nl\/#website\"},\"primaryImageOfPage\":{\"@id\":\"https:\/\/www.voustenshoes.com\/de\/santoni-handtas-donkerbruin-41639-2\/#primaryimage\"},\"image\":{\"@id\":\"https:\/\/www.voustenshoes.com\/de\/santoni-handtas-donkerbruin-41639-2\/#primaryimage\"},\"thumbnailUrl\":\"https:\/\/www.voustenshoes.com\/wp-content\/uploads\/2023\/06\/Santoni-Handtas-bruin-41639-12.png\",\"datePublished\":\"2025-08-06T23:03:41+00:00\",\"dateModified\":\"2026-02-05T10:28:36+00:00\",\"breadcrumb\":{\"@id\":\"https:\/\/www.voustenshoes.com\/de\/santoni-handtas-donkerbruin-41639-2\/#breadcrumb\"},\"inLanguage\":\"de-DE\",\"potentialAction\":[{\"@type\":\"ReadAction\",\"target\":[\"https:\/\/www.voustenshoes.com\/de\/santoni-handtas-donkerbruin-41639-2\/\"]}]},{\"@type\":\"ImageObject\",\"inLanguage\":\"de-DE\",\"@id\":\"https:\/\/www.voustenshoes.com\/de\/santoni-handtas-donkerbruin-41639-2\/#primaryimage\",\"url\":\"https:\/\/www.voustenshoes.com\/wp-content\/uploads\/2023\/06\/Santoni-Handtas-bruin-41639-12.png\",\"contentUrl\":\"https:\/\/www.voustenshoes.com\/wp-content\/uploads\/2023\/06\/Santoni-Handtas-bruin-41639-12.png\",\"width\":1920,\"height\":1920},{\"@type\":\"BreadcrumbList\",\"@id\":\"https:\/\/www.voustenshoes.com\/de\/santoni-handtas-donkerbruin-41639-2\/#breadcrumb\",\"itemListElement\":[{\"@type\":\"ListItem\",\"position\":1,\"name\":\"Home\",\"item\":\"https:\/\/www.voustenshoes.com\/de\/\"},{\"@type\":\"ListItem\",\"position\":2,\"name\":\"Shop\",\"item\":\"https:\/\/www.voustenshoes.com\/de\/shop\/\"},{\"@type\":\"ListItem\",\"position\":3,\"name\":\"SANTONI &#8211; Handtasche Dunkelbraun (41639)\"}]},{\"@type\":\"WebSite\",\"@id\":\"https:\/\/www.voustenshoes.com\/nl\/#website\",\"url\":\"https:\/\/www.voustenshoes.com\/nl\/\",\"name\":\"Vousten Shoes\",\"description\":\"\",\"potentialAction\":[{\"@type\":\"SearchAction\",\"target\":{\"@type\":\"EntryPoint\",\"urlTemplate\":\"https:\/\/www.voustenshoes.com\/nl\/?s={search_term_string}\"},\"query-input\":{\"@type\":\"PropertyValueSpecification\",\"valueRequired\":true,\"valueName\":\"search_term_string\"}}],\"inLanguage\":\"de-DE\"}]}<\/script>\n<!-- \/ Yoast SEO plugin. -->","yoast_head_json":{"title":"SANTONI - Handtasche Dunkelbraun (41639) - Vousten Shoes","robots":{"index":"index","follow":"follow","max-snippet":"max-snippet:-1","max-image-preview":"max-image-preview:large","max-video-preview":"max-video-preview:-1"},"canonical":"https:\/\/www.voustenshoes.com\/de\/santoni-handtas-donkerbruin-41639-2\/","og_locale":"de_DE","og_type":"article","og_title":"SANTONI - Handtasche Dunkelbraun (41639) - Vousten Shoes","og_description":"Diese kleine Handtasche f\u00fcr Herren ist ein Symbol f\u00fcr die zeitgen\u00f6ssische Eleganz von Santoni. Das kompakte Design verf\u00fcgt \u00fcber eine Vordertasche und einen Rei\u00dfverschluss. Tragen Sie es mit der abnehmbaren Handschlaufe in Ihrer Handfl\u00e4che oder am Handgelenk. Aus gewalktem Leder Abmessungen: 26x7x17 cm Lederdetails mit \u201eVelatura\u201c-Finish Farbe: dunkelbraun Abnehmbarer Griff Rei\u00dfverschlusstasche auf der Vorderseite Innentasche [...]","og_url":"https:\/\/www.voustenshoes.com\/de\/santoni-handtas-donkerbruin-41639-2\/","og_site_name":"Vousten Shoes","article_modified_time":"2026-02-05T10:28:36+00:00","og_image":[{"width":1920,"height":1920,"url":"https:\/\/www.voustenshoes.com\/wp-content\/uploads\/2023\/06\/Santoni-Handtas-bruin-41639-12.png","type":"image\/png"}],"twitter_card":"summary_large_image","schema":{"@context":"https:\/\/schema.org","@graph":[{"@type":"WebPage","@id":"https:\/\/www.voustenshoes.com\/de\/santoni-handtas-donkerbruin-41639-2\/","url":"https:\/\/www.voustenshoes.com\/de\/santoni-handtas-donkerbruin-41639-2\/","name":"SANTONI - Handtasche Dunkelbraun (41639) - Vousten Shoes","isPartOf":{"@id":"https:\/\/www.voustenshoes.com\/nl\/#website"},"primaryImageOfPage":{"@id":"https:\/\/www.voustenshoes.com\/de\/santoni-handtas-donkerbruin-41639-2\/#primaryimage"},"image":{"@id":"https:\/\/www.voustenshoes.com\/de\/santoni-handtas-donkerbruin-41639-2\/#primaryimage"},"thumbnailUrl":"https:\/\/www.voustenshoes.com\/wp-content\/uploads\/2023\/06\/Santoni-Handtas-bruin-41639-12.png","datePublished":"2025-08-06T23:03:41+00:00","dateModified":"2026-02-05T10:28:36+00:00","breadcrumb":{"@id":"https:\/\/www.voustenshoes.com\/de\/santoni-handtas-donkerbruin-41639-2\/#breadcrumb"},"inLanguage":"de-DE","potentialAction":[{"@type":"ReadAction","target":["https:\/\/www.voustenshoes.com\/de\/santoni-handtas-donkerbruin-41639-2\/"]}]},{"@type":"ImageObject","inLanguage":"de-DE","@id":"https:\/\/www.voustenshoes.com\/de\/santoni-handtas-donkerbruin-41639-2\/#primaryimage","url":"https:\/\/www.voustenshoes.com\/wp-content\/uploads\/2023\/06\/Santoni-Handtas-bruin-41639-12.png","contentUrl":"https:\/\/www.voustenshoes.com\/wp-content\/uploads\/2023\/06\/Santoni-Handtas-bruin-41639-12.png","width":1920,"height":1920},{"@type":"BreadcrumbList","@id":"https:\/\/www.voustenshoes.com\/de\/santoni-handtas-donkerbruin-41639-2\/#breadcrumb","itemListElement":[{"@type":"ListItem","position":1,"name":"Home","item":"https:\/\/www.voustenshoes.com\/de\/"},{"@type":"ListItem","position":2,"name":"Shop","item":"https:\/\/www.voustenshoes.com\/de\/shop\/"},{"@type":"ListItem","position":3,"name":"SANTONI &#8211; Handtasche Dunkelbraun (41639)"}]},{"@type":"WebSite","@id":"https:\/\/www.voustenshoes.com\/nl\/#website","url":"https:\/\/www.voustenshoes.com\/nl\/","name":"Vousten Shoes","description":"","potentialAction":[{"@type":"SearchAction","target":{"@type":"EntryPoint","urlTemplate":"https:\/\/www.voustenshoes.com\/nl\/?s={search_term_string}"},"query-input":{"@type":"PropertyValueSpecification","valueRequired":true,"valueName":"search_term_string"}}],"inLanguage":"de-DE"}]}},"_links":{"self":[{"href":"https:\/\/www.voustenshoes.com\/de\/wp-json\/wp\/v2\/product\/218553","targetHints":{"allow":["GET"]}}],"collection":[{"href":"https:\/\/www.voustenshoes.com\/de\/wp-json\/wp\/v2\/product"}],"about":[{"href":"https:\/\/www.voustenshoes.com\/de\/wp-json\/wp\/v2\/types\/product"}],"replies":[{"embeddable":true,"href":"https:\/\/www.voustenshoes.com\/de\/wp-json\/wp\/v2\/comments?post=218553"}],"wp:featuredmedia":[{"embeddable":true,"href":"https:\/\/www.voustenshoes.com\/de\/wp-json\/wp\/v2\/media\/218587"}],"wp:attachment":[{"href":"https:\/\/www.voustenshoes.com\/de\/wp-json\/wp\/v2\/media?parent=218553"}],"wp:term":[{"taxonomy":"product_cat","embeddable":true,"href":"https:\/\/www.voustenshoes.com\/de\/wp-json\/wp\/v2\/product_cat?post=218553"},{"taxonomy":"product_tag","embeddable":true,"href":"https:\/\/www.voustenshoes.com\/de\/wp-json\/wp\/v2\/product_tag?post=218553"}],"curies":[{"name":"wp","href":"https:\/\/api.w.org\/{rel}","templated":true}]}}