{"id":218861,"date":"2025-08-09T17:42:18","date_gmt":"2025-08-09T15:42:18","guid":{"rendered":"https:\/\/www.voustenshoes.com\/santoni-weekender-dunkelgrun-41678\/"},"modified":"2026-02-05T11:29:03","modified_gmt":"2026-02-05T10:29:03","slug":"santoni-weekender-dunkelgrun-41678","status":"publish","type":"product","link":"https:\/\/www.voustenshoes.com\/de\/santoni-weekender-dunkelgrun-41678\/","title":{"rendered":"SANTONI &#8211; Weekender Dunkelgr\u00fcn (41678)"},"content":{"rendered":"<div>Mit ihrer leichten, dekonstruierten Silhouette verleiht diese Santoni-Tasche l\u00e4ssigen Looks und Wochenendausfl\u00fcgen raffinierte Eleganz. Die gewalkte Lederkonstruktion sorgt f\u00fcr ein luxuri\u00f6ses Tastgef\u00fchl und wird durch gepolsterte Griffe und einen abnehmbaren Schultergurt erg\u00e4nzt. Rei\u00dfverschlusstaschen innen und au\u00dfen sorgen daf\u00fcr, dass alles sicher und organisiert bleibt.<\/div>\n<div><\/div>\n<div>Diese sch\u00f6ne Tasche hat die Ma\u00dfe 50 x 30 x 30 cm<\/div>\n<div><\/div>\n<ul>\n<li>Wochenendtasche Herren<\/li>\n<li>Aus gewalktem Leder<\/li>\n<li>Farbe: dunkelgr\u00fcn<\/li>\n<li>Gepolsterte Griffe<\/li>\n<li>2-seitiger Rei\u00dfverschluss<\/li>\n<li>Innentasche mit Rei\u00dfverschluss<\/li>\n<li>Vordertasche mit Rei\u00dfverschluss<\/li>\n<li>Verstellbarer und abnehmbarer Schultergurt<\/li>\n<li>Dekorativer Schl\u00fcssel<\/li>\n<li>Gedrucktes Santoni-Logo<\/li>\n<li>Hergestellt in Italien<\/li>\n<\/ul>\n","protected":false},"excerpt":{"rendered":"<p>Mit ihrer leichten, dekonstruierten Silhouette verleiht diese Santoni-Tasche l\u00e4ssigen Looks und Wochenendausfl\u00fcgen raffinierte Eleganz. Die gewalkte Lederkonstruktion sorgt f\u00fcr ein luxuri\u00f6ses Tastgef\u00fchl und wird durch gepolsterte Griffe und einen abnehmbaren Schultergurt erg\u00e4nzt. Rei\u00dfverschlusstaschen innen und au\u00dfen sorgen daf\u00fcr, dass alles sicher und organisiert bleibt. Diese sch\u00f6ne Tasche hat die Ma\u00dfe 50 x 30 x 30 [&#8230;]\n","protected":false},"featured_media":218845,"comment_status":"open","ping_status":"closed","template":"","meta":{"rank_math_lock_modified_date":false},"product_cat":[1139,1182,1262],"product_tag":[],"class_list":{"0":"post-218861","1":"product","2":"type-product","3":"status-publish","4":"has-post-thumbnail","6":"product_cat-heren-nl-de","7":"product_cat-santoni-nl-de","8":"product_cat-tassen-nl-de","10":"first","11":"instock","12":"taxable","13":"shipping-taxable","14":"purchasable","15":"product-type-variable"},"acf":[],"yoast_head":"<!-- This site is optimized with the Yoast SEO plugin v23.9 - https:\/\/yoast.com\/wordpress\/plugins\/seo\/ -->\n<title>SANTONI - Weekender Dunkelgr\u00fcn (41678) - Vousten Shoes<\/title>\n<meta name=\"robots\" content=\"index, follow, max-snippet:-1, max-image-preview:large, max-video-preview:-1\" \/>\n<link rel=\"canonical\" href=\"https:\/\/www.voustenshoes.com\/de\/santoni-weekender-dunkelgrun-41678\/\" \/>\n<meta property=\"og:locale\" content=\"de_DE\" \/>\n<meta property=\"og:type\" content=\"article\" \/>\n<meta property=\"og:title\" content=\"SANTONI - Weekender Dunkelgr\u00fcn (41678) - Vousten Shoes\" \/>\n<meta property=\"og:description\" content=\"Mit ihrer leichten, dekonstruierten Silhouette verleiht diese Santoni-Tasche l\u00e4ssigen Looks und Wochenendausfl\u00fcgen raffinierte Eleganz. Die gewalkte Lederkonstruktion sorgt f\u00fcr ein luxuri\u00f6ses Tastgef\u00fchl und wird durch gepolsterte Griffe und einen abnehmbaren Schultergurt erg\u00e4nzt. Rei\u00dfverschlusstaschen innen und au\u00dfen sorgen daf\u00fcr, dass alles sicher und organisiert bleibt. Diese sch\u00f6ne Tasche hat die Ma\u00dfe 50 x 30 x 30 [...]\" \/>\n<meta property=\"og:url\" content=\"https:\/\/www.voustenshoes.com\/de\/santoni-weekender-dunkelgrun-41678\/\" \/>\n<meta property=\"og:site_name\" content=\"Vousten Shoes\" \/>\n<meta property=\"article:modified_time\" content=\"2026-02-05T10:29:03+00:00\" \/>\n<meta property=\"og:image\" content=\"https:\/\/www.voustenshoes.com\/wp-content\/uploads\/2023\/06\/SANTONI-Weekender-Donkergroen-41641-1-1.png\" \/>\n\t<meta property=\"og:image:width\" content=\"1920\" \/>\n\t<meta property=\"og:image:height\" content=\"1920\" \/>\n\t<meta property=\"og:image:type\" content=\"image\/png\" \/>\n<meta name=\"twitter:card\" content=\"summary_large_image\" \/>\n<script type=\"application\/ld+json\" class=\"yoast-schema-graph\">{\"@context\":\"https:\/\/schema.org\",\"@graph\":[{\"@type\":\"WebPage\",\"@id\":\"https:\/\/www.voustenshoes.com\/de\/santoni-weekender-dunkelgrun-41678\/\",\"url\":\"https:\/\/www.voustenshoes.com\/de\/santoni-weekender-dunkelgrun-41678\/\",\"name\":\"SANTONI - Weekender Dunkelgr\u00fcn (41678) - Vousten Shoes\",\"isPartOf\":{\"@id\":\"https:\/\/www.voustenshoes.com\/nl\/#website\"},\"primaryImageOfPage\":{\"@id\":\"https:\/\/www.voustenshoes.com\/de\/santoni-weekender-dunkelgrun-41678\/#primaryimage\"},\"image\":{\"@id\":\"https:\/\/www.voustenshoes.com\/de\/santoni-weekender-dunkelgrun-41678\/#primaryimage\"},\"thumbnailUrl\":\"https:\/\/www.voustenshoes.com\/wp-content\/uploads\/2023\/06\/SANTONI-Weekender-Donkergroen-41641-1-1.png\",\"datePublished\":\"2025-08-09T15:42:18+00:00\",\"dateModified\":\"2026-02-05T10:29:03+00:00\",\"breadcrumb\":{\"@id\":\"https:\/\/www.voustenshoes.com\/de\/santoni-weekender-dunkelgrun-41678\/#breadcrumb\"},\"inLanguage\":\"de-DE\",\"potentialAction\":[{\"@type\":\"ReadAction\",\"target\":[\"https:\/\/www.voustenshoes.com\/de\/santoni-weekender-dunkelgrun-41678\/\"]}]},{\"@type\":\"ImageObject\",\"inLanguage\":\"de-DE\",\"@id\":\"https:\/\/www.voustenshoes.com\/de\/santoni-weekender-dunkelgrun-41678\/#primaryimage\",\"url\":\"https:\/\/www.voustenshoes.com\/wp-content\/uploads\/2023\/06\/SANTONI-Weekender-Donkergroen-41641-1-1.png\",\"contentUrl\":\"https:\/\/www.voustenshoes.com\/wp-content\/uploads\/2023\/06\/SANTONI-Weekender-Donkergroen-41641-1-1.png\",\"width\":1920,\"height\":1920},{\"@type\":\"BreadcrumbList\",\"@id\":\"https:\/\/www.voustenshoes.com\/de\/santoni-weekender-dunkelgrun-41678\/#breadcrumb\",\"itemListElement\":[{\"@type\":\"ListItem\",\"position\":1,\"name\":\"Home\",\"item\":\"https:\/\/www.voustenshoes.com\/de\/\"},{\"@type\":\"ListItem\",\"position\":2,\"name\":\"Shop\",\"item\":\"https:\/\/www.voustenshoes.com\/de\/shop\/\"},{\"@type\":\"ListItem\",\"position\":3,\"name\":\"SANTONI &#8211; Weekender Dunkelgr\u00fcn (41678)\"}]},{\"@type\":\"WebSite\",\"@id\":\"https:\/\/www.voustenshoes.com\/nl\/#website\",\"url\":\"https:\/\/www.voustenshoes.com\/nl\/\",\"name\":\"Vousten Shoes\",\"description\":\"\",\"potentialAction\":[{\"@type\":\"SearchAction\",\"target\":{\"@type\":\"EntryPoint\",\"urlTemplate\":\"https:\/\/www.voustenshoes.com\/nl\/?s={search_term_string}\"},\"query-input\":{\"@type\":\"PropertyValueSpecification\",\"valueRequired\":true,\"valueName\":\"search_term_string\"}}],\"inLanguage\":\"de-DE\"}]}<\/script>\n<!-- \/ Yoast SEO plugin. -->","yoast_head_json":{"title":"SANTONI - Weekender Dunkelgr\u00fcn (41678) - Vousten Shoes","robots":{"index":"index","follow":"follow","max-snippet":"max-snippet:-1","max-image-preview":"max-image-preview:large","max-video-preview":"max-video-preview:-1"},"canonical":"https:\/\/www.voustenshoes.com\/de\/santoni-weekender-dunkelgrun-41678\/","og_locale":"de_DE","og_type":"article","og_title":"SANTONI - Weekender Dunkelgr\u00fcn (41678) - Vousten Shoes","og_description":"Mit ihrer leichten, dekonstruierten Silhouette verleiht diese Santoni-Tasche l\u00e4ssigen Looks und Wochenendausfl\u00fcgen raffinierte Eleganz. Die gewalkte Lederkonstruktion sorgt f\u00fcr ein luxuri\u00f6ses Tastgef\u00fchl und wird durch gepolsterte Griffe und einen abnehmbaren Schultergurt erg\u00e4nzt. Rei\u00dfverschlusstaschen innen und au\u00dfen sorgen daf\u00fcr, dass alles sicher und organisiert bleibt. Diese sch\u00f6ne Tasche hat die Ma\u00dfe 50 x 30 x 30 [...]","og_url":"https:\/\/www.voustenshoes.com\/de\/santoni-weekender-dunkelgrun-41678\/","og_site_name":"Vousten Shoes","article_modified_time":"2026-02-05T10:29:03+00:00","og_image":[{"width":1920,"height":1920,"url":"https:\/\/www.voustenshoes.com\/wp-content\/uploads\/2023\/06\/SANTONI-Weekender-Donkergroen-41641-1-1.png","type":"image\/png"}],"twitter_card":"summary_large_image","schema":{"@context":"https:\/\/schema.org","@graph":[{"@type":"WebPage","@id":"https:\/\/www.voustenshoes.com\/de\/santoni-weekender-dunkelgrun-41678\/","url":"https:\/\/www.voustenshoes.com\/de\/santoni-weekender-dunkelgrun-41678\/","name":"SANTONI - Weekender Dunkelgr\u00fcn (41678) - Vousten Shoes","isPartOf":{"@id":"https:\/\/www.voustenshoes.com\/nl\/#website"},"primaryImageOfPage":{"@id":"https:\/\/www.voustenshoes.com\/de\/santoni-weekender-dunkelgrun-41678\/#primaryimage"},"image":{"@id":"https:\/\/www.voustenshoes.com\/de\/santoni-weekender-dunkelgrun-41678\/#primaryimage"},"thumbnailUrl":"https:\/\/www.voustenshoes.com\/wp-content\/uploads\/2023\/06\/SANTONI-Weekender-Donkergroen-41641-1-1.png","datePublished":"2025-08-09T15:42:18+00:00","dateModified":"2026-02-05T10:29:03+00:00","breadcrumb":{"@id":"https:\/\/www.voustenshoes.com\/de\/santoni-weekender-dunkelgrun-41678\/#breadcrumb"},"inLanguage":"de-DE","potentialAction":[{"@type":"ReadAction","target":["https:\/\/www.voustenshoes.com\/de\/santoni-weekender-dunkelgrun-41678\/"]}]},{"@type":"ImageObject","inLanguage":"de-DE","@id":"https:\/\/www.voustenshoes.com\/de\/santoni-weekender-dunkelgrun-41678\/#primaryimage","url":"https:\/\/www.voustenshoes.com\/wp-content\/uploads\/2023\/06\/SANTONI-Weekender-Donkergroen-41641-1-1.png","contentUrl":"https:\/\/www.voustenshoes.com\/wp-content\/uploads\/2023\/06\/SANTONI-Weekender-Donkergroen-41641-1-1.png","width":1920,"height":1920},{"@type":"BreadcrumbList","@id":"https:\/\/www.voustenshoes.com\/de\/santoni-weekender-dunkelgrun-41678\/#breadcrumb","itemListElement":[{"@type":"ListItem","position":1,"name":"Home","item":"https:\/\/www.voustenshoes.com\/de\/"},{"@type":"ListItem","position":2,"name":"Shop","item":"https:\/\/www.voustenshoes.com\/de\/shop\/"},{"@type":"ListItem","position":3,"name":"SANTONI &#8211; Weekender Dunkelgr\u00fcn (41678)"}]},{"@type":"WebSite","@id":"https:\/\/www.voustenshoes.com\/nl\/#website","url":"https:\/\/www.voustenshoes.com\/nl\/","name":"Vousten Shoes","description":"","potentialAction":[{"@type":"SearchAction","target":{"@type":"EntryPoint","urlTemplate":"https:\/\/www.voustenshoes.com\/nl\/?s={search_term_string}"},"query-input":{"@type":"PropertyValueSpecification","valueRequired":true,"valueName":"search_term_string"}}],"inLanguage":"de-DE"}]}},"_links":{"self":[{"href":"https:\/\/www.voustenshoes.com\/de\/wp-json\/wp\/v2\/product\/218861","targetHints":{"allow":["GET"]}}],"collection":[{"href":"https:\/\/www.voustenshoes.com\/de\/wp-json\/wp\/v2\/product"}],"about":[{"href":"https:\/\/www.voustenshoes.com\/de\/wp-json\/wp\/v2\/types\/product"}],"replies":[{"embeddable":true,"href":"https:\/\/www.voustenshoes.com\/de\/wp-json\/wp\/v2\/comments?post=218861"}],"wp:featuredmedia":[{"embeddable":true,"href":"https:\/\/www.voustenshoes.com\/de\/wp-json\/wp\/v2\/media\/218845"}],"wp:attachment":[{"href":"https:\/\/www.voustenshoes.com\/de\/wp-json\/wp\/v2\/media?parent=218861"}],"wp:term":[{"taxonomy":"product_cat","embeddable":true,"href":"https:\/\/www.voustenshoes.com\/de\/wp-json\/wp\/v2\/product_cat?post=218861"},{"taxonomy":"product_tag","embeddable":true,"href":"https:\/\/www.voustenshoes.com\/de\/wp-json\/wp\/v2\/product_tag?post=218861"}],"curies":[{"name":"wp","href":"https:\/\/api.w.org\/{rel}","templated":true}]}}