{"id":219020,"date":"2025-08-12T21:40:30","date_gmt":"2025-08-12T19:40:30","guid":{"rendered":"https:\/\/www.voustenshoes.com\/santoni-weekender-taupe-41644-2\/"},"modified":"2026-02-05T11:28:45","modified_gmt":"2026-02-05T10:28:45","slug":"santoni-weekender-taupe-41644-2","status":"publish","type":"product","link":"https:\/\/www.voustenshoes.com\/de\/santoni-weekender-taupe-41644-2\/","title":{"rendered":"SANTONI &#8211; Weekender Taupe (41644)"},"content":{"rendered":"<p>Diese Santoni-Tasche hat eine leichte, dekonstruierte Silhouette und verleiht Freizeitlooks und Wochenendausfl\u00fcgen raffinierte Eleganz. Die Konstruktion aus getrommeltem Leder sorgt f\u00fcr ein luxuri\u00f6ses Gef\u00fchl, das durch gepolsterte Griffe und einen abnehmbaren Schulterriemen noch verst\u00e4rkt wird. Rei\u00dfverschlusstaschen innen und au\u00dfen sorgen daf\u00fcr, dass alles sicher und organisiert bleibt.<\/p>\n<p>Diese wundersch\u00f6ne Tasche hat die Ma\u00dfe 50 x 30 x 30 cm.<\/p>\n<ul>\n<li>Wochenendtasche f\u00fcr Herren<\/li>\n<li>Aus getrommeltem Leder gefertigt<\/li>\n<li>Farbe: Taupe<\/li>\n<li>Gepolsterte Griffe<\/li>\n<li>2-seitiger Rei\u00dfverschluss<\/li>\n<li>Innentasche mit Rei\u00dfverschluss<\/li>\n<li>Vordertasche mit Rei\u00dfverschluss<\/li>\n<li>Verstellbarer und abnehmbarer Schulterriemen<\/li>\n<li>Dekorativer Schl\u00fcsselanh\u00e4nger<\/li>\n<li>Aufgedrucktes Santoni-Logo<\/li>\n<li>Hergestellt in Italien<\/li>\n<\/ul>\n","protected":false},"excerpt":{"rendered":"<p>Diese Santoni-Tasche hat eine leichte, dekonstruierte Silhouette und verleiht Freizeitlooks und Wochenendausfl\u00fcgen raffinierte Eleganz. Die Konstruktion aus getrommeltem Leder sorgt f\u00fcr ein luxuri\u00f6ses Gef\u00fchl, das durch gepolsterte Griffe und einen abnehmbaren Schulterriemen noch verst\u00e4rkt wird. Rei\u00dfverschlusstaschen innen und au\u00dfen sorgen daf\u00fcr, dass alles sicher und organisiert bleibt. Diese wundersch\u00f6ne Tasche hat die Ma\u00dfe 50 x [&#8230;]\n","protected":false},"featured_media":218940,"comment_status":"open","ping_status":"closed","template":"","meta":{"rank_math_lock_modified_date":false},"product_cat":[1139,1182,1262],"product_tag":[],"class_list":{"0":"post-219020","1":"product","2":"type-product","3":"status-publish","4":"has-post-thumbnail","6":"product_cat-heren-nl-de","7":"product_cat-santoni-nl-de","8":"product_cat-tassen-nl-de","10":"first","11":"instock","12":"taxable","13":"shipping-taxable","14":"purchasable","15":"product-type-variable"},"acf":[],"yoast_head":"<!-- This site is optimized with the Yoast SEO plugin v23.9 - https:\/\/yoast.com\/wordpress\/plugins\/seo\/ -->\n<title>SANTONI - Weekender Taupe (41644) - Vousten Shoes<\/title>\n<meta name=\"robots\" content=\"index, follow, max-snippet:-1, max-image-preview:large, max-video-preview:-1\" \/>\n<link rel=\"canonical\" href=\"https:\/\/www.voustenshoes.com\/de\/santoni-weekender-taupe-41644-2\/\" \/>\n<meta property=\"og:locale\" content=\"de_DE\" \/>\n<meta property=\"og:type\" content=\"article\" \/>\n<meta property=\"og:title\" content=\"SANTONI - Weekender Taupe (41644) - Vousten Shoes\" \/>\n<meta property=\"og:description\" content=\"Diese Santoni-Tasche hat eine leichte, dekonstruierte Silhouette und verleiht Freizeitlooks und Wochenendausfl\u00fcgen raffinierte Eleganz. Die Konstruktion aus getrommeltem Leder sorgt f\u00fcr ein luxuri\u00f6ses Gef\u00fchl, das durch gepolsterte Griffe und einen abnehmbaren Schulterriemen noch verst\u00e4rkt wird. Rei\u00dfverschlusstaschen innen und au\u00dfen sorgen daf\u00fcr, dass alles sicher und organisiert bleibt. Diese wundersch\u00f6ne Tasche hat die Ma\u00dfe 50 x [...]\" \/>\n<meta property=\"og:url\" content=\"https:\/\/www.voustenshoes.com\/de\/santoni-weekender-taupe-41644-2\/\" \/>\n<meta property=\"og:site_name\" content=\"Vousten Shoes\" \/>\n<meta property=\"article:modified_time\" content=\"2026-02-05T10:28:45+00:00\" \/>\n<meta property=\"og:image\" content=\"https:\/\/www.voustenshoes.com\/wp-content\/uploads\/2023\/06\/SANTONI-Weekender-Taupe-41644.png\" \/>\n\t<meta property=\"og:image:width\" content=\"1920\" \/>\n\t<meta property=\"og:image:height\" content=\"1920\" \/>\n\t<meta property=\"og:image:type\" content=\"image\/png\" \/>\n<meta name=\"twitter:card\" content=\"summary_large_image\" \/>\n<meta name=\"twitter:label1\" content=\"Est. reading time\" \/>\n\t<meta name=\"twitter:data1\" content=\"1 Minute\" \/>\n<script type=\"application\/ld+json\" class=\"yoast-schema-graph\">{\"@context\":\"https:\/\/schema.org\",\"@graph\":[{\"@type\":\"WebPage\",\"@id\":\"https:\/\/www.voustenshoes.com\/de\/santoni-weekender-taupe-41644-2\/\",\"url\":\"https:\/\/www.voustenshoes.com\/de\/santoni-weekender-taupe-41644-2\/\",\"name\":\"SANTONI - Weekender Taupe (41644) - Vousten Shoes\",\"isPartOf\":{\"@id\":\"https:\/\/www.voustenshoes.com\/nl\/#website\"},\"primaryImageOfPage\":{\"@id\":\"https:\/\/www.voustenshoes.com\/de\/santoni-weekender-taupe-41644-2\/#primaryimage\"},\"image\":{\"@id\":\"https:\/\/www.voustenshoes.com\/de\/santoni-weekender-taupe-41644-2\/#primaryimage\"},\"thumbnailUrl\":\"https:\/\/www.voustenshoes.com\/wp-content\/uploads\/2023\/06\/SANTONI-Weekender-Taupe-41644.png\",\"datePublished\":\"2025-08-12T19:40:30+00:00\",\"dateModified\":\"2026-02-05T10:28:45+00:00\",\"breadcrumb\":{\"@id\":\"https:\/\/www.voustenshoes.com\/de\/santoni-weekender-taupe-41644-2\/#breadcrumb\"},\"inLanguage\":\"de-DE\",\"potentialAction\":[{\"@type\":\"ReadAction\",\"target\":[\"https:\/\/www.voustenshoes.com\/de\/santoni-weekender-taupe-41644-2\/\"]}]},{\"@type\":\"ImageObject\",\"inLanguage\":\"de-DE\",\"@id\":\"https:\/\/www.voustenshoes.com\/de\/santoni-weekender-taupe-41644-2\/#primaryimage\",\"url\":\"https:\/\/www.voustenshoes.com\/wp-content\/uploads\/2023\/06\/SANTONI-Weekender-Taupe-41644.png\",\"contentUrl\":\"https:\/\/www.voustenshoes.com\/wp-content\/uploads\/2023\/06\/SANTONI-Weekender-Taupe-41644.png\",\"width\":1920,\"height\":1920},{\"@type\":\"BreadcrumbList\",\"@id\":\"https:\/\/www.voustenshoes.com\/de\/santoni-weekender-taupe-41644-2\/#breadcrumb\",\"itemListElement\":[{\"@type\":\"ListItem\",\"position\":1,\"name\":\"Home\",\"item\":\"https:\/\/www.voustenshoes.com\/de\/\"},{\"@type\":\"ListItem\",\"position\":2,\"name\":\"Shop\",\"item\":\"https:\/\/www.voustenshoes.com\/de\/shop\/\"},{\"@type\":\"ListItem\",\"position\":3,\"name\":\"SANTONI &#8211; Weekender Taupe (41644)\"}]},{\"@type\":\"WebSite\",\"@id\":\"https:\/\/www.voustenshoes.com\/nl\/#website\",\"url\":\"https:\/\/www.voustenshoes.com\/nl\/\",\"name\":\"Vousten Shoes\",\"description\":\"\",\"potentialAction\":[{\"@type\":\"SearchAction\",\"target\":{\"@type\":\"EntryPoint\",\"urlTemplate\":\"https:\/\/www.voustenshoes.com\/nl\/?s={search_term_string}\"},\"query-input\":{\"@type\":\"PropertyValueSpecification\",\"valueRequired\":true,\"valueName\":\"search_term_string\"}}],\"inLanguage\":\"de-DE\"}]}<\/script>\n<!-- \/ Yoast SEO plugin. -->","yoast_head_json":{"title":"SANTONI - Weekender Taupe (41644) - Vousten Shoes","robots":{"index":"index","follow":"follow","max-snippet":"max-snippet:-1","max-image-preview":"max-image-preview:large","max-video-preview":"max-video-preview:-1"},"canonical":"https:\/\/www.voustenshoes.com\/de\/santoni-weekender-taupe-41644-2\/","og_locale":"de_DE","og_type":"article","og_title":"SANTONI - Weekender Taupe (41644) - Vousten Shoes","og_description":"Diese Santoni-Tasche hat eine leichte, dekonstruierte Silhouette und verleiht Freizeitlooks und Wochenendausfl\u00fcgen raffinierte Eleganz. Die Konstruktion aus getrommeltem Leder sorgt f\u00fcr ein luxuri\u00f6ses Gef\u00fchl, das durch gepolsterte Griffe und einen abnehmbaren Schulterriemen noch verst\u00e4rkt wird. Rei\u00dfverschlusstaschen innen und au\u00dfen sorgen daf\u00fcr, dass alles sicher und organisiert bleibt. Diese wundersch\u00f6ne Tasche hat die Ma\u00dfe 50 x [...]","og_url":"https:\/\/www.voustenshoes.com\/de\/santoni-weekender-taupe-41644-2\/","og_site_name":"Vousten Shoes","article_modified_time":"2026-02-05T10:28:45+00:00","og_image":[{"width":1920,"height":1920,"url":"https:\/\/www.voustenshoes.com\/wp-content\/uploads\/2023\/06\/SANTONI-Weekender-Taupe-41644.png","type":"image\/png"}],"twitter_card":"summary_large_image","twitter_misc":{"Est. reading time":"1 Minute"},"schema":{"@context":"https:\/\/schema.org","@graph":[{"@type":"WebPage","@id":"https:\/\/www.voustenshoes.com\/de\/santoni-weekender-taupe-41644-2\/","url":"https:\/\/www.voustenshoes.com\/de\/santoni-weekender-taupe-41644-2\/","name":"SANTONI - Weekender Taupe (41644) - Vousten Shoes","isPartOf":{"@id":"https:\/\/www.voustenshoes.com\/nl\/#website"},"primaryImageOfPage":{"@id":"https:\/\/www.voustenshoes.com\/de\/santoni-weekender-taupe-41644-2\/#primaryimage"},"image":{"@id":"https:\/\/www.voustenshoes.com\/de\/santoni-weekender-taupe-41644-2\/#primaryimage"},"thumbnailUrl":"https:\/\/www.voustenshoes.com\/wp-content\/uploads\/2023\/06\/SANTONI-Weekender-Taupe-41644.png","datePublished":"2025-08-12T19:40:30+00:00","dateModified":"2026-02-05T10:28:45+00:00","breadcrumb":{"@id":"https:\/\/www.voustenshoes.com\/de\/santoni-weekender-taupe-41644-2\/#breadcrumb"},"inLanguage":"de-DE","potentialAction":[{"@type":"ReadAction","target":["https:\/\/www.voustenshoes.com\/de\/santoni-weekender-taupe-41644-2\/"]}]},{"@type":"ImageObject","inLanguage":"de-DE","@id":"https:\/\/www.voustenshoes.com\/de\/santoni-weekender-taupe-41644-2\/#primaryimage","url":"https:\/\/www.voustenshoes.com\/wp-content\/uploads\/2023\/06\/SANTONI-Weekender-Taupe-41644.png","contentUrl":"https:\/\/www.voustenshoes.com\/wp-content\/uploads\/2023\/06\/SANTONI-Weekender-Taupe-41644.png","width":1920,"height":1920},{"@type":"BreadcrumbList","@id":"https:\/\/www.voustenshoes.com\/de\/santoni-weekender-taupe-41644-2\/#breadcrumb","itemListElement":[{"@type":"ListItem","position":1,"name":"Home","item":"https:\/\/www.voustenshoes.com\/de\/"},{"@type":"ListItem","position":2,"name":"Shop","item":"https:\/\/www.voustenshoes.com\/de\/shop\/"},{"@type":"ListItem","position":3,"name":"SANTONI &#8211; Weekender Taupe (41644)"}]},{"@type":"WebSite","@id":"https:\/\/www.voustenshoes.com\/nl\/#website","url":"https:\/\/www.voustenshoes.com\/nl\/","name":"Vousten Shoes","description":"","potentialAction":[{"@type":"SearchAction","target":{"@type":"EntryPoint","urlTemplate":"https:\/\/www.voustenshoes.com\/nl\/?s={search_term_string}"},"query-input":{"@type":"PropertyValueSpecification","valueRequired":true,"valueName":"search_term_string"}}],"inLanguage":"de-DE"}]}},"_links":{"self":[{"href":"https:\/\/www.voustenshoes.com\/de\/wp-json\/wp\/v2\/product\/219020","targetHints":{"allow":["GET"]}}],"collection":[{"href":"https:\/\/www.voustenshoes.com\/de\/wp-json\/wp\/v2\/product"}],"about":[{"href":"https:\/\/www.voustenshoes.com\/de\/wp-json\/wp\/v2\/types\/product"}],"replies":[{"embeddable":true,"href":"https:\/\/www.voustenshoes.com\/de\/wp-json\/wp\/v2\/comments?post=219020"}],"wp:featuredmedia":[{"embeddable":true,"href":"https:\/\/www.voustenshoes.com\/de\/wp-json\/wp\/v2\/media\/218940"}],"wp:attachment":[{"href":"https:\/\/www.voustenshoes.com\/de\/wp-json\/wp\/v2\/media?parent=219020"}],"wp:term":[{"taxonomy":"product_cat","embeddable":true,"href":"https:\/\/www.voustenshoes.com\/de\/wp-json\/wp\/v2\/product_cat?post=219020"},{"taxonomy":"product_tag","embeddable":true,"href":"https:\/\/www.voustenshoes.com\/de\/wp-json\/wp\/v2\/product_tag?post=219020"}],"curies":[{"name":"wp","href":"https:\/\/api.w.org\/{rel}","templated":true}]}}