{"id":219172,"date":"2025-08-13T16:15:34","date_gmt":"2025-08-13T14:15:34","guid":{"rendered":"https:\/\/www.voustenshoes.com\/santoni-kosmetiketui-dunkel-braun-41675\/"},"modified":"2026-02-05T11:28:57","modified_gmt":"2026-02-05T10:28:57","slug":"santoni-kosmetiketui-dunkel-braun-41675","status":"publish","type":"product","link":"https:\/\/www.voustenshoes.com\/de\/santoni-kosmetiketui-dunkel-braun-41675\/","title":{"rendered":"SANTONI &#8211; Kosmetiketui dunkel Braun (41675)"},"content":{"rendered":"<div>Dieses elegante, schlichte Santoni Kosmetiketui ist aus einer edlen Kombination aus gewalktem und glattem Leder gefertigt, letzteres mit dem charakteristischen \u201eVelatura\u201c-Finish der Maison. Zwei Innenf\u00e4cher und ein Rei\u00dfverschlussfach vorne erm\u00f6glichen die \u00fcbersichtliche Aufbewahrung Ihrer Kosmetika. Das Etui verf\u00fcgt au\u00dferdem \u00fcber einen seitlichen Tragegriff zum Aufh\u00e4ngen.<\/div>\n<ul>\n<li>Aus gewalktem Leder<\/li>\n<li>Lederdetails mit \u201eVelatura\u201c-Finish<\/li>\n<li>Farbe: Dunkel Braun<\/li>\n<li>Oberer Tragegriff<\/li>\n<li>Zwei Rei\u00dfverschlussf\u00e4cher<\/li>\n<li>Rei\u00dfverschlussfach vorne<\/li>\n<li>Gepr\u00e4gtes Santoni-Logo<\/li>\n<li>Arancio Santoni Ledern\u00e4hte<\/li>\n<li>Handgefertigt von Santoni in Italien<\/li>\n<li>Artikelnummer: UFPPA2772FOAITBT50<\/li>\n<\/ul>\n","protected":false},"excerpt":{"rendered":"<p>Dieses elegante, schlichte Santoni Kosmetiketui ist aus einer edlen Kombination aus gewalktem und glattem Leder gefertigt, letzteres mit dem charakteristischen \u201eVelatura\u201c-Finish der Maison. Zwei Innenf\u00e4cher und ein Rei\u00dfverschlussfach vorne erm\u00f6glichen die \u00fcbersichtliche Aufbewahrung Ihrer Kosmetika. Das Etui verf\u00fcgt au\u00dferdem \u00fcber einen seitlichen Tragegriff zum Aufh\u00e4ngen. Aus gewalktem Leder Lederdetails mit \u201eVelatura\u201c-Finish Farbe: Dunkel Braun Oberer [&#8230;]\n","protected":false},"featured_media":219116,"comment_status":"open","ping_status":"closed","template":"","meta":{"rank_math_lock_modified_date":false},"product_cat":[1139,1182,1262],"product_tag":[],"class_list":{"0":"post-219172","1":"product","2":"type-product","3":"status-publish","4":"has-post-thumbnail","6":"product_cat-heren-nl-de","7":"product_cat-santoni-nl-de","8":"product_cat-tassen-nl-de","10":"first","11":"instock","12":"taxable","13":"shipping-taxable","14":"purchasable","15":"product-type-variable"},"acf":[],"yoast_head":"<!-- This site is optimized with the Yoast SEO plugin v23.9 - https:\/\/yoast.com\/wordpress\/plugins\/seo\/ -->\n<title>SANTONI - Kosmetiketui dunkel Braun (41675) - Vousten Shoes<\/title>\n<meta name=\"robots\" content=\"index, follow, max-snippet:-1, max-image-preview:large, max-video-preview:-1\" \/>\n<link rel=\"canonical\" href=\"https:\/\/www.voustenshoes.com\/de\/santoni-kosmetiketui-dunkel-braun-41675\/\" \/>\n<meta property=\"og:locale\" content=\"de_DE\" \/>\n<meta property=\"og:type\" content=\"article\" \/>\n<meta property=\"og:title\" content=\"SANTONI - Kosmetiketui dunkel Braun (41675) - Vousten Shoes\" \/>\n<meta property=\"og:description\" content=\"Dieses elegante, schlichte Santoni Kosmetiketui ist aus einer edlen Kombination aus gewalktem und glattem Leder gefertigt, letzteres mit dem charakteristischen \u201eVelatura\u201c-Finish der Maison. Zwei Innenf\u00e4cher und ein Rei\u00dfverschlussfach vorne erm\u00f6glichen die \u00fcbersichtliche Aufbewahrung Ihrer Kosmetika. Das Etui verf\u00fcgt au\u00dferdem \u00fcber einen seitlichen Tragegriff zum Aufh\u00e4ngen. Aus gewalktem Leder Lederdetails mit \u201eVelatura\u201c-Finish Farbe: Dunkel Braun Oberer [...]\" \/>\n<meta property=\"og:url\" content=\"https:\/\/www.voustenshoes.com\/de\/santoni-kosmetiketui-dunkel-braun-41675\/\" \/>\n<meta property=\"og:site_name\" content=\"Vousten Shoes\" \/>\n<meta property=\"article:modified_time\" content=\"2026-02-05T10:28:57+00:00\" \/>\n<meta property=\"og:image\" content=\"https:\/\/www.voustenshoes.com\/wp-content\/uploads\/2023\/06\/SANTONI-Toilettas-donkerbruin-41675.png\" \/>\n\t<meta property=\"og:image:width\" content=\"1920\" \/>\n\t<meta property=\"og:image:height\" content=\"1920\" \/>\n\t<meta property=\"og:image:type\" content=\"image\/png\" \/>\n<meta name=\"twitter:card\" content=\"summary_large_image\" \/>\n<script type=\"application\/ld+json\" class=\"yoast-schema-graph\">{\"@context\":\"https:\/\/schema.org\",\"@graph\":[{\"@type\":\"WebPage\",\"@id\":\"https:\/\/www.voustenshoes.com\/de\/santoni-kosmetiketui-dunkel-braun-41675\/\",\"url\":\"https:\/\/www.voustenshoes.com\/de\/santoni-kosmetiketui-dunkel-braun-41675\/\",\"name\":\"SANTONI - Kosmetiketui dunkel Braun (41675) - Vousten Shoes\",\"isPartOf\":{\"@id\":\"https:\/\/www.voustenshoes.com\/nl\/#website\"},\"primaryImageOfPage\":{\"@id\":\"https:\/\/www.voustenshoes.com\/de\/santoni-kosmetiketui-dunkel-braun-41675\/#primaryimage\"},\"image\":{\"@id\":\"https:\/\/www.voustenshoes.com\/de\/santoni-kosmetiketui-dunkel-braun-41675\/#primaryimage\"},\"thumbnailUrl\":\"https:\/\/www.voustenshoes.com\/wp-content\/uploads\/2023\/06\/SANTONI-Toilettas-donkerbruin-41675.png\",\"datePublished\":\"2025-08-13T14:15:34+00:00\",\"dateModified\":\"2026-02-05T10:28:57+00:00\",\"breadcrumb\":{\"@id\":\"https:\/\/www.voustenshoes.com\/de\/santoni-kosmetiketui-dunkel-braun-41675\/#breadcrumb\"},\"inLanguage\":\"de-DE\",\"potentialAction\":[{\"@type\":\"ReadAction\",\"target\":[\"https:\/\/www.voustenshoes.com\/de\/santoni-kosmetiketui-dunkel-braun-41675\/\"]}]},{\"@type\":\"ImageObject\",\"inLanguage\":\"de-DE\",\"@id\":\"https:\/\/www.voustenshoes.com\/de\/santoni-kosmetiketui-dunkel-braun-41675\/#primaryimage\",\"url\":\"https:\/\/www.voustenshoes.com\/wp-content\/uploads\/2023\/06\/SANTONI-Toilettas-donkerbruin-41675.png\",\"contentUrl\":\"https:\/\/www.voustenshoes.com\/wp-content\/uploads\/2023\/06\/SANTONI-Toilettas-donkerbruin-41675.png\",\"width\":1920,\"height\":1920},{\"@type\":\"BreadcrumbList\",\"@id\":\"https:\/\/www.voustenshoes.com\/de\/santoni-kosmetiketui-dunkel-braun-41675\/#breadcrumb\",\"itemListElement\":[{\"@type\":\"ListItem\",\"position\":1,\"name\":\"Home\",\"item\":\"https:\/\/www.voustenshoes.com\/de\/\"},{\"@type\":\"ListItem\",\"position\":2,\"name\":\"Shop\",\"item\":\"https:\/\/www.voustenshoes.com\/de\/shop\/\"},{\"@type\":\"ListItem\",\"position\":3,\"name\":\"SANTONI &#8211; Kosmetiketui dunkel Braun (41675)\"}]},{\"@type\":\"WebSite\",\"@id\":\"https:\/\/www.voustenshoes.com\/nl\/#website\",\"url\":\"https:\/\/www.voustenshoes.com\/nl\/\",\"name\":\"Vousten Shoes\",\"description\":\"\",\"potentialAction\":[{\"@type\":\"SearchAction\",\"target\":{\"@type\":\"EntryPoint\",\"urlTemplate\":\"https:\/\/www.voustenshoes.com\/nl\/?s={search_term_string}\"},\"query-input\":{\"@type\":\"PropertyValueSpecification\",\"valueRequired\":true,\"valueName\":\"search_term_string\"}}],\"inLanguage\":\"de-DE\"}]}<\/script>\n<!-- \/ Yoast SEO plugin. -->","yoast_head_json":{"title":"SANTONI - Kosmetiketui dunkel Braun (41675) - Vousten Shoes","robots":{"index":"index","follow":"follow","max-snippet":"max-snippet:-1","max-image-preview":"max-image-preview:large","max-video-preview":"max-video-preview:-1"},"canonical":"https:\/\/www.voustenshoes.com\/de\/santoni-kosmetiketui-dunkel-braun-41675\/","og_locale":"de_DE","og_type":"article","og_title":"SANTONI - Kosmetiketui dunkel Braun (41675) - Vousten Shoes","og_description":"Dieses elegante, schlichte Santoni Kosmetiketui ist aus einer edlen Kombination aus gewalktem und glattem Leder gefertigt, letzteres mit dem charakteristischen \u201eVelatura\u201c-Finish der Maison. Zwei Innenf\u00e4cher und ein Rei\u00dfverschlussfach vorne erm\u00f6glichen die \u00fcbersichtliche Aufbewahrung Ihrer Kosmetika. Das Etui verf\u00fcgt au\u00dferdem \u00fcber einen seitlichen Tragegriff zum Aufh\u00e4ngen. Aus gewalktem Leder Lederdetails mit \u201eVelatura\u201c-Finish Farbe: Dunkel Braun Oberer [...]","og_url":"https:\/\/www.voustenshoes.com\/de\/santoni-kosmetiketui-dunkel-braun-41675\/","og_site_name":"Vousten Shoes","article_modified_time":"2026-02-05T10:28:57+00:00","og_image":[{"width":1920,"height":1920,"url":"https:\/\/www.voustenshoes.com\/wp-content\/uploads\/2023\/06\/SANTONI-Toilettas-donkerbruin-41675.png","type":"image\/png"}],"twitter_card":"summary_large_image","schema":{"@context":"https:\/\/schema.org","@graph":[{"@type":"WebPage","@id":"https:\/\/www.voustenshoes.com\/de\/santoni-kosmetiketui-dunkel-braun-41675\/","url":"https:\/\/www.voustenshoes.com\/de\/santoni-kosmetiketui-dunkel-braun-41675\/","name":"SANTONI - Kosmetiketui dunkel Braun (41675) - Vousten Shoes","isPartOf":{"@id":"https:\/\/www.voustenshoes.com\/nl\/#website"},"primaryImageOfPage":{"@id":"https:\/\/www.voustenshoes.com\/de\/santoni-kosmetiketui-dunkel-braun-41675\/#primaryimage"},"image":{"@id":"https:\/\/www.voustenshoes.com\/de\/santoni-kosmetiketui-dunkel-braun-41675\/#primaryimage"},"thumbnailUrl":"https:\/\/www.voustenshoes.com\/wp-content\/uploads\/2023\/06\/SANTONI-Toilettas-donkerbruin-41675.png","datePublished":"2025-08-13T14:15:34+00:00","dateModified":"2026-02-05T10:28:57+00:00","breadcrumb":{"@id":"https:\/\/www.voustenshoes.com\/de\/santoni-kosmetiketui-dunkel-braun-41675\/#breadcrumb"},"inLanguage":"de-DE","potentialAction":[{"@type":"ReadAction","target":["https:\/\/www.voustenshoes.com\/de\/santoni-kosmetiketui-dunkel-braun-41675\/"]}]},{"@type":"ImageObject","inLanguage":"de-DE","@id":"https:\/\/www.voustenshoes.com\/de\/santoni-kosmetiketui-dunkel-braun-41675\/#primaryimage","url":"https:\/\/www.voustenshoes.com\/wp-content\/uploads\/2023\/06\/SANTONI-Toilettas-donkerbruin-41675.png","contentUrl":"https:\/\/www.voustenshoes.com\/wp-content\/uploads\/2023\/06\/SANTONI-Toilettas-donkerbruin-41675.png","width":1920,"height":1920},{"@type":"BreadcrumbList","@id":"https:\/\/www.voustenshoes.com\/de\/santoni-kosmetiketui-dunkel-braun-41675\/#breadcrumb","itemListElement":[{"@type":"ListItem","position":1,"name":"Home","item":"https:\/\/www.voustenshoes.com\/de\/"},{"@type":"ListItem","position":2,"name":"Shop","item":"https:\/\/www.voustenshoes.com\/de\/shop\/"},{"@type":"ListItem","position":3,"name":"SANTONI &#8211; Kosmetiketui dunkel Braun (41675)"}]},{"@type":"WebSite","@id":"https:\/\/www.voustenshoes.com\/nl\/#website","url":"https:\/\/www.voustenshoes.com\/nl\/","name":"Vousten Shoes","description":"","potentialAction":[{"@type":"SearchAction","target":{"@type":"EntryPoint","urlTemplate":"https:\/\/www.voustenshoes.com\/nl\/?s={search_term_string}"},"query-input":{"@type":"PropertyValueSpecification","valueRequired":true,"valueName":"search_term_string"}}],"inLanguage":"de-DE"}]}},"_links":{"self":[{"href":"https:\/\/www.voustenshoes.com\/de\/wp-json\/wp\/v2\/product\/219172","targetHints":{"allow":["GET"]}}],"collection":[{"href":"https:\/\/www.voustenshoes.com\/de\/wp-json\/wp\/v2\/product"}],"about":[{"href":"https:\/\/www.voustenshoes.com\/de\/wp-json\/wp\/v2\/types\/product"}],"replies":[{"embeddable":true,"href":"https:\/\/www.voustenshoes.com\/de\/wp-json\/wp\/v2\/comments?post=219172"}],"wp:featuredmedia":[{"embeddable":true,"href":"https:\/\/www.voustenshoes.com\/de\/wp-json\/wp\/v2\/media\/219116"}],"wp:attachment":[{"href":"https:\/\/www.voustenshoes.com\/de\/wp-json\/wp\/v2\/media?parent=219172"}],"wp:term":[{"taxonomy":"product_cat","embeddable":true,"href":"https:\/\/www.voustenshoes.com\/de\/wp-json\/wp\/v2\/product_cat?post=219172"},{"taxonomy":"product_tag","embeddable":true,"href":"https:\/\/www.voustenshoes.com\/de\/wp-json\/wp\/v2\/product_tag?post=219172"}],"curies":[{"name":"wp","href":"https:\/\/api.w.org\/{rel}","templated":true}]}}