{"id":219646,"date":"2025-08-23T14:39:31","date_gmt":"2025-08-23T12:39:31","guid":{"rendered":"https:\/\/www.voustenshoes.com\/santoni-jules-41636-2\/"},"modified":"2026-02-05T11:28:32","modified_gmt":"2026-02-05T10:28:32","slug":"santoni-jules-41636-2","status":"publish","type":"product","link":"https:\/\/www.voustenshoes.com\/de\/santoni-jules-41636-2\/","title":{"rendered":"SANTONI &#8211; Jules (41636)"},"content":{"rendered":"<div>Diese High-Top-Sneaker aus Wildleder haben einen l\u00e4ssigen Look.<\/div>\n<ul>\n<li>Weite: Standard bis locker<\/li>\n<li>Verschluss: Schn\u00fcrsenkel + Rei\u00dfverschluss<\/li>\n<li>Details: Ziern\u00e4hte<\/li>\n<li>Farbe: Braun<\/li>\n<li>Futter: Leder<\/li>\n<li>Sohlenkonstruktion: Gummi<\/li>\n<li>Standardgr\u00f6\u00dfe<\/li>\n<li>Diese Santoni-Schuhe werden in Italien handgefertigt.<\/li>\n<li>Wird im Originalkarton von Santoni mit Staubschutzbeutel geliefert.<\/li>\n<\/ul>\n","protected":false},"excerpt":{"rendered":"<p>Diese High-Top-Sneaker aus Wildleder haben einen l\u00e4ssigen Look. Weite: Standard bis locker Verschluss: Schn\u00fcrsenkel + Rei\u00dfverschluss Details: Ziern\u00e4hte Farbe: Braun Futter: Leder Sohlenkonstruktion: Gummi Standardgr\u00f6\u00dfe Diese Santoni-Schuhe werden in Italien handgefertigt. Wird im Originalkarton von Santoni mit Staubschutzbeutel geliefert.<\/p>\n","protected":false},"featured_media":219574,"comment_status":"open","ping_status":"closed","template":"","meta":{"rank_math_lock_modified_date":false},"product_cat":[1123,1132,1139,1174,1182,1245,1252,1269,1308,1349,1434,1442],"product_tag":[],"class_list":{"0":"post-219646","1":"product","2":"type-product","3":"status-publish","4":"has-post-thumbnail","6":"product_cat-hoge-santoni-sneakers-en-2-de","7":"product_cat-herenschoenen-nl-de","8":"product_cat-heren-nl-de","9":"product_cat-schoenen-nl-de","10":"product_cat-santoni-nl-de","11":"product_cat-winterschoenen-nl-de","12":"product_cat-vousten-sports-nl-de","13":"product_cat-sneakers-nl-de","14":"product_cat-hoge-sneakers-de","15":"product_cat-veterschoenen-de","16":"product_cat-kleding-de","17":"product_cat-ritssluiting-schoenen-de","19":"first","20":"instock","21":"taxable","22":"shipping-taxable","23":"purchasable","24":"product-type-variable"},"acf":[],"yoast_head":"<!-- This site is optimized with the Yoast SEO plugin v23.9 - https:\/\/yoast.com\/wordpress\/plugins\/seo\/ -->\n<title>SANTONI - Jules (41636) - Vousten Shoes<\/title>\n<meta name=\"robots\" content=\"index, follow, max-snippet:-1, max-image-preview:large, max-video-preview:-1\" \/>\n<link rel=\"canonical\" href=\"https:\/\/www.voustenshoes.com\/de\/santoni-jules-41636-2\/\" \/>\n<meta property=\"og:locale\" content=\"de_DE\" \/>\n<meta property=\"og:type\" content=\"article\" \/>\n<meta property=\"og:title\" content=\"SANTONI - Jules (41636) - Vousten Shoes\" \/>\n<meta property=\"og:description\" content=\"Diese High-Top-Sneaker aus Wildleder haben einen l\u00e4ssigen Look. Weite: Standard bis locker Verschluss: Schn\u00fcrsenkel + Rei\u00dfverschluss Details: Ziern\u00e4hte Farbe: Braun Futter: Leder Sohlenkonstruktion: Gummi Standardgr\u00f6\u00dfe Diese Santoni-Schuhe werden in Italien handgefertigt. Wird im Originalkarton von Santoni mit Staubschutzbeutel geliefert.\" \/>\n<meta property=\"og:url\" content=\"https:\/\/www.voustenshoes.com\/de\/santoni-jules-41636-2\/\" \/>\n<meta property=\"og:site_name\" content=\"Vousten Shoes\" \/>\n<meta property=\"article:modified_time\" content=\"2026-02-05T10:28:32+00:00\" \/>\n<meta property=\"og:image\" content=\"https:\/\/www.voustenshoes.com\/wp-content\/uploads\/2023\/06\/SANTONI-Jules-41636.png\" \/>\n\t<meta property=\"og:image:width\" content=\"1365\" \/>\n\t<meta property=\"og:image:height\" content=\"1365\" \/>\n\t<meta property=\"og:image:type\" content=\"image\/png\" \/>\n<meta name=\"twitter:card\" content=\"summary_large_image\" \/>\n<script type=\"application\/ld+json\" class=\"yoast-schema-graph\">{\"@context\":\"https:\/\/schema.org\",\"@graph\":[{\"@type\":\"WebPage\",\"@id\":\"https:\/\/www.voustenshoes.com\/de\/santoni-jules-41636-2\/\",\"url\":\"https:\/\/www.voustenshoes.com\/de\/santoni-jules-41636-2\/\",\"name\":\"SANTONI - Jules (41636) - Vousten Shoes\",\"isPartOf\":{\"@id\":\"https:\/\/www.voustenshoes.com\/nl\/#website\"},\"primaryImageOfPage\":{\"@id\":\"https:\/\/www.voustenshoes.com\/de\/santoni-jules-41636-2\/#primaryimage\"},\"image\":{\"@id\":\"https:\/\/www.voustenshoes.com\/de\/santoni-jules-41636-2\/#primaryimage\"},\"thumbnailUrl\":\"https:\/\/www.voustenshoes.com\/wp-content\/uploads\/2023\/06\/SANTONI-Jules-41636.png\",\"datePublished\":\"2025-08-23T12:39:31+00:00\",\"dateModified\":\"2026-02-05T10:28:32+00:00\",\"breadcrumb\":{\"@id\":\"https:\/\/www.voustenshoes.com\/de\/santoni-jules-41636-2\/#breadcrumb\"},\"inLanguage\":\"de-DE\",\"potentialAction\":[{\"@type\":\"ReadAction\",\"target\":[\"https:\/\/www.voustenshoes.com\/de\/santoni-jules-41636-2\/\"]}]},{\"@type\":\"ImageObject\",\"inLanguage\":\"de-DE\",\"@id\":\"https:\/\/www.voustenshoes.com\/de\/santoni-jules-41636-2\/#primaryimage\",\"url\":\"https:\/\/www.voustenshoes.com\/wp-content\/uploads\/2023\/06\/SANTONI-Jules-41636.png\",\"contentUrl\":\"https:\/\/www.voustenshoes.com\/wp-content\/uploads\/2023\/06\/SANTONI-Jules-41636.png\",\"width\":1365,\"height\":1365},{\"@type\":\"BreadcrumbList\",\"@id\":\"https:\/\/www.voustenshoes.com\/de\/santoni-jules-41636-2\/#breadcrumb\",\"itemListElement\":[{\"@type\":\"ListItem\",\"position\":1,\"name\":\"Home\",\"item\":\"https:\/\/www.voustenshoes.com\/de\/\"},{\"@type\":\"ListItem\",\"position\":2,\"name\":\"Shop\",\"item\":\"https:\/\/www.voustenshoes.com\/de\/shop\/\"},{\"@type\":\"ListItem\",\"position\":3,\"name\":\"SANTONI &#8211; Jules (41636)\"}]},{\"@type\":\"WebSite\",\"@id\":\"https:\/\/www.voustenshoes.com\/nl\/#website\",\"url\":\"https:\/\/www.voustenshoes.com\/nl\/\",\"name\":\"Vousten Shoes\",\"description\":\"\",\"potentialAction\":[{\"@type\":\"SearchAction\",\"target\":{\"@type\":\"EntryPoint\",\"urlTemplate\":\"https:\/\/www.voustenshoes.com\/nl\/?s={search_term_string}\"},\"query-input\":{\"@type\":\"PropertyValueSpecification\",\"valueRequired\":true,\"valueName\":\"search_term_string\"}}],\"inLanguage\":\"de-DE\"}]}<\/script>\n<!-- \/ Yoast SEO plugin. -->","yoast_head_json":{"title":"SANTONI - Jules (41636) - Vousten Shoes","robots":{"index":"index","follow":"follow","max-snippet":"max-snippet:-1","max-image-preview":"max-image-preview:large","max-video-preview":"max-video-preview:-1"},"canonical":"https:\/\/www.voustenshoes.com\/de\/santoni-jules-41636-2\/","og_locale":"de_DE","og_type":"article","og_title":"SANTONI - Jules (41636) - Vousten Shoes","og_description":"Diese High-Top-Sneaker aus Wildleder haben einen l\u00e4ssigen Look. Weite: Standard bis locker Verschluss: Schn\u00fcrsenkel + Rei\u00dfverschluss Details: Ziern\u00e4hte Farbe: Braun Futter: Leder Sohlenkonstruktion: Gummi Standardgr\u00f6\u00dfe Diese Santoni-Schuhe werden in Italien handgefertigt. Wird im Originalkarton von Santoni mit Staubschutzbeutel geliefert.","og_url":"https:\/\/www.voustenshoes.com\/de\/santoni-jules-41636-2\/","og_site_name":"Vousten Shoes","article_modified_time":"2026-02-05T10:28:32+00:00","og_image":[{"width":1365,"height":1365,"url":"https:\/\/www.voustenshoes.com\/wp-content\/uploads\/2023\/06\/SANTONI-Jules-41636.png","type":"image\/png"}],"twitter_card":"summary_large_image","schema":{"@context":"https:\/\/schema.org","@graph":[{"@type":"WebPage","@id":"https:\/\/www.voustenshoes.com\/de\/santoni-jules-41636-2\/","url":"https:\/\/www.voustenshoes.com\/de\/santoni-jules-41636-2\/","name":"SANTONI - Jules (41636) - Vousten Shoes","isPartOf":{"@id":"https:\/\/www.voustenshoes.com\/nl\/#website"},"primaryImageOfPage":{"@id":"https:\/\/www.voustenshoes.com\/de\/santoni-jules-41636-2\/#primaryimage"},"image":{"@id":"https:\/\/www.voustenshoes.com\/de\/santoni-jules-41636-2\/#primaryimage"},"thumbnailUrl":"https:\/\/www.voustenshoes.com\/wp-content\/uploads\/2023\/06\/SANTONI-Jules-41636.png","datePublished":"2025-08-23T12:39:31+00:00","dateModified":"2026-02-05T10:28:32+00:00","breadcrumb":{"@id":"https:\/\/www.voustenshoes.com\/de\/santoni-jules-41636-2\/#breadcrumb"},"inLanguage":"de-DE","potentialAction":[{"@type":"ReadAction","target":["https:\/\/www.voustenshoes.com\/de\/santoni-jules-41636-2\/"]}]},{"@type":"ImageObject","inLanguage":"de-DE","@id":"https:\/\/www.voustenshoes.com\/de\/santoni-jules-41636-2\/#primaryimage","url":"https:\/\/www.voustenshoes.com\/wp-content\/uploads\/2023\/06\/SANTONI-Jules-41636.png","contentUrl":"https:\/\/www.voustenshoes.com\/wp-content\/uploads\/2023\/06\/SANTONI-Jules-41636.png","width":1365,"height":1365},{"@type":"BreadcrumbList","@id":"https:\/\/www.voustenshoes.com\/de\/santoni-jules-41636-2\/#breadcrumb","itemListElement":[{"@type":"ListItem","position":1,"name":"Home","item":"https:\/\/www.voustenshoes.com\/de\/"},{"@type":"ListItem","position":2,"name":"Shop","item":"https:\/\/www.voustenshoes.com\/de\/shop\/"},{"@type":"ListItem","position":3,"name":"SANTONI &#8211; Jules (41636)"}]},{"@type":"WebSite","@id":"https:\/\/www.voustenshoes.com\/nl\/#website","url":"https:\/\/www.voustenshoes.com\/nl\/","name":"Vousten Shoes","description":"","potentialAction":[{"@type":"SearchAction","target":{"@type":"EntryPoint","urlTemplate":"https:\/\/www.voustenshoes.com\/nl\/?s={search_term_string}"},"query-input":{"@type":"PropertyValueSpecification","valueRequired":true,"valueName":"search_term_string"}}],"inLanguage":"de-DE"}]}},"_links":{"self":[{"href":"https:\/\/www.voustenshoes.com\/de\/wp-json\/wp\/v2\/product\/219646","targetHints":{"allow":["GET"]}}],"collection":[{"href":"https:\/\/www.voustenshoes.com\/de\/wp-json\/wp\/v2\/product"}],"about":[{"href":"https:\/\/www.voustenshoes.com\/de\/wp-json\/wp\/v2\/types\/product"}],"replies":[{"embeddable":true,"href":"https:\/\/www.voustenshoes.com\/de\/wp-json\/wp\/v2\/comments?post=219646"}],"wp:featuredmedia":[{"embeddable":true,"href":"https:\/\/www.voustenshoes.com\/de\/wp-json\/wp\/v2\/media\/219574"}],"wp:attachment":[{"href":"https:\/\/www.voustenshoes.com\/de\/wp-json\/wp\/v2\/media?parent=219646"}],"wp:term":[{"taxonomy":"product_cat","embeddable":true,"href":"https:\/\/www.voustenshoes.com\/de\/wp-json\/wp\/v2\/product_cat?post=219646"},{"taxonomy":"product_tag","embeddable":true,"href":"https:\/\/www.voustenshoes.com\/de\/wp-json\/wp\/v2\/product_tag?post=219646"}],"curies":[{"name":"wp","href":"https:\/\/api.w.org\/{rel}","templated":true}]}}