{"id":219913,"date":"2025-09-18T11:09:10","date_gmt":"2025-09-18T09:09:10","guid":{"rendered":"https:\/\/www.voustenshoes.com\/santoni-ceintuur-suede-blauw-verloop-41647-2\/"},"modified":"2026-05-12T21:45:08","modified_gmt":"2026-05-12T19:45:08","slug":"santoni-ceintuur-suede-blauw-verloop-41647-2","status":"publish","type":"product","link":"https:\/\/www.voustenshoes.com\/de\/santoni-ceintuur-suede-blauw-verloop-41647-2\/","title":{"rendered":"SANTONI &#8211; G\u00fcrtel aus blauem Wildleder 3,5cm (41647)"},"content":{"rendered":"<h3>Su\u00e9de Santoni G\u00fcrtel in dunkelblauer Farbe.<\/h3>\n<ul>\n<li>Handgefertigt in Italien.<\/li>\n<li>3,5 cm breit.<\/li>\n<li>Standardl\u00e4nge betr\u00e4gt 110 cm.<\/li>\n<li>Einfach mit einer Schraube auf die gew\u00fcnschte L\u00e4nge einstellbar.<\/li>\n<li>Artikelnummer CM35VC003B91EACDU60.<\/li>\n<\/ul>\n<p>Wir k\u00fcrzen den G\u00fcrtel gerne f\u00fcr Sie, wir setzen uns mit Ihnen in Verbindung (ein gek\u00fcrzter G\u00fcrtel kann jedoch nicht zur\u00fcckgegeben werden).<\/p>\n","protected":false},"excerpt":{"rendered":"<p>Su\u00e9de Santoni G\u00fcrtel in dunkelblauer Farbe. Handgefertigt in Italien. 3,5 cm breit. Standardl\u00e4nge betr\u00e4gt 110 cm. Einfach mit einer Schraube auf die gew\u00fcnschte L\u00e4nge einstellbar. Artikelnummer CM35VC003B91EACDU60. Wir k\u00fcrzen den G\u00fcrtel gerne f\u00fcr Sie, wir setzen uns mit Ihnen in Verbindung (ein gek\u00fcrzter G\u00fcrtel kann jedoch nicht zur\u00fcckgegeben werden).<\/p>\n","protected":false},"featured_media":224603,"comment_status":"open","ping_status":"closed","template":"","meta":{"rank_math_lock_modified_date":false},"product_cat":[1190,1113,1139,1182],"product_tag":[],"class_list":{"0":"post-219913","1":"product","2":"type-product","3":"status-publish","4":"has-post-thumbnail","6":"product_cat-riemen-nl-de","7":"product_cat-accessoires-de","8":"product_cat-heren-nl-de","9":"product_cat-santoni-nl-de","11":"first","12":"instock","13":"taxable","14":"shipping-taxable","15":"purchasable","16":"product-type-variable"},"acf":[],"yoast_head":"<!-- This site is optimized with the Yoast SEO plugin v23.9 - https:\/\/yoast.com\/wordpress\/plugins\/seo\/ -->\n<title>SANTONI - G\u00fcrtel aus blauem Wildleder 3,5cm (41647) - Vousten Shoes<\/title>\n<meta name=\"robots\" content=\"index, follow, max-snippet:-1, max-image-preview:large, max-video-preview:-1\" \/>\n<link rel=\"canonical\" href=\"https:\/\/www.voustenshoes.com\/de\/santoni-ceintuur-suede-blauw-verloop-41647-2\/\" \/>\n<meta property=\"og:locale\" content=\"de_DE\" \/>\n<meta property=\"og:type\" content=\"article\" \/>\n<meta property=\"og:title\" content=\"SANTONI - G\u00fcrtel aus blauem Wildleder 3,5cm (41647) - Vousten Shoes\" \/>\n<meta property=\"og:description\" content=\"Su\u00e9de Santoni G\u00fcrtel in dunkelblauer Farbe. Handgefertigt in Italien. 3,5 cm breit. Standardl\u00e4nge betr\u00e4gt 110 cm. Einfach mit einer Schraube auf die gew\u00fcnschte L\u00e4nge einstellbar. Artikelnummer CM35VC003B91EACDU60. Wir k\u00fcrzen den G\u00fcrtel gerne f\u00fcr Sie, wir setzen uns mit Ihnen in Verbindung (ein gek\u00fcrzter G\u00fcrtel kann jedoch nicht zur\u00fcckgegeben werden).\" \/>\n<meta property=\"og:url\" content=\"https:\/\/www.voustenshoes.com\/de\/santoni-ceintuur-suede-blauw-verloop-41647-2\/\" \/>\n<meta property=\"og:site_name\" content=\"Vousten Shoes\" \/>\n<meta property=\"article:modified_time\" content=\"2026-05-12T19:45:08+00:00\" \/>\n<meta property=\"og:image\" content=\"https:\/\/www.voustenshoes.com\/wp-content\/uploads\/2023\/06\/SANTONI-Ceintuur-suede-blauw-35cm-41647.png\" \/>\n\t<meta property=\"og:image:width\" content=\"1365\" \/>\n\t<meta property=\"og:image:height\" content=\"1365\" \/>\n\t<meta property=\"og:image:type\" content=\"image\/png\" \/>\n<meta name=\"twitter:card\" content=\"summary_large_image\" \/>\n<script type=\"application\/ld+json\" class=\"yoast-schema-graph\">{\"@context\":\"https:\/\/schema.org\",\"@graph\":[{\"@type\":\"WebPage\",\"@id\":\"https:\/\/www.voustenshoes.com\/de\/santoni-ceintuur-suede-blauw-verloop-41647-2\/\",\"url\":\"https:\/\/www.voustenshoes.com\/de\/santoni-ceintuur-suede-blauw-verloop-41647-2\/\",\"name\":\"SANTONI - G\u00fcrtel aus blauem Wildleder 3,5cm (41647) - Vousten Shoes\",\"isPartOf\":{\"@id\":\"https:\/\/www.voustenshoes.com\/nl\/#website\"},\"primaryImageOfPage\":{\"@id\":\"https:\/\/www.voustenshoes.com\/de\/santoni-ceintuur-suede-blauw-verloop-41647-2\/#primaryimage\"},\"image\":{\"@id\":\"https:\/\/www.voustenshoes.com\/de\/santoni-ceintuur-suede-blauw-verloop-41647-2\/#primaryimage\"},\"thumbnailUrl\":\"https:\/\/www.voustenshoes.com\/wp-content\/uploads\/2023\/06\/SANTONI-Ceintuur-suede-blauw-35cm-41647.png\",\"datePublished\":\"2025-09-18T09:09:10+00:00\",\"dateModified\":\"2026-05-12T19:45:08+00:00\",\"breadcrumb\":{\"@id\":\"https:\/\/www.voustenshoes.com\/de\/santoni-ceintuur-suede-blauw-verloop-41647-2\/#breadcrumb\"},\"inLanguage\":\"de-DE\",\"potentialAction\":[{\"@type\":\"ReadAction\",\"target\":[\"https:\/\/www.voustenshoes.com\/de\/santoni-ceintuur-suede-blauw-verloop-41647-2\/\"]}]},{\"@type\":\"ImageObject\",\"inLanguage\":\"de-DE\",\"@id\":\"https:\/\/www.voustenshoes.com\/de\/santoni-ceintuur-suede-blauw-verloop-41647-2\/#primaryimage\",\"url\":\"https:\/\/www.voustenshoes.com\/wp-content\/uploads\/2023\/06\/SANTONI-Ceintuur-suede-blauw-35cm-41647.png\",\"contentUrl\":\"https:\/\/www.voustenshoes.com\/wp-content\/uploads\/2023\/06\/SANTONI-Ceintuur-suede-blauw-35cm-41647.png\",\"width\":1365,\"height\":1365},{\"@type\":\"BreadcrumbList\",\"@id\":\"https:\/\/www.voustenshoes.com\/de\/santoni-ceintuur-suede-blauw-verloop-41647-2\/#breadcrumb\",\"itemListElement\":[{\"@type\":\"ListItem\",\"position\":1,\"name\":\"Home\",\"item\":\"https:\/\/www.voustenshoes.com\/de\/\"},{\"@type\":\"ListItem\",\"position\":2,\"name\":\"Shop\",\"item\":\"https:\/\/www.voustenshoes.com\/de\/shop\/\"},{\"@type\":\"ListItem\",\"position\":3,\"name\":\"SANTONI &#8211; G\u00fcrtel aus blauem Wildleder 3,5cm (41647)\"}]},{\"@type\":\"WebSite\",\"@id\":\"https:\/\/www.voustenshoes.com\/nl\/#website\",\"url\":\"https:\/\/www.voustenshoes.com\/nl\/\",\"name\":\"Vousten Shoes\",\"description\":\"\",\"potentialAction\":[{\"@type\":\"SearchAction\",\"target\":{\"@type\":\"EntryPoint\",\"urlTemplate\":\"https:\/\/www.voustenshoes.com\/nl\/?s={search_term_string}\"},\"query-input\":{\"@type\":\"PropertyValueSpecification\",\"valueRequired\":true,\"valueName\":\"search_term_string\"}}],\"inLanguage\":\"de-DE\"}]}<\/script>\n<!-- \/ Yoast SEO plugin. -->","yoast_head_json":{"title":"SANTONI - G\u00fcrtel aus blauem Wildleder 3,5cm (41647) - Vousten Shoes","robots":{"index":"index","follow":"follow","max-snippet":"max-snippet:-1","max-image-preview":"max-image-preview:large","max-video-preview":"max-video-preview:-1"},"canonical":"https:\/\/www.voustenshoes.com\/de\/santoni-ceintuur-suede-blauw-verloop-41647-2\/","og_locale":"de_DE","og_type":"article","og_title":"SANTONI - G\u00fcrtel aus blauem Wildleder 3,5cm (41647) - Vousten Shoes","og_description":"Su\u00e9de Santoni G\u00fcrtel in dunkelblauer Farbe. Handgefertigt in Italien. 3,5 cm breit. Standardl\u00e4nge betr\u00e4gt 110 cm. Einfach mit einer Schraube auf die gew\u00fcnschte L\u00e4nge einstellbar. Artikelnummer CM35VC003B91EACDU60. Wir k\u00fcrzen den G\u00fcrtel gerne f\u00fcr Sie, wir setzen uns mit Ihnen in Verbindung (ein gek\u00fcrzter G\u00fcrtel kann jedoch nicht zur\u00fcckgegeben werden).","og_url":"https:\/\/www.voustenshoes.com\/de\/santoni-ceintuur-suede-blauw-verloop-41647-2\/","og_site_name":"Vousten Shoes","article_modified_time":"2026-05-12T19:45:08+00:00","og_image":[{"width":1365,"height":1365,"url":"https:\/\/www.voustenshoes.com\/wp-content\/uploads\/2023\/06\/SANTONI-Ceintuur-suede-blauw-35cm-41647.png","type":"image\/png"}],"twitter_card":"summary_large_image","schema":{"@context":"https:\/\/schema.org","@graph":[{"@type":"WebPage","@id":"https:\/\/www.voustenshoes.com\/de\/santoni-ceintuur-suede-blauw-verloop-41647-2\/","url":"https:\/\/www.voustenshoes.com\/de\/santoni-ceintuur-suede-blauw-verloop-41647-2\/","name":"SANTONI - G\u00fcrtel aus blauem Wildleder 3,5cm (41647) - Vousten Shoes","isPartOf":{"@id":"https:\/\/www.voustenshoes.com\/nl\/#website"},"primaryImageOfPage":{"@id":"https:\/\/www.voustenshoes.com\/de\/santoni-ceintuur-suede-blauw-verloop-41647-2\/#primaryimage"},"image":{"@id":"https:\/\/www.voustenshoes.com\/de\/santoni-ceintuur-suede-blauw-verloop-41647-2\/#primaryimage"},"thumbnailUrl":"https:\/\/www.voustenshoes.com\/wp-content\/uploads\/2023\/06\/SANTONI-Ceintuur-suede-blauw-35cm-41647.png","datePublished":"2025-09-18T09:09:10+00:00","dateModified":"2026-05-12T19:45:08+00:00","breadcrumb":{"@id":"https:\/\/www.voustenshoes.com\/de\/santoni-ceintuur-suede-blauw-verloop-41647-2\/#breadcrumb"},"inLanguage":"de-DE","potentialAction":[{"@type":"ReadAction","target":["https:\/\/www.voustenshoes.com\/de\/santoni-ceintuur-suede-blauw-verloop-41647-2\/"]}]},{"@type":"ImageObject","inLanguage":"de-DE","@id":"https:\/\/www.voustenshoes.com\/de\/santoni-ceintuur-suede-blauw-verloop-41647-2\/#primaryimage","url":"https:\/\/www.voustenshoes.com\/wp-content\/uploads\/2023\/06\/SANTONI-Ceintuur-suede-blauw-35cm-41647.png","contentUrl":"https:\/\/www.voustenshoes.com\/wp-content\/uploads\/2023\/06\/SANTONI-Ceintuur-suede-blauw-35cm-41647.png","width":1365,"height":1365},{"@type":"BreadcrumbList","@id":"https:\/\/www.voustenshoes.com\/de\/santoni-ceintuur-suede-blauw-verloop-41647-2\/#breadcrumb","itemListElement":[{"@type":"ListItem","position":1,"name":"Home","item":"https:\/\/www.voustenshoes.com\/de\/"},{"@type":"ListItem","position":2,"name":"Shop","item":"https:\/\/www.voustenshoes.com\/de\/shop\/"},{"@type":"ListItem","position":3,"name":"SANTONI &#8211; G\u00fcrtel aus blauem Wildleder 3,5cm (41647)"}]},{"@type":"WebSite","@id":"https:\/\/www.voustenshoes.com\/nl\/#website","url":"https:\/\/www.voustenshoes.com\/nl\/","name":"Vousten Shoes","description":"","potentialAction":[{"@type":"SearchAction","target":{"@type":"EntryPoint","urlTemplate":"https:\/\/www.voustenshoes.com\/nl\/?s={search_term_string}"},"query-input":{"@type":"PropertyValueSpecification","valueRequired":true,"valueName":"search_term_string"}}],"inLanguage":"de-DE"}]}},"_links":{"self":[{"href":"https:\/\/www.voustenshoes.com\/de\/wp-json\/wp\/v2\/product\/219913","targetHints":{"allow":["GET"]}}],"collection":[{"href":"https:\/\/www.voustenshoes.com\/de\/wp-json\/wp\/v2\/product"}],"about":[{"href":"https:\/\/www.voustenshoes.com\/de\/wp-json\/wp\/v2\/types\/product"}],"replies":[{"embeddable":true,"href":"https:\/\/www.voustenshoes.com\/de\/wp-json\/wp\/v2\/comments?post=219913"}],"wp:featuredmedia":[{"embeddable":true,"href":"https:\/\/www.voustenshoes.com\/de\/wp-json\/wp\/v2\/media\/224603"}],"wp:attachment":[{"href":"https:\/\/www.voustenshoes.com\/de\/wp-json\/wp\/v2\/media?parent=219913"}],"wp:term":[{"taxonomy":"product_cat","embeddable":true,"href":"https:\/\/www.voustenshoes.com\/de\/wp-json\/wp\/v2\/product_cat?post=219913"},{"taxonomy":"product_tag","embeddable":true,"href":"https:\/\/www.voustenshoes.com\/de\/wp-json\/wp\/v2\/product_tag?post=219913"}],"curies":[{"name":"wp","href":"https:\/\/api.w.org\/{rel}","templated":true}]}}