{"id":220073,"date":"2025-09-25T00:12:24","date_gmt":"2025-09-24T22:12:24","guid":{"rendered":"https:\/\/www.voustenshoes.com\/santoni-yves-41749-2\/"},"modified":"2026-03-21T01:30:08","modified_gmt":"2026-03-21T00:30:08","slug":"santoni-yves-41749-2","status":"publish","type":"product","link":"https:\/\/www.voustenshoes.com\/de\/santoni-yves-41749-2\/","title":{"rendered":"SANTONI &#8211; Yves (41749)"},"content":{"rendered":"<div>\n<div>Diese Lederstiefelette hat Schn\u00fcrsenkel.<\/p>\n<\/div>\n<div>Santoni interpretiert das zeitlose Design des W\u00fcstenstiefels mit einer leichten Konstruktion und trendigen Details neu, die sorgf\u00e4ltig ausgew\u00e4hlt wurden, um seine moderne Seite hervorzuheben. Diese Version ist aus Wildleder gefertigt und besticht durch eine schlanke und dennoch strapazierf\u00e4hige Silhouette mit einer dicken Profilsohle aus Gummi.<\/p>\n<\/div>\n<ul>\n<li>Weite: Standard bis Weit<\/li>\n<li>Verschluss: Schn\u00fcrsenkel<\/li>\n<li>Details: Ziern\u00e4hte<\/li>\n<li>Au\u00dfenmaterial: Wildleder<\/li>\n<li>Innenmaterial: Leder<\/li>\n<li>Sohlenkonstruktion: Gummi<\/li>\n<li>Standardgr\u00f6\u00dfe<\/li>\n<li>Diese Santoni-Schuhe werden in Italien handgefertigt.<\/li>\n<li>Lieferung in der Originalverpackung von Santoni mit passendem Staubbeutel.<\/li>\n<\/ul>\n<div><\/div>\n<\/div>\n<div><\/div>\n","protected":false},"excerpt":{"rendered":"<p>Diese Lederstiefelette hat Schn\u00fcrsenkel. Santoni interpretiert das zeitlose Design des W\u00fcstenstiefels mit einer leichten Konstruktion und trendigen Details neu, die sorgf\u00e4ltig ausgew\u00e4hlt wurden, um seine moderne Seite hervorzuheben. Diese Version ist aus Wildleder gefertigt und besticht durch eine schlanke und dennoch strapazierf\u00e4hige Silhouette mit einer dicken Profilsohle aus Gummi. Weite: Standard bis Weit Verschluss: Schn\u00fcrsenkel [&#8230;]\n","protected":false},"featured_media":220009,"comment_status":"open","ping_status":"closed","template":"","meta":{"rank_math_lock_modified_date":false},"product_cat":[1258,1349,1132,1139,1168,1174,1182,1245,1252],"product_tag":[],"class_list":{"0":"post-220073","1":"product","2":"type-product","3":"status-publish","4":"has-post-thumbnail","6":"product_cat-veter-en-gespschoenen-nl-de","7":"product_cat-veterschoenen-de","8":"product_cat-herenschoenen-nl-de","9":"product_cat-heren-nl-de","10":"product_cat-boots-nl-de","11":"product_cat-schoenen-nl-de","12":"product_cat-santoni-nl-de","13":"product_cat-winterschoenen-nl-de","14":"product_cat-vousten-sports-nl-de","16":"first","17":"instock","18":"taxable","19":"shipping-taxable","20":"purchasable","21":"product-type-variable"},"acf":[],"yoast_head":"<!-- This site is optimized with the Yoast SEO plugin v23.9 - https:\/\/yoast.com\/wordpress\/plugins\/seo\/ -->\n<title>SANTONI - Yves (41749) - Vousten Shoes<\/title>\n<meta name=\"robots\" content=\"index, follow, max-snippet:-1, max-image-preview:large, max-video-preview:-1\" \/>\n<link rel=\"canonical\" href=\"https:\/\/www.voustenshoes.com\/de\/santoni-yves-41749-2\/\" \/>\n<meta property=\"og:locale\" content=\"de_DE\" \/>\n<meta property=\"og:type\" content=\"article\" \/>\n<meta property=\"og:title\" content=\"SANTONI - Yves (41749) - Vousten Shoes\" \/>\n<meta property=\"og:description\" content=\"Diese Lederstiefelette hat Schn\u00fcrsenkel. Santoni interpretiert das zeitlose Design des W\u00fcstenstiefels mit einer leichten Konstruktion und trendigen Details neu, die sorgf\u00e4ltig ausgew\u00e4hlt wurden, um seine moderne Seite hervorzuheben. Diese Version ist aus Wildleder gefertigt und besticht durch eine schlanke und dennoch strapazierf\u00e4hige Silhouette mit einer dicken Profilsohle aus Gummi. Weite: Standard bis Weit Verschluss: Schn\u00fcrsenkel [...]\" \/>\n<meta property=\"og:url\" content=\"https:\/\/www.voustenshoes.com\/de\/santoni-yves-41749-2\/\" \/>\n<meta property=\"og:site_name\" content=\"Vousten Shoes\" \/>\n<meta property=\"article:modified_time\" content=\"2026-03-21T00:30:08+00:00\" \/>\n<meta property=\"og:image\" content=\"https:\/\/www.voustenshoes.com\/wp-content\/uploads\/2023\/06\/Santoni-Yves-41749.png\" \/>\n\t<meta property=\"og:image:width\" content=\"1365\" \/>\n\t<meta property=\"og:image:height\" content=\"1365\" \/>\n\t<meta property=\"og:image:type\" content=\"image\/png\" \/>\n<meta name=\"twitter:card\" content=\"summary_large_image\" \/>\n<script type=\"application\/ld+json\" class=\"yoast-schema-graph\">{\"@context\":\"https:\/\/schema.org\",\"@graph\":[{\"@type\":\"WebPage\",\"@id\":\"https:\/\/www.voustenshoes.com\/de\/santoni-yves-41749-2\/\",\"url\":\"https:\/\/www.voustenshoes.com\/de\/santoni-yves-41749-2\/\",\"name\":\"SANTONI - Yves (41749) - Vousten Shoes\",\"isPartOf\":{\"@id\":\"https:\/\/www.voustenshoes.com\/nl\/#website\"},\"primaryImageOfPage\":{\"@id\":\"https:\/\/www.voustenshoes.com\/de\/santoni-yves-41749-2\/#primaryimage\"},\"image\":{\"@id\":\"https:\/\/www.voustenshoes.com\/de\/santoni-yves-41749-2\/#primaryimage\"},\"thumbnailUrl\":\"https:\/\/www.voustenshoes.com\/wp-content\/uploads\/2023\/06\/Santoni-Yves-41749.png\",\"datePublished\":\"2025-09-24T22:12:24+00:00\",\"dateModified\":\"2026-03-21T00:30:08+00:00\",\"breadcrumb\":{\"@id\":\"https:\/\/www.voustenshoes.com\/de\/santoni-yves-41749-2\/#breadcrumb\"},\"inLanguage\":\"de-DE\",\"potentialAction\":[{\"@type\":\"ReadAction\",\"target\":[\"https:\/\/www.voustenshoes.com\/de\/santoni-yves-41749-2\/\"]}]},{\"@type\":\"ImageObject\",\"inLanguage\":\"de-DE\",\"@id\":\"https:\/\/www.voustenshoes.com\/de\/santoni-yves-41749-2\/#primaryimage\",\"url\":\"https:\/\/www.voustenshoes.com\/wp-content\/uploads\/2023\/06\/Santoni-Yves-41749.png\",\"contentUrl\":\"https:\/\/www.voustenshoes.com\/wp-content\/uploads\/2023\/06\/Santoni-Yves-41749.png\",\"width\":1365,\"height\":1365},{\"@type\":\"BreadcrumbList\",\"@id\":\"https:\/\/www.voustenshoes.com\/de\/santoni-yves-41749-2\/#breadcrumb\",\"itemListElement\":[{\"@type\":\"ListItem\",\"position\":1,\"name\":\"Home\",\"item\":\"https:\/\/www.voustenshoes.com\/de\/\"},{\"@type\":\"ListItem\",\"position\":2,\"name\":\"Shop\",\"item\":\"https:\/\/www.voustenshoes.com\/de\/shop\/\"},{\"@type\":\"ListItem\",\"position\":3,\"name\":\"SANTONI &#8211; Yves (41749)\"}]},{\"@type\":\"WebSite\",\"@id\":\"https:\/\/www.voustenshoes.com\/nl\/#website\",\"url\":\"https:\/\/www.voustenshoes.com\/nl\/\",\"name\":\"Vousten Shoes\",\"description\":\"\",\"potentialAction\":[{\"@type\":\"SearchAction\",\"target\":{\"@type\":\"EntryPoint\",\"urlTemplate\":\"https:\/\/www.voustenshoes.com\/nl\/?s={search_term_string}\"},\"query-input\":{\"@type\":\"PropertyValueSpecification\",\"valueRequired\":true,\"valueName\":\"search_term_string\"}}],\"inLanguage\":\"de-DE\"}]}<\/script>\n<!-- \/ Yoast SEO plugin. -->","yoast_head_json":{"title":"SANTONI - Yves (41749) - Vousten Shoes","robots":{"index":"index","follow":"follow","max-snippet":"max-snippet:-1","max-image-preview":"max-image-preview:large","max-video-preview":"max-video-preview:-1"},"canonical":"https:\/\/www.voustenshoes.com\/de\/santoni-yves-41749-2\/","og_locale":"de_DE","og_type":"article","og_title":"SANTONI - Yves (41749) - Vousten Shoes","og_description":"Diese Lederstiefelette hat Schn\u00fcrsenkel. Santoni interpretiert das zeitlose Design des W\u00fcstenstiefels mit einer leichten Konstruktion und trendigen Details neu, die sorgf\u00e4ltig ausgew\u00e4hlt wurden, um seine moderne Seite hervorzuheben. Diese Version ist aus Wildleder gefertigt und besticht durch eine schlanke und dennoch strapazierf\u00e4hige Silhouette mit einer dicken Profilsohle aus Gummi. Weite: Standard bis Weit Verschluss: Schn\u00fcrsenkel [...]","og_url":"https:\/\/www.voustenshoes.com\/de\/santoni-yves-41749-2\/","og_site_name":"Vousten Shoes","article_modified_time":"2026-03-21T00:30:08+00:00","og_image":[{"width":1365,"height":1365,"url":"https:\/\/www.voustenshoes.com\/wp-content\/uploads\/2023\/06\/Santoni-Yves-41749.png","type":"image\/png"}],"twitter_card":"summary_large_image","schema":{"@context":"https:\/\/schema.org","@graph":[{"@type":"WebPage","@id":"https:\/\/www.voustenshoes.com\/de\/santoni-yves-41749-2\/","url":"https:\/\/www.voustenshoes.com\/de\/santoni-yves-41749-2\/","name":"SANTONI - Yves (41749) - Vousten Shoes","isPartOf":{"@id":"https:\/\/www.voustenshoes.com\/nl\/#website"},"primaryImageOfPage":{"@id":"https:\/\/www.voustenshoes.com\/de\/santoni-yves-41749-2\/#primaryimage"},"image":{"@id":"https:\/\/www.voustenshoes.com\/de\/santoni-yves-41749-2\/#primaryimage"},"thumbnailUrl":"https:\/\/www.voustenshoes.com\/wp-content\/uploads\/2023\/06\/Santoni-Yves-41749.png","datePublished":"2025-09-24T22:12:24+00:00","dateModified":"2026-03-21T00:30:08+00:00","breadcrumb":{"@id":"https:\/\/www.voustenshoes.com\/de\/santoni-yves-41749-2\/#breadcrumb"},"inLanguage":"de-DE","potentialAction":[{"@type":"ReadAction","target":["https:\/\/www.voustenshoes.com\/de\/santoni-yves-41749-2\/"]}]},{"@type":"ImageObject","inLanguage":"de-DE","@id":"https:\/\/www.voustenshoes.com\/de\/santoni-yves-41749-2\/#primaryimage","url":"https:\/\/www.voustenshoes.com\/wp-content\/uploads\/2023\/06\/Santoni-Yves-41749.png","contentUrl":"https:\/\/www.voustenshoes.com\/wp-content\/uploads\/2023\/06\/Santoni-Yves-41749.png","width":1365,"height":1365},{"@type":"BreadcrumbList","@id":"https:\/\/www.voustenshoes.com\/de\/santoni-yves-41749-2\/#breadcrumb","itemListElement":[{"@type":"ListItem","position":1,"name":"Home","item":"https:\/\/www.voustenshoes.com\/de\/"},{"@type":"ListItem","position":2,"name":"Shop","item":"https:\/\/www.voustenshoes.com\/de\/shop\/"},{"@type":"ListItem","position":3,"name":"SANTONI &#8211; Yves (41749)"}]},{"@type":"WebSite","@id":"https:\/\/www.voustenshoes.com\/nl\/#website","url":"https:\/\/www.voustenshoes.com\/nl\/","name":"Vousten Shoes","description":"","potentialAction":[{"@type":"SearchAction","target":{"@type":"EntryPoint","urlTemplate":"https:\/\/www.voustenshoes.com\/nl\/?s={search_term_string}"},"query-input":{"@type":"PropertyValueSpecification","valueRequired":true,"valueName":"search_term_string"}}],"inLanguage":"de-DE"}]}},"_links":{"self":[{"href":"https:\/\/www.voustenshoes.com\/de\/wp-json\/wp\/v2\/product\/220073","targetHints":{"allow":["GET"]}}],"collection":[{"href":"https:\/\/www.voustenshoes.com\/de\/wp-json\/wp\/v2\/product"}],"about":[{"href":"https:\/\/www.voustenshoes.com\/de\/wp-json\/wp\/v2\/types\/product"}],"replies":[{"embeddable":true,"href":"https:\/\/www.voustenshoes.com\/de\/wp-json\/wp\/v2\/comments?post=220073"}],"wp:featuredmedia":[{"embeddable":true,"href":"https:\/\/www.voustenshoes.com\/de\/wp-json\/wp\/v2\/media\/220009"}],"wp:attachment":[{"href":"https:\/\/www.voustenshoes.com\/de\/wp-json\/wp\/v2\/media?parent=220073"}],"wp:term":[{"taxonomy":"product_cat","embeddable":true,"href":"https:\/\/www.voustenshoes.com\/de\/wp-json\/wp\/v2\/product_cat?post=220073"},{"taxonomy":"product_tag","embeddable":true,"href":"https:\/\/www.voustenshoes.com\/de\/wp-json\/wp\/v2\/product_tag?post=220073"}],"curies":[{"name":"wp","href":"https:\/\/api.w.org\/{rel}","templated":true}]}}