{"id":220666,"date":"2025-10-31T04:33:29","date_gmt":"2025-10-31T03:33:29","guid":{"rendered":"https:\/\/www.voustenshoes.com\/santoni-aramis-41925-2\/"},"modified":"2026-02-05T11:29:45","modified_gmt":"2026-02-05T10:29:45","slug":"santoni-aramis-41925-2","status":"publish","type":"product","link":"https:\/\/www.voustenshoes.com\/de\/santoni-aramis-41925-2\/","title":{"rendered":"SANTONI &#8211; Aramis (41925)"},"content":{"rendered":"<p>Der Santoni Aramis ist ein klassischer Slip-On-Sneaker von Santoni, jedoch mit einem neuartigen, modernen hohen Modell. Dieser Stil bietet eine nahtlose Kombination aus Stil und Komfort, ist aus elegantem Wildleder gefertigt und verf\u00fcgt \u00fcber eine Zuglasche an der Ferse f\u00fcr zus\u00e4tzlichen Komfort. Eine farblich abgestimmte Gummisohle unterstreicht den schlanken Look, w\u00e4hrend ein kontrastierendes Detail auf dem Profil zwei ikonische Stilmerkmale hervorhebt: Santonis charakteristische Doppelschnalle und Arancio Santoni-Orange. Dieser Sneaker ist dunkelblau und hat schwarze, von Hand gef\u00e4rbte Schatten.<\/p>\n<ul>\n<li>Weite: normal bis weit<\/li>\n<li>Verschluss: keiner<\/li>\n<li>Detail: Ziern\u00e4hte<\/li>\n<li>Au\u00dfenmaterial: Wildleder<\/li>\n<li>Innenmaterial: Leder<\/li>\n<li>Sohlenkonstruktion: Gummi<\/li>\n<li>Standardgr\u00f6\u00dfe<\/li>\n<li>Passender G\u00fcrtel erh\u00e4ltlich<\/li>\n<li>Diese Santoni-Schuhe werden in Italien handgefertigt.<\/li>\n<li>Artikelnummer: MBCD22105OCATGELU60<\/li>\n<\/ul>\n<p>Lieferung in der Originalverpackung von Santoni mit passenden Stoffbeuteln.<\/p>\n","protected":false},"excerpt":{"rendered":"<p>Der Santoni Aramis ist ein klassischer Slip-On-Sneaker von Santoni, jedoch mit einem neuartigen, modernen hohen Modell. Dieser Stil bietet eine nahtlose Kombination aus Stil und Komfort, ist aus elegantem Wildleder gefertigt und verf\u00fcgt \u00fcber eine Zuglasche an der Ferse f\u00fcr zus\u00e4tzlichen Komfort. Eine farblich abgestimmte Gummisohle unterstreicht den schlanken Look, w\u00e4hrend ein kontrastierendes Detail auf [&#8230;]\n","protected":false},"featured_media":220610,"comment_status":"open","ping_status":"closed","template":"","meta":{"rank_math_lock_modified_date":false},"product_cat":[1123,1132,1139,1174,1182,1252,1269],"product_tag":[],"class_list":{"0":"post-220666","1":"product","2":"type-product","3":"status-publish","4":"has-post-thumbnail","6":"product_cat-hoge-santoni-sneakers-en-2-de","7":"product_cat-herenschoenen-nl-de","8":"product_cat-heren-nl-de","9":"product_cat-schoenen-nl-de","10":"product_cat-santoni-nl-de","11":"product_cat-vousten-sports-nl-de","12":"product_cat-sneakers-nl-de","14":"first","15":"instock","16":"taxable","17":"shipping-taxable","18":"purchasable","19":"product-type-variable"},"acf":[],"yoast_head":"<!-- This site is optimized with the Yoast SEO plugin v23.9 - https:\/\/yoast.com\/wordpress\/plugins\/seo\/ -->\n<title>SANTONI - Aramis (41925) - Vousten Shoes<\/title>\n<meta name=\"robots\" content=\"index, follow, max-snippet:-1, max-image-preview:large, max-video-preview:-1\" \/>\n<link rel=\"canonical\" href=\"https:\/\/www.voustenshoes.com\/de\/santoni-aramis-41925-2\/\" \/>\n<meta property=\"og:locale\" content=\"de_DE\" \/>\n<meta property=\"og:type\" content=\"article\" \/>\n<meta property=\"og:title\" content=\"SANTONI - Aramis (41925) - Vousten Shoes\" \/>\n<meta property=\"og:description\" content=\"Der Santoni Aramis ist ein klassischer Slip-On-Sneaker von Santoni, jedoch mit einem neuartigen, modernen hohen Modell. Dieser Stil bietet eine nahtlose Kombination aus Stil und Komfort, ist aus elegantem Wildleder gefertigt und verf\u00fcgt \u00fcber eine Zuglasche an der Ferse f\u00fcr zus\u00e4tzlichen Komfort. Eine farblich abgestimmte Gummisohle unterstreicht den schlanken Look, w\u00e4hrend ein kontrastierendes Detail auf [...]\" \/>\n<meta property=\"og:url\" content=\"https:\/\/www.voustenshoes.com\/de\/santoni-aramis-41925-2\/\" \/>\n<meta property=\"og:site_name\" content=\"Vousten Shoes\" \/>\n<meta property=\"article:modified_time\" content=\"2026-02-05T10:29:45+00:00\" \/>\n<meta property=\"og:image\" content=\"https:\/\/www.voustenshoes.com\/wp-content\/uploads\/2023\/06\/Santoni-Aramis-41925.png\" \/>\n\t<meta property=\"og:image:width\" content=\"1550\" \/>\n\t<meta property=\"og:image:height\" content=\"1800\" \/>\n\t<meta property=\"og:image:type\" content=\"image\/png\" \/>\n<meta name=\"twitter:card\" content=\"summary_large_image\" \/>\n<meta name=\"twitter:label1\" content=\"Est. reading time\" \/>\n\t<meta name=\"twitter:data1\" content=\"1 Minute\" \/>\n<script type=\"application\/ld+json\" class=\"yoast-schema-graph\">{\"@context\":\"https:\/\/schema.org\",\"@graph\":[{\"@type\":\"WebPage\",\"@id\":\"https:\/\/www.voustenshoes.com\/de\/santoni-aramis-41925-2\/\",\"url\":\"https:\/\/www.voustenshoes.com\/de\/santoni-aramis-41925-2\/\",\"name\":\"SANTONI - Aramis (41925) - Vousten Shoes\",\"isPartOf\":{\"@id\":\"https:\/\/www.voustenshoes.com\/nl\/#website\"},\"primaryImageOfPage\":{\"@id\":\"https:\/\/www.voustenshoes.com\/de\/santoni-aramis-41925-2\/#primaryimage\"},\"image\":{\"@id\":\"https:\/\/www.voustenshoes.com\/de\/santoni-aramis-41925-2\/#primaryimage\"},\"thumbnailUrl\":\"https:\/\/www.voustenshoes.com\/wp-content\/uploads\/2023\/06\/Santoni-Aramis-41925.png\",\"datePublished\":\"2025-10-31T03:33:29+00:00\",\"dateModified\":\"2026-02-05T10:29:45+00:00\",\"breadcrumb\":{\"@id\":\"https:\/\/www.voustenshoes.com\/de\/santoni-aramis-41925-2\/#breadcrumb\"},\"inLanguage\":\"de-DE\",\"potentialAction\":[{\"@type\":\"ReadAction\",\"target\":[\"https:\/\/www.voustenshoes.com\/de\/santoni-aramis-41925-2\/\"]}]},{\"@type\":\"ImageObject\",\"inLanguage\":\"de-DE\",\"@id\":\"https:\/\/www.voustenshoes.com\/de\/santoni-aramis-41925-2\/#primaryimage\",\"url\":\"https:\/\/www.voustenshoes.com\/wp-content\/uploads\/2023\/06\/Santoni-Aramis-41925.png\",\"contentUrl\":\"https:\/\/www.voustenshoes.com\/wp-content\/uploads\/2023\/06\/Santoni-Aramis-41925.png\",\"width\":1550,\"height\":1800},{\"@type\":\"BreadcrumbList\",\"@id\":\"https:\/\/www.voustenshoes.com\/de\/santoni-aramis-41925-2\/#breadcrumb\",\"itemListElement\":[{\"@type\":\"ListItem\",\"position\":1,\"name\":\"Home\",\"item\":\"https:\/\/www.voustenshoes.com\/de\/\"},{\"@type\":\"ListItem\",\"position\":2,\"name\":\"Shop\",\"item\":\"https:\/\/www.voustenshoes.com\/de\/shop\/\"},{\"@type\":\"ListItem\",\"position\":3,\"name\":\"SANTONI &#8211; Aramis (41925)\"}]},{\"@type\":\"WebSite\",\"@id\":\"https:\/\/www.voustenshoes.com\/nl\/#website\",\"url\":\"https:\/\/www.voustenshoes.com\/nl\/\",\"name\":\"Vousten Shoes\",\"description\":\"\",\"potentialAction\":[{\"@type\":\"SearchAction\",\"target\":{\"@type\":\"EntryPoint\",\"urlTemplate\":\"https:\/\/www.voustenshoes.com\/nl\/?s={search_term_string}\"},\"query-input\":{\"@type\":\"PropertyValueSpecification\",\"valueRequired\":true,\"valueName\":\"search_term_string\"}}],\"inLanguage\":\"de-DE\"}]}<\/script>\n<!-- \/ Yoast SEO plugin. -->","yoast_head_json":{"title":"SANTONI - Aramis (41925) - Vousten Shoes","robots":{"index":"index","follow":"follow","max-snippet":"max-snippet:-1","max-image-preview":"max-image-preview:large","max-video-preview":"max-video-preview:-1"},"canonical":"https:\/\/www.voustenshoes.com\/de\/santoni-aramis-41925-2\/","og_locale":"de_DE","og_type":"article","og_title":"SANTONI - Aramis (41925) - Vousten Shoes","og_description":"Der Santoni Aramis ist ein klassischer Slip-On-Sneaker von Santoni, jedoch mit einem neuartigen, modernen hohen Modell. Dieser Stil bietet eine nahtlose Kombination aus Stil und Komfort, ist aus elegantem Wildleder gefertigt und verf\u00fcgt \u00fcber eine Zuglasche an der Ferse f\u00fcr zus\u00e4tzlichen Komfort. Eine farblich abgestimmte Gummisohle unterstreicht den schlanken Look, w\u00e4hrend ein kontrastierendes Detail auf [...]","og_url":"https:\/\/www.voustenshoes.com\/de\/santoni-aramis-41925-2\/","og_site_name":"Vousten Shoes","article_modified_time":"2026-02-05T10:29:45+00:00","og_image":[{"width":1550,"height":1800,"url":"https:\/\/www.voustenshoes.com\/wp-content\/uploads\/2023\/06\/Santoni-Aramis-41925.png","type":"image\/png"}],"twitter_card":"summary_large_image","twitter_misc":{"Est. reading time":"1 Minute"},"schema":{"@context":"https:\/\/schema.org","@graph":[{"@type":"WebPage","@id":"https:\/\/www.voustenshoes.com\/de\/santoni-aramis-41925-2\/","url":"https:\/\/www.voustenshoes.com\/de\/santoni-aramis-41925-2\/","name":"SANTONI - Aramis (41925) - Vousten Shoes","isPartOf":{"@id":"https:\/\/www.voustenshoes.com\/nl\/#website"},"primaryImageOfPage":{"@id":"https:\/\/www.voustenshoes.com\/de\/santoni-aramis-41925-2\/#primaryimage"},"image":{"@id":"https:\/\/www.voustenshoes.com\/de\/santoni-aramis-41925-2\/#primaryimage"},"thumbnailUrl":"https:\/\/www.voustenshoes.com\/wp-content\/uploads\/2023\/06\/Santoni-Aramis-41925.png","datePublished":"2025-10-31T03:33:29+00:00","dateModified":"2026-02-05T10:29:45+00:00","breadcrumb":{"@id":"https:\/\/www.voustenshoes.com\/de\/santoni-aramis-41925-2\/#breadcrumb"},"inLanguage":"de-DE","potentialAction":[{"@type":"ReadAction","target":["https:\/\/www.voustenshoes.com\/de\/santoni-aramis-41925-2\/"]}]},{"@type":"ImageObject","inLanguage":"de-DE","@id":"https:\/\/www.voustenshoes.com\/de\/santoni-aramis-41925-2\/#primaryimage","url":"https:\/\/www.voustenshoes.com\/wp-content\/uploads\/2023\/06\/Santoni-Aramis-41925.png","contentUrl":"https:\/\/www.voustenshoes.com\/wp-content\/uploads\/2023\/06\/Santoni-Aramis-41925.png","width":1550,"height":1800},{"@type":"BreadcrumbList","@id":"https:\/\/www.voustenshoes.com\/de\/santoni-aramis-41925-2\/#breadcrumb","itemListElement":[{"@type":"ListItem","position":1,"name":"Home","item":"https:\/\/www.voustenshoes.com\/de\/"},{"@type":"ListItem","position":2,"name":"Shop","item":"https:\/\/www.voustenshoes.com\/de\/shop\/"},{"@type":"ListItem","position":3,"name":"SANTONI &#8211; Aramis (41925)"}]},{"@type":"WebSite","@id":"https:\/\/www.voustenshoes.com\/nl\/#website","url":"https:\/\/www.voustenshoes.com\/nl\/","name":"Vousten Shoes","description":"","potentialAction":[{"@type":"SearchAction","target":{"@type":"EntryPoint","urlTemplate":"https:\/\/www.voustenshoes.com\/nl\/?s={search_term_string}"},"query-input":{"@type":"PropertyValueSpecification","valueRequired":true,"valueName":"search_term_string"}}],"inLanguage":"de-DE"}]}},"_links":{"self":[{"href":"https:\/\/www.voustenshoes.com\/de\/wp-json\/wp\/v2\/product\/220666","targetHints":{"allow":["GET"]}}],"collection":[{"href":"https:\/\/www.voustenshoes.com\/de\/wp-json\/wp\/v2\/product"}],"about":[{"href":"https:\/\/www.voustenshoes.com\/de\/wp-json\/wp\/v2\/types\/product"}],"replies":[{"embeddable":true,"href":"https:\/\/www.voustenshoes.com\/de\/wp-json\/wp\/v2\/comments?post=220666"}],"wp:featuredmedia":[{"embeddable":true,"href":"https:\/\/www.voustenshoes.com\/de\/wp-json\/wp\/v2\/media\/220610"}],"wp:attachment":[{"href":"https:\/\/www.voustenshoes.com\/de\/wp-json\/wp\/v2\/media?parent=220666"}],"wp:term":[{"taxonomy":"product_cat","embeddable":true,"href":"https:\/\/www.voustenshoes.com\/de\/wp-json\/wp\/v2\/product_cat?post=220666"},{"taxonomy":"product_tag","embeddable":true,"href":"https:\/\/www.voustenshoes.com\/de\/wp-json\/wp\/v2\/product_tag?post=220666"}],"curies":[{"name":"wp","href":"https:\/\/api.w.org\/{rel}","templated":true}]}}