{"id":220948,"date":"2025-11-04T18:06:40","date_gmt":"2025-11-04T17:06:40","guid":{"rendered":"https:\/\/www.voustenshoes.com\/santoni-crossbody-tasche-schwarz-41688\/"},"modified":"2026-03-05T01:42:05","modified_gmt":"2026-03-05T00:42:05","slug":"santoni-crossbody-tasche-schwarz-41688","status":"publish","type":"product","link":"https:\/\/www.voustenshoes.com\/de\/santoni-crossbody-tasche-schwarz-41688\/","title":{"rendered":"SANTONI &#8211; Crossbody Tasche schwarz (41688)"},"content":{"rendered":"<p>Ledertasche im Messenger-Stil mit Ton-in-Ton-Lederkanten<\/p>\n<ul>\n<li>3 Rei\u00dfverschl\u00fcsse<\/li>\n<li>Passender Lederrei\u00dfverschluss und Details<\/li>\n<li>Verstellbarer Schulterriemen<\/li>\n<li>Ma\u00dfe: 23 x 22 x 8 cm<\/li>\n<li>Handgefertigt bei Santoni in Italien.<\/li>\n<\/ul>\n","protected":false},"excerpt":{"rendered":"<p>Ledertasche im Messenger-Stil mit Ton-in-Ton-Lederkanten 3 Rei\u00dfverschl\u00fcsse Passender Lederrei\u00dfverschluss und Details Verstellbarer Schulterriemen Ma\u00dfe: 23 x 22 x 8 cm Handgefertigt bei Santoni in Italien.<\/p>\n","protected":false},"featured_media":221086,"comment_status":"open","ping_status":"closed","template":"","meta":{"rank_math_lock_modified_date":false},"product_cat":[1139,1182,1252,1262],"product_tag":[],"class_list":{"0":"post-220948","1":"product","2":"type-product","3":"status-publish","4":"has-post-thumbnail","6":"product_cat-heren-nl-de","7":"product_cat-santoni-nl-de","8":"product_cat-vousten-sports-nl-de","9":"product_cat-tassen-nl-de","11":"first","12":"instock","13":"taxable","14":"shipping-taxable","15":"purchasable","16":"product-type-variable"},"acf":[],"yoast_head":"<!-- This site is optimized with the Yoast SEO plugin v23.9 - https:\/\/yoast.com\/wordpress\/plugins\/seo\/ -->\n<title>SANTONI - Crossbody Tasche schwarz (41688) - Vousten Shoes<\/title>\n<meta name=\"robots\" content=\"index, follow, max-snippet:-1, max-image-preview:large, max-video-preview:-1\" \/>\n<link rel=\"canonical\" href=\"https:\/\/www.voustenshoes.com\/de\/santoni-crossbody-tasche-schwarz-41688\/\" \/>\n<meta property=\"og:locale\" content=\"de_DE\" \/>\n<meta property=\"og:type\" content=\"article\" \/>\n<meta property=\"og:title\" content=\"SANTONI - Crossbody Tasche schwarz (41688) - Vousten Shoes\" \/>\n<meta property=\"og:description\" content=\"Ledertasche im Messenger-Stil mit Ton-in-Ton-Lederkanten 3 Rei\u00dfverschl\u00fcsse Passender Lederrei\u00dfverschluss und Details Verstellbarer Schulterriemen Ma\u00dfe: 23 x 22 x 8 cm Handgefertigt bei Santoni in Italien.\" \/>\n<meta property=\"og:url\" content=\"https:\/\/www.voustenshoes.com\/de\/santoni-crossbody-tasche-schwarz-41688\/\" \/>\n<meta property=\"og:site_name\" content=\"Vousten Shoes\" \/>\n<meta property=\"article:modified_time\" content=\"2026-03-05T00:42:05+00:00\" \/>\n<meta property=\"og:image\" content=\"https:\/\/www.voustenshoes.com\/wp-content\/uploads\/2023\/06\/SANTONI-Crossbody-Tas-zwart-41688-1.png\" \/>\n\t<meta property=\"og:image:width\" content=\"1550\" \/>\n\t<meta property=\"og:image:height\" content=\"1800\" \/>\n\t<meta property=\"og:image:type\" content=\"image\/png\" \/>\n<meta name=\"twitter:card\" content=\"summary_large_image\" \/>\n<script type=\"application\/ld+json\" class=\"yoast-schema-graph\">{\"@context\":\"https:\/\/schema.org\",\"@graph\":[{\"@type\":\"WebPage\",\"@id\":\"https:\/\/www.voustenshoes.com\/de\/santoni-crossbody-tasche-schwarz-41688\/\",\"url\":\"https:\/\/www.voustenshoes.com\/de\/santoni-crossbody-tasche-schwarz-41688\/\",\"name\":\"SANTONI - Crossbody Tasche schwarz (41688) - Vousten Shoes\",\"isPartOf\":{\"@id\":\"https:\/\/www.voustenshoes.com\/nl\/#website\"},\"primaryImageOfPage\":{\"@id\":\"https:\/\/www.voustenshoes.com\/de\/santoni-crossbody-tasche-schwarz-41688\/#primaryimage\"},\"image\":{\"@id\":\"https:\/\/www.voustenshoes.com\/de\/santoni-crossbody-tasche-schwarz-41688\/#primaryimage\"},\"thumbnailUrl\":\"https:\/\/www.voustenshoes.com\/wp-content\/uploads\/2023\/06\/SANTONI-Crossbody-Tas-grijs-41692-3100-x-3600-px-2325-x-2700-px-2015-x-2340-px-1.png\",\"datePublished\":\"2025-11-04T17:06:40+00:00\",\"dateModified\":\"2026-03-05T00:42:05+00:00\",\"breadcrumb\":{\"@id\":\"https:\/\/www.voustenshoes.com\/de\/santoni-crossbody-tasche-schwarz-41688\/#breadcrumb\"},\"inLanguage\":\"de-DE\",\"potentialAction\":[{\"@type\":\"ReadAction\",\"target\":[\"https:\/\/www.voustenshoes.com\/de\/santoni-crossbody-tasche-schwarz-41688\/\"]}]},{\"@type\":\"ImageObject\",\"inLanguage\":\"de-DE\",\"@id\":\"https:\/\/www.voustenshoes.com\/de\/santoni-crossbody-tasche-schwarz-41688\/#primaryimage\",\"url\":\"https:\/\/www.voustenshoes.com\/wp-content\/uploads\/2023\/06\/SANTONI-Crossbody-Tas-grijs-41692-3100-x-3600-px-2325-x-2700-px-2015-x-2340-px-1.png\",\"contentUrl\":\"https:\/\/www.voustenshoes.com\/wp-content\/uploads\/2023\/06\/SANTONI-Crossbody-Tas-grijs-41692-3100-x-3600-px-2325-x-2700-px-2015-x-2340-px-1.png\",\"width\":2015,\"height\":2340},{\"@type\":\"BreadcrumbList\",\"@id\":\"https:\/\/www.voustenshoes.com\/de\/santoni-crossbody-tasche-schwarz-41688\/#breadcrumb\",\"itemListElement\":[{\"@type\":\"ListItem\",\"position\":1,\"name\":\"Home\",\"item\":\"https:\/\/www.voustenshoes.com\/de\/\"},{\"@type\":\"ListItem\",\"position\":2,\"name\":\"Shop\",\"item\":\"https:\/\/www.voustenshoes.com\/de\/shop\/\"},{\"@type\":\"ListItem\",\"position\":3,\"name\":\"SANTONI &#8211; Crossbody Tasche schwarz (41688)\"}]},{\"@type\":\"WebSite\",\"@id\":\"https:\/\/www.voustenshoes.com\/nl\/#website\",\"url\":\"https:\/\/www.voustenshoes.com\/nl\/\",\"name\":\"Vousten Shoes\",\"description\":\"\",\"potentialAction\":[{\"@type\":\"SearchAction\",\"target\":{\"@type\":\"EntryPoint\",\"urlTemplate\":\"https:\/\/www.voustenshoes.com\/nl\/?s={search_term_string}\"},\"query-input\":{\"@type\":\"PropertyValueSpecification\",\"valueRequired\":true,\"valueName\":\"search_term_string\"}}],\"inLanguage\":\"de-DE\"}]}<\/script>\n<!-- \/ Yoast SEO plugin. -->","yoast_head_json":{"title":"SANTONI - Crossbody Tasche schwarz (41688) - Vousten Shoes","robots":{"index":"index","follow":"follow","max-snippet":"max-snippet:-1","max-image-preview":"max-image-preview:large","max-video-preview":"max-video-preview:-1"},"canonical":"https:\/\/www.voustenshoes.com\/de\/santoni-crossbody-tasche-schwarz-41688\/","og_locale":"de_DE","og_type":"article","og_title":"SANTONI - Crossbody Tasche schwarz (41688) - Vousten Shoes","og_description":"Ledertasche im Messenger-Stil mit Ton-in-Ton-Lederkanten 3 Rei\u00dfverschl\u00fcsse Passender Lederrei\u00dfverschluss und Details Verstellbarer Schulterriemen Ma\u00dfe: 23 x 22 x 8 cm Handgefertigt bei Santoni in Italien.","og_url":"https:\/\/www.voustenshoes.com\/de\/santoni-crossbody-tasche-schwarz-41688\/","og_site_name":"Vousten Shoes","article_modified_time":"2026-03-05T00:42:05+00:00","og_image":[{"width":1550,"height":1800,"url":"https:\/\/www.voustenshoes.com\/wp-content\/uploads\/2023\/06\/SANTONI-Crossbody-Tas-zwart-41688-1.png","type":"image\/png"}],"twitter_card":"summary_large_image","schema":{"@context":"https:\/\/schema.org","@graph":[{"@type":"WebPage","@id":"https:\/\/www.voustenshoes.com\/de\/santoni-crossbody-tasche-schwarz-41688\/","url":"https:\/\/www.voustenshoes.com\/de\/santoni-crossbody-tasche-schwarz-41688\/","name":"SANTONI - Crossbody Tasche schwarz (41688) - Vousten Shoes","isPartOf":{"@id":"https:\/\/www.voustenshoes.com\/nl\/#website"},"primaryImageOfPage":{"@id":"https:\/\/www.voustenshoes.com\/de\/santoni-crossbody-tasche-schwarz-41688\/#primaryimage"},"image":{"@id":"https:\/\/www.voustenshoes.com\/de\/santoni-crossbody-tasche-schwarz-41688\/#primaryimage"},"thumbnailUrl":"https:\/\/www.voustenshoes.com\/wp-content\/uploads\/2023\/06\/SANTONI-Crossbody-Tas-grijs-41692-3100-x-3600-px-2325-x-2700-px-2015-x-2340-px-1.png","datePublished":"2025-11-04T17:06:40+00:00","dateModified":"2026-03-05T00:42:05+00:00","breadcrumb":{"@id":"https:\/\/www.voustenshoes.com\/de\/santoni-crossbody-tasche-schwarz-41688\/#breadcrumb"},"inLanguage":"de-DE","potentialAction":[{"@type":"ReadAction","target":["https:\/\/www.voustenshoes.com\/de\/santoni-crossbody-tasche-schwarz-41688\/"]}]},{"@type":"ImageObject","inLanguage":"de-DE","@id":"https:\/\/www.voustenshoes.com\/de\/santoni-crossbody-tasche-schwarz-41688\/#primaryimage","url":"https:\/\/www.voustenshoes.com\/wp-content\/uploads\/2023\/06\/SANTONI-Crossbody-Tas-grijs-41692-3100-x-3600-px-2325-x-2700-px-2015-x-2340-px-1.png","contentUrl":"https:\/\/www.voustenshoes.com\/wp-content\/uploads\/2023\/06\/SANTONI-Crossbody-Tas-grijs-41692-3100-x-3600-px-2325-x-2700-px-2015-x-2340-px-1.png","width":2015,"height":2340},{"@type":"BreadcrumbList","@id":"https:\/\/www.voustenshoes.com\/de\/santoni-crossbody-tasche-schwarz-41688\/#breadcrumb","itemListElement":[{"@type":"ListItem","position":1,"name":"Home","item":"https:\/\/www.voustenshoes.com\/de\/"},{"@type":"ListItem","position":2,"name":"Shop","item":"https:\/\/www.voustenshoes.com\/de\/shop\/"},{"@type":"ListItem","position":3,"name":"SANTONI &#8211; Crossbody Tasche schwarz (41688)"}]},{"@type":"WebSite","@id":"https:\/\/www.voustenshoes.com\/nl\/#website","url":"https:\/\/www.voustenshoes.com\/nl\/","name":"Vousten Shoes","description":"","potentialAction":[{"@type":"SearchAction","target":{"@type":"EntryPoint","urlTemplate":"https:\/\/www.voustenshoes.com\/nl\/?s={search_term_string}"},"query-input":{"@type":"PropertyValueSpecification","valueRequired":true,"valueName":"search_term_string"}}],"inLanguage":"de-DE"}]}},"_links":{"self":[{"href":"https:\/\/www.voustenshoes.com\/de\/wp-json\/wp\/v2\/product\/220948","targetHints":{"allow":["GET"]}}],"collection":[{"href":"https:\/\/www.voustenshoes.com\/de\/wp-json\/wp\/v2\/product"}],"about":[{"href":"https:\/\/www.voustenshoes.com\/de\/wp-json\/wp\/v2\/types\/product"}],"replies":[{"embeddable":true,"href":"https:\/\/www.voustenshoes.com\/de\/wp-json\/wp\/v2\/comments?post=220948"}],"wp:featuredmedia":[{"embeddable":true,"href":"https:\/\/www.voustenshoes.com\/de\/wp-json\/wp\/v2\/media\/221086"}],"wp:attachment":[{"href":"https:\/\/www.voustenshoes.com\/de\/wp-json\/wp\/v2\/media?parent=220948"}],"wp:term":[{"taxonomy":"product_cat","embeddable":true,"href":"https:\/\/www.voustenshoes.com\/de\/wp-json\/wp\/v2\/product_cat?post=220948"},{"taxonomy":"product_tag","embeddable":true,"href":"https:\/\/www.voustenshoes.com\/de\/wp-json\/wp\/v2\/product_tag?post=220948"}],"curies":[{"name":"wp","href":"https:\/\/api.w.org\/{rel}","templated":true}]}}