{"id":222726,"date":"2026-02-19T13:56:02","date_gmt":"2026-02-19T12:56:02","guid":{"rendered":"https:\/\/www.voustenshoes.com\/santoni-julien-42528-2\/"},"modified":"2026-03-10T01:15:08","modified_gmt":"2026-03-10T00:15:08","slug":"santoni-julien-42528-2","status":"publish","type":"product","link":"https:\/\/www.voustenshoes.com\/de\/santoni-julien-42528-2\/","title":{"rendered":"SANTONI &#8211; JULI\u00c9N (42528)"},"content":{"rendered":"<p>Die zeitlose Anziehungskraft traditioneller Handwerkskunst trifft auf die Funktionalit\u00e4t modernen Designs. Dieser Sneaker aus Seta-Wildleder schmiegt sich sanft wie Seide an den Fu\u00df und bietet bei jedem Schritt ein besonderes Tragegef\u00fchl. Die handapplizierte Velatura-Veredelung sorgt f\u00fcr einen satten Farbverlauf, akzentuiert durch eine zarte Sigillo-Naht in Arancio Santoni \u2013 dem ikonischen Orange des Hauses. Ein Lederlogo-Patch auf der Zunge und ein markantes Detail an der Sohle, das die Linien der charakteristischen Doppelschnalle von Santoni neu interpretiert, runden das Design ab.<\/p>\n<ul>\n<li>Gefertigt aus Seta-Wildleder<\/li>\n<li>Veredelt mit Santonis Velatura-Farbverlauf<\/li>\n<li>Farbe: Sabbia d&#8217;inverno Braun<\/li>\n<li>Runde Zehenpartie<\/li>\n<li>Schn\u00fcrverschluss<\/li>\n<li>Gummisohle<\/li>\n<li>Sigillo-Naht in Arancio Santoni<\/li>\n<li>Doppelschnalle in Arancio Santoni an der Sohle<\/li>\n<li>Hergestellt in Italien<\/li>\n<\/ul>\n","protected":false},"excerpt":{"rendered":"<p>Die zeitlose Anziehungskraft traditioneller Handwerkskunst trifft auf die Funktionalit\u00e4t modernen Designs. Dieser Sneaker aus Seta-Wildleder schmiegt sich sanft wie Seide an den Fu\u00df und bietet bei jedem Schritt ein besonderes Tragegef\u00fchl. Die handapplizierte Velatura-Veredelung sorgt f\u00fcr einen satten Farbverlauf, akzentuiert durch eine zarte Sigillo-Naht in Arancio Santoni \u2013 dem ikonischen Orange des Hauses. Ein Lederlogo-Patch [&#8230;]\n","protected":false},"featured_media":222654,"comment_status":"open","ping_status":"closed","template":"","meta":{"rank_math_lock_modified_date":false},"product_cat":[1117,1132,1139,1174,1182,1245,1258,1269,1302,1349],"product_tag":[],"class_list":{"0":"post-222726","1":"product","2":"type-product","3":"status-publish","4":"has-post-thumbnail","6":"product_cat-lage-santoni-sneakers-en-2-de","7":"product_cat-herenschoenen-nl-de","8":"product_cat-heren-nl-de","9":"product_cat-schoenen-nl-de","10":"product_cat-santoni-nl-de","11":"product_cat-winterschoenen-nl-de","12":"product_cat-veter-en-gespschoenen-nl-de","13":"product_cat-sneakers-nl-de","14":"product_cat-lage-sneakers-de","15":"product_cat-veterschoenen-de","17":"first","18":"instock","19":"taxable","20":"shipping-taxable","21":"purchasable","22":"product-type-variable"},"acf":[],"yoast_head":"<!-- This site is optimized with the Yoast SEO plugin v23.9 - https:\/\/yoast.com\/wordpress\/plugins\/seo\/ -->\n<title>SANTONI - JULI\u00c9N (42528) - Vousten Shoes<\/title>\n<meta name=\"robots\" content=\"index, follow, max-snippet:-1, max-image-preview:large, max-video-preview:-1\" \/>\n<link rel=\"canonical\" href=\"https:\/\/www.voustenshoes.com\/de\/santoni-julien-42528-2\/\" \/>\n<meta property=\"og:locale\" content=\"de_DE\" \/>\n<meta property=\"og:type\" content=\"article\" \/>\n<meta property=\"og:title\" content=\"SANTONI - JULI\u00c9N (42528) - Vousten Shoes\" \/>\n<meta property=\"og:description\" content=\"Die zeitlose Anziehungskraft traditioneller Handwerkskunst trifft auf die Funktionalit\u00e4t modernen Designs. Dieser Sneaker aus Seta-Wildleder schmiegt sich sanft wie Seide an den Fu\u00df und bietet bei jedem Schritt ein besonderes Tragegef\u00fchl. Die handapplizierte Velatura-Veredelung sorgt f\u00fcr einen satten Farbverlauf, akzentuiert durch eine zarte Sigillo-Naht in Arancio Santoni \u2013 dem ikonischen Orange des Hauses. Ein Lederlogo-Patch [...]\" \/>\n<meta property=\"og:url\" content=\"https:\/\/www.voustenshoes.com\/de\/santoni-julien-42528-2\/\" \/>\n<meta property=\"og:site_name\" content=\"Vousten Shoes\" \/>\n<meta property=\"article:modified_time\" content=\"2026-03-10T00:15:08+00:00\" \/>\n<meta property=\"og:image\" content=\"https:\/\/www.voustenshoes.com\/wp-content\/uploads\/2023\/06\/SANTONI-.png\" \/>\n\t<meta property=\"og:image:width\" content=\"1365\" \/>\n\t<meta property=\"og:image:height\" content=\"1365\" \/>\n\t<meta property=\"og:image:type\" content=\"image\/png\" \/>\n<meta name=\"twitter:card\" content=\"summary_large_image\" \/>\n<meta name=\"twitter:label1\" content=\"Est. reading time\" \/>\n\t<meta name=\"twitter:data1\" content=\"1 Minute\" \/>\n<script type=\"application\/ld+json\" class=\"yoast-schema-graph\">{\"@context\":\"https:\/\/schema.org\",\"@graph\":[{\"@type\":\"WebPage\",\"@id\":\"https:\/\/www.voustenshoes.com\/de\/santoni-julien-42528-2\/\",\"url\":\"https:\/\/www.voustenshoes.com\/de\/santoni-julien-42528-2\/\",\"name\":\"SANTONI - JULI\u00c9N (42528) - Vousten Shoes\",\"isPartOf\":{\"@id\":\"https:\/\/www.voustenshoes.com\/nl\/#website\"},\"primaryImageOfPage\":{\"@id\":\"https:\/\/www.voustenshoes.com\/de\/santoni-julien-42528-2\/#primaryimage\"},\"image\":{\"@id\":\"https:\/\/www.voustenshoes.com\/de\/santoni-julien-42528-2\/#primaryimage\"},\"thumbnailUrl\":\"https:\/\/www.voustenshoes.com\/wp-content\/uploads\/2023\/06\/SANTONI-.png\",\"datePublished\":\"2026-02-19T12:56:02+00:00\",\"dateModified\":\"2026-03-10T00:15:08+00:00\",\"breadcrumb\":{\"@id\":\"https:\/\/www.voustenshoes.com\/de\/santoni-julien-42528-2\/#breadcrumb\"},\"inLanguage\":\"de-DE\",\"potentialAction\":[{\"@type\":\"ReadAction\",\"target\":[\"https:\/\/www.voustenshoes.com\/de\/santoni-julien-42528-2\/\"]}]},{\"@type\":\"ImageObject\",\"inLanguage\":\"de-DE\",\"@id\":\"https:\/\/www.voustenshoes.com\/de\/santoni-julien-42528-2\/#primaryimage\",\"url\":\"https:\/\/www.voustenshoes.com\/wp-content\/uploads\/2023\/06\/SANTONI-.png\",\"contentUrl\":\"https:\/\/www.voustenshoes.com\/wp-content\/uploads\/2023\/06\/SANTONI-.png\",\"width\":1365,\"height\":1365},{\"@type\":\"BreadcrumbList\",\"@id\":\"https:\/\/www.voustenshoes.com\/de\/santoni-julien-42528-2\/#breadcrumb\",\"itemListElement\":[{\"@type\":\"ListItem\",\"position\":1,\"name\":\"Home\",\"item\":\"https:\/\/www.voustenshoes.com\/de\/\"},{\"@type\":\"ListItem\",\"position\":2,\"name\":\"Shop\",\"item\":\"https:\/\/www.voustenshoes.com\/de\/shop\/\"},{\"@type\":\"ListItem\",\"position\":3,\"name\":\"SANTONI &#8211; JULI\u00c9N (42528)\"}]},{\"@type\":\"WebSite\",\"@id\":\"https:\/\/www.voustenshoes.com\/nl\/#website\",\"url\":\"https:\/\/www.voustenshoes.com\/nl\/\",\"name\":\"Vousten Shoes\",\"description\":\"\",\"potentialAction\":[{\"@type\":\"SearchAction\",\"target\":{\"@type\":\"EntryPoint\",\"urlTemplate\":\"https:\/\/www.voustenshoes.com\/nl\/?s={search_term_string}\"},\"query-input\":{\"@type\":\"PropertyValueSpecification\",\"valueRequired\":true,\"valueName\":\"search_term_string\"}}],\"inLanguage\":\"de-DE\"}]}<\/script>\n<!-- \/ Yoast SEO plugin. -->","yoast_head_json":{"title":"SANTONI - JULI\u00c9N (42528) - Vousten Shoes","robots":{"index":"index","follow":"follow","max-snippet":"max-snippet:-1","max-image-preview":"max-image-preview:large","max-video-preview":"max-video-preview:-1"},"canonical":"https:\/\/www.voustenshoes.com\/de\/santoni-julien-42528-2\/","og_locale":"de_DE","og_type":"article","og_title":"SANTONI - JULI\u00c9N (42528) - Vousten Shoes","og_description":"Die zeitlose Anziehungskraft traditioneller Handwerkskunst trifft auf die Funktionalit\u00e4t modernen Designs. Dieser Sneaker aus Seta-Wildleder schmiegt sich sanft wie Seide an den Fu\u00df und bietet bei jedem Schritt ein besonderes Tragegef\u00fchl. Die handapplizierte Velatura-Veredelung sorgt f\u00fcr einen satten Farbverlauf, akzentuiert durch eine zarte Sigillo-Naht in Arancio Santoni \u2013 dem ikonischen Orange des Hauses. Ein Lederlogo-Patch [...]","og_url":"https:\/\/www.voustenshoes.com\/de\/santoni-julien-42528-2\/","og_site_name":"Vousten Shoes","article_modified_time":"2026-03-10T00:15:08+00:00","og_image":[{"width":1365,"height":1365,"url":"https:\/\/www.voustenshoes.com\/wp-content\/uploads\/2023\/06\/SANTONI-.png","type":"image\/png"}],"twitter_card":"summary_large_image","twitter_misc":{"Est. reading time":"1 Minute"},"schema":{"@context":"https:\/\/schema.org","@graph":[{"@type":"WebPage","@id":"https:\/\/www.voustenshoes.com\/de\/santoni-julien-42528-2\/","url":"https:\/\/www.voustenshoes.com\/de\/santoni-julien-42528-2\/","name":"SANTONI - JULI\u00c9N (42528) - Vousten Shoes","isPartOf":{"@id":"https:\/\/www.voustenshoes.com\/nl\/#website"},"primaryImageOfPage":{"@id":"https:\/\/www.voustenshoes.com\/de\/santoni-julien-42528-2\/#primaryimage"},"image":{"@id":"https:\/\/www.voustenshoes.com\/de\/santoni-julien-42528-2\/#primaryimage"},"thumbnailUrl":"https:\/\/www.voustenshoes.com\/wp-content\/uploads\/2023\/06\/SANTONI-.png","datePublished":"2026-02-19T12:56:02+00:00","dateModified":"2026-03-10T00:15:08+00:00","breadcrumb":{"@id":"https:\/\/www.voustenshoes.com\/de\/santoni-julien-42528-2\/#breadcrumb"},"inLanguage":"de-DE","potentialAction":[{"@type":"ReadAction","target":["https:\/\/www.voustenshoes.com\/de\/santoni-julien-42528-2\/"]}]},{"@type":"ImageObject","inLanguage":"de-DE","@id":"https:\/\/www.voustenshoes.com\/de\/santoni-julien-42528-2\/#primaryimage","url":"https:\/\/www.voustenshoes.com\/wp-content\/uploads\/2023\/06\/SANTONI-.png","contentUrl":"https:\/\/www.voustenshoes.com\/wp-content\/uploads\/2023\/06\/SANTONI-.png","width":1365,"height":1365},{"@type":"BreadcrumbList","@id":"https:\/\/www.voustenshoes.com\/de\/santoni-julien-42528-2\/#breadcrumb","itemListElement":[{"@type":"ListItem","position":1,"name":"Home","item":"https:\/\/www.voustenshoes.com\/de\/"},{"@type":"ListItem","position":2,"name":"Shop","item":"https:\/\/www.voustenshoes.com\/de\/shop\/"},{"@type":"ListItem","position":3,"name":"SANTONI &#8211; JULI\u00c9N (42528)"}]},{"@type":"WebSite","@id":"https:\/\/www.voustenshoes.com\/nl\/#website","url":"https:\/\/www.voustenshoes.com\/nl\/","name":"Vousten Shoes","description":"","potentialAction":[{"@type":"SearchAction","target":{"@type":"EntryPoint","urlTemplate":"https:\/\/www.voustenshoes.com\/nl\/?s={search_term_string}"},"query-input":{"@type":"PropertyValueSpecification","valueRequired":true,"valueName":"search_term_string"}}],"inLanguage":"de-DE"}]}},"_links":{"self":[{"href":"https:\/\/www.voustenshoes.com\/de\/wp-json\/wp\/v2\/product\/222726","targetHints":{"allow":["GET"]}}],"collection":[{"href":"https:\/\/www.voustenshoes.com\/de\/wp-json\/wp\/v2\/product"}],"about":[{"href":"https:\/\/www.voustenshoes.com\/de\/wp-json\/wp\/v2\/types\/product"}],"replies":[{"embeddable":true,"href":"https:\/\/www.voustenshoes.com\/de\/wp-json\/wp\/v2\/comments?post=222726"}],"wp:featuredmedia":[{"embeddable":true,"href":"https:\/\/www.voustenshoes.com\/de\/wp-json\/wp\/v2\/media\/222654"}],"wp:attachment":[{"href":"https:\/\/www.voustenshoes.com\/de\/wp-json\/wp\/v2\/media?parent=222726"}],"wp:term":[{"taxonomy":"product_cat","embeddable":true,"href":"https:\/\/www.voustenshoes.com\/de\/wp-json\/wp\/v2\/product_cat?post=222726"},{"taxonomy":"product_tag","embeddable":true,"href":"https:\/\/www.voustenshoes.com\/de\/wp-json\/wp\/v2\/product_tag?post=222726"}],"curies":[{"name":"wp","href":"https:\/\/api.w.org\/{rel}","templated":true}]}}