{"id":223757,"date":"2026-03-25T10:45:53","date_gmt":"2026-03-25T09:45:53","guid":{"rendered":"https:\/\/www.voustenshoes.com\/santoni-clement-42534-2\/"},"modified":"2026-04-21T04:03:13","modified_gmt":"2026-04-21T02:03:13","slug":"santoni-clement-42534-2","status":"publish","type":"product","link":"https:\/\/www.voustenshoes.com\/de\/santoni-clement-42534-2\/","title":{"rendered":"SANTONI &#8211; Cl\u00e9ment (42534)"},"content":{"rendered":"<div>Der sportliche Komfort dieses Sneakers vereint sich mit der dezenten Eleganz eines zeitlosen Schn\u00fcrschuhs. Gefertigt aus au\u00dfergew\u00f6hnlich weichem und leichtem Carezza-Nubukleder, ist er mit dem charakteristischen Velatura-Farbverlauf handbehandelt und mit einer dezenten Sigillo-Naht in Arancio Santoni \u2013 dem typischen Orangeton \u2013 versehen. Dank der Zuglasche an der Ferse und der elastischen Schn\u00fcrsenkel l\u00e4sst er sich m\u00fchelos an- und ausziehen.<\/div>\n<div><\/div>\n<ul>\n<li>Material: Carezza-Nubukleder<\/li>\n<li>Veredelt mit Santonis Velatura-Farbverlauf<\/li>\n<li>Farbe: Terracruda Taubengrau<\/li>\n<li>Zuglasche an der Ferse<\/li>\n<li>Runde Zehenpartie<\/li>\n<li>Elastische Schn\u00fcrsenkel<\/li>\n<li>Gummisohle<\/li>\n<li>Sigillo-Naht in Arancio Santoni<\/li>\n<li>Santoni-Schriftzug in die Sohle eingepr\u00e4gt<\/li>\n<li>Handgefertigt in Italien<\/li>\n<li>MBNO22184TIRTFEHE55<\/li>\n<\/ul>\n","protected":false},"excerpt":{"rendered":"<p>Der sportliche Komfort dieses Sneakers vereint sich mit der dezenten Eleganz eines zeitlosen Schn\u00fcrschuhs. Gefertigt aus au\u00dfergew\u00f6hnlich weichem und leichtem Carezza-Nubukleder, ist er mit dem charakteristischen Velatura-Farbverlauf handbehandelt und mit einer dezenten Sigillo-Naht in Arancio Santoni \u2013 dem typischen Orangeton \u2013 versehen. Dank der Zuglasche an der Ferse und der elastischen Schn\u00fcrsenkel l\u00e4sst er sich [&#8230;]\n","protected":false},"featured_media":223677,"comment_status":"open","ping_status":"closed","template":"","meta":{"rank_math_lock_modified_date":false},"product_cat":[1302,1349,1117,1132,1139,1174,1182,1252,1269],"product_tag":[],"class_list":{"0":"post-223757","1":"product","2":"type-product","3":"status-publish","4":"has-post-thumbnail","6":"product_cat-lage-sneakers-de","7":"product_cat-veterschoenen-de","8":"product_cat-lage-santoni-sneakers-en-2-de","9":"product_cat-herenschoenen-nl-de","10":"product_cat-heren-nl-de","11":"product_cat-schoenen-nl-de","12":"product_cat-santoni-nl-de","13":"product_cat-vousten-sports-nl-de","14":"product_cat-sneakers-nl-de","16":"first","17":"instock","18":"taxable","19":"shipping-taxable","20":"purchasable","21":"product-type-variable"},"acf":[],"yoast_head":"<!-- This site is optimized with the Yoast SEO plugin v23.9 - https:\/\/yoast.com\/wordpress\/plugins\/seo\/ -->\n<title>SANTONI - Cl\u00e9ment (42534) - Vousten Shoes<\/title>\n<meta name=\"robots\" content=\"index, follow, max-snippet:-1, max-image-preview:large, max-video-preview:-1\" \/>\n<link rel=\"canonical\" href=\"https:\/\/www.voustenshoes.com\/de\/santoni-clement-42534-2\/\" \/>\n<meta property=\"og:locale\" content=\"de_DE\" \/>\n<meta property=\"og:type\" content=\"article\" \/>\n<meta property=\"og:title\" content=\"SANTONI - Cl\u00e9ment (42534) - Vousten Shoes\" \/>\n<meta property=\"og:description\" content=\"Der sportliche Komfort dieses Sneakers vereint sich mit der dezenten Eleganz eines zeitlosen Schn\u00fcrschuhs. Gefertigt aus au\u00dfergew\u00f6hnlich weichem und leichtem Carezza-Nubukleder, ist er mit dem charakteristischen Velatura-Farbverlauf handbehandelt und mit einer dezenten Sigillo-Naht in Arancio Santoni \u2013 dem typischen Orangeton \u2013 versehen. Dank der Zuglasche an der Ferse und der elastischen Schn\u00fcrsenkel l\u00e4sst er sich [...]\" \/>\n<meta property=\"og:url\" content=\"https:\/\/www.voustenshoes.com\/de\/santoni-clement-42534-2\/\" \/>\n<meta property=\"og:site_name\" content=\"Vousten Shoes\" \/>\n<meta property=\"article:modified_time\" content=\"2026-04-21T02:03:13+00:00\" \/>\n<meta property=\"og:image\" content=\"https:\/\/www.voustenshoes.com\/wp-content\/uploads\/2023\/06\/SANTONI-Clement-42534-8.png\" \/>\n\t<meta property=\"og:image:width\" content=\"1365\" \/>\n\t<meta property=\"og:image:height\" content=\"1365\" \/>\n\t<meta property=\"og:image:type\" content=\"image\/png\" \/>\n<meta name=\"twitter:card\" content=\"summary_large_image\" \/>\n<script type=\"application\/ld+json\" class=\"yoast-schema-graph\">{\"@context\":\"https:\/\/schema.org\",\"@graph\":[{\"@type\":\"WebPage\",\"@id\":\"https:\/\/www.voustenshoes.com\/de\/santoni-clement-42534-2\/\",\"url\":\"https:\/\/www.voustenshoes.com\/de\/santoni-clement-42534-2\/\",\"name\":\"SANTONI - Cl\u00e9ment (42534) - Vousten Shoes\",\"isPartOf\":{\"@id\":\"https:\/\/www.voustenshoes.com\/nl\/#website\"},\"primaryImageOfPage\":{\"@id\":\"https:\/\/www.voustenshoes.com\/de\/santoni-clement-42534-2\/#primaryimage\"},\"image\":{\"@id\":\"https:\/\/www.voustenshoes.com\/de\/santoni-clement-42534-2\/#primaryimage\"},\"thumbnailUrl\":\"https:\/\/www.voustenshoes.com\/wp-content\/uploads\/2023\/06\/SANTONI-Clement-42534-8.png\",\"datePublished\":\"2026-03-25T09:45:53+00:00\",\"dateModified\":\"2026-04-21T02:03:13+00:00\",\"breadcrumb\":{\"@id\":\"https:\/\/www.voustenshoes.com\/de\/santoni-clement-42534-2\/#breadcrumb\"},\"inLanguage\":\"de-DE\",\"potentialAction\":[{\"@type\":\"ReadAction\",\"target\":[\"https:\/\/www.voustenshoes.com\/de\/santoni-clement-42534-2\/\"]}]},{\"@type\":\"ImageObject\",\"inLanguage\":\"de-DE\",\"@id\":\"https:\/\/www.voustenshoes.com\/de\/santoni-clement-42534-2\/#primaryimage\",\"url\":\"https:\/\/www.voustenshoes.com\/wp-content\/uploads\/2023\/06\/SANTONI-Clement-42534-8.png\",\"contentUrl\":\"https:\/\/www.voustenshoes.com\/wp-content\/uploads\/2023\/06\/SANTONI-Clement-42534-8.png\",\"width\":1365,\"height\":1365},{\"@type\":\"BreadcrumbList\",\"@id\":\"https:\/\/www.voustenshoes.com\/de\/santoni-clement-42534-2\/#breadcrumb\",\"itemListElement\":[{\"@type\":\"ListItem\",\"position\":1,\"name\":\"Home\",\"item\":\"https:\/\/www.voustenshoes.com\/de\/\"},{\"@type\":\"ListItem\",\"position\":2,\"name\":\"Shop\",\"item\":\"https:\/\/www.voustenshoes.com\/de\/shop\/\"},{\"@type\":\"ListItem\",\"position\":3,\"name\":\"SANTONI &#8211; Cl\u00e9ment (42534)\"}]},{\"@type\":\"WebSite\",\"@id\":\"https:\/\/www.voustenshoes.com\/nl\/#website\",\"url\":\"https:\/\/www.voustenshoes.com\/nl\/\",\"name\":\"Vousten Shoes\",\"description\":\"\",\"potentialAction\":[{\"@type\":\"SearchAction\",\"target\":{\"@type\":\"EntryPoint\",\"urlTemplate\":\"https:\/\/www.voustenshoes.com\/nl\/?s={search_term_string}\"},\"query-input\":{\"@type\":\"PropertyValueSpecification\",\"valueRequired\":true,\"valueName\":\"search_term_string\"}}],\"inLanguage\":\"de-DE\"}]}<\/script>\n<!-- \/ Yoast SEO plugin. -->","yoast_head_json":{"title":"SANTONI - Cl\u00e9ment (42534) - Vousten Shoes","robots":{"index":"index","follow":"follow","max-snippet":"max-snippet:-1","max-image-preview":"max-image-preview:large","max-video-preview":"max-video-preview:-1"},"canonical":"https:\/\/www.voustenshoes.com\/de\/santoni-clement-42534-2\/","og_locale":"de_DE","og_type":"article","og_title":"SANTONI - Cl\u00e9ment (42534) - Vousten Shoes","og_description":"Der sportliche Komfort dieses Sneakers vereint sich mit der dezenten Eleganz eines zeitlosen Schn\u00fcrschuhs. Gefertigt aus au\u00dfergew\u00f6hnlich weichem und leichtem Carezza-Nubukleder, ist er mit dem charakteristischen Velatura-Farbverlauf handbehandelt und mit einer dezenten Sigillo-Naht in Arancio Santoni \u2013 dem typischen Orangeton \u2013 versehen. Dank der Zuglasche an der Ferse und der elastischen Schn\u00fcrsenkel l\u00e4sst er sich [...]","og_url":"https:\/\/www.voustenshoes.com\/de\/santoni-clement-42534-2\/","og_site_name":"Vousten Shoes","article_modified_time":"2026-04-21T02:03:13+00:00","og_image":[{"width":1365,"height":1365,"url":"https:\/\/www.voustenshoes.com\/wp-content\/uploads\/2023\/06\/SANTONI-Clement-42534-8.png","type":"image\/png"}],"twitter_card":"summary_large_image","schema":{"@context":"https:\/\/schema.org","@graph":[{"@type":"WebPage","@id":"https:\/\/www.voustenshoes.com\/de\/santoni-clement-42534-2\/","url":"https:\/\/www.voustenshoes.com\/de\/santoni-clement-42534-2\/","name":"SANTONI - Cl\u00e9ment (42534) - Vousten Shoes","isPartOf":{"@id":"https:\/\/www.voustenshoes.com\/nl\/#website"},"primaryImageOfPage":{"@id":"https:\/\/www.voustenshoes.com\/de\/santoni-clement-42534-2\/#primaryimage"},"image":{"@id":"https:\/\/www.voustenshoes.com\/de\/santoni-clement-42534-2\/#primaryimage"},"thumbnailUrl":"https:\/\/www.voustenshoes.com\/wp-content\/uploads\/2023\/06\/SANTONI-Clement-42534-8.png","datePublished":"2026-03-25T09:45:53+00:00","dateModified":"2026-04-21T02:03:13+00:00","breadcrumb":{"@id":"https:\/\/www.voustenshoes.com\/de\/santoni-clement-42534-2\/#breadcrumb"},"inLanguage":"de-DE","potentialAction":[{"@type":"ReadAction","target":["https:\/\/www.voustenshoes.com\/de\/santoni-clement-42534-2\/"]}]},{"@type":"ImageObject","inLanguage":"de-DE","@id":"https:\/\/www.voustenshoes.com\/de\/santoni-clement-42534-2\/#primaryimage","url":"https:\/\/www.voustenshoes.com\/wp-content\/uploads\/2023\/06\/SANTONI-Clement-42534-8.png","contentUrl":"https:\/\/www.voustenshoes.com\/wp-content\/uploads\/2023\/06\/SANTONI-Clement-42534-8.png","width":1365,"height":1365},{"@type":"BreadcrumbList","@id":"https:\/\/www.voustenshoes.com\/de\/santoni-clement-42534-2\/#breadcrumb","itemListElement":[{"@type":"ListItem","position":1,"name":"Home","item":"https:\/\/www.voustenshoes.com\/de\/"},{"@type":"ListItem","position":2,"name":"Shop","item":"https:\/\/www.voustenshoes.com\/de\/shop\/"},{"@type":"ListItem","position":3,"name":"SANTONI &#8211; Cl\u00e9ment (42534)"}]},{"@type":"WebSite","@id":"https:\/\/www.voustenshoes.com\/nl\/#website","url":"https:\/\/www.voustenshoes.com\/nl\/","name":"Vousten Shoes","description":"","potentialAction":[{"@type":"SearchAction","target":{"@type":"EntryPoint","urlTemplate":"https:\/\/www.voustenshoes.com\/nl\/?s={search_term_string}"},"query-input":{"@type":"PropertyValueSpecification","valueRequired":true,"valueName":"search_term_string"}}],"inLanguage":"de-DE"}]}},"_links":{"self":[{"href":"https:\/\/www.voustenshoes.com\/de\/wp-json\/wp\/v2\/product\/223757","targetHints":{"allow":["GET"]}}],"collection":[{"href":"https:\/\/www.voustenshoes.com\/de\/wp-json\/wp\/v2\/product"}],"about":[{"href":"https:\/\/www.voustenshoes.com\/de\/wp-json\/wp\/v2\/types\/product"}],"replies":[{"embeddable":true,"href":"https:\/\/www.voustenshoes.com\/de\/wp-json\/wp\/v2\/comments?post=223757"}],"wp:featuredmedia":[{"embeddable":true,"href":"https:\/\/www.voustenshoes.com\/de\/wp-json\/wp\/v2\/media\/223677"}],"wp:attachment":[{"href":"https:\/\/www.voustenshoes.com\/de\/wp-json\/wp\/v2\/media?parent=223757"}],"wp:term":[{"taxonomy":"product_cat","embeddable":true,"href":"https:\/\/www.voustenshoes.com\/de\/wp-json\/wp\/v2\/product_cat?post=223757"},{"taxonomy":"product_tag","embeddable":true,"href":"https:\/\/www.voustenshoes.com\/de\/wp-json\/wp\/v2\/product_tag?post=223757"}],"curies":[{"name":"wp","href":"https:\/\/api.w.org\/{rel}","templated":true}]}}