{"id":224347,"date":"2026-05-08T17:29:46","date_gmt":"2026-05-08T15:29:46","guid":{"rendered":"https:\/\/www.voustenshoes.com\/santoni-clement-42533-3\/"},"modified":"2026-05-09T05:18:32","modified_gmt":"2026-05-09T03:18:32","slug":"santoni-clement-42533-3","status":"publish","type":"product","link":"https:\/\/www.voustenshoes.com\/de\/santoni-clement-42533-3\/","title":{"rendered":"SANTONI &#8211; Clement (42533)"},"content":{"rendered":"<p>Der sportliche Komfort dieses Sneakers, kombiniert mit der zur\u00fcckhaltenden Eleganz eines zeitlosen Schn\u00fcrschuhs. Der Schuh ist aus au\u00dfergew\u00f6hnlich weichem und leichtem Carezza-Nubukleder gefertigt, von Hand mit der Velatura-Farbverlaufstechnik behandelt und mit einer dezenten Sigillo-Naht in Arancio Santoni \u2013 dem charakteristischen Orangeton \u2013 versehen. Der Schuh ist mit einer Zuglasche an der Ferse und elastischen Schn\u00fcrsenkeln ausgestattet, wodurch er sich leicht an- und ausziehen l\u00e4sst.<\/p>\n<ul>\n<li>Hergestellt aus Carezza-Nubukleder=<\/li>\n<li>Behandelt mit Santonis Velatura-Farbverlaufsveredelung<\/li>\n<li>Farbe: Camel<\/li>\n<li>Lasche an der Ferse<\/li>\n<li>Runde Schuhspitze<\/li>\n<li>Elastische Schn\u00fcrsenkel<\/li>\n<li>Gummikuppelsohle<\/li>\n<li>Arancio Santoni Sigillo-Naht<\/li>\n<li>Santoni-Schriftzug in das Profil eingepr\u00e4gt<\/li>\n<li>Handgefertigt in Italien<\/li>\n<li>MBNO22184TIRTFEHC16<\/li>\n<\/ul>\n","protected":false},"excerpt":{"rendered":"<p>Der sportliche Komfort dieses Sneakers, kombiniert mit der zur\u00fcckhaltenden Eleganz eines zeitlosen Schn\u00fcrschuhs. Der Schuh ist aus au\u00dfergew\u00f6hnlich weichem und leichtem Carezza-Nubukleder gefertigt, von Hand mit der Velatura-Farbverlaufstechnik behandelt und mit einer dezenten Sigillo-Naht in Arancio Santoni \u2013 dem charakteristischen Orangeton \u2013 versehen. Der Schuh ist mit einer Zuglasche an der Ferse und elastischen Schn\u00fcrsenkeln [&#8230;]\n","protected":false},"featured_media":224469,"comment_status":"open","ping_status":"closed","template":"","meta":{"rank_math_lock_modified_date":false},"product_cat":[1302,1349,1418,1117,1132,1139,1174,1182,1258,1269],"product_tag":[],"class_list":{"0":"post-224347","1":"product","2":"type-product","3":"status-publish","4":"has-post-thumbnail","6":"product_cat-lage-sneakers-de","7":"product_cat-veterschoenen-de","8":"product_cat-sneakers-instap-de","9":"product_cat-lage-santoni-sneakers-en-2-de","10":"product_cat-herenschoenen-nl-de","11":"product_cat-heren-nl-de","12":"product_cat-schoenen-nl-de","13":"product_cat-santoni-nl-de","14":"product_cat-veter-en-gespschoenen-nl-de","15":"product_cat-sneakers-nl-de","17":"first","18":"instock","19":"taxable","20":"shipping-taxable","21":"purchasable","22":"product-type-variable"},"acf":[],"yoast_head":"<!-- This site is optimized with the Yoast SEO plugin v23.9 - https:\/\/yoast.com\/wordpress\/plugins\/seo\/ -->\n<title>SANTONI - Clement (42533) - Vousten Shoes<\/title>\n<meta name=\"robots\" content=\"index, follow, max-snippet:-1, max-image-preview:large, max-video-preview:-1\" \/>\n<link rel=\"canonical\" href=\"https:\/\/www.voustenshoes.com\/de\/santoni-clement-42533-3\/\" \/>\n<meta property=\"og:locale\" content=\"de_DE\" \/>\n<meta property=\"og:type\" content=\"article\" \/>\n<meta property=\"og:title\" content=\"SANTONI - Clement (42533) - Vousten Shoes\" \/>\n<meta property=\"og:description\" content=\"Der sportliche Komfort dieses Sneakers, kombiniert mit der zur\u00fcckhaltenden Eleganz eines zeitlosen Schn\u00fcrschuhs. Der Schuh ist aus au\u00dfergew\u00f6hnlich weichem und leichtem Carezza-Nubukleder gefertigt, von Hand mit der Velatura-Farbverlaufstechnik behandelt und mit einer dezenten Sigillo-Naht in Arancio Santoni \u2013 dem charakteristischen Orangeton \u2013 versehen. Der Schuh ist mit einer Zuglasche an der Ferse und elastischen Schn\u00fcrsenkeln [...]\" \/>\n<meta property=\"og:url\" content=\"https:\/\/www.voustenshoes.com\/de\/santoni-clement-42533-3\/\" \/>\n<meta property=\"og:site_name\" content=\"Vousten Shoes\" \/>\n<meta property=\"article:modified_time\" content=\"2026-05-09T03:18:32+00:00\" \/>\n<meta property=\"og:image\" content=\"https:\/\/www.voustenshoes.com\/wp-content\/uploads\/2023\/06\/SANTONI-42533-Clement.png\" \/>\n\t<meta property=\"og:image:width\" content=\"1365\" \/>\n\t<meta property=\"og:image:height\" content=\"1365\" \/>\n\t<meta property=\"og:image:type\" content=\"image\/png\" \/>\n<meta name=\"twitter:card\" content=\"summary_large_image\" \/>\n<meta name=\"twitter:label1\" content=\"Est. reading time\" \/>\n\t<meta name=\"twitter:data1\" content=\"1 Minute\" \/>\n<script type=\"application\/ld+json\" class=\"yoast-schema-graph\">{\"@context\":\"https:\/\/schema.org\",\"@graph\":[{\"@type\":\"WebPage\",\"@id\":\"https:\/\/www.voustenshoes.com\/de\/santoni-clement-42533-3\/\",\"url\":\"https:\/\/www.voustenshoes.com\/de\/santoni-clement-42533-3\/\",\"name\":\"SANTONI - Clement (42533) - Vousten Shoes\",\"isPartOf\":{\"@id\":\"https:\/\/www.voustenshoes.com\/nl\/#website\"},\"primaryImageOfPage\":{\"@id\":\"https:\/\/www.voustenshoes.com\/de\/santoni-clement-42533-3\/#primaryimage\"},\"image\":{\"@id\":\"https:\/\/www.voustenshoes.com\/de\/santoni-clement-42533-3\/#primaryimage\"},\"thumbnailUrl\":\"https:\/\/www.voustenshoes.com\/wp-content\/uploads\/2023\/06\/42533.png\",\"datePublished\":\"2026-05-08T15:29:46+00:00\",\"dateModified\":\"2026-05-09T03:18:32+00:00\",\"breadcrumb\":{\"@id\":\"https:\/\/www.voustenshoes.com\/de\/santoni-clement-42533-3\/#breadcrumb\"},\"inLanguage\":\"de-DE\",\"potentialAction\":[{\"@type\":\"ReadAction\",\"target\":[\"https:\/\/www.voustenshoes.com\/de\/santoni-clement-42533-3\/\"]}]},{\"@type\":\"ImageObject\",\"inLanguage\":\"de-DE\",\"@id\":\"https:\/\/www.voustenshoes.com\/de\/santoni-clement-42533-3\/#primaryimage\",\"url\":\"https:\/\/www.voustenshoes.com\/wp-content\/uploads\/2023\/06\/42533.png\",\"contentUrl\":\"https:\/\/www.voustenshoes.com\/wp-content\/uploads\/2023\/06\/42533.png\",\"width\":1365,\"height\":1365},{\"@type\":\"BreadcrumbList\",\"@id\":\"https:\/\/www.voustenshoes.com\/de\/santoni-clement-42533-3\/#breadcrumb\",\"itemListElement\":[{\"@type\":\"ListItem\",\"position\":1,\"name\":\"Home\",\"item\":\"https:\/\/www.voustenshoes.com\/de\/\"},{\"@type\":\"ListItem\",\"position\":2,\"name\":\"Shop\",\"item\":\"https:\/\/www.voustenshoes.com\/de\/shop\/\"},{\"@type\":\"ListItem\",\"position\":3,\"name\":\"SANTONI &#8211; Clement (42533)\"}]},{\"@type\":\"WebSite\",\"@id\":\"https:\/\/www.voustenshoes.com\/nl\/#website\",\"url\":\"https:\/\/www.voustenshoes.com\/nl\/\",\"name\":\"Vousten Shoes\",\"description\":\"\",\"potentialAction\":[{\"@type\":\"SearchAction\",\"target\":{\"@type\":\"EntryPoint\",\"urlTemplate\":\"https:\/\/www.voustenshoes.com\/nl\/?s={search_term_string}\"},\"query-input\":{\"@type\":\"PropertyValueSpecification\",\"valueRequired\":true,\"valueName\":\"search_term_string\"}}],\"inLanguage\":\"de-DE\"}]}<\/script>\n<!-- \/ Yoast SEO plugin. -->","yoast_head_json":{"title":"SANTONI - Clement (42533) - Vousten Shoes","robots":{"index":"index","follow":"follow","max-snippet":"max-snippet:-1","max-image-preview":"max-image-preview:large","max-video-preview":"max-video-preview:-1"},"canonical":"https:\/\/www.voustenshoes.com\/de\/santoni-clement-42533-3\/","og_locale":"de_DE","og_type":"article","og_title":"SANTONI - Clement (42533) - Vousten Shoes","og_description":"Der sportliche Komfort dieses Sneakers, kombiniert mit der zur\u00fcckhaltenden Eleganz eines zeitlosen Schn\u00fcrschuhs. Der Schuh ist aus au\u00dfergew\u00f6hnlich weichem und leichtem Carezza-Nubukleder gefertigt, von Hand mit der Velatura-Farbverlaufstechnik behandelt und mit einer dezenten Sigillo-Naht in Arancio Santoni \u2013 dem charakteristischen Orangeton \u2013 versehen. Der Schuh ist mit einer Zuglasche an der Ferse und elastischen Schn\u00fcrsenkeln [...]","og_url":"https:\/\/www.voustenshoes.com\/de\/santoni-clement-42533-3\/","og_site_name":"Vousten Shoes","article_modified_time":"2026-05-09T03:18:32+00:00","og_image":[{"width":1365,"height":1365,"url":"https:\/\/www.voustenshoes.com\/wp-content\/uploads\/2023\/06\/SANTONI-42533-Clement.png","type":"image\/png"}],"twitter_card":"summary_large_image","twitter_misc":{"Est. reading time":"1 Minute"},"schema":{"@context":"https:\/\/schema.org","@graph":[{"@type":"WebPage","@id":"https:\/\/www.voustenshoes.com\/de\/santoni-clement-42533-3\/","url":"https:\/\/www.voustenshoes.com\/de\/santoni-clement-42533-3\/","name":"SANTONI - Clement (42533) - Vousten Shoes","isPartOf":{"@id":"https:\/\/www.voustenshoes.com\/nl\/#website"},"primaryImageOfPage":{"@id":"https:\/\/www.voustenshoes.com\/de\/santoni-clement-42533-3\/#primaryimage"},"image":{"@id":"https:\/\/www.voustenshoes.com\/de\/santoni-clement-42533-3\/#primaryimage"},"thumbnailUrl":"https:\/\/www.voustenshoes.com\/wp-content\/uploads\/2023\/06\/42533.png","datePublished":"2026-05-08T15:29:46+00:00","dateModified":"2026-05-09T03:18:32+00:00","breadcrumb":{"@id":"https:\/\/www.voustenshoes.com\/de\/santoni-clement-42533-3\/#breadcrumb"},"inLanguage":"de-DE","potentialAction":[{"@type":"ReadAction","target":["https:\/\/www.voustenshoes.com\/de\/santoni-clement-42533-3\/"]}]},{"@type":"ImageObject","inLanguage":"de-DE","@id":"https:\/\/www.voustenshoes.com\/de\/santoni-clement-42533-3\/#primaryimage","url":"https:\/\/www.voustenshoes.com\/wp-content\/uploads\/2023\/06\/42533.png","contentUrl":"https:\/\/www.voustenshoes.com\/wp-content\/uploads\/2023\/06\/42533.png","width":1365,"height":1365},{"@type":"BreadcrumbList","@id":"https:\/\/www.voustenshoes.com\/de\/santoni-clement-42533-3\/#breadcrumb","itemListElement":[{"@type":"ListItem","position":1,"name":"Home","item":"https:\/\/www.voustenshoes.com\/de\/"},{"@type":"ListItem","position":2,"name":"Shop","item":"https:\/\/www.voustenshoes.com\/de\/shop\/"},{"@type":"ListItem","position":3,"name":"SANTONI &#8211; Clement (42533)"}]},{"@type":"WebSite","@id":"https:\/\/www.voustenshoes.com\/nl\/#website","url":"https:\/\/www.voustenshoes.com\/nl\/","name":"Vousten Shoes","description":"","potentialAction":[{"@type":"SearchAction","target":{"@type":"EntryPoint","urlTemplate":"https:\/\/www.voustenshoes.com\/nl\/?s={search_term_string}"},"query-input":{"@type":"PropertyValueSpecification","valueRequired":true,"valueName":"search_term_string"}}],"inLanguage":"de-DE"}]}},"_links":{"self":[{"href":"https:\/\/www.voustenshoes.com\/de\/wp-json\/wp\/v2\/product\/224347","targetHints":{"allow":["GET"]}}],"collection":[{"href":"https:\/\/www.voustenshoes.com\/de\/wp-json\/wp\/v2\/product"}],"about":[{"href":"https:\/\/www.voustenshoes.com\/de\/wp-json\/wp\/v2\/types\/product"}],"replies":[{"embeddable":true,"href":"https:\/\/www.voustenshoes.com\/de\/wp-json\/wp\/v2\/comments?post=224347"}],"wp:featuredmedia":[{"embeddable":true,"href":"https:\/\/www.voustenshoes.com\/de\/wp-json\/wp\/v2\/media\/224469"}],"wp:attachment":[{"href":"https:\/\/www.voustenshoes.com\/de\/wp-json\/wp\/v2\/media?parent=224347"}],"wp:term":[{"taxonomy":"product_cat","embeddable":true,"href":"https:\/\/www.voustenshoes.com\/de\/wp-json\/wp\/v2\/product_cat?post=224347"},{"taxonomy":"product_tag","embeddable":true,"href":"https:\/\/www.voustenshoes.com\/de\/wp-json\/wp\/v2\/product_tag?post=224347"}],"curies":[{"name":"wp","href":"https:\/\/api.w.org\/{rel}","templated":true}]}}