{"id":224515,"date":"2026-05-11T18:21:46","date_gmt":"2026-05-11T16:21:46","guid":{"rendered":"https:\/\/www.voustenshoes.com\/santoni-gurtel-beige-42541\/"},"modified":"2026-05-11T23:57:07","modified_gmt":"2026-05-11T21:57:07","slug":"santoni-gurtel-beige-42541","status":"publish","type":"product","link":"https:\/\/www.voustenshoes.com\/de\/santoni-gurtel-beige-42541\/","title":{"rendered":"SANTONI &#8211; G\u00fcrtel Wildleder beige 3,5cm (42541)"},"content":{"rendered":"<h3>Beigefarbener Santoni-G\u00fcrtel aus Wildleder mit brauner Akzentfarbe<\/h3>\n<ul>\n<li>Handgefertigt in Italien.<\/li>\n<li>3,5 cm breit.<\/li>\n<li>Die Standardl\u00e4nge betr\u00e4gt 110 cm<\/li>\n<li>Einfache L\u00e4ngenverstellung mittels Schraube.<\/li>\n<li>Artikelnummer CM35VC003B91EACDE55<\/li>\n<li>Gerne fertigen wir den G\u00fcrtel auch f\u00fcr Sie k\u00fcrzer an, wir nehmen dann Kontakt mit Ihnen auf (eine R\u00fcckgabe eines k\u00fcrzeren G\u00fcrtels ist jedoch nicht m\u00f6glich).<\/li>\n<\/ul>\n","protected":false},"excerpt":{"rendered":"<p>Beigefarbener Santoni-G\u00fcrtel aus Wildleder mit brauner Akzentfarbe Handgefertigt in Italien. 3,5 cm breit. Die Standardl\u00e4nge betr\u00e4gt 110 cm Einfache L\u00e4ngenverstellung mittels Schraube. Artikelnummer CM35VC003B91EACDE55 Gerne fertigen wir den G\u00fcrtel auch f\u00fcr Sie k\u00fcrzer an, wir nehmen dann Kontakt mit Ihnen auf (eine R\u00fcckgabe eines k\u00fcrzeren G\u00fcrtels ist jedoch nicht m\u00f6glich).<\/p>\n","protected":false},"featured_media":224491,"comment_status":"open","ping_status":"closed","template":"","meta":{"rank_math_lock_modified_date":false},"product_cat":[1113,1139,1182,1190],"product_tag":[],"class_list":{"0":"post-224515","1":"product","2":"type-product","3":"status-publish","4":"has-post-thumbnail","6":"product_cat-accessoires-de","7":"product_cat-heren-nl-de","8":"product_cat-santoni-nl-de","9":"product_cat-riemen-nl-de","11":"first","12":"instock","13":"taxable","14":"shipping-taxable","15":"purchasable","16":"product-type-variable"},"acf":[],"yoast_head":"<!-- This site is optimized with the Yoast SEO plugin v23.9 - https:\/\/yoast.com\/wordpress\/plugins\/seo\/ -->\n<title>SANTONI - G\u00fcrtel Wildleder beige 3,5cm (42541) - Vousten Shoes<\/title>\n<meta name=\"robots\" content=\"index, follow, max-snippet:-1, max-image-preview:large, max-video-preview:-1\" \/>\n<link rel=\"canonical\" href=\"https:\/\/www.voustenshoes.com\/de\/santoni-gurtel-beige-42541\/\" \/>\n<meta property=\"og:locale\" content=\"de_DE\" \/>\n<meta property=\"og:type\" content=\"article\" \/>\n<meta property=\"og:title\" content=\"SANTONI - G\u00fcrtel Wildleder beige 3,5cm (42541) - Vousten Shoes\" \/>\n<meta property=\"og:description\" content=\"Beigefarbener Santoni-G\u00fcrtel aus Wildleder mit brauner Akzentfarbe Handgefertigt in Italien. 3,5 cm breit. Die Standardl\u00e4nge betr\u00e4gt 110 cm Einfache L\u00e4ngenverstellung mittels Schraube. Artikelnummer CM35VC003B91EACDE55 Gerne fertigen wir den G\u00fcrtel auch f\u00fcr Sie k\u00fcrzer an, wir nehmen dann Kontakt mit Ihnen auf (eine R\u00fcckgabe eines k\u00fcrzeren G\u00fcrtels ist jedoch nicht m\u00f6glich).\" \/>\n<meta property=\"og:url\" content=\"https:\/\/www.voustenshoes.com\/de\/santoni-gurtel-beige-42541\/\" \/>\n<meta property=\"og:site_name\" content=\"Vousten Shoes\" \/>\n<meta property=\"article:modified_time\" content=\"2026-05-11T21:57:07+00:00\" \/>\n<meta property=\"og:image\" content=\"https:\/\/www.voustenshoes.com\/wp-content\/uploads\/2023\/06\/SANTONI-Ceintuur-beige-42541.png\" \/>\n\t<meta property=\"og:image:width\" content=\"1365\" \/>\n\t<meta property=\"og:image:height\" content=\"1365\" \/>\n\t<meta property=\"og:image:type\" content=\"image\/png\" \/>\n<meta name=\"twitter:card\" content=\"summary_large_image\" \/>\n<script type=\"application\/ld+json\" class=\"yoast-schema-graph\">{\"@context\":\"https:\/\/schema.org\",\"@graph\":[{\"@type\":\"WebPage\",\"@id\":\"https:\/\/www.voustenshoes.com\/de\/santoni-gurtel-beige-42541\/\",\"url\":\"https:\/\/www.voustenshoes.com\/de\/santoni-gurtel-beige-42541\/\",\"name\":\"SANTONI - G\u00fcrtel Wildleder beige 3,5cm (42541) - Vousten Shoes\",\"isPartOf\":{\"@id\":\"https:\/\/www.voustenshoes.com\/nl\/#website\"},\"primaryImageOfPage\":{\"@id\":\"https:\/\/www.voustenshoes.com\/de\/santoni-gurtel-beige-42541\/#primaryimage\"},\"image\":{\"@id\":\"https:\/\/www.voustenshoes.com\/de\/santoni-gurtel-beige-42541\/#primaryimage\"},\"thumbnailUrl\":\"https:\/\/www.voustenshoes.com\/wp-content\/uploads\/2023\/06\/SANTONI-Ceintuur-beige-42541.png\",\"datePublished\":\"2026-05-11T16:21:46+00:00\",\"dateModified\":\"2026-05-11T21:57:07+00:00\",\"breadcrumb\":{\"@id\":\"https:\/\/www.voustenshoes.com\/de\/santoni-gurtel-beige-42541\/#breadcrumb\"},\"inLanguage\":\"de-DE\",\"potentialAction\":[{\"@type\":\"ReadAction\",\"target\":[\"https:\/\/www.voustenshoes.com\/de\/santoni-gurtel-beige-42541\/\"]}]},{\"@type\":\"ImageObject\",\"inLanguage\":\"de-DE\",\"@id\":\"https:\/\/www.voustenshoes.com\/de\/santoni-gurtel-beige-42541\/#primaryimage\",\"url\":\"https:\/\/www.voustenshoes.com\/wp-content\/uploads\/2023\/06\/SANTONI-Ceintuur-beige-42541.png\",\"contentUrl\":\"https:\/\/www.voustenshoes.com\/wp-content\/uploads\/2023\/06\/SANTONI-Ceintuur-beige-42541.png\",\"width\":1365,\"height\":1365},{\"@type\":\"BreadcrumbList\",\"@id\":\"https:\/\/www.voustenshoes.com\/de\/santoni-gurtel-beige-42541\/#breadcrumb\",\"itemListElement\":[{\"@type\":\"ListItem\",\"position\":1,\"name\":\"Home\",\"item\":\"https:\/\/www.voustenshoes.com\/de\/\"},{\"@type\":\"ListItem\",\"position\":2,\"name\":\"Shop\",\"item\":\"https:\/\/www.voustenshoes.com\/de\/shop\/\"},{\"@type\":\"ListItem\",\"position\":3,\"name\":\"SANTONI &#8211; G\u00fcrtel Wildleder beige 3,5cm (42541)\"}]},{\"@type\":\"WebSite\",\"@id\":\"https:\/\/www.voustenshoes.com\/nl\/#website\",\"url\":\"https:\/\/www.voustenshoes.com\/nl\/\",\"name\":\"Vousten Shoes\",\"description\":\"\",\"potentialAction\":[{\"@type\":\"SearchAction\",\"target\":{\"@type\":\"EntryPoint\",\"urlTemplate\":\"https:\/\/www.voustenshoes.com\/nl\/?s={search_term_string}\"},\"query-input\":{\"@type\":\"PropertyValueSpecification\",\"valueRequired\":true,\"valueName\":\"search_term_string\"}}],\"inLanguage\":\"de-DE\"}]}<\/script>\n<!-- \/ Yoast SEO plugin. -->","yoast_head_json":{"title":"SANTONI - G\u00fcrtel Wildleder beige 3,5cm (42541) - Vousten Shoes","robots":{"index":"index","follow":"follow","max-snippet":"max-snippet:-1","max-image-preview":"max-image-preview:large","max-video-preview":"max-video-preview:-1"},"canonical":"https:\/\/www.voustenshoes.com\/de\/santoni-gurtel-beige-42541\/","og_locale":"de_DE","og_type":"article","og_title":"SANTONI - G\u00fcrtel Wildleder beige 3,5cm (42541) - Vousten Shoes","og_description":"Beigefarbener Santoni-G\u00fcrtel aus Wildleder mit brauner Akzentfarbe Handgefertigt in Italien. 3,5 cm breit. Die Standardl\u00e4nge betr\u00e4gt 110 cm Einfache L\u00e4ngenverstellung mittels Schraube. Artikelnummer CM35VC003B91EACDE55 Gerne fertigen wir den G\u00fcrtel auch f\u00fcr Sie k\u00fcrzer an, wir nehmen dann Kontakt mit Ihnen auf (eine R\u00fcckgabe eines k\u00fcrzeren G\u00fcrtels ist jedoch nicht m\u00f6glich).","og_url":"https:\/\/www.voustenshoes.com\/de\/santoni-gurtel-beige-42541\/","og_site_name":"Vousten Shoes","article_modified_time":"2026-05-11T21:57:07+00:00","og_image":[{"width":1365,"height":1365,"url":"https:\/\/www.voustenshoes.com\/wp-content\/uploads\/2023\/06\/SANTONI-Ceintuur-beige-42541.png","type":"image\/png"}],"twitter_card":"summary_large_image","schema":{"@context":"https:\/\/schema.org","@graph":[{"@type":"WebPage","@id":"https:\/\/www.voustenshoes.com\/de\/santoni-gurtel-beige-42541\/","url":"https:\/\/www.voustenshoes.com\/de\/santoni-gurtel-beige-42541\/","name":"SANTONI - G\u00fcrtel Wildleder beige 3,5cm (42541) - Vousten Shoes","isPartOf":{"@id":"https:\/\/www.voustenshoes.com\/nl\/#website"},"primaryImageOfPage":{"@id":"https:\/\/www.voustenshoes.com\/de\/santoni-gurtel-beige-42541\/#primaryimage"},"image":{"@id":"https:\/\/www.voustenshoes.com\/de\/santoni-gurtel-beige-42541\/#primaryimage"},"thumbnailUrl":"https:\/\/www.voustenshoes.com\/wp-content\/uploads\/2023\/06\/SANTONI-Ceintuur-beige-42541.png","datePublished":"2026-05-11T16:21:46+00:00","dateModified":"2026-05-11T21:57:07+00:00","breadcrumb":{"@id":"https:\/\/www.voustenshoes.com\/de\/santoni-gurtel-beige-42541\/#breadcrumb"},"inLanguage":"de-DE","potentialAction":[{"@type":"ReadAction","target":["https:\/\/www.voustenshoes.com\/de\/santoni-gurtel-beige-42541\/"]}]},{"@type":"ImageObject","inLanguage":"de-DE","@id":"https:\/\/www.voustenshoes.com\/de\/santoni-gurtel-beige-42541\/#primaryimage","url":"https:\/\/www.voustenshoes.com\/wp-content\/uploads\/2023\/06\/SANTONI-Ceintuur-beige-42541.png","contentUrl":"https:\/\/www.voustenshoes.com\/wp-content\/uploads\/2023\/06\/SANTONI-Ceintuur-beige-42541.png","width":1365,"height":1365},{"@type":"BreadcrumbList","@id":"https:\/\/www.voustenshoes.com\/de\/santoni-gurtel-beige-42541\/#breadcrumb","itemListElement":[{"@type":"ListItem","position":1,"name":"Home","item":"https:\/\/www.voustenshoes.com\/de\/"},{"@type":"ListItem","position":2,"name":"Shop","item":"https:\/\/www.voustenshoes.com\/de\/shop\/"},{"@type":"ListItem","position":3,"name":"SANTONI &#8211; G\u00fcrtel Wildleder beige 3,5cm (42541)"}]},{"@type":"WebSite","@id":"https:\/\/www.voustenshoes.com\/nl\/#website","url":"https:\/\/www.voustenshoes.com\/nl\/","name":"Vousten Shoes","description":"","potentialAction":[{"@type":"SearchAction","target":{"@type":"EntryPoint","urlTemplate":"https:\/\/www.voustenshoes.com\/nl\/?s={search_term_string}"},"query-input":{"@type":"PropertyValueSpecification","valueRequired":true,"valueName":"search_term_string"}}],"inLanguage":"de-DE"}]}},"_links":{"self":[{"href":"https:\/\/www.voustenshoes.com\/de\/wp-json\/wp\/v2\/product\/224515","targetHints":{"allow":["GET"]}}],"collection":[{"href":"https:\/\/www.voustenshoes.com\/de\/wp-json\/wp\/v2\/product"}],"about":[{"href":"https:\/\/www.voustenshoes.com\/de\/wp-json\/wp\/v2\/types\/product"}],"replies":[{"embeddable":true,"href":"https:\/\/www.voustenshoes.com\/de\/wp-json\/wp\/v2\/comments?post=224515"}],"wp:featuredmedia":[{"embeddable":true,"href":"https:\/\/www.voustenshoes.com\/de\/wp-json\/wp\/v2\/media\/224491"}],"wp:attachment":[{"href":"https:\/\/www.voustenshoes.com\/de\/wp-json\/wp\/v2\/media?parent=224515"}],"wp:term":[{"taxonomy":"product_cat","embeddable":true,"href":"https:\/\/www.voustenshoes.com\/de\/wp-json\/wp\/v2\/product_cat?post=224515"},{"taxonomy":"product_tag","embeddable":true,"href":"https:\/\/www.voustenshoes.com\/de\/wp-json\/wp\/v2\/product_tag?post=224515"}],"curies":[{"name":"wp","href":"https:\/\/api.w.org\/{rel}","templated":true}]}}