{"id":224555,"date":"2026-05-11T19:11:59","date_gmt":"2026-05-11T17:11:59","guid":{"rendered":"https:\/\/www.voustenshoes.com\/santoni-gurtel-leder-braun-35cm-42540\/"},"modified":"2026-05-12T05:45:10","modified_gmt":"2026-05-12T03:45:10","slug":"santoni-gurtel-leder-braun-35cm-42540","status":"publish","type":"product","link":"https:\/\/www.voustenshoes.com\/de\/santoni-gurtel-leder-braun-35cm-42540\/","title":{"rendered":"SANTONI &#8211; G\u00fcrtel Leder Braun 3,5cm (42540)"},"content":{"rendered":"<h3>Brauner Santoni-G\u00fcrtel aus Leder mit verschiedenen Braunt\u00f6nen.<\/h3>\n<p>Durch die Farbgebung ist dieser G\u00fcrtel mit vielen braunen Schuhen kombinierbar.<\/p>\n<p>Dieser G\u00fcrtel besteht aus Kalbsleder in authentischstem Zustand, unbeschichtet, unpigmentiert und v\u00f6llig nat\u00fcrlich. Es ist mit den verschiedenen Farbt\u00f6nen des Velatura-Finishs handgef\u00e4rbt und verf\u00fcgt \u00fcber Ledern\u00e4hte, die ebenfalls von erfahrenen Kunsthandwerkern von Hand gen\u00e4ht wurden. Ein unverkennbares Zeichen der Perfektion, das den wertvollsten Kreationen von Santoni verliehen wird. Eine elegante Erg\u00e4nzung zu Jeans und Chinos mit quadratischem Metallschnallenverschluss.<\/p>\n<ul>\n<li>Handgefertigt in Italien.<\/li>\n<li>3,5 cm breit.<\/li>\n<li>Die Standardl\u00e4nge betr\u00e4gt 110 cm<\/li>\n<li>Die Schnalle ist hellgoldfarben, nicht vollst\u00e4ndig goldfarben.<\/li>\n<li>Einfache L\u00e4ngenverstellung mittels Schraube.<\/li>\n<li>Artikelnummer CM35VC003B91HVVDC79<\/li>\n<li>Gerne fertigen wir den G\u00fcrtel auch f\u00fcr Sie k\u00fcrzer an, wir nehmen dann Kontakt mit Ihnen auf (eine R\u00fcckgabe eines k\u00fcrzeren G\u00fcrtels ist jedoch nicht m\u00f6glich).<\/li>\n<\/ul>\n","protected":false},"excerpt":{"rendered":"<p>Brauner Santoni-G\u00fcrtel aus Leder mit verschiedenen Braunt\u00f6nen. Durch die Farbgebung ist dieser G\u00fcrtel mit vielen braunen Schuhen kombinierbar. Dieser G\u00fcrtel besteht aus Kalbsleder in authentischstem Zustand, unbeschichtet, unpigmentiert und v\u00f6llig nat\u00fcrlich. Es ist mit den verschiedenen Farbt\u00f6nen des Velatura-Finishs handgef\u00e4rbt und verf\u00fcgt \u00fcber Ledern\u00e4hte, die ebenfalls von erfahrenen Kunsthandwerkern von Hand gen\u00e4ht wurden. Ein unverkennbares [&#8230;]\n","protected":false},"featured_media":224531,"comment_status":"open","ping_status":"closed","template":"","meta":{"rank_math_lock_modified_date":false},"product_cat":[1113,1139,1182,1190],"product_tag":[],"class_list":{"0":"post-224555","1":"product","2":"type-product","3":"status-publish","4":"has-post-thumbnail","6":"product_cat-accessoires-de","7":"product_cat-heren-nl-de","8":"product_cat-santoni-nl-de","9":"product_cat-riemen-nl-de","11":"first","12":"instock","13":"taxable","14":"shipping-taxable","15":"purchasable","16":"product-type-variable"},"acf":[],"yoast_head":"<!-- This site is optimized with the Yoast SEO plugin v23.9 - https:\/\/yoast.com\/wordpress\/plugins\/seo\/ -->\n<title>SANTONI - G\u00fcrtel Leder Braun 3,5cm (42540) - Vousten Shoes<\/title>\n<meta name=\"robots\" content=\"index, follow, max-snippet:-1, max-image-preview:large, max-video-preview:-1\" \/>\n<link rel=\"canonical\" href=\"https:\/\/www.voustenshoes.com\/de\/santoni-gurtel-leder-braun-35cm-42540\/\" \/>\n<meta property=\"og:locale\" content=\"de_DE\" \/>\n<meta property=\"og:type\" content=\"article\" \/>\n<meta property=\"og:title\" content=\"SANTONI - G\u00fcrtel Leder Braun 3,5cm (42540) - Vousten Shoes\" \/>\n<meta property=\"og:description\" content=\"Brauner Santoni-G\u00fcrtel aus Leder mit verschiedenen Braunt\u00f6nen. Durch die Farbgebung ist dieser G\u00fcrtel mit vielen braunen Schuhen kombinierbar. Dieser G\u00fcrtel besteht aus Kalbsleder in authentischstem Zustand, unbeschichtet, unpigmentiert und v\u00f6llig nat\u00fcrlich. Es ist mit den verschiedenen Farbt\u00f6nen des Velatura-Finishs handgef\u00e4rbt und verf\u00fcgt \u00fcber Ledern\u00e4hte, die ebenfalls von erfahrenen Kunsthandwerkern von Hand gen\u00e4ht wurden. Ein unverkennbares [...]\" \/>\n<meta property=\"og:url\" content=\"https:\/\/www.voustenshoes.com\/de\/santoni-gurtel-leder-braun-35cm-42540\/\" \/>\n<meta property=\"og:site_name\" content=\"Vousten Shoes\" \/>\n<meta property=\"article:modified_time\" content=\"2026-05-12T03:45:10+00:00\" \/>\n<meta property=\"og:image\" content=\"https:\/\/www.voustenshoes.com\/wp-content\/uploads\/2023\/06\/SANTONI-Ceintuur-leer-bruin-35cm-42540.png\" \/>\n\t<meta property=\"og:image:width\" content=\"1365\" \/>\n\t<meta property=\"og:image:height\" content=\"1365\" \/>\n\t<meta property=\"og:image:type\" content=\"image\/png\" \/>\n<meta name=\"twitter:card\" content=\"summary_large_image\" \/>\n<meta name=\"twitter:label1\" content=\"Est. reading time\" \/>\n\t<meta name=\"twitter:data1\" content=\"1 Minute\" \/>\n<script type=\"application\/ld+json\" class=\"yoast-schema-graph\">{\"@context\":\"https:\/\/schema.org\",\"@graph\":[{\"@type\":\"WebPage\",\"@id\":\"https:\/\/www.voustenshoes.com\/de\/santoni-gurtel-leder-braun-35cm-42540\/\",\"url\":\"https:\/\/www.voustenshoes.com\/de\/santoni-gurtel-leder-braun-35cm-42540\/\",\"name\":\"SANTONI - G\u00fcrtel Leder Braun 3,5cm (42540) - Vousten Shoes\",\"isPartOf\":{\"@id\":\"https:\/\/www.voustenshoes.com\/nl\/#website\"},\"primaryImageOfPage\":{\"@id\":\"https:\/\/www.voustenshoes.com\/de\/santoni-gurtel-leder-braun-35cm-42540\/#primaryimage\"},\"image\":{\"@id\":\"https:\/\/www.voustenshoes.com\/de\/santoni-gurtel-leder-braun-35cm-42540\/#primaryimage\"},\"thumbnailUrl\":\"https:\/\/www.voustenshoes.com\/wp-content\/uploads\/2023\/06\/SANTONI-Ceintuur-leer-bruin-35cm-42540.png\",\"datePublished\":\"2026-05-11T17:11:59+00:00\",\"dateModified\":\"2026-05-12T03:45:10+00:00\",\"breadcrumb\":{\"@id\":\"https:\/\/www.voustenshoes.com\/de\/santoni-gurtel-leder-braun-35cm-42540\/#breadcrumb\"},\"inLanguage\":\"de-DE\",\"potentialAction\":[{\"@type\":\"ReadAction\",\"target\":[\"https:\/\/www.voustenshoes.com\/de\/santoni-gurtel-leder-braun-35cm-42540\/\"]}]},{\"@type\":\"ImageObject\",\"inLanguage\":\"de-DE\",\"@id\":\"https:\/\/www.voustenshoes.com\/de\/santoni-gurtel-leder-braun-35cm-42540\/#primaryimage\",\"url\":\"https:\/\/www.voustenshoes.com\/wp-content\/uploads\/2023\/06\/SANTONI-Ceintuur-leer-bruin-35cm-42540.png\",\"contentUrl\":\"https:\/\/www.voustenshoes.com\/wp-content\/uploads\/2023\/06\/SANTONI-Ceintuur-leer-bruin-35cm-42540.png\",\"width\":1365,\"height\":1365},{\"@type\":\"BreadcrumbList\",\"@id\":\"https:\/\/www.voustenshoes.com\/de\/santoni-gurtel-leder-braun-35cm-42540\/#breadcrumb\",\"itemListElement\":[{\"@type\":\"ListItem\",\"position\":1,\"name\":\"Home\",\"item\":\"https:\/\/www.voustenshoes.com\/de\/\"},{\"@type\":\"ListItem\",\"position\":2,\"name\":\"Shop\",\"item\":\"https:\/\/www.voustenshoes.com\/de\/shop\/\"},{\"@type\":\"ListItem\",\"position\":3,\"name\":\"SANTONI &#8211; G\u00fcrtel Leder Braun 3,5cm (42540)\"}]},{\"@type\":\"WebSite\",\"@id\":\"https:\/\/www.voustenshoes.com\/nl\/#website\",\"url\":\"https:\/\/www.voustenshoes.com\/nl\/\",\"name\":\"Vousten Shoes\",\"description\":\"\",\"potentialAction\":[{\"@type\":\"SearchAction\",\"target\":{\"@type\":\"EntryPoint\",\"urlTemplate\":\"https:\/\/www.voustenshoes.com\/nl\/?s={search_term_string}\"},\"query-input\":{\"@type\":\"PropertyValueSpecification\",\"valueRequired\":true,\"valueName\":\"search_term_string\"}}],\"inLanguage\":\"de-DE\"}]}<\/script>\n<!-- \/ Yoast SEO plugin. -->","yoast_head_json":{"title":"SANTONI - G\u00fcrtel Leder Braun 3,5cm (42540) - Vousten Shoes","robots":{"index":"index","follow":"follow","max-snippet":"max-snippet:-1","max-image-preview":"max-image-preview:large","max-video-preview":"max-video-preview:-1"},"canonical":"https:\/\/www.voustenshoes.com\/de\/santoni-gurtel-leder-braun-35cm-42540\/","og_locale":"de_DE","og_type":"article","og_title":"SANTONI - G\u00fcrtel Leder Braun 3,5cm (42540) - Vousten Shoes","og_description":"Brauner Santoni-G\u00fcrtel aus Leder mit verschiedenen Braunt\u00f6nen. Durch die Farbgebung ist dieser G\u00fcrtel mit vielen braunen Schuhen kombinierbar. Dieser G\u00fcrtel besteht aus Kalbsleder in authentischstem Zustand, unbeschichtet, unpigmentiert und v\u00f6llig nat\u00fcrlich. Es ist mit den verschiedenen Farbt\u00f6nen des Velatura-Finishs handgef\u00e4rbt und verf\u00fcgt \u00fcber Ledern\u00e4hte, die ebenfalls von erfahrenen Kunsthandwerkern von Hand gen\u00e4ht wurden. Ein unverkennbares [...]","og_url":"https:\/\/www.voustenshoes.com\/de\/santoni-gurtel-leder-braun-35cm-42540\/","og_site_name":"Vousten Shoes","article_modified_time":"2026-05-12T03:45:10+00:00","og_image":[{"width":1365,"height":1365,"url":"https:\/\/www.voustenshoes.com\/wp-content\/uploads\/2023\/06\/SANTONI-Ceintuur-leer-bruin-35cm-42540.png","type":"image\/png"}],"twitter_card":"summary_large_image","twitter_misc":{"Est. reading time":"1 Minute"},"schema":{"@context":"https:\/\/schema.org","@graph":[{"@type":"WebPage","@id":"https:\/\/www.voustenshoes.com\/de\/santoni-gurtel-leder-braun-35cm-42540\/","url":"https:\/\/www.voustenshoes.com\/de\/santoni-gurtel-leder-braun-35cm-42540\/","name":"SANTONI - G\u00fcrtel Leder Braun 3,5cm (42540) - Vousten Shoes","isPartOf":{"@id":"https:\/\/www.voustenshoes.com\/nl\/#website"},"primaryImageOfPage":{"@id":"https:\/\/www.voustenshoes.com\/de\/santoni-gurtel-leder-braun-35cm-42540\/#primaryimage"},"image":{"@id":"https:\/\/www.voustenshoes.com\/de\/santoni-gurtel-leder-braun-35cm-42540\/#primaryimage"},"thumbnailUrl":"https:\/\/www.voustenshoes.com\/wp-content\/uploads\/2023\/06\/SANTONI-Ceintuur-leer-bruin-35cm-42540.png","datePublished":"2026-05-11T17:11:59+00:00","dateModified":"2026-05-12T03:45:10+00:00","breadcrumb":{"@id":"https:\/\/www.voustenshoes.com\/de\/santoni-gurtel-leder-braun-35cm-42540\/#breadcrumb"},"inLanguage":"de-DE","potentialAction":[{"@type":"ReadAction","target":["https:\/\/www.voustenshoes.com\/de\/santoni-gurtel-leder-braun-35cm-42540\/"]}]},{"@type":"ImageObject","inLanguage":"de-DE","@id":"https:\/\/www.voustenshoes.com\/de\/santoni-gurtel-leder-braun-35cm-42540\/#primaryimage","url":"https:\/\/www.voustenshoes.com\/wp-content\/uploads\/2023\/06\/SANTONI-Ceintuur-leer-bruin-35cm-42540.png","contentUrl":"https:\/\/www.voustenshoes.com\/wp-content\/uploads\/2023\/06\/SANTONI-Ceintuur-leer-bruin-35cm-42540.png","width":1365,"height":1365},{"@type":"BreadcrumbList","@id":"https:\/\/www.voustenshoes.com\/de\/santoni-gurtel-leder-braun-35cm-42540\/#breadcrumb","itemListElement":[{"@type":"ListItem","position":1,"name":"Home","item":"https:\/\/www.voustenshoes.com\/de\/"},{"@type":"ListItem","position":2,"name":"Shop","item":"https:\/\/www.voustenshoes.com\/de\/shop\/"},{"@type":"ListItem","position":3,"name":"SANTONI &#8211; G\u00fcrtel Leder Braun 3,5cm (42540)"}]},{"@type":"WebSite","@id":"https:\/\/www.voustenshoes.com\/nl\/#website","url":"https:\/\/www.voustenshoes.com\/nl\/","name":"Vousten Shoes","description":"","potentialAction":[{"@type":"SearchAction","target":{"@type":"EntryPoint","urlTemplate":"https:\/\/www.voustenshoes.com\/nl\/?s={search_term_string}"},"query-input":{"@type":"PropertyValueSpecification","valueRequired":true,"valueName":"search_term_string"}}],"inLanguage":"de-DE"}]}},"_links":{"self":[{"href":"https:\/\/www.voustenshoes.com\/de\/wp-json\/wp\/v2\/product\/224555","targetHints":{"allow":["GET"]}}],"collection":[{"href":"https:\/\/www.voustenshoes.com\/de\/wp-json\/wp\/v2\/product"}],"about":[{"href":"https:\/\/www.voustenshoes.com\/de\/wp-json\/wp\/v2\/types\/product"}],"replies":[{"embeddable":true,"href":"https:\/\/www.voustenshoes.com\/de\/wp-json\/wp\/v2\/comments?post=224555"}],"wp:featuredmedia":[{"embeddable":true,"href":"https:\/\/www.voustenshoes.com\/de\/wp-json\/wp\/v2\/media\/224531"}],"wp:attachment":[{"href":"https:\/\/www.voustenshoes.com\/de\/wp-json\/wp\/v2\/media?parent=224555"}],"wp:term":[{"taxonomy":"product_cat","embeddable":true,"href":"https:\/\/www.voustenshoes.com\/de\/wp-json\/wp\/v2\/product_cat?post=224555"},{"taxonomy":"product_tag","embeddable":true,"href":"https:\/\/www.voustenshoes.com\/de\/wp-json\/wp\/v2\/product_tag?post=224555"}],"curies":[{"name":"wp","href":"https:\/\/api.w.org\/{rel}","templated":true}]}}