{"id":174497,"date":"2024-04-09T10:30:56","date_gmt":"2024-04-09T08:30:56","guid":{"rendered":"https:\/\/www.voustenshoes.com\/santoni-weekender-bag-bleu-fonce-39036\/"},"modified":"2026-02-05T11:20:17","modified_gmt":"2026-02-05T10:20:17","slug":"santoni-weekender-bag-bleu-fonce-39036","status":"publish","type":"product","link":"https:\/\/www.voustenshoes.com\/fr\/santoni-weekender-bag-bleu-fonce-39036\/","title":{"rendered":"Santoni Weekender bleu fonc\u00e9 (39036)"},"content":{"rendered":"<p>Ce sac pour homme est un incontournable des escapades du week-end et des voyages d&rsquo;affaires. L&rsquo;\u00e9l\u00e9gant mod\u00e8le en cuir gaufr\u00e9 est dot\u00e9 de poign\u00e9es sup\u00e9rieures et d&rsquo;un rabat saisissant, rappelant les lignes embl\u00e9matiques de la chaussure \u00e0 double boucle embl\u00e9matique de Santoni. Complet avec une bandouli\u00e8re portable pour une polyvalence optimale.<\/p>\n<p>Ce magnifique sac mesure 50 x 20 x 30 cm<\/p>\n<ul>\n<li>Sac week-end homme<\/li>\n<li>Fabriqu\u00e9 en cuir gaufr\u00e9<\/li>\n<li>Couleur: bleu fonc\u00e9<\/li>\n<li>Poign\u00e9es rembourr\u00e9es et visi\u00e8re inspir\u00e9e de la double boucle<\/li>\n<li>Fermeture \u00e9clair<\/li>\n<li>Deux poches int\u00e9rieures<\/li>\n<li>Poche int\u00e9rieure avec lumi\u00e8re du soleil<\/li>\n<li>Bandouli\u00e8re r\u00e9glable et portable<\/li>\n<li>Cl\u00e9 d\u00e9corative<\/li>\n<li>Logo Santoni imprim\u00e9<\/li>\n<li>Fabriqu\u00e9 en Italie<\/li>\n<\/ul>\n","protected":false},"excerpt":{"rendered":"<p>Ce sac pour homme est un incontournable des escapades du week-end et des voyages d&rsquo;affaires. L&rsquo;\u00e9l\u00e9gant mod\u00e8le en cuir gaufr\u00e9 est dot\u00e9 de poign\u00e9es sup\u00e9rieures et d&rsquo;un rabat saisissant, rappelant les lignes embl\u00e9matiques de la chaussure \u00e0 double boucle embl\u00e9matique de Santoni. Complet avec une bandouli\u00e8re portable pour une polyvalence optimale. Ce magnifique sac mesure [&#8230;]\n","protected":false},"featured_media":181632,"comment_status":"open","ping_status":"closed","template":"","meta":{"rank_math_lock_modified_date":false},"product_cat":[1136,1176,1268],"product_tag":[],"class_list":{"0":"post-174497","1":"product","2":"type-product","3":"status-publish","4":"has-post-thumbnail","6":"product_cat-heren-nl-fr","7":"product_cat-santoni-nl-fr","8":"product_cat-tassen-nl-fr","10":"first","11":"instock","12":"taxable","13":"shipping-taxable","14":"purchasable","15":"product-type-variable"},"acf":[],"yoast_head":"<!-- This site is optimized with the Yoast SEO plugin v23.9 - https:\/\/yoast.com\/wordpress\/plugins\/seo\/ -->\n<title>Santoni Weekender bleu fonc\u00e9 (39036) - Vousten Shoes<\/title>\n<meta name=\"robots\" content=\"index, follow, max-snippet:-1, max-image-preview:large, max-video-preview:-1\" \/>\n<link rel=\"canonical\" href=\"https:\/\/www.voustenshoes.com\/fr\/santoni-weekender-bag-bleu-fonce-39036\/\" \/>\n<meta property=\"og:locale\" content=\"fr_FR\" \/>\n<meta property=\"og:type\" content=\"article\" \/>\n<meta property=\"og:title\" content=\"Santoni Weekender bleu fonc\u00e9 (39036) - Vousten Shoes\" \/>\n<meta property=\"og:description\" content=\"Ce sac pour homme est un incontournable des escapades du week-end et des voyages d&rsquo;affaires. L&rsquo;\u00e9l\u00e9gant mod\u00e8le en cuir gaufr\u00e9 est dot\u00e9 de poign\u00e9es sup\u00e9rieures et d&rsquo;un rabat saisissant, rappelant les lignes embl\u00e9matiques de la chaussure \u00e0 double boucle embl\u00e9matique de Santoni. Complet avec une bandouli\u00e8re portable pour une polyvalence optimale. Ce magnifique sac mesure [...]\" \/>\n<meta property=\"og:url\" content=\"https:\/\/www.voustenshoes.com\/fr\/santoni-weekender-bag-bleu-fonce-39036\/\" \/>\n<meta property=\"og:site_name\" content=\"Vousten Shoes\" \/>\n<meta property=\"article:modified_time\" content=\"2026-02-05T10:20:17+00:00\" \/>\n<meta property=\"og:image\" content=\"https:\/\/www.voustenshoes.com\/wp-content\/uploads\/2023\/06\/santoni_bag_blue_39036.png\" \/>\n\t<meta property=\"og:image:width\" content=\"1603\" \/>\n\t<meta property=\"og:image:height\" content=\"1603\" \/>\n\t<meta property=\"og:image:type\" content=\"image\/png\" \/>\n<meta name=\"twitter:card\" content=\"summary_large_image\" \/>\n<meta name=\"twitter:label1\" content=\"Est. reading time\" \/>\n\t<meta name=\"twitter:data1\" content=\"1 minute\" \/>\n<script type=\"application\/ld+json\" class=\"yoast-schema-graph\">{\"@context\":\"https:\/\/schema.org\",\"@graph\":[{\"@type\":\"WebPage\",\"@id\":\"https:\/\/www.voustenshoes.com\/fr\/santoni-weekender-bag-bleu-fonce-39036\/\",\"url\":\"https:\/\/www.voustenshoes.com\/fr\/santoni-weekender-bag-bleu-fonce-39036\/\",\"name\":\"Santoni Weekender bleu fonc\u00e9 (39036) - Vousten Shoes\",\"isPartOf\":{\"@id\":\"https:\/\/www.voustenshoes.com\/nl\/#website\"},\"primaryImageOfPage\":{\"@id\":\"https:\/\/www.voustenshoes.com\/fr\/santoni-weekender-bag-bleu-fonce-39036\/#primaryimage\"},\"image\":{\"@id\":\"https:\/\/www.voustenshoes.com\/fr\/santoni-weekender-bag-bleu-fonce-39036\/#primaryimage\"},\"thumbnailUrl\":\"https:\/\/www.voustenshoes.com\/wp-content\/uploads\/2023\/06\/santoni_bag_blue_39036.png\",\"datePublished\":\"2024-04-09T08:30:56+00:00\",\"dateModified\":\"2026-02-05T10:20:17+00:00\",\"breadcrumb\":{\"@id\":\"https:\/\/www.voustenshoes.com\/fr\/santoni-weekender-bag-bleu-fonce-39036\/#breadcrumb\"},\"inLanguage\":\"fr-FR\",\"potentialAction\":[{\"@type\":\"ReadAction\",\"target\":[\"https:\/\/www.voustenshoes.com\/fr\/santoni-weekender-bag-bleu-fonce-39036\/\"]}]},{\"@type\":\"ImageObject\",\"inLanguage\":\"fr-FR\",\"@id\":\"https:\/\/www.voustenshoes.com\/fr\/santoni-weekender-bag-bleu-fonce-39036\/#primaryimage\",\"url\":\"https:\/\/www.voustenshoes.com\/wp-content\/uploads\/2023\/06\/santoni_bag_blue_39036.png\",\"contentUrl\":\"https:\/\/www.voustenshoes.com\/wp-content\/uploads\/2023\/06\/santoni_bag_blue_39036.png\",\"width\":1603,\"height\":1603},{\"@type\":\"BreadcrumbList\",\"@id\":\"https:\/\/www.voustenshoes.com\/fr\/santoni-weekender-bag-bleu-fonce-39036\/#breadcrumb\",\"itemListElement\":[{\"@type\":\"ListItem\",\"position\":1,\"name\":\"Home\",\"item\":\"https:\/\/www.voustenshoes.com\/fr\/\"},{\"@type\":\"ListItem\",\"position\":2,\"name\":\"Boutique\",\"item\":\"https:\/\/www.voustenshoes.com\/fr\/shop\/\"},{\"@type\":\"ListItem\",\"position\":3,\"name\":\"Santoni Weekender bleu fonc\u00e9 (39036)\"}]},{\"@type\":\"WebSite\",\"@id\":\"https:\/\/www.voustenshoes.com\/nl\/#website\",\"url\":\"https:\/\/www.voustenshoes.com\/nl\/\",\"name\":\"Vousten Shoes\",\"description\":\"\",\"potentialAction\":[{\"@type\":\"SearchAction\",\"target\":{\"@type\":\"EntryPoint\",\"urlTemplate\":\"https:\/\/www.voustenshoes.com\/nl\/?s={search_term_string}\"},\"query-input\":{\"@type\":\"PropertyValueSpecification\",\"valueRequired\":true,\"valueName\":\"search_term_string\"}}],\"inLanguage\":\"fr-FR\"}]}<\/script>\n<!-- \/ Yoast SEO plugin. -->","yoast_head_json":{"title":"Santoni Weekender bleu fonc\u00e9 (39036) - Vousten Shoes","robots":{"index":"index","follow":"follow","max-snippet":"max-snippet:-1","max-image-preview":"max-image-preview:large","max-video-preview":"max-video-preview:-1"},"canonical":"https:\/\/www.voustenshoes.com\/fr\/santoni-weekender-bag-bleu-fonce-39036\/","og_locale":"fr_FR","og_type":"article","og_title":"Santoni Weekender bleu fonc\u00e9 (39036) - Vousten Shoes","og_description":"Ce sac pour homme est un incontournable des escapades du week-end et des voyages d&rsquo;affaires. L&rsquo;\u00e9l\u00e9gant mod\u00e8le en cuir gaufr\u00e9 est dot\u00e9 de poign\u00e9es sup\u00e9rieures et d&rsquo;un rabat saisissant, rappelant les lignes embl\u00e9matiques de la chaussure \u00e0 double boucle embl\u00e9matique de Santoni. Complet avec une bandouli\u00e8re portable pour une polyvalence optimale. Ce magnifique sac mesure [...]","og_url":"https:\/\/www.voustenshoes.com\/fr\/santoni-weekender-bag-bleu-fonce-39036\/","og_site_name":"Vousten Shoes","article_modified_time":"2026-02-05T10:20:17+00:00","og_image":[{"width":1603,"height":1603,"url":"https:\/\/www.voustenshoes.com\/wp-content\/uploads\/2023\/06\/santoni_bag_blue_39036.png","type":"image\/png"}],"twitter_card":"summary_large_image","twitter_misc":{"Est. reading time":"1 minute"},"schema":{"@context":"https:\/\/schema.org","@graph":[{"@type":"WebPage","@id":"https:\/\/www.voustenshoes.com\/fr\/santoni-weekender-bag-bleu-fonce-39036\/","url":"https:\/\/www.voustenshoes.com\/fr\/santoni-weekender-bag-bleu-fonce-39036\/","name":"Santoni Weekender bleu fonc\u00e9 (39036) - Vousten Shoes","isPartOf":{"@id":"https:\/\/www.voustenshoes.com\/nl\/#website"},"primaryImageOfPage":{"@id":"https:\/\/www.voustenshoes.com\/fr\/santoni-weekender-bag-bleu-fonce-39036\/#primaryimage"},"image":{"@id":"https:\/\/www.voustenshoes.com\/fr\/santoni-weekender-bag-bleu-fonce-39036\/#primaryimage"},"thumbnailUrl":"https:\/\/www.voustenshoes.com\/wp-content\/uploads\/2023\/06\/santoni_bag_blue_39036.png","datePublished":"2024-04-09T08:30:56+00:00","dateModified":"2026-02-05T10:20:17+00:00","breadcrumb":{"@id":"https:\/\/www.voustenshoes.com\/fr\/santoni-weekender-bag-bleu-fonce-39036\/#breadcrumb"},"inLanguage":"fr-FR","potentialAction":[{"@type":"ReadAction","target":["https:\/\/www.voustenshoes.com\/fr\/santoni-weekender-bag-bleu-fonce-39036\/"]}]},{"@type":"ImageObject","inLanguage":"fr-FR","@id":"https:\/\/www.voustenshoes.com\/fr\/santoni-weekender-bag-bleu-fonce-39036\/#primaryimage","url":"https:\/\/www.voustenshoes.com\/wp-content\/uploads\/2023\/06\/santoni_bag_blue_39036.png","contentUrl":"https:\/\/www.voustenshoes.com\/wp-content\/uploads\/2023\/06\/santoni_bag_blue_39036.png","width":1603,"height":1603},{"@type":"BreadcrumbList","@id":"https:\/\/www.voustenshoes.com\/fr\/santoni-weekender-bag-bleu-fonce-39036\/#breadcrumb","itemListElement":[{"@type":"ListItem","position":1,"name":"Home","item":"https:\/\/www.voustenshoes.com\/fr\/"},{"@type":"ListItem","position":2,"name":"Boutique","item":"https:\/\/www.voustenshoes.com\/fr\/shop\/"},{"@type":"ListItem","position":3,"name":"Santoni Weekender bleu fonc\u00e9 (39036)"}]},{"@type":"WebSite","@id":"https:\/\/www.voustenshoes.com\/nl\/#website","url":"https:\/\/www.voustenshoes.com\/nl\/","name":"Vousten Shoes","description":"","potentialAction":[{"@type":"SearchAction","target":{"@type":"EntryPoint","urlTemplate":"https:\/\/www.voustenshoes.com\/nl\/?s={search_term_string}"},"query-input":{"@type":"PropertyValueSpecification","valueRequired":true,"valueName":"search_term_string"}}],"inLanguage":"fr-FR"}]}},"_links":{"self":[{"href":"https:\/\/www.voustenshoes.com\/fr\/wp-json\/wp\/v2\/product\/174497","targetHints":{"allow":["GET"]}}],"collection":[{"href":"https:\/\/www.voustenshoes.com\/fr\/wp-json\/wp\/v2\/product"}],"about":[{"href":"https:\/\/www.voustenshoes.com\/fr\/wp-json\/wp\/v2\/types\/product"}],"replies":[{"embeddable":true,"href":"https:\/\/www.voustenshoes.com\/fr\/wp-json\/wp\/v2\/comments?post=174497"}],"wp:featuredmedia":[{"embeddable":true,"href":"https:\/\/www.voustenshoes.com\/fr\/wp-json\/wp\/v2\/media\/181632"}],"wp:attachment":[{"href":"https:\/\/www.voustenshoes.com\/fr\/wp-json\/wp\/v2\/media?parent=174497"}],"wp:term":[{"taxonomy":"product_cat","embeddable":true,"href":"https:\/\/www.voustenshoes.com\/fr\/wp-json\/wp\/v2\/product_cat?post=174497"},{"taxonomy":"product_tag","embeddable":true,"href":"https:\/\/www.voustenshoes.com\/fr\/wp-json\/wp\/v2\/product_tag?post=174497"}],"curies":[{"name":"wp","href":"https:\/\/api.w.org\/{rel}","templated":true}]}}