{"id":183355,"date":"2024-10-09T13:32:07","date_gmt":"2024-10-09T11:32:07","guid":{"rendered":"https:\/\/www.voustenshoes.com\/santoni-shoe-cream-blauw-39919-2\/"},"modified":"2026-02-05T11:23:38","modified_gmt":"2026-02-05T10:23:38","slug":"title-ident-39919-language-fr","status":"publish","type":"product","link":"https:\/\/www.voustenshoes.com\/fr\/title-ident-39919-language-fr\/","title":{"rendered":"SANTONI &#8211; Shoe Cream bleu (39927)"},"content":{"rendered":"<p>Des soins appropri\u00e9s sont le secret d\u2019une beaut\u00e9 intemporelle. Cette cr\u00e8me pour chaussures \u00e0 la cire de carnauba et \u00e0 la cire d\u2019abeille a des qualit\u00e9s hydratantes qui aident \u00e0 garder vos chaussures en cuir douces et \u00e9clatantes, usure apr\u00e8s usure. Frottez-le sur la surface de la chaussure \u00e0 l\u2019aide d\u2019une \u00e9ponge ou d\u2019un chiffon doux, et finissez en cirant le cuir avec un chiffon propre s\u00e9par\u00e9. Ne pas utiliser sur du daim ou du cuir verni.<\/p>\n","protected":false},"excerpt":{"rendered":"<p>Des soins appropri\u00e9s sont le secret d\u2019une beaut\u00e9 intemporelle. Cette cr\u00e8me pour chaussures \u00e0 la cire de carnauba et \u00e0 la cire d\u2019abeille a des qualit\u00e9s hydratantes qui aident \u00e0 garder vos chaussures en cuir douces et \u00e9clatantes, usure apr\u00e8s usure. Frottez-le sur la surface de la chaussure \u00e0 l\u2019aide d\u2019une \u00e9ponge ou d\u2019un chiffon [&#8230;]\n","protected":false},"featured_media":183324,"comment_status":"open","ping_status":"closed","template":"","meta":{"rank_math_lock_modified_date":false},"product_cat":[1136,1176,1282,1399],"product_tag":[],"class_list":{"0":"post-183355","1":"product","2":"type-product","3":"status-publish","4":"has-post-thumbnail","6":"product_cat-heren-nl-fr","7":"product_cat-santoni-nl-fr","8":"product_cat-schoenverzorging-nl-fr","9":"product_cat-gifts-2-fr","11":"first","12":"instock","13":"taxable","14":"shipping-taxable","15":"purchasable","16":"product-type-variable"},"acf":[],"yoast_head":"<!-- This site is optimized with the Yoast SEO plugin v23.9 - https:\/\/yoast.com\/wordpress\/plugins\/seo\/ -->\n<title>SANTONI - Shoe Cream bleu (39927) - Vousten Shoes<\/title>\n<meta name=\"robots\" content=\"index, follow, max-snippet:-1, max-image-preview:large, max-video-preview:-1\" \/>\n<link rel=\"canonical\" href=\"https:\/\/www.voustenshoes.com\/fr\/title-ident-39919-language-fr\/\" \/>\n<meta property=\"og:locale\" content=\"fr_FR\" \/>\n<meta property=\"og:type\" content=\"article\" \/>\n<meta property=\"og:title\" content=\"SANTONI - Shoe Cream bleu (39927) - Vousten Shoes\" \/>\n<meta property=\"og:description\" content=\"Des soins appropri\u00e9s sont le secret d\u2019une beaut\u00e9 intemporelle. Cette cr\u00e8me pour chaussures \u00e0 la cire de carnauba et \u00e0 la cire d\u2019abeille a des qualit\u00e9s hydratantes qui aident \u00e0 garder vos chaussures en cuir douces et \u00e9clatantes, usure apr\u00e8s usure. Frottez-le sur la surface de la chaussure \u00e0 l\u2019aide d\u2019une \u00e9ponge ou d\u2019un chiffon [...]\" \/>\n<meta property=\"og:url\" content=\"https:\/\/www.voustenshoes.com\/fr\/title-ident-39919-language-fr\/\" \/>\n<meta property=\"og:site_name\" content=\"Vousten Shoes\" \/>\n<meta property=\"article:modified_time\" content=\"2026-02-05T10:23:38+00:00\" \/>\n<meta property=\"og:image\" content=\"https:\/\/www.voustenshoes.com\/wp-content\/uploads\/2023\/06\/Santoni-Shoe-Cream-blauw-39919.jpg\" \/>\n\t<meta property=\"og:image:width\" content=\"1450\" \/>\n\t<meta property=\"og:image:height\" content=\"1450\" \/>\n\t<meta property=\"og:image:type\" content=\"image\/jpeg\" \/>\n<meta name=\"twitter:card\" content=\"summary_large_image\" \/>\n<script type=\"application\/ld+json\" class=\"yoast-schema-graph\">{\"@context\":\"https:\/\/schema.org\",\"@graph\":[{\"@type\":\"WebPage\",\"@id\":\"https:\/\/www.voustenshoes.com\/fr\/title-ident-39919-language-fr\/\",\"url\":\"https:\/\/www.voustenshoes.com\/fr\/title-ident-39919-language-fr\/\",\"name\":\"SANTONI - Shoe Cream bleu (39927) - Vousten Shoes\",\"isPartOf\":{\"@id\":\"https:\/\/www.voustenshoes.com\/nl\/#website\"},\"primaryImageOfPage\":{\"@id\":\"https:\/\/www.voustenshoes.com\/fr\/title-ident-39919-language-fr\/#primaryimage\"},\"image\":{\"@id\":\"https:\/\/www.voustenshoes.com\/fr\/title-ident-39919-language-fr\/#primaryimage\"},\"thumbnailUrl\":\"https:\/\/www.voustenshoes.com\/wp-content\/uploads\/2023\/06\/Santoni-Shoe-Cream-blauw-39919.jpg\",\"datePublished\":\"2024-10-09T11:32:07+00:00\",\"dateModified\":\"2026-02-05T10:23:38+00:00\",\"breadcrumb\":{\"@id\":\"https:\/\/www.voustenshoes.com\/fr\/title-ident-39919-language-fr\/#breadcrumb\"},\"inLanguage\":\"fr-FR\",\"potentialAction\":[{\"@type\":\"ReadAction\",\"target\":[\"https:\/\/www.voustenshoes.com\/fr\/title-ident-39919-language-fr\/\"]}]},{\"@type\":\"ImageObject\",\"inLanguage\":\"fr-FR\",\"@id\":\"https:\/\/www.voustenshoes.com\/fr\/title-ident-39919-language-fr\/#primaryimage\",\"url\":\"https:\/\/www.voustenshoes.com\/wp-content\/uploads\/2023\/06\/Santoni-Shoe-Cream-blauw-39919.jpg\",\"contentUrl\":\"https:\/\/www.voustenshoes.com\/wp-content\/uploads\/2023\/06\/Santoni-Shoe-Cream-blauw-39919.jpg\",\"width\":1450,\"height\":1450},{\"@type\":\"BreadcrumbList\",\"@id\":\"https:\/\/www.voustenshoes.com\/fr\/title-ident-39919-language-fr\/#breadcrumb\",\"itemListElement\":[{\"@type\":\"ListItem\",\"position\":1,\"name\":\"Home\",\"item\":\"https:\/\/www.voustenshoes.com\/fr\/\"},{\"@type\":\"ListItem\",\"position\":2,\"name\":\"Boutique\",\"item\":\"https:\/\/www.voustenshoes.com\/fr\/shop\/\"},{\"@type\":\"ListItem\",\"position\":3,\"name\":\"SANTONI &#8211; Shoe Cream bleu (39927)\"}]},{\"@type\":\"WebSite\",\"@id\":\"https:\/\/www.voustenshoes.com\/nl\/#website\",\"url\":\"https:\/\/www.voustenshoes.com\/nl\/\",\"name\":\"Vousten Shoes\",\"description\":\"\",\"potentialAction\":[{\"@type\":\"SearchAction\",\"target\":{\"@type\":\"EntryPoint\",\"urlTemplate\":\"https:\/\/www.voustenshoes.com\/nl\/?s={search_term_string}\"},\"query-input\":{\"@type\":\"PropertyValueSpecification\",\"valueRequired\":true,\"valueName\":\"search_term_string\"}}],\"inLanguage\":\"fr-FR\"}]}<\/script>\n<!-- \/ Yoast SEO plugin. -->","yoast_head_json":{"title":"SANTONI - Shoe Cream bleu (39927) - Vousten Shoes","robots":{"index":"index","follow":"follow","max-snippet":"max-snippet:-1","max-image-preview":"max-image-preview:large","max-video-preview":"max-video-preview:-1"},"canonical":"https:\/\/www.voustenshoes.com\/fr\/title-ident-39919-language-fr\/","og_locale":"fr_FR","og_type":"article","og_title":"SANTONI - Shoe Cream bleu (39927) - Vousten Shoes","og_description":"Des soins appropri\u00e9s sont le secret d\u2019une beaut\u00e9 intemporelle. Cette cr\u00e8me pour chaussures \u00e0 la cire de carnauba et \u00e0 la cire d\u2019abeille a des qualit\u00e9s hydratantes qui aident \u00e0 garder vos chaussures en cuir douces et \u00e9clatantes, usure apr\u00e8s usure. Frottez-le sur la surface de la chaussure \u00e0 l\u2019aide d\u2019une \u00e9ponge ou d\u2019un chiffon [...]","og_url":"https:\/\/www.voustenshoes.com\/fr\/title-ident-39919-language-fr\/","og_site_name":"Vousten Shoes","article_modified_time":"2026-02-05T10:23:38+00:00","og_image":[{"width":1450,"height":1450,"url":"https:\/\/www.voustenshoes.com\/wp-content\/uploads\/2023\/06\/Santoni-Shoe-Cream-blauw-39919.jpg","type":"image\/jpeg"}],"twitter_card":"summary_large_image","schema":{"@context":"https:\/\/schema.org","@graph":[{"@type":"WebPage","@id":"https:\/\/www.voustenshoes.com\/fr\/title-ident-39919-language-fr\/","url":"https:\/\/www.voustenshoes.com\/fr\/title-ident-39919-language-fr\/","name":"SANTONI - Shoe Cream bleu (39927) - Vousten Shoes","isPartOf":{"@id":"https:\/\/www.voustenshoes.com\/nl\/#website"},"primaryImageOfPage":{"@id":"https:\/\/www.voustenshoes.com\/fr\/title-ident-39919-language-fr\/#primaryimage"},"image":{"@id":"https:\/\/www.voustenshoes.com\/fr\/title-ident-39919-language-fr\/#primaryimage"},"thumbnailUrl":"https:\/\/www.voustenshoes.com\/wp-content\/uploads\/2023\/06\/Santoni-Shoe-Cream-blauw-39919.jpg","datePublished":"2024-10-09T11:32:07+00:00","dateModified":"2026-02-05T10:23:38+00:00","breadcrumb":{"@id":"https:\/\/www.voustenshoes.com\/fr\/title-ident-39919-language-fr\/#breadcrumb"},"inLanguage":"fr-FR","potentialAction":[{"@type":"ReadAction","target":["https:\/\/www.voustenshoes.com\/fr\/title-ident-39919-language-fr\/"]}]},{"@type":"ImageObject","inLanguage":"fr-FR","@id":"https:\/\/www.voustenshoes.com\/fr\/title-ident-39919-language-fr\/#primaryimage","url":"https:\/\/www.voustenshoes.com\/wp-content\/uploads\/2023\/06\/Santoni-Shoe-Cream-blauw-39919.jpg","contentUrl":"https:\/\/www.voustenshoes.com\/wp-content\/uploads\/2023\/06\/Santoni-Shoe-Cream-blauw-39919.jpg","width":1450,"height":1450},{"@type":"BreadcrumbList","@id":"https:\/\/www.voustenshoes.com\/fr\/title-ident-39919-language-fr\/#breadcrumb","itemListElement":[{"@type":"ListItem","position":1,"name":"Home","item":"https:\/\/www.voustenshoes.com\/fr\/"},{"@type":"ListItem","position":2,"name":"Boutique","item":"https:\/\/www.voustenshoes.com\/fr\/shop\/"},{"@type":"ListItem","position":3,"name":"SANTONI &#8211; Shoe Cream bleu (39927)"}]},{"@type":"WebSite","@id":"https:\/\/www.voustenshoes.com\/nl\/#website","url":"https:\/\/www.voustenshoes.com\/nl\/","name":"Vousten Shoes","description":"","potentialAction":[{"@type":"SearchAction","target":{"@type":"EntryPoint","urlTemplate":"https:\/\/www.voustenshoes.com\/nl\/?s={search_term_string}"},"query-input":{"@type":"PropertyValueSpecification","valueRequired":true,"valueName":"search_term_string"}}],"inLanguage":"fr-FR"}]}},"_links":{"self":[{"href":"https:\/\/www.voustenshoes.com\/fr\/wp-json\/wp\/v2\/product\/183355","targetHints":{"allow":["GET"]}}],"collection":[{"href":"https:\/\/www.voustenshoes.com\/fr\/wp-json\/wp\/v2\/product"}],"about":[{"href":"https:\/\/www.voustenshoes.com\/fr\/wp-json\/wp\/v2\/types\/product"}],"replies":[{"embeddable":true,"href":"https:\/\/www.voustenshoes.com\/fr\/wp-json\/wp\/v2\/comments?post=183355"}],"wp:featuredmedia":[{"embeddable":true,"href":"https:\/\/www.voustenshoes.com\/fr\/wp-json\/wp\/v2\/media\/183324"}],"wp:attachment":[{"href":"https:\/\/www.voustenshoes.com\/fr\/wp-json\/wp\/v2\/media?parent=183355"}],"wp:term":[{"taxonomy":"product_cat","embeddable":true,"href":"https:\/\/www.voustenshoes.com\/fr\/wp-json\/wp\/v2\/product_cat?post=183355"},{"taxonomy":"product_tag","embeddable":true,"href":"https:\/\/www.voustenshoes.com\/fr\/wp-json\/wp\/v2\/product_tag?post=183355"}],"curies":[{"name":"wp","href":"https:\/\/api.w.org\/{rel}","templated":true}]}}