{"id":185851,"date":"2024-10-11T15:13:58","date_gmt":"2024-10-11T13:13:58","guid":{"rendered":"https:\/\/www.voustenshoes.com\/santoni-draco-29710-2\/"},"modified":"2025-12-07T02:21:15","modified_gmt":"2025-12-07T01:21:15","slug":"santoni-draco-29710-2","status":"publish","type":"product","link":"https:\/\/www.voustenshoes.com\/fr\/santoni-draco-29710-2\/","title":{"rendered":"Santoni Draco (29710)"},"content":{"rendered":"<p>Est une bottine en cuir nubuck et a une semelle en caoutchouc.<\/p>\n<ul>\n<li>Largeur: standard \u00e0 spacieux<\/li>\n<li>Fermeture: dentelle avec boucle<\/li>\n<li>D\u00e9tail: boucle \u00e0 l&rsquo;arri\u00e8re<\/li>\n<li>Dessus: nubuck, su\u00e8de et cuir ordinaire<\/li>\n<li>int\u00e9rieur: cuir<\/li>\n<li>Semelle construction: m\u00e9thode Norvegese nomm\u00e9e \u00ab\u00a0Roccia Cervino\u00a0\u00bb<\/li>\n<li>Taille standard<\/li>\n<li>Ceinture assortie possible<\/li>\n<li>Ces chaussures Santoni sont fabriqu\u00e9es \u00e0 la main en Italie<\/li>\n<\/ul>\n<p>Fourni dans la bo\u00eete Santoni d&rsquo;origine, avec les sacs \u00e0 poussi\u00e8re correspondants.<\/p>\n","protected":false},"excerpt":{"rendered":"<p>Est une bottine en cuir nubuck et a une semelle en caoutchouc. Largeur: standard \u00e0 spacieux Fermeture: dentelle avec boucle D\u00e9tail: boucle \u00e0 l&rsquo;arri\u00e8re Dessus: nubuck, su\u00e8de et cuir ordinaire int\u00e9rieur: cuir Semelle construction: m\u00e9thode Norvegese nomm\u00e9e \u00ab\u00a0Roccia Cervino\u00a0\u00bb Taille standard Ceinture assortie possible Ces chaussures Santoni sont fabriqu\u00e9es \u00e0 la main en Italie Fourni [&#8230;]\n","protected":false},"featured_media":177697,"comment_status":"open","ping_status":"closed","template":"","meta":{"rank_math_lock_modified_date":false},"product_cat":[1136,1171,1176,1242],"product_tag":[],"class_list":{"0":"post-185851","1":"product","2":"type-product","3":"status-publish","4":"has-post-thumbnail","6":"product_cat-heren-nl-fr","7":"product_cat-schoenen-nl-fr","8":"product_cat-santoni-nl-fr","9":"product_cat-winterschoenen-nl-fr","11":"first","12":"outofstock","13":"taxable","14":"shipping-taxable","15":"purchasable","16":"product-type-variable"},"acf":[],"yoast_head":"<!-- This site is optimized with the Yoast SEO plugin v23.9 - https:\/\/yoast.com\/wordpress\/plugins\/seo\/ -->\n<title>Santoni Draco (29710) - Vousten Shoes<\/title>\n<meta name=\"robots\" content=\"index, follow, max-snippet:-1, max-image-preview:large, max-video-preview:-1\" \/>\n<link rel=\"canonical\" href=\"https:\/\/www.voustenshoes.com\/fr\/santoni-draco-29710-2\/\" \/>\n<meta property=\"og:locale\" content=\"fr_FR\" \/>\n<meta property=\"og:type\" content=\"article\" \/>\n<meta property=\"og:title\" content=\"Santoni Draco (29710) - Vousten Shoes\" \/>\n<meta property=\"og:description\" content=\"Est une bottine en cuir nubuck et a une semelle en caoutchouc. Largeur: standard \u00e0 spacieux Fermeture: dentelle avec boucle D\u00e9tail: boucle \u00e0 l&rsquo;arri\u00e8re Dessus: nubuck, su\u00e8de et cuir ordinaire int\u00e9rieur: cuir Semelle construction: m\u00e9thode Norvegese nomm\u00e9e \u00ab\u00a0Roccia Cervino\u00a0\u00bb Taille standard Ceinture assortie possible Ces chaussures Santoni sont fabriqu\u00e9es \u00e0 la main en Italie Fourni [...]\" \/>\n<meta property=\"og:url\" content=\"https:\/\/www.voustenshoes.com\/fr\/santoni-draco-29710-2\/\" \/>\n<meta property=\"og:site_name\" content=\"Vousten Shoes\" \/>\n<meta property=\"article:modified_time\" content=\"2025-12-07T01:21:15+00:00\" \/>\n<meta property=\"og:image\" content=\"https:\/\/www.voustenshoes.com\/wp-content\/uploads\/2023\/06\/29710_santoni_draco.jpg\" \/>\n\t<meta property=\"og:image:width\" content=\"2000\" \/>\n\t<meta property=\"og:image:height\" content=\"2000\" \/>\n\t<meta property=\"og:image:type\" content=\"image\/jpeg\" \/>\n<meta name=\"twitter:card\" content=\"summary_large_image\" \/>\n<script type=\"application\/ld+json\" class=\"yoast-schema-graph\">{\"@context\":\"https:\/\/schema.org\",\"@graph\":[{\"@type\":\"WebPage\",\"@id\":\"https:\/\/www.voustenshoes.com\/fr\/santoni-draco-29710-2\/\",\"url\":\"https:\/\/www.voustenshoes.com\/fr\/santoni-draco-29710-2\/\",\"name\":\"Santoni Draco (29710) - Vousten Shoes\",\"isPartOf\":{\"@id\":\"https:\/\/www.voustenshoes.com\/nl\/#website\"},\"primaryImageOfPage\":{\"@id\":\"https:\/\/www.voustenshoes.com\/fr\/santoni-draco-29710-2\/#primaryimage\"},\"image\":{\"@id\":\"https:\/\/www.voustenshoes.com\/fr\/santoni-draco-29710-2\/#primaryimage\"},\"thumbnailUrl\":\"https:\/\/www.voustenshoes.com\/wp-content\/uploads\/2023\/06\/29710_santoni_draco.jpg\",\"datePublished\":\"2024-10-11T13:13:58+00:00\",\"dateModified\":\"2025-12-07T01:21:15+00:00\",\"breadcrumb\":{\"@id\":\"https:\/\/www.voustenshoes.com\/fr\/santoni-draco-29710-2\/#breadcrumb\"},\"inLanguage\":\"fr-FR\",\"potentialAction\":[{\"@type\":\"ReadAction\",\"target\":[\"https:\/\/www.voustenshoes.com\/fr\/santoni-draco-29710-2\/\"]}]},{\"@type\":\"ImageObject\",\"inLanguage\":\"fr-FR\",\"@id\":\"https:\/\/www.voustenshoes.com\/fr\/santoni-draco-29710-2\/#primaryimage\",\"url\":\"https:\/\/www.voustenshoes.com\/wp-content\/uploads\/2023\/06\/29710_santoni_draco.jpg\",\"contentUrl\":\"https:\/\/www.voustenshoes.com\/wp-content\/uploads\/2023\/06\/29710_santoni_draco.jpg\",\"width\":2000,\"height\":2000},{\"@type\":\"BreadcrumbList\",\"@id\":\"https:\/\/www.voustenshoes.com\/fr\/santoni-draco-29710-2\/#breadcrumb\",\"itemListElement\":[{\"@type\":\"ListItem\",\"position\":1,\"name\":\"Home\",\"item\":\"https:\/\/www.voustenshoes.com\/fr\/\"},{\"@type\":\"ListItem\",\"position\":2,\"name\":\"Boutique\",\"item\":\"https:\/\/www.voustenshoes.com\/fr\/shop\/\"},{\"@type\":\"ListItem\",\"position\":3,\"name\":\"Santoni Draco (29710)\"}]},{\"@type\":\"WebSite\",\"@id\":\"https:\/\/www.voustenshoes.com\/nl\/#website\",\"url\":\"https:\/\/www.voustenshoes.com\/nl\/\",\"name\":\"Vousten Shoes\",\"description\":\"\",\"potentialAction\":[{\"@type\":\"SearchAction\",\"target\":{\"@type\":\"EntryPoint\",\"urlTemplate\":\"https:\/\/www.voustenshoes.com\/nl\/?s={search_term_string}\"},\"query-input\":{\"@type\":\"PropertyValueSpecification\",\"valueRequired\":true,\"valueName\":\"search_term_string\"}}],\"inLanguage\":\"fr-FR\"}]}<\/script>\n<!-- \/ Yoast SEO plugin. -->","yoast_head_json":{"title":"Santoni Draco (29710) - Vousten Shoes","robots":{"index":"index","follow":"follow","max-snippet":"max-snippet:-1","max-image-preview":"max-image-preview:large","max-video-preview":"max-video-preview:-1"},"canonical":"https:\/\/www.voustenshoes.com\/fr\/santoni-draco-29710-2\/","og_locale":"fr_FR","og_type":"article","og_title":"Santoni Draco (29710) - Vousten Shoes","og_description":"Est une bottine en cuir nubuck et a une semelle en caoutchouc. Largeur: standard \u00e0 spacieux Fermeture: dentelle avec boucle D\u00e9tail: boucle \u00e0 l&rsquo;arri\u00e8re Dessus: nubuck, su\u00e8de et cuir ordinaire int\u00e9rieur: cuir Semelle construction: m\u00e9thode Norvegese nomm\u00e9e \u00ab\u00a0Roccia Cervino\u00a0\u00bb Taille standard Ceinture assortie possible Ces chaussures Santoni sont fabriqu\u00e9es \u00e0 la main en Italie Fourni [...]","og_url":"https:\/\/www.voustenshoes.com\/fr\/santoni-draco-29710-2\/","og_site_name":"Vousten Shoes","article_modified_time":"2025-12-07T01:21:15+00:00","og_image":[{"width":2000,"height":2000,"url":"https:\/\/www.voustenshoes.com\/wp-content\/uploads\/2023\/06\/29710_santoni_draco.jpg","type":"image\/jpeg"}],"twitter_card":"summary_large_image","schema":{"@context":"https:\/\/schema.org","@graph":[{"@type":"WebPage","@id":"https:\/\/www.voustenshoes.com\/fr\/santoni-draco-29710-2\/","url":"https:\/\/www.voustenshoes.com\/fr\/santoni-draco-29710-2\/","name":"Santoni Draco (29710) - Vousten Shoes","isPartOf":{"@id":"https:\/\/www.voustenshoes.com\/nl\/#website"},"primaryImageOfPage":{"@id":"https:\/\/www.voustenshoes.com\/fr\/santoni-draco-29710-2\/#primaryimage"},"image":{"@id":"https:\/\/www.voustenshoes.com\/fr\/santoni-draco-29710-2\/#primaryimage"},"thumbnailUrl":"https:\/\/www.voustenshoes.com\/wp-content\/uploads\/2023\/06\/29710_santoni_draco.jpg","datePublished":"2024-10-11T13:13:58+00:00","dateModified":"2025-12-07T01:21:15+00:00","breadcrumb":{"@id":"https:\/\/www.voustenshoes.com\/fr\/santoni-draco-29710-2\/#breadcrumb"},"inLanguage":"fr-FR","potentialAction":[{"@type":"ReadAction","target":["https:\/\/www.voustenshoes.com\/fr\/santoni-draco-29710-2\/"]}]},{"@type":"ImageObject","inLanguage":"fr-FR","@id":"https:\/\/www.voustenshoes.com\/fr\/santoni-draco-29710-2\/#primaryimage","url":"https:\/\/www.voustenshoes.com\/wp-content\/uploads\/2023\/06\/29710_santoni_draco.jpg","contentUrl":"https:\/\/www.voustenshoes.com\/wp-content\/uploads\/2023\/06\/29710_santoni_draco.jpg","width":2000,"height":2000},{"@type":"BreadcrumbList","@id":"https:\/\/www.voustenshoes.com\/fr\/santoni-draco-29710-2\/#breadcrumb","itemListElement":[{"@type":"ListItem","position":1,"name":"Home","item":"https:\/\/www.voustenshoes.com\/fr\/"},{"@type":"ListItem","position":2,"name":"Boutique","item":"https:\/\/www.voustenshoes.com\/fr\/shop\/"},{"@type":"ListItem","position":3,"name":"Santoni Draco (29710)"}]},{"@type":"WebSite","@id":"https:\/\/www.voustenshoes.com\/nl\/#website","url":"https:\/\/www.voustenshoes.com\/nl\/","name":"Vousten Shoes","description":"","potentialAction":[{"@type":"SearchAction","target":{"@type":"EntryPoint","urlTemplate":"https:\/\/www.voustenshoes.com\/nl\/?s={search_term_string}"},"query-input":{"@type":"PropertyValueSpecification","valueRequired":true,"valueName":"search_term_string"}}],"inLanguage":"fr-FR"}]}},"_links":{"self":[{"href":"https:\/\/www.voustenshoes.com\/fr\/wp-json\/wp\/v2\/product\/185851","targetHints":{"allow":["GET"]}}],"collection":[{"href":"https:\/\/www.voustenshoes.com\/fr\/wp-json\/wp\/v2\/product"}],"about":[{"href":"https:\/\/www.voustenshoes.com\/fr\/wp-json\/wp\/v2\/types\/product"}],"replies":[{"embeddable":true,"href":"https:\/\/www.voustenshoes.com\/fr\/wp-json\/wp\/v2\/comments?post=185851"}],"wp:featuredmedia":[{"embeddable":true,"href":"https:\/\/www.voustenshoes.com\/fr\/wp-json\/wp\/v2\/media\/177697"}],"wp:attachment":[{"href":"https:\/\/www.voustenshoes.com\/fr\/wp-json\/wp\/v2\/media?parent=185851"}],"wp:term":[{"taxonomy":"product_cat","embeddable":true,"href":"https:\/\/www.voustenshoes.com\/fr\/wp-json\/wp\/v2\/product_cat?post=185851"},{"taxonomy":"product_tag","embeddable":true,"href":"https:\/\/www.voustenshoes.com\/fr\/wp-json\/wp\/v2\/product_tag?post=185851"}],"curies":[{"name":"wp","href":"https:\/\/api.w.org\/{rel}","templated":true}]}}