{"id":186502,"date":"2024-10-11T15:44:38","date_gmt":"2024-10-11T13:44:38","guid":{"rendered":"https:\/\/www.voustenshoes.com\/santoni-pantofola-marron-31676\/"},"modified":"2026-02-05T10:58:43","modified_gmt":"2026-02-05T09:58:43","slug":"santoni-pantofola-marron-31676","status":"publish","type":"product","link":"https:\/\/www.voustenshoes.com\/fr\/santoni-pantofola-marron-31676\/","title":{"rendered":"Santoni Pantofola Marron (31676)"},"content":{"rendered":"<p>Est une mocassin en cuir su\u00e8de et a une semelle en cuir su\u00e8de.<\/p>\n<ul>\n<li>Largeur: standard \u00e0 spacieux<\/li>\n<li>Fermeture: aucun<\/li>\n<li>D\u00e9tail: coutures d\u00e9coratives<\/li>\n<li>Dessus: cuir su\u00e8de<\/li>\n<li>int\u00e9rieur: cuir<\/li>\n<li>Semelle construction: cuir su\u00e8de<\/li>\n<li>Taille standard<\/li>\n<li>Ceinture assortie possible<\/li>\n<li>Ces chaussures Santoni sont fabriqu\u00e9es \u00e0 la main en Italie<\/li>\n<\/ul>\n<p>Fourni dans la bo\u00eete Santoni d&rsquo;origine, avec les sacs \u00e0 poussi\u00e8re correspondants.<\/p>\n","protected":false},"excerpt":{"rendered":"<p>Est une mocassin en cuir su\u00e8de et a une semelle en cuir su\u00e8de. Largeur: standard \u00e0 spacieux Fermeture: aucun D\u00e9tail: coutures d\u00e9coratives Dessus: cuir su\u00e8de int\u00e9rieur: cuir Semelle construction: cuir su\u00e8de Taille standard Ceinture assortie possible Ces chaussures Santoni sont fabriqu\u00e9es \u00e0 la main en Italie Fourni dans la bo\u00eete Santoni d&rsquo;origine, avec les sacs [&#8230;]\n","protected":false},"featured_media":14759,"comment_status":"open","ping_status":"closed","template":"","meta":{"rank_math_lock_modified_date":false},"product_cat":[1136,1171,1176,1223],"product_tag":[],"class_list":{"0":"post-186502","1":"product","2":"type-product","3":"status-publish","4":"has-post-thumbnail","6":"product_cat-heren-nl-fr","7":"product_cat-schoenen-nl-fr","8":"product_cat-santoni-nl-fr","9":"product_cat-pantoffels-nl-fr","11":"first","12":"instock","13":"taxable","14":"shipping-taxable","15":"purchasable","16":"product-type-variable"},"acf":[],"yoast_head":"<!-- This site is optimized with the Yoast SEO plugin v23.9 - https:\/\/yoast.com\/wordpress\/plugins\/seo\/ -->\n<title>Santoni Pantofola Marron (31676) - Vousten Shoes<\/title>\n<meta name=\"robots\" content=\"index, follow, max-snippet:-1, max-image-preview:large, max-video-preview:-1\" \/>\n<link rel=\"canonical\" href=\"https:\/\/www.voustenshoes.com\/fr\/santoni-pantofola-marron-31676\/\" \/>\n<meta property=\"og:locale\" content=\"fr_FR\" \/>\n<meta property=\"og:type\" content=\"article\" \/>\n<meta property=\"og:title\" content=\"Santoni Pantofola Marron (31676) - Vousten Shoes\" \/>\n<meta property=\"og:description\" content=\"Est une mocassin en cuir su\u00e8de et a une semelle en cuir su\u00e8de. Largeur: standard \u00e0 spacieux Fermeture: aucun D\u00e9tail: coutures d\u00e9coratives Dessus: cuir su\u00e8de int\u00e9rieur: cuir Semelle construction: cuir su\u00e8de Taille standard Ceinture assortie possible Ces chaussures Santoni sont fabriqu\u00e9es \u00e0 la main en Italie Fourni dans la bo\u00eete Santoni d&rsquo;origine, avec les sacs [...]\" \/>\n<meta property=\"og:url\" content=\"https:\/\/www.voustenshoes.com\/fr\/santoni-pantofola-marron-31676\/\" \/>\n<meta property=\"og:site_name\" content=\"Vousten Shoes\" \/>\n<meta property=\"article:modified_time\" content=\"2026-02-05T09:58:43+00:00\" \/>\n<meta property=\"og:image\" content=\"https:\/\/www.voustenshoes.com\/wp-content\/uploads\/2023\/03\/santoni_pantofola_bruin_1_van_7.jpg\" \/>\n\t<meta property=\"og:image:width\" content=\"2000\" \/>\n\t<meta property=\"og:image:height\" content=\"2000\" \/>\n\t<meta property=\"og:image:type\" content=\"image\/jpeg\" \/>\n<meta name=\"twitter:card\" content=\"summary_large_image\" \/>\n<script type=\"application\/ld+json\" class=\"yoast-schema-graph\">{\"@context\":\"https:\/\/schema.org\",\"@graph\":[{\"@type\":\"WebPage\",\"@id\":\"https:\/\/www.voustenshoes.com\/fr\/santoni-pantofola-marron-31676\/\",\"url\":\"https:\/\/www.voustenshoes.com\/fr\/santoni-pantofola-marron-31676\/\",\"name\":\"Santoni Pantofola Marron (31676) - Vousten Shoes\",\"isPartOf\":{\"@id\":\"https:\/\/www.voustenshoes.com\/nl\/#website\"},\"primaryImageOfPage\":{\"@id\":\"https:\/\/www.voustenshoes.com\/fr\/santoni-pantofola-marron-31676\/#primaryimage\"},\"image\":{\"@id\":\"https:\/\/www.voustenshoes.com\/fr\/santoni-pantofola-marron-31676\/#primaryimage\"},\"thumbnailUrl\":\"https:\/\/www.voustenshoes.com\/wp-content\/uploads\/2023\/03\/santoni_pantofola_bruin_1_van_7.jpg\",\"datePublished\":\"2024-10-11T13:44:38+00:00\",\"dateModified\":\"2026-02-05T09:58:43+00:00\",\"breadcrumb\":{\"@id\":\"https:\/\/www.voustenshoes.com\/fr\/santoni-pantofola-marron-31676\/#breadcrumb\"},\"inLanguage\":\"fr-FR\",\"potentialAction\":[{\"@type\":\"ReadAction\",\"target\":[\"https:\/\/www.voustenshoes.com\/fr\/santoni-pantofola-marron-31676\/\"]}]},{\"@type\":\"ImageObject\",\"inLanguage\":\"fr-FR\",\"@id\":\"https:\/\/www.voustenshoes.com\/fr\/santoni-pantofola-marron-31676\/#primaryimage\",\"url\":\"https:\/\/www.voustenshoes.com\/wp-content\/uploads\/2023\/03\/santoni_pantofola_bruin_1_van_7.jpg\",\"contentUrl\":\"https:\/\/www.voustenshoes.com\/wp-content\/uploads\/2023\/03\/santoni_pantofola_bruin_1_van_7.jpg\",\"width\":2000,\"height\":2000},{\"@type\":\"BreadcrumbList\",\"@id\":\"https:\/\/www.voustenshoes.com\/fr\/santoni-pantofola-marron-31676\/#breadcrumb\",\"itemListElement\":[{\"@type\":\"ListItem\",\"position\":1,\"name\":\"Home\",\"item\":\"https:\/\/www.voustenshoes.com\/fr\/\"},{\"@type\":\"ListItem\",\"position\":2,\"name\":\"Boutique\",\"item\":\"https:\/\/www.voustenshoes.com\/fr\/shop\/\"},{\"@type\":\"ListItem\",\"position\":3,\"name\":\"Santoni Pantofola Marron (31676)\"}]},{\"@type\":\"WebSite\",\"@id\":\"https:\/\/www.voustenshoes.com\/nl\/#website\",\"url\":\"https:\/\/www.voustenshoes.com\/nl\/\",\"name\":\"Vousten Shoes\",\"description\":\"\",\"potentialAction\":[{\"@type\":\"SearchAction\",\"target\":{\"@type\":\"EntryPoint\",\"urlTemplate\":\"https:\/\/www.voustenshoes.com\/nl\/?s={search_term_string}\"},\"query-input\":{\"@type\":\"PropertyValueSpecification\",\"valueRequired\":true,\"valueName\":\"search_term_string\"}}],\"inLanguage\":\"fr-FR\"}]}<\/script>\n<!-- \/ Yoast SEO plugin. -->","yoast_head_json":{"title":"Santoni Pantofola Marron (31676) - Vousten Shoes","robots":{"index":"index","follow":"follow","max-snippet":"max-snippet:-1","max-image-preview":"max-image-preview:large","max-video-preview":"max-video-preview:-1"},"canonical":"https:\/\/www.voustenshoes.com\/fr\/santoni-pantofola-marron-31676\/","og_locale":"fr_FR","og_type":"article","og_title":"Santoni Pantofola Marron (31676) - Vousten Shoes","og_description":"Est une mocassin en cuir su\u00e8de et a une semelle en cuir su\u00e8de. Largeur: standard \u00e0 spacieux Fermeture: aucun D\u00e9tail: coutures d\u00e9coratives Dessus: cuir su\u00e8de int\u00e9rieur: cuir Semelle construction: cuir su\u00e8de Taille standard Ceinture assortie possible Ces chaussures Santoni sont fabriqu\u00e9es \u00e0 la main en Italie Fourni dans la bo\u00eete Santoni d&rsquo;origine, avec les sacs [...]","og_url":"https:\/\/www.voustenshoes.com\/fr\/santoni-pantofola-marron-31676\/","og_site_name":"Vousten Shoes","article_modified_time":"2026-02-05T09:58:43+00:00","og_image":[{"width":2000,"height":2000,"url":"https:\/\/www.voustenshoes.com\/wp-content\/uploads\/2023\/03\/santoni_pantofola_bruin_1_van_7.jpg","type":"image\/jpeg"}],"twitter_card":"summary_large_image","schema":{"@context":"https:\/\/schema.org","@graph":[{"@type":"WebPage","@id":"https:\/\/www.voustenshoes.com\/fr\/santoni-pantofola-marron-31676\/","url":"https:\/\/www.voustenshoes.com\/fr\/santoni-pantofola-marron-31676\/","name":"Santoni Pantofola Marron (31676) - Vousten Shoes","isPartOf":{"@id":"https:\/\/www.voustenshoes.com\/nl\/#website"},"primaryImageOfPage":{"@id":"https:\/\/www.voustenshoes.com\/fr\/santoni-pantofola-marron-31676\/#primaryimage"},"image":{"@id":"https:\/\/www.voustenshoes.com\/fr\/santoni-pantofola-marron-31676\/#primaryimage"},"thumbnailUrl":"https:\/\/www.voustenshoes.com\/wp-content\/uploads\/2023\/03\/santoni_pantofola_bruin_1_van_7.jpg","datePublished":"2024-10-11T13:44:38+00:00","dateModified":"2026-02-05T09:58:43+00:00","breadcrumb":{"@id":"https:\/\/www.voustenshoes.com\/fr\/santoni-pantofola-marron-31676\/#breadcrumb"},"inLanguage":"fr-FR","potentialAction":[{"@type":"ReadAction","target":["https:\/\/www.voustenshoes.com\/fr\/santoni-pantofola-marron-31676\/"]}]},{"@type":"ImageObject","inLanguage":"fr-FR","@id":"https:\/\/www.voustenshoes.com\/fr\/santoni-pantofola-marron-31676\/#primaryimage","url":"https:\/\/www.voustenshoes.com\/wp-content\/uploads\/2023\/03\/santoni_pantofola_bruin_1_van_7.jpg","contentUrl":"https:\/\/www.voustenshoes.com\/wp-content\/uploads\/2023\/03\/santoni_pantofola_bruin_1_van_7.jpg","width":2000,"height":2000},{"@type":"BreadcrumbList","@id":"https:\/\/www.voustenshoes.com\/fr\/santoni-pantofola-marron-31676\/#breadcrumb","itemListElement":[{"@type":"ListItem","position":1,"name":"Home","item":"https:\/\/www.voustenshoes.com\/fr\/"},{"@type":"ListItem","position":2,"name":"Boutique","item":"https:\/\/www.voustenshoes.com\/fr\/shop\/"},{"@type":"ListItem","position":3,"name":"Santoni Pantofola Marron (31676)"}]},{"@type":"WebSite","@id":"https:\/\/www.voustenshoes.com\/nl\/#website","url":"https:\/\/www.voustenshoes.com\/nl\/","name":"Vousten Shoes","description":"","potentialAction":[{"@type":"SearchAction","target":{"@type":"EntryPoint","urlTemplate":"https:\/\/www.voustenshoes.com\/nl\/?s={search_term_string}"},"query-input":{"@type":"PropertyValueSpecification","valueRequired":true,"valueName":"search_term_string"}}],"inLanguage":"fr-FR"}]}},"_links":{"self":[{"href":"https:\/\/www.voustenshoes.com\/fr\/wp-json\/wp\/v2\/product\/186502","targetHints":{"allow":["GET"]}}],"collection":[{"href":"https:\/\/www.voustenshoes.com\/fr\/wp-json\/wp\/v2\/product"}],"about":[{"href":"https:\/\/www.voustenshoes.com\/fr\/wp-json\/wp\/v2\/types\/product"}],"replies":[{"embeddable":true,"href":"https:\/\/www.voustenshoes.com\/fr\/wp-json\/wp\/v2\/comments?post=186502"}],"wp:featuredmedia":[{"embeddable":true,"href":"https:\/\/www.voustenshoes.com\/fr\/wp-json\/wp\/v2\/media\/14759"}],"wp:attachment":[{"href":"https:\/\/www.voustenshoes.com\/fr\/wp-json\/wp\/v2\/media?parent=186502"}],"wp:term":[{"taxonomy":"product_cat","embeddable":true,"href":"https:\/\/www.voustenshoes.com\/fr\/wp-json\/wp\/v2\/product_cat?post=186502"},{"taxonomy":"product_tag","embeddable":true,"href":"https:\/\/www.voustenshoes.com\/fr\/wp-json\/wp\/v2\/product_tag?post=186502"}],"curies":[{"name":"wp","href":"https:\/\/api.w.org\/{rel}","templated":true}]}}