{"id":188621,"date":"2024-10-11T18:28:39","date_gmt":"2024-10-11T16:28:39","guid":{"rendered":"https:\/\/www.voustenshoes.com\/santoni-weekender-marron-fonce-35981\/"},"modified":"2026-02-05T11:06:59","modified_gmt":"2026-02-05T10:06:59","slug":"santoni-weekender-marron-fonce-35981","status":"publish","type":"product","link":"https:\/\/www.voustenshoes.com\/fr\/santoni-weekender-marron-fonce-35981\/","title":{"rendered":"Santoni Weekender marron fonc\u00e9 (35981)"},"content":{"rendered":"<p>Ce beau sac a la taille 60 x 32 x 20 cm<\/p>\n<ul>\n<li>Cuir de haute qualit\u00e9<\/li>\n<li>Y compris bandouli\u00e8re<\/li>\n<\/ul>\n<p>Fabriqu\u00e9 \u00e0 la main chez Santoni en Italie.<\/p>\n","protected":false},"excerpt":{"rendered":"<p>Ce beau sac a la taille 60 x 32 x 20 cm Cuir de haute qualit\u00e9 Y compris bandouli\u00e8re Fabriqu\u00e9 \u00e0 la main chez Santoni en Italie.<\/p>\n","protected":false},"featured_media":178417,"comment_status":"open","ping_status":"closed","template":"","meta":{"rank_math_lock_modified_date":false},"product_cat":[1136,1176,1268],"product_tag":[],"class_list":{"0":"post-188621","1":"product","2":"type-product","3":"status-publish","4":"has-post-thumbnail","6":"product_cat-heren-nl-fr","7":"product_cat-santoni-nl-fr","8":"product_cat-tassen-nl-fr","10":"first","11":"outofstock","12":"taxable","13":"shipping-taxable","14":"purchasable","15":"product-type-variable"},"acf":[],"yoast_head":"<!-- This site is optimized with the Yoast SEO plugin v23.9 - https:\/\/yoast.com\/wordpress\/plugins\/seo\/ -->\n<title>Santoni Weekender marron fonc\u00e9 (35981) - Vousten Shoes<\/title>\n<meta name=\"robots\" content=\"index, follow, max-snippet:-1, max-image-preview:large, max-video-preview:-1\" \/>\n<link rel=\"canonical\" href=\"https:\/\/www.voustenshoes.com\/fr\/santoni-weekender-marron-fonce-35981\/\" \/>\n<meta property=\"og:locale\" content=\"fr_FR\" \/>\n<meta property=\"og:type\" content=\"article\" \/>\n<meta property=\"og:title\" content=\"Santoni Weekender marron fonc\u00e9 (35981) - Vousten Shoes\" \/>\n<meta property=\"og:description\" content=\"Ce beau sac a la taille 60 x 32 x 20 cm Cuir de haute qualit\u00e9 Y compris bandouli\u00e8re Fabriqu\u00e9 \u00e0 la main chez Santoni en Italie.\" \/>\n<meta property=\"og:url\" content=\"https:\/\/www.voustenshoes.com\/fr\/santoni-weekender-marron-fonce-35981\/\" \/>\n<meta property=\"og:site_name\" content=\"Vousten Shoes\" \/>\n<meta property=\"article:modified_time\" content=\"2026-02-05T10:06:59+00:00\" \/>\n<meta property=\"og:image\" content=\"https:\/\/www.voustenshoes.com\/wp-content\/uploads\/2023\/06\/santoni_tassen_2022_3_van_13.jpg\" \/>\n\t<meta property=\"og:image:width\" content=\"2000\" \/>\n\t<meta property=\"og:image:height\" content=\"2000\" \/>\n\t<meta property=\"og:image:type\" content=\"image\/jpeg\" \/>\n<meta name=\"twitter:card\" content=\"summary_large_image\" \/>\n<script type=\"application\/ld+json\" class=\"yoast-schema-graph\">{\"@context\":\"https:\/\/schema.org\",\"@graph\":[{\"@type\":\"WebPage\",\"@id\":\"https:\/\/www.voustenshoes.com\/fr\/santoni-weekender-marron-fonce-35981\/\",\"url\":\"https:\/\/www.voustenshoes.com\/fr\/santoni-weekender-marron-fonce-35981\/\",\"name\":\"Santoni Weekender marron fonc\u00e9 (35981) - Vousten Shoes\",\"isPartOf\":{\"@id\":\"https:\/\/www.voustenshoes.com\/nl\/#website\"},\"primaryImageOfPage\":{\"@id\":\"https:\/\/www.voustenshoes.com\/fr\/santoni-weekender-marron-fonce-35981\/#primaryimage\"},\"image\":{\"@id\":\"https:\/\/www.voustenshoes.com\/fr\/santoni-weekender-marron-fonce-35981\/#primaryimage\"},\"thumbnailUrl\":\"https:\/\/www.voustenshoes.com\/wp-content\/uploads\/2023\/06\/santoni_tassen_2022_3_van_13.jpg\",\"datePublished\":\"2024-10-11T16:28:39+00:00\",\"dateModified\":\"2026-02-05T10:06:59+00:00\",\"breadcrumb\":{\"@id\":\"https:\/\/www.voustenshoes.com\/fr\/santoni-weekender-marron-fonce-35981\/#breadcrumb\"},\"inLanguage\":\"fr-FR\",\"potentialAction\":[{\"@type\":\"ReadAction\",\"target\":[\"https:\/\/www.voustenshoes.com\/fr\/santoni-weekender-marron-fonce-35981\/\"]}]},{\"@type\":\"ImageObject\",\"inLanguage\":\"fr-FR\",\"@id\":\"https:\/\/www.voustenshoes.com\/fr\/santoni-weekender-marron-fonce-35981\/#primaryimage\",\"url\":\"https:\/\/www.voustenshoes.com\/wp-content\/uploads\/2023\/06\/santoni_tassen_2022_3_van_13.jpg\",\"contentUrl\":\"https:\/\/www.voustenshoes.com\/wp-content\/uploads\/2023\/06\/santoni_tassen_2022_3_van_13.jpg\",\"width\":2000,\"height\":2000},{\"@type\":\"BreadcrumbList\",\"@id\":\"https:\/\/www.voustenshoes.com\/fr\/santoni-weekender-marron-fonce-35981\/#breadcrumb\",\"itemListElement\":[{\"@type\":\"ListItem\",\"position\":1,\"name\":\"Home\",\"item\":\"https:\/\/www.voustenshoes.com\/fr\/\"},{\"@type\":\"ListItem\",\"position\":2,\"name\":\"Boutique\",\"item\":\"https:\/\/www.voustenshoes.com\/fr\/shop\/\"},{\"@type\":\"ListItem\",\"position\":3,\"name\":\"Santoni Weekender marron fonc\u00e9 (35981)\"}]},{\"@type\":\"WebSite\",\"@id\":\"https:\/\/www.voustenshoes.com\/nl\/#website\",\"url\":\"https:\/\/www.voustenshoes.com\/nl\/\",\"name\":\"Vousten Shoes\",\"description\":\"\",\"potentialAction\":[{\"@type\":\"SearchAction\",\"target\":{\"@type\":\"EntryPoint\",\"urlTemplate\":\"https:\/\/www.voustenshoes.com\/nl\/?s={search_term_string}\"},\"query-input\":{\"@type\":\"PropertyValueSpecification\",\"valueRequired\":true,\"valueName\":\"search_term_string\"}}],\"inLanguage\":\"fr-FR\"}]}<\/script>\n<!-- \/ Yoast SEO plugin. -->","yoast_head_json":{"title":"Santoni Weekender marron fonc\u00e9 (35981) - Vousten Shoes","robots":{"index":"index","follow":"follow","max-snippet":"max-snippet:-1","max-image-preview":"max-image-preview:large","max-video-preview":"max-video-preview:-1"},"canonical":"https:\/\/www.voustenshoes.com\/fr\/santoni-weekender-marron-fonce-35981\/","og_locale":"fr_FR","og_type":"article","og_title":"Santoni Weekender marron fonc\u00e9 (35981) - Vousten Shoes","og_description":"Ce beau sac a la taille 60 x 32 x 20 cm Cuir de haute qualit\u00e9 Y compris bandouli\u00e8re Fabriqu\u00e9 \u00e0 la main chez Santoni en Italie.","og_url":"https:\/\/www.voustenshoes.com\/fr\/santoni-weekender-marron-fonce-35981\/","og_site_name":"Vousten Shoes","article_modified_time":"2026-02-05T10:06:59+00:00","og_image":[{"width":2000,"height":2000,"url":"https:\/\/www.voustenshoes.com\/wp-content\/uploads\/2023\/06\/santoni_tassen_2022_3_van_13.jpg","type":"image\/jpeg"}],"twitter_card":"summary_large_image","schema":{"@context":"https:\/\/schema.org","@graph":[{"@type":"WebPage","@id":"https:\/\/www.voustenshoes.com\/fr\/santoni-weekender-marron-fonce-35981\/","url":"https:\/\/www.voustenshoes.com\/fr\/santoni-weekender-marron-fonce-35981\/","name":"Santoni Weekender marron fonc\u00e9 (35981) - Vousten Shoes","isPartOf":{"@id":"https:\/\/www.voustenshoes.com\/nl\/#website"},"primaryImageOfPage":{"@id":"https:\/\/www.voustenshoes.com\/fr\/santoni-weekender-marron-fonce-35981\/#primaryimage"},"image":{"@id":"https:\/\/www.voustenshoes.com\/fr\/santoni-weekender-marron-fonce-35981\/#primaryimage"},"thumbnailUrl":"https:\/\/www.voustenshoes.com\/wp-content\/uploads\/2023\/06\/santoni_tassen_2022_3_van_13.jpg","datePublished":"2024-10-11T16:28:39+00:00","dateModified":"2026-02-05T10:06:59+00:00","breadcrumb":{"@id":"https:\/\/www.voustenshoes.com\/fr\/santoni-weekender-marron-fonce-35981\/#breadcrumb"},"inLanguage":"fr-FR","potentialAction":[{"@type":"ReadAction","target":["https:\/\/www.voustenshoes.com\/fr\/santoni-weekender-marron-fonce-35981\/"]}]},{"@type":"ImageObject","inLanguage":"fr-FR","@id":"https:\/\/www.voustenshoes.com\/fr\/santoni-weekender-marron-fonce-35981\/#primaryimage","url":"https:\/\/www.voustenshoes.com\/wp-content\/uploads\/2023\/06\/santoni_tassen_2022_3_van_13.jpg","contentUrl":"https:\/\/www.voustenshoes.com\/wp-content\/uploads\/2023\/06\/santoni_tassen_2022_3_van_13.jpg","width":2000,"height":2000},{"@type":"BreadcrumbList","@id":"https:\/\/www.voustenshoes.com\/fr\/santoni-weekender-marron-fonce-35981\/#breadcrumb","itemListElement":[{"@type":"ListItem","position":1,"name":"Home","item":"https:\/\/www.voustenshoes.com\/fr\/"},{"@type":"ListItem","position":2,"name":"Boutique","item":"https:\/\/www.voustenshoes.com\/fr\/shop\/"},{"@type":"ListItem","position":3,"name":"Santoni Weekender marron fonc\u00e9 (35981)"}]},{"@type":"WebSite","@id":"https:\/\/www.voustenshoes.com\/nl\/#website","url":"https:\/\/www.voustenshoes.com\/nl\/","name":"Vousten Shoes","description":"","potentialAction":[{"@type":"SearchAction","target":{"@type":"EntryPoint","urlTemplate":"https:\/\/www.voustenshoes.com\/nl\/?s={search_term_string}"},"query-input":{"@type":"PropertyValueSpecification","valueRequired":true,"valueName":"search_term_string"}}],"inLanguage":"fr-FR"}]}},"_links":{"self":[{"href":"https:\/\/www.voustenshoes.com\/fr\/wp-json\/wp\/v2\/product\/188621","targetHints":{"allow":["GET"]}}],"collection":[{"href":"https:\/\/www.voustenshoes.com\/fr\/wp-json\/wp\/v2\/product"}],"about":[{"href":"https:\/\/www.voustenshoes.com\/fr\/wp-json\/wp\/v2\/types\/product"}],"replies":[{"embeddable":true,"href":"https:\/\/www.voustenshoes.com\/fr\/wp-json\/wp\/v2\/comments?post=188621"}],"wp:featuredmedia":[{"embeddable":true,"href":"https:\/\/www.voustenshoes.com\/fr\/wp-json\/wp\/v2\/media\/178417"}],"wp:attachment":[{"href":"https:\/\/www.voustenshoes.com\/fr\/wp-json\/wp\/v2\/media?parent=188621"}],"wp:term":[{"taxonomy":"product_cat","embeddable":true,"href":"https:\/\/www.voustenshoes.com\/fr\/wp-json\/wp\/v2\/product_cat?post=188621"},{"taxonomy":"product_tag","embeddable":true,"href":"https:\/\/www.voustenshoes.com\/fr\/wp-json\/wp\/v2\/product_tag?post=188621"}],"curies":[{"name":"wp","href":"https:\/\/api.w.org\/{rel}","templated":true}]}}