{"id":189160,"date":"2024-10-11T18:48:38","date_gmt":"2024-10-11T16:48:38","guid":{"rendered":"https:\/\/www.voustenshoes.com\/santoni-jovani-35992-2\/"},"modified":"2026-02-05T11:08:22","modified_gmt":"2026-02-05T10:08:22","slug":"santoni-jovani-35992-2","status":"publish","type":"product","link":"https:\/\/www.voustenshoes.com\/fr\/santoni-jovani-35992-2\/","title":{"rendered":"Santoni Jovani (35992)"},"content":{"rendered":"<p>Est une sneaker basse en cuir su\u00e9d\u00e9 et a un look d\u00e9contract\u00e9.<\/p>\n<ul>\n<li>Largeur : standard \u00e0 large<\/li>\n<li>Fermeture : dentelle<\/li>\n<li>D\u00e9tail : coutures d\u00e9coratives<\/li>\n<li>Ext\u00e9rieur : cuir su\u00e9d\u00e9<\/li>\n<li>Int\u00e9rieur : cuir<\/li>\n<li>Construction de la semelle : Caoutchouc<\/li>\n<li>Taille standard<\/li>\n<li>Ceinture assortie possible<\/li>\n<li>Ces chaussures Santoni sont fabriqu\u00e9es \u00e0 la main en Italie<\/li>\n<\/ul>\n<p>Livr\u00e9 dans la bo\u00eete Santoni d&rsquo;origine, avec les sacs \u00e0 poussi\u00e8re qui l&rsquo;accompagnent.<\/p>\n","protected":false},"excerpt":{"rendered":"<p>Est une sneaker basse en cuir su\u00e9d\u00e9 et a un look d\u00e9contract\u00e9. Largeur : standard \u00e0 large Fermeture : dentelle D\u00e9tail : coutures d\u00e9coratives Ext\u00e9rieur : cuir su\u00e9d\u00e9 Int\u00e9rieur : cuir Construction de la semelle : Caoutchouc Taille standard Ceinture assortie possible Ces chaussures Santoni sont fabriqu\u00e9es \u00e0 la main en Italie Livr\u00e9 dans la [&#8230;]\n","protected":false},"featured_media":178702,"comment_status":"open","ping_status":"closed","template":"","meta":{"rank_math_lock_modified_date":false},"product_cat":[1114,1136,1171,1176,1272,1303],"product_tag":[],"class_list":{"0":"post-189160","1":"product","2":"type-product","3":"status-publish","4":"has-post-thumbnail","6":"product_cat-lage-santoni-sneakers-en-2-fr","7":"product_cat-heren-nl-fr","8":"product_cat-schoenen-nl-fr","9":"product_cat-santoni-nl-fr","10":"product_cat-sneakers-nl-fr","11":"product_cat-lage-sneakers-fr","13":"first","14":"instock","15":"taxable","16":"shipping-taxable","17":"purchasable","18":"product-type-variable"},"acf":[],"yoast_head":"<!-- This site is optimized with the Yoast SEO plugin v23.9 - https:\/\/yoast.com\/wordpress\/plugins\/seo\/ -->\n<title>Santoni Jovani (35992) - Vousten Shoes<\/title>\n<meta name=\"robots\" content=\"index, follow, max-snippet:-1, max-image-preview:large, max-video-preview:-1\" \/>\n<link rel=\"canonical\" href=\"https:\/\/www.voustenshoes.com\/fr\/santoni-jovani-35992-2\/\" \/>\n<meta property=\"og:locale\" content=\"fr_FR\" \/>\n<meta property=\"og:type\" content=\"article\" \/>\n<meta property=\"og:title\" content=\"Santoni Jovani (35992) - Vousten Shoes\" \/>\n<meta property=\"og:description\" content=\"Est une sneaker basse en cuir su\u00e9d\u00e9 et a un look d\u00e9contract\u00e9. Largeur : standard \u00e0 large Fermeture : dentelle D\u00e9tail : coutures d\u00e9coratives Ext\u00e9rieur : cuir su\u00e9d\u00e9 Int\u00e9rieur : cuir Construction de la semelle : Caoutchouc Taille standard Ceinture assortie possible Ces chaussures Santoni sont fabriqu\u00e9es \u00e0 la main en Italie Livr\u00e9 dans la [...]\" \/>\n<meta property=\"og:url\" content=\"https:\/\/www.voustenshoes.com\/fr\/santoni-jovani-35992-2\/\" \/>\n<meta property=\"og:site_name\" content=\"Vousten Shoes\" \/>\n<meta property=\"article:modified_time\" content=\"2026-02-05T10:08:22+00:00\" \/>\n<meta property=\"og:image\" content=\"https:\/\/www.voustenshoes.com\/wp-content\/uploads\/2023\/06\/santoni_35992_1_van_7.jpg\" \/>\n\t<meta property=\"og:image:width\" content=\"2000\" \/>\n\t<meta property=\"og:image:height\" content=\"2000\" \/>\n\t<meta property=\"og:image:type\" content=\"image\/jpeg\" \/>\n<meta name=\"twitter:card\" content=\"summary_large_image\" \/>\n<script type=\"application\/ld+json\" class=\"yoast-schema-graph\">{\"@context\":\"https:\/\/schema.org\",\"@graph\":[{\"@type\":\"WebPage\",\"@id\":\"https:\/\/www.voustenshoes.com\/fr\/santoni-jovani-35992-2\/\",\"url\":\"https:\/\/www.voustenshoes.com\/fr\/santoni-jovani-35992-2\/\",\"name\":\"Santoni Jovani (35992) - Vousten Shoes\",\"isPartOf\":{\"@id\":\"https:\/\/www.voustenshoes.com\/nl\/#website\"},\"primaryImageOfPage\":{\"@id\":\"https:\/\/www.voustenshoes.com\/fr\/santoni-jovani-35992-2\/#primaryimage\"},\"image\":{\"@id\":\"https:\/\/www.voustenshoes.com\/fr\/santoni-jovani-35992-2\/#primaryimage\"},\"thumbnailUrl\":\"https:\/\/www.voustenshoes.com\/wp-content\/uploads\/2023\/06\/santoni_35992_1_van_7.jpg\",\"datePublished\":\"2024-10-11T16:48:38+00:00\",\"dateModified\":\"2026-02-05T10:08:22+00:00\",\"breadcrumb\":{\"@id\":\"https:\/\/www.voustenshoes.com\/fr\/santoni-jovani-35992-2\/#breadcrumb\"},\"inLanguage\":\"fr-FR\",\"potentialAction\":[{\"@type\":\"ReadAction\",\"target\":[\"https:\/\/www.voustenshoes.com\/fr\/santoni-jovani-35992-2\/\"]}]},{\"@type\":\"ImageObject\",\"inLanguage\":\"fr-FR\",\"@id\":\"https:\/\/www.voustenshoes.com\/fr\/santoni-jovani-35992-2\/#primaryimage\",\"url\":\"https:\/\/www.voustenshoes.com\/wp-content\/uploads\/2023\/06\/santoni_35992_1_van_7.jpg\",\"contentUrl\":\"https:\/\/www.voustenshoes.com\/wp-content\/uploads\/2023\/06\/santoni_35992_1_van_7.jpg\",\"width\":2000,\"height\":2000},{\"@type\":\"BreadcrumbList\",\"@id\":\"https:\/\/www.voustenshoes.com\/fr\/santoni-jovani-35992-2\/#breadcrumb\",\"itemListElement\":[{\"@type\":\"ListItem\",\"position\":1,\"name\":\"Home\",\"item\":\"https:\/\/www.voustenshoes.com\/fr\/\"},{\"@type\":\"ListItem\",\"position\":2,\"name\":\"Boutique\",\"item\":\"https:\/\/www.voustenshoes.com\/fr\/shop\/\"},{\"@type\":\"ListItem\",\"position\":3,\"name\":\"Santoni Jovani (35992)\"}]},{\"@type\":\"WebSite\",\"@id\":\"https:\/\/www.voustenshoes.com\/nl\/#website\",\"url\":\"https:\/\/www.voustenshoes.com\/nl\/\",\"name\":\"Vousten Shoes\",\"description\":\"\",\"potentialAction\":[{\"@type\":\"SearchAction\",\"target\":{\"@type\":\"EntryPoint\",\"urlTemplate\":\"https:\/\/www.voustenshoes.com\/nl\/?s={search_term_string}\"},\"query-input\":{\"@type\":\"PropertyValueSpecification\",\"valueRequired\":true,\"valueName\":\"search_term_string\"}}],\"inLanguage\":\"fr-FR\"}]}<\/script>\n<!-- \/ Yoast SEO plugin. -->","yoast_head_json":{"title":"Santoni Jovani (35992) - Vousten Shoes","robots":{"index":"index","follow":"follow","max-snippet":"max-snippet:-1","max-image-preview":"max-image-preview:large","max-video-preview":"max-video-preview:-1"},"canonical":"https:\/\/www.voustenshoes.com\/fr\/santoni-jovani-35992-2\/","og_locale":"fr_FR","og_type":"article","og_title":"Santoni Jovani (35992) - Vousten Shoes","og_description":"Est une sneaker basse en cuir su\u00e9d\u00e9 et a un look d\u00e9contract\u00e9. Largeur : standard \u00e0 large Fermeture : dentelle D\u00e9tail : coutures d\u00e9coratives Ext\u00e9rieur : cuir su\u00e9d\u00e9 Int\u00e9rieur : cuir Construction de la semelle : Caoutchouc Taille standard Ceinture assortie possible Ces chaussures Santoni sont fabriqu\u00e9es \u00e0 la main en Italie Livr\u00e9 dans la [...]","og_url":"https:\/\/www.voustenshoes.com\/fr\/santoni-jovani-35992-2\/","og_site_name":"Vousten Shoes","article_modified_time":"2026-02-05T10:08:22+00:00","og_image":[{"width":2000,"height":2000,"url":"https:\/\/www.voustenshoes.com\/wp-content\/uploads\/2023\/06\/santoni_35992_1_van_7.jpg","type":"image\/jpeg"}],"twitter_card":"summary_large_image","schema":{"@context":"https:\/\/schema.org","@graph":[{"@type":"WebPage","@id":"https:\/\/www.voustenshoes.com\/fr\/santoni-jovani-35992-2\/","url":"https:\/\/www.voustenshoes.com\/fr\/santoni-jovani-35992-2\/","name":"Santoni Jovani (35992) - Vousten Shoes","isPartOf":{"@id":"https:\/\/www.voustenshoes.com\/nl\/#website"},"primaryImageOfPage":{"@id":"https:\/\/www.voustenshoes.com\/fr\/santoni-jovani-35992-2\/#primaryimage"},"image":{"@id":"https:\/\/www.voustenshoes.com\/fr\/santoni-jovani-35992-2\/#primaryimage"},"thumbnailUrl":"https:\/\/www.voustenshoes.com\/wp-content\/uploads\/2023\/06\/santoni_35992_1_van_7.jpg","datePublished":"2024-10-11T16:48:38+00:00","dateModified":"2026-02-05T10:08:22+00:00","breadcrumb":{"@id":"https:\/\/www.voustenshoes.com\/fr\/santoni-jovani-35992-2\/#breadcrumb"},"inLanguage":"fr-FR","potentialAction":[{"@type":"ReadAction","target":["https:\/\/www.voustenshoes.com\/fr\/santoni-jovani-35992-2\/"]}]},{"@type":"ImageObject","inLanguage":"fr-FR","@id":"https:\/\/www.voustenshoes.com\/fr\/santoni-jovani-35992-2\/#primaryimage","url":"https:\/\/www.voustenshoes.com\/wp-content\/uploads\/2023\/06\/santoni_35992_1_van_7.jpg","contentUrl":"https:\/\/www.voustenshoes.com\/wp-content\/uploads\/2023\/06\/santoni_35992_1_van_7.jpg","width":2000,"height":2000},{"@type":"BreadcrumbList","@id":"https:\/\/www.voustenshoes.com\/fr\/santoni-jovani-35992-2\/#breadcrumb","itemListElement":[{"@type":"ListItem","position":1,"name":"Home","item":"https:\/\/www.voustenshoes.com\/fr\/"},{"@type":"ListItem","position":2,"name":"Boutique","item":"https:\/\/www.voustenshoes.com\/fr\/shop\/"},{"@type":"ListItem","position":3,"name":"Santoni Jovani (35992)"}]},{"@type":"WebSite","@id":"https:\/\/www.voustenshoes.com\/nl\/#website","url":"https:\/\/www.voustenshoes.com\/nl\/","name":"Vousten Shoes","description":"","potentialAction":[{"@type":"SearchAction","target":{"@type":"EntryPoint","urlTemplate":"https:\/\/www.voustenshoes.com\/nl\/?s={search_term_string}"},"query-input":{"@type":"PropertyValueSpecification","valueRequired":true,"valueName":"search_term_string"}}],"inLanguage":"fr-FR"}]}},"_links":{"self":[{"href":"https:\/\/www.voustenshoes.com\/fr\/wp-json\/wp\/v2\/product\/189160","targetHints":{"allow":["GET"]}}],"collection":[{"href":"https:\/\/www.voustenshoes.com\/fr\/wp-json\/wp\/v2\/product"}],"about":[{"href":"https:\/\/www.voustenshoes.com\/fr\/wp-json\/wp\/v2\/types\/product"}],"replies":[{"embeddable":true,"href":"https:\/\/www.voustenshoes.com\/fr\/wp-json\/wp\/v2\/comments?post=189160"}],"wp:featuredmedia":[{"embeddable":true,"href":"https:\/\/www.voustenshoes.com\/fr\/wp-json\/wp\/v2\/media\/178702"}],"wp:attachment":[{"href":"https:\/\/www.voustenshoes.com\/fr\/wp-json\/wp\/v2\/media?parent=189160"}],"wp:term":[{"taxonomy":"product_cat","embeddable":true,"href":"https:\/\/www.voustenshoes.com\/fr\/wp-json\/wp\/v2\/product_cat?post=189160"},{"taxonomy":"product_tag","embeddable":true,"href":"https:\/\/www.voustenshoes.com\/fr\/wp-json\/wp\/v2\/product_tag?post=189160"}],"curies":[{"name":"wp","href":"https:\/\/api.w.org\/{rel}","templated":true}]}}