{"id":192600,"date":"2024-10-12T02:20:11","date_gmt":"2024-10-12T00:20:11","guid":{"rendered":"https:\/\/www.voustenshoes.com\/santoni-tabe-brun-38262\/"},"modified":"2026-02-05T11:17:00","modified_gmt":"2026-02-05T10:17:00","slug":"santoni-tabe-brun-38262","status":"publish","type":"product","link":"https:\/\/www.voustenshoes.com\/fr\/santoni-tabe-brun-38262\/","title":{"rendered":"Santoni Tabe brun (38262)"},"content":{"rendered":"<p>Est une chaussure \u00e0 boucle en cuir su\u00e9d\u00e9 et a des coutures d\u00e9coratives.<\/p>\n<ul>\n<li>Largeur : standard \u00e0 large<\/li>\n<li>Fermeture : double boucle<\/li>\n<li>D\u00e9tail : bout renforc\u00e9<\/li>\n<li>Ext\u00e9rieur : cuir su\u00e9d\u00e9<\/li>\n<li>Int\u00e9rieur : cuir<\/li>\n<li>Construction de la semelle : Caoutchouc dans blake<\/li>\n<li>Taille standard<\/li>\n<li>Ceinture assortie disponible<\/li>\n<li>Ces chaussures Santoni sont fabriqu\u00e9es \u00e0 la main en Italie<\/li>\n<\/ul>\n<p>Livr\u00e9 dans la bo\u00eete Santoni d&rsquo;origine, avec sacs \u00e0 poussi\u00e8re assortis.<\/p>\n","protected":false},"excerpt":{"rendered":"<p>Est une chaussure \u00e0 boucle en cuir su\u00e9d\u00e9 et a des coutures d\u00e9coratives. Largeur : standard \u00e0 large Fermeture : double boucle D\u00e9tail : bout renforc\u00e9 Ext\u00e9rieur : cuir su\u00e9d\u00e9 Int\u00e9rieur : cuir Construction de la semelle : Caoutchouc dans blake Taille standard Ceinture assortie disponible Ces chaussures Santoni sont fabriqu\u00e9es \u00e0 la main en [&#8230;]\n","protected":false},"featured_media":180282,"comment_status":"open","ping_status":"closed","template":"","meta":{"rank_math_lock_modified_date":false},"product_cat":[1136,1171,1176,1257,1295],"product_tag":[],"class_list":{"0":"post-192600","1":"product","2":"type-product","3":"status-publish","4":"has-post-thumbnail","6":"product_cat-heren-nl-fr","7":"product_cat-schoenen-nl-fr","8":"product_cat-santoni-nl-fr","9":"product_cat-veter-en-gespschoenen-nl-fr","10":"product_cat-classic-schoenen-nl-fr","12":"first","13":"instock","14":"taxable","15":"shipping-taxable","16":"purchasable","17":"product-type-variable"},"acf":[],"yoast_head":"<!-- This site is optimized with the Yoast SEO plugin v23.9 - https:\/\/yoast.com\/wordpress\/plugins\/seo\/ -->\n<title>Santoni Tabe brun (38262) - Vousten Shoes<\/title>\n<meta name=\"robots\" content=\"index, follow, max-snippet:-1, max-image-preview:large, max-video-preview:-1\" \/>\n<link rel=\"canonical\" href=\"https:\/\/www.voustenshoes.com\/fr\/santoni-tabe-brun-38262\/\" \/>\n<meta property=\"og:locale\" content=\"fr_FR\" \/>\n<meta property=\"og:type\" content=\"article\" \/>\n<meta property=\"og:title\" content=\"Santoni Tabe brun (38262) - Vousten Shoes\" \/>\n<meta property=\"og:description\" content=\"Est une chaussure \u00e0 boucle en cuir su\u00e9d\u00e9 et a des coutures d\u00e9coratives. Largeur : standard \u00e0 large Fermeture : double boucle D\u00e9tail : bout renforc\u00e9 Ext\u00e9rieur : cuir su\u00e9d\u00e9 Int\u00e9rieur : cuir Construction de la semelle : Caoutchouc dans blake Taille standard Ceinture assortie disponible Ces chaussures Santoni sont fabriqu\u00e9es \u00e0 la main en [...]\" \/>\n<meta property=\"og:url\" content=\"https:\/\/www.voustenshoes.com\/fr\/santoni-tabe-brun-38262\/\" \/>\n<meta property=\"og:site_name\" content=\"Vousten Shoes\" \/>\n<meta property=\"article:modified_time\" content=\"2026-02-05T10:17:00+00:00\" \/>\n<meta property=\"og:image\" content=\"https:\/\/www.voustenshoes.com\/wp-content\/uploads\/2023\/06\/tabe_bruin-scaled-1.jpg\" \/>\n\t<meta property=\"og:image:width\" content=\"2560\" \/>\n\t<meta property=\"og:image:height\" content=\"2560\" \/>\n\t<meta property=\"og:image:type\" content=\"image\/jpeg\" \/>\n<meta name=\"twitter:card\" content=\"summary_large_image\" \/>\n<script type=\"application\/ld+json\" class=\"yoast-schema-graph\">{\"@context\":\"https:\/\/schema.org\",\"@graph\":[{\"@type\":\"WebPage\",\"@id\":\"https:\/\/www.voustenshoes.com\/fr\/santoni-tabe-brun-38262\/\",\"url\":\"https:\/\/www.voustenshoes.com\/fr\/santoni-tabe-brun-38262\/\",\"name\":\"Santoni Tabe brun (38262) - Vousten Shoes\",\"isPartOf\":{\"@id\":\"https:\/\/www.voustenshoes.com\/nl\/#website\"},\"primaryImageOfPage\":{\"@id\":\"https:\/\/www.voustenshoes.com\/fr\/santoni-tabe-brun-38262\/#primaryimage\"},\"image\":{\"@id\":\"https:\/\/www.voustenshoes.com\/fr\/santoni-tabe-brun-38262\/#primaryimage\"},\"thumbnailUrl\":\"https:\/\/www.voustenshoes.com\/wp-content\/uploads\/2023\/06\/tabe_bruin-scaled-1.jpg\",\"datePublished\":\"2024-10-12T00:20:11+00:00\",\"dateModified\":\"2026-02-05T10:17:00+00:00\",\"breadcrumb\":{\"@id\":\"https:\/\/www.voustenshoes.com\/fr\/santoni-tabe-brun-38262\/#breadcrumb\"},\"inLanguage\":\"fr-FR\",\"potentialAction\":[{\"@type\":\"ReadAction\",\"target\":[\"https:\/\/www.voustenshoes.com\/fr\/santoni-tabe-brun-38262\/\"]}]},{\"@type\":\"ImageObject\",\"inLanguage\":\"fr-FR\",\"@id\":\"https:\/\/www.voustenshoes.com\/fr\/santoni-tabe-brun-38262\/#primaryimage\",\"url\":\"https:\/\/www.voustenshoes.com\/wp-content\/uploads\/2023\/06\/tabe_bruin-scaled-1.jpg\",\"contentUrl\":\"https:\/\/www.voustenshoes.com\/wp-content\/uploads\/2023\/06\/tabe_bruin-scaled-1.jpg\",\"width\":2560,\"height\":2560},{\"@type\":\"BreadcrumbList\",\"@id\":\"https:\/\/www.voustenshoes.com\/fr\/santoni-tabe-brun-38262\/#breadcrumb\",\"itemListElement\":[{\"@type\":\"ListItem\",\"position\":1,\"name\":\"Home\",\"item\":\"https:\/\/www.voustenshoes.com\/fr\/\"},{\"@type\":\"ListItem\",\"position\":2,\"name\":\"Boutique\",\"item\":\"https:\/\/www.voustenshoes.com\/fr\/shop\/\"},{\"@type\":\"ListItem\",\"position\":3,\"name\":\"Santoni Tabe brun (38262)\"}]},{\"@type\":\"WebSite\",\"@id\":\"https:\/\/www.voustenshoes.com\/nl\/#website\",\"url\":\"https:\/\/www.voustenshoes.com\/nl\/\",\"name\":\"Vousten Shoes\",\"description\":\"\",\"potentialAction\":[{\"@type\":\"SearchAction\",\"target\":{\"@type\":\"EntryPoint\",\"urlTemplate\":\"https:\/\/www.voustenshoes.com\/nl\/?s={search_term_string}\"},\"query-input\":{\"@type\":\"PropertyValueSpecification\",\"valueRequired\":true,\"valueName\":\"search_term_string\"}}],\"inLanguage\":\"fr-FR\"}]}<\/script>\n<!-- \/ Yoast SEO plugin. -->","yoast_head_json":{"title":"Santoni Tabe brun (38262) - Vousten Shoes","robots":{"index":"index","follow":"follow","max-snippet":"max-snippet:-1","max-image-preview":"max-image-preview:large","max-video-preview":"max-video-preview:-1"},"canonical":"https:\/\/www.voustenshoes.com\/fr\/santoni-tabe-brun-38262\/","og_locale":"fr_FR","og_type":"article","og_title":"Santoni Tabe brun (38262) - Vousten Shoes","og_description":"Est une chaussure \u00e0 boucle en cuir su\u00e9d\u00e9 et a des coutures d\u00e9coratives. Largeur : standard \u00e0 large Fermeture : double boucle D\u00e9tail : bout renforc\u00e9 Ext\u00e9rieur : cuir su\u00e9d\u00e9 Int\u00e9rieur : cuir Construction de la semelle : Caoutchouc dans blake Taille standard Ceinture assortie disponible Ces chaussures Santoni sont fabriqu\u00e9es \u00e0 la main en [...]","og_url":"https:\/\/www.voustenshoes.com\/fr\/santoni-tabe-brun-38262\/","og_site_name":"Vousten Shoes","article_modified_time":"2026-02-05T10:17:00+00:00","og_image":[{"width":2560,"height":2560,"url":"https:\/\/www.voustenshoes.com\/wp-content\/uploads\/2023\/06\/tabe_bruin-scaled-1.jpg","type":"image\/jpeg"}],"twitter_card":"summary_large_image","schema":{"@context":"https:\/\/schema.org","@graph":[{"@type":"WebPage","@id":"https:\/\/www.voustenshoes.com\/fr\/santoni-tabe-brun-38262\/","url":"https:\/\/www.voustenshoes.com\/fr\/santoni-tabe-brun-38262\/","name":"Santoni Tabe brun (38262) - Vousten Shoes","isPartOf":{"@id":"https:\/\/www.voustenshoes.com\/nl\/#website"},"primaryImageOfPage":{"@id":"https:\/\/www.voustenshoes.com\/fr\/santoni-tabe-brun-38262\/#primaryimage"},"image":{"@id":"https:\/\/www.voustenshoes.com\/fr\/santoni-tabe-brun-38262\/#primaryimage"},"thumbnailUrl":"https:\/\/www.voustenshoes.com\/wp-content\/uploads\/2023\/06\/tabe_bruin-scaled-1.jpg","datePublished":"2024-10-12T00:20:11+00:00","dateModified":"2026-02-05T10:17:00+00:00","breadcrumb":{"@id":"https:\/\/www.voustenshoes.com\/fr\/santoni-tabe-brun-38262\/#breadcrumb"},"inLanguage":"fr-FR","potentialAction":[{"@type":"ReadAction","target":["https:\/\/www.voustenshoes.com\/fr\/santoni-tabe-brun-38262\/"]}]},{"@type":"ImageObject","inLanguage":"fr-FR","@id":"https:\/\/www.voustenshoes.com\/fr\/santoni-tabe-brun-38262\/#primaryimage","url":"https:\/\/www.voustenshoes.com\/wp-content\/uploads\/2023\/06\/tabe_bruin-scaled-1.jpg","contentUrl":"https:\/\/www.voustenshoes.com\/wp-content\/uploads\/2023\/06\/tabe_bruin-scaled-1.jpg","width":2560,"height":2560},{"@type":"BreadcrumbList","@id":"https:\/\/www.voustenshoes.com\/fr\/santoni-tabe-brun-38262\/#breadcrumb","itemListElement":[{"@type":"ListItem","position":1,"name":"Home","item":"https:\/\/www.voustenshoes.com\/fr\/"},{"@type":"ListItem","position":2,"name":"Boutique","item":"https:\/\/www.voustenshoes.com\/fr\/shop\/"},{"@type":"ListItem","position":3,"name":"Santoni Tabe brun (38262)"}]},{"@type":"WebSite","@id":"https:\/\/www.voustenshoes.com\/nl\/#website","url":"https:\/\/www.voustenshoes.com\/nl\/","name":"Vousten Shoes","description":"","potentialAction":[{"@type":"SearchAction","target":{"@type":"EntryPoint","urlTemplate":"https:\/\/www.voustenshoes.com\/nl\/?s={search_term_string}"},"query-input":{"@type":"PropertyValueSpecification","valueRequired":true,"valueName":"search_term_string"}}],"inLanguage":"fr-FR"}]}},"_links":{"self":[{"href":"https:\/\/www.voustenshoes.com\/fr\/wp-json\/wp\/v2\/product\/192600","targetHints":{"allow":["GET"]}}],"collection":[{"href":"https:\/\/www.voustenshoes.com\/fr\/wp-json\/wp\/v2\/product"}],"about":[{"href":"https:\/\/www.voustenshoes.com\/fr\/wp-json\/wp\/v2\/types\/product"}],"replies":[{"embeddable":true,"href":"https:\/\/www.voustenshoes.com\/fr\/wp-json\/wp\/v2\/comments?post=192600"}],"wp:featuredmedia":[{"embeddable":true,"href":"https:\/\/www.voustenshoes.com\/fr\/wp-json\/wp\/v2\/media\/180282"}],"wp:attachment":[{"href":"https:\/\/www.voustenshoes.com\/fr\/wp-json\/wp\/v2\/media?parent=192600"}],"wp:term":[{"taxonomy":"product_cat","embeddable":true,"href":"https:\/\/www.voustenshoes.com\/fr\/wp-json\/wp\/v2\/product_cat?post=192600"},{"taxonomy":"product_tag","embeddable":true,"href":"https:\/\/www.voustenshoes.com\/fr\/wp-json\/wp\/v2\/product_tag?post=192600"}],"curies":[{"name":"wp","href":"https:\/\/api.w.org\/{rel}","templated":true}]}}