{"id":192940,"date":"2024-10-12T06:04:05","date_gmt":"2024-10-12T04:04:05","guid":{"rendered":"https:\/\/www.voustenshoes.com\/petite-brosse-en-bois-avec-caoutchouc-naturel-et-poils-mixtes-de-crin-de-cheval-38313\/"},"modified":"2026-02-05T11:17:55","modified_gmt":"2026-02-05T10:17:55","slug":"petite-brosse-en-bois-avec-caoutchouc-naturel-et-poils-mixtes-de-crin-de-cheval-38313","status":"publish","type":"product","link":"https:\/\/www.voustenshoes.com\/fr\/petite-brosse-en-bois-avec-caoutchouc-naturel-et-poils-mixtes-de-crin-de-cheval-38313\/","title":{"rendered":"SANTONI &#8211; Petite Brosse en Bois avec Caoutchouc Naturel et Poils Mixtes de Crin de Cheval (38313)"},"content":{"rendered":"<p>Cette brosse de polissage constitue un ajout multifonctionnel \u00e0 votre kit d&rsquo;entretien de chaussures, avec un manche en bois de marque pris en sandwich entre un c\u00f4t\u00e9 en caoutchouc naturel et un c\u00f4t\u00e9 en poils de crin de cheval m\u00e9lang\u00e9s. Sp\u00e9cialement con\u00e7u pour nettoyer et appliquer de la cr\u00e8me sur les parties de la chaussure les plus difficiles d&rsquo;acc\u00e8s, comme les bords de la tr\u00e9pointe ou la languette.<\/p>\n<p>D\u00e9tails du produit<\/p>\n<ul>\n<li>Brosse \u00e0 cirer les chaussures en cuir<\/li>\n<li>Bo\u00eete rectangulaire<\/li>\n<li>Caoutchouc naturel<\/li>\n<li>Poils de crin de cheval m\u00e9lang\u00e9s<\/li>\n<li>Manche en bois<\/li>\n<li>Logo Santoni imprim\u00e9 sur la poign\u00e9e<\/li>\n<li>Dimensions : 7 x 1,5 x 7,5 cm<\/li>\n<\/ul>\n<p>100% fabriqu\u00e9 en Italie<\/p>\n","protected":false},"excerpt":{"rendered":"<p>Cette brosse de polissage constitue un ajout multifonctionnel \u00e0 votre kit d&rsquo;entretien de chaussures, avec un manche en bois de marque pris en sandwich entre un c\u00f4t\u00e9 en caoutchouc naturel et un c\u00f4t\u00e9 en poils de crin de cheval m\u00e9lang\u00e9s. Sp\u00e9cialement con\u00e7u pour nettoyer et appliquer de la cr\u00e8me sur les parties de la chaussure [&#8230;]\n","protected":false},"featured_media":183482,"comment_status":"open","ping_status":"closed","template":"","meta":{"rank_math_lock_modified_date":false},"product_cat":[1136,1176,1282],"product_tag":[],"class_list":{"0":"post-192940","1":"product","2":"type-product","3":"status-publish","4":"has-post-thumbnail","6":"product_cat-heren-nl-fr","7":"product_cat-santoni-nl-fr","8":"product_cat-schoenverzorging-nl-fr","10":"first","11":"instock","12":"taxable","13":"shipping-taxable","14":"purchasable","15":"product-type-variable"},"acf":[],"yoast_head":"<!-- This site is optimized with the Yoast SEO plugin v23.9 - https:\/\/yoast.com\/wordpress\/plugins\/seo\/ -->\n<title>SANTONI - Petite Brosse en Bois avec Caoutchouc Naturel et Poils Mixtes de Crin de Cheval (38313) - Vousten Shoes<\/title>\n<meta name=\"robots\" content=\"index, follow, max-snippet:-1, max-image-preview:large, max-video-preview:-1\" \/>\n<link rel=\"canonical\" href=\"https:\/\/www.voustenshoes.com\/fr\/petite-brosse-en-bois-avec-caoutchouc-naturel-et-poils-mixtes-de-crin-de-cheval-38313\/\" \/>\n<meta property=\"og:locale\" content=\"fr_FR\" \/>\n<meta property=\"og:type\" content=\"article\" \/>\n<meta property=\"og:title\" content=\"SANTONI - Petite Brosse en Bois avec Caoutchouc Naturel et Poils Mixtes de Crin de Cheval (38313) - Vousten Shoes\" \/>\n<meta property=\"og:description\" content=\"Cette brosse de polissage constitue un ajout multifonctionnel \u00e0 votre kit d&rsquo;entretien de chaussures, avec un manche en bois de marque pris en sandwich entre un c\u00f4t\u00e9 en caoutchouc naturel et un c\u00f4t\u00e9 en poils de crin de cheval m\u00e9lang\u00e9s. Sp\u00e9cialement con\u00e7u pour nettoyer et appliquer de la cr\u00e8me sur les parties de la chaussure [...]\" \/>\n<meta property=\"og:url\" content=\"https:\/\/www.voustenshoes.com\/fr\/petite-brosse-en-bois-avec-caoutchouc-naturel-et-poils-mixtes-de-crin-de-cheval-38313\/\" \/>\n<meta property=\"og:site_name\" content=\"Vousten Shoes\" \/>\n<meta property=\"article:modified_time\" content=\"2026-02-05T10:17:55+00:00\" \/>\n<meta property=\"og:image\" content=\"https:\/\/www.voustenshoes.com\/wp-content\/uploads\/2023\/06\/editorialimage-_8_.jpg\" \/>\n\t<meta property=\"og:image:width\" content=\"1450\" \/>\n\t<meta property=\"og:image:height\" content=\"1450\" \/>\n\t<meta property=\"og:image:type\" content=\"image\/jpeg\" \/>\n<meta name=\"twitter:card\" content=\"summary_large_image\" \/>\n<meta name=\"twitter:label1\" content=\"Est. reading time\" \/>\n\t<meta name=\"twitter:data1\" content=\"1 minute\" \/>\n<script type=\"application\/ld+json\" class=\"yoast-schema-graph\">{\"@context\":\"https:\/\/schema.org\",\"@graph\":[{\"@type\":\"WebPage\",\"@id\":\"https:\/\/www.voustenshoes.com\/fr\/petite-brosse-en-bois-avec-caoutchouc-naturel-et-poils-mixtes-de-crin-de-cheval-38313\/\",\"url\":\"https:\/\/www.voustenshoes.com\/fr\/petite-brosse-en-bois-avec-caoutchouc-naturel-et-poils-mixtes-de-crin-de-cheval-38313\/\",\"name\":\"SANTONI - Petite Brosse en Bois avec Caoutchouc Naturel et Poils Mixtes de Crin de Cheval (38313) - Vousten Shoes\",\"isPartOf\":{\"@id\":\"https:\/\/www.voustenshoes.com\/nl\/#website\"},\"primaryImageOfPage\":{\"@id\":\"https:\/\/www.voustenshoes.com\/fr\/petite-brosse-en-bois-avec-caoutchouc-naturel-et-poils-mixtes-de-crin-de-cheval-38313\/#primaryimage\"},\"image\":{\"@id\":\"https:\/\/www.voustenshoes.com\/fr\/petite-brosse-en-bois-avec-caoutchouc-naturel-et-poils-mixtes-de-crin-de-cheval-38313\/#primaryimage\"},\"thumbnailUrl\":\"https:\/\/www.voustenshoes.com\/wp-content\/uploads\/2023\/06\/editorialimage-_8_.jpg\",\"datePublished\":\"2024-10-12T04:04:05+00:00\",\"dateModified\":\"2026-02-05T10:17:55+00:00\",\"breadcrumb\":{\"@id\":\"https:\/\/www.voustenshoes.com\/fr\/petite-brosse-en-bois-avec-caoutchouc-naturel-et-poils-mixtes-de-crin-de-cheval-38313\/#breadcrumb\"},\"inLanguage\":\"fr-FR\",\"potentialAction\":[{\"@type\":\"ReadAction\",\"target\":[\"https:\/\/www.voustenshoes.com\/fr\/petite-brosse-en-bois-avec-caoutchouc-naturel-et-poils-mixtes-de-crin-de-cheval-38313\/\"]}]},{\"@type\":\"ImageObject\",\"inLanguage\":\"fr-FR\",\"@id\":\"https:\/\/www.voustenshoes.com\/fr\/petite-brosse-en-bois-avec-caoutchouc-naturel-et-poils-mixtes-de-crin-de-cheval-38313\/#primaryimage\",\"url\":\"https:\/\/www.voustenshoes.com\/wp-content\/uploads\/2023\/06\/editorialimage-_8_.jpg\",\"contentUrl\":\"https:\/\/www.voustenshoes.com\/wp-content\/uploads\/2023\/06\/editorialimage-_8_.jpg\",\"width\":1450,\"height\":1450},{\"@type\":\"BreadcrumbList\",\"@id\":\"https:\/\/www.voustenshoes.com\/fr\/petite-brosse-en-bois-avec-caoutchouc-naturel-et-poils-mixtes-de-crin-de-cheval-38313\/#breadcrumb\",\"itemListElement\":[{\"@type\":\"ListItem\",\"position\":1,\"name\":\"Home\",\"item\":\"https:\/\/www.voustenshoes.com\/fr\/\"},{\"@type\":\"ListItem\",\"position\":2,\"name\":\"Boutique\",\"item\":\"https:\/\/www.voustenshoes.com\/fr\/shop\/\"},{\"@type\":\"ListItem\",\"position\":3,\"name\":\"SANTONI &#8211; Petite Brosse en Bois avec Caoutchouc Naturel et Poils Mixtes de Crin de Cheval (38313)\"}]},{\"@type\":\"WebSite\",\"@id\":\"https:\/\/www.voustenshoes.com\/nl\/#website\",\"url\":\"https:\/\/www.voustenshoes.com\/nl\/\",\"name\":\"Vousten Shoes\",\"description\":\"\",\"potentialAction\":[{\"@type\":\"SearchAction\",\"target\":{\"@type\":\"EntryPoint\",\"urlTemplate\":\"https:\/\/www.voustenshoes.com\/nl\/?s={search_term_string}\"},\"query-input\":{\"@type\":\"PropertyValueSpecification\",\"valueRequired\":true,\"valueName\":\"search_term_string\"}}],\"inLanguage\":\"fr-FR\"}]}<\/script>\n<!-- \/ Yoast SEO plugin. -->","yoast_head_json":{"title":"SANTONI - Petite Brosse en Bois avec Caoutchouc Naturel et Poils Mixtes de Crin de Cheval (38313) - Vousten Shoes","robots":{"index":"index","follow":"follow","max-snippet":"max-snippet:-1","max-image-preview":"max-image-preview:large","max-video-preview":"max-video-preview:-1"},"canonical":"https:\/\/www.voustenshoes.com\/fr\/petite-brosse-en-bois-avec-caoutchouc-naturel-et-poils-mixtes-de-crin-de-cheval-38313\/","og_locale":"fr_FR","og_type":"article","og_title":"SANTONI - Petite Brosse en Bois avec Caoutchouc Naturel et Poils Mixtes de Crin de Cheval (38313) - Vousten Shoes","og_description":"Cette brosse de polissage constitue un ajout multifonctionnel \u00e0 votre kit d&rsquo;entretien de chaussures, avec un manche en bois de marque pris en sandwich entre un c\u00f4t\u00e9 en caoutchouc naturel et un c\u00f4t\u00e9 en poils de crin de cheval m\u00e9lang\u00e9s. Sp\u00e9cialement con\u00e7u pour nettoyer et appliquer de la cr\u00e8me sur les parties de la chaussure [...]","og_url":"https:\/\/www.voustenshoes.com\/fr\/petite-brosse-en-bois-avec-caoutchouc-naturel-et-poils-mixtes-de-crin-de-cheval-38313\/","og_site_name":"Vousten Shoes","article_modified_time":"2026-02-05T10:17:55+00:00","og_image":[{"width":1450,"height":1450,"url":"https:\/\/www.voustenshoes.com\/wp-content\/uploads\/2023\/06\/editorialimage-_8_.jpg","type":"image\/jpeg"}],"twitter_card":"summary_large_image","twitter_misc":{"Est. reading time":"1 minute"},"schema":{"@context":"https:\/\/schema.org","@graph":[{"@type":"WebPage","@id":"https:\/\/www.voustenshoes.com\/fr\/petite-brosse-en-bois-avec-caoutchouc-naturel-et-poils-mixtes-de-crin-de-cheval-38313\/","url":"https:\/\/www.voustenshoes.com\/fr\/petite-brosse-en-bois-avec-caoutchouc-naturel-et-poils-mixtes-de-crin-de-cheval-38313\/","name":"SANTONI - Petite Brosse en Bois avec Caoutchouc Naturel et Poils Mixtes de Crin de Cheval (38313) - Vousten Shoes","isPartOf":{"@id":"https:\/\/www.voustenshoes.com\/nl\/#website"},"primaryImageOfPage":{"@id":"https:\/\/www.voustenshoes.com\/fr\/petite-brosse-en-bois-avec-caoutchouc-naturel-et-poils-mixtes-de-crin-de-cheval-38313\/#primaryimage"},"image":{"@id":"https:\/\/www.voustenshoes.com\/fr\/petite-brosse-en-bois-avec-caoutchouc-naturel-et-poils-mixtes-de-crin-de-cheval-38313\/#primaryimage"},"thumbnailUrl":"https:\/\/www.voustenshoes.com\/wp-content\/uploads\/2023\/06\/editorialimage-_8_.jpg","datePublished":"2024-10-12T04:04:05+00:00","dateModified":"2026-02-05T10:17:55+00:00","breadcrumb":{"@id":"https:\/\/www.voustenshoes.com\/fr\/petite-brosse-en-bois-avec-caoutchouc-naturel-et-poils-mixtes-de-crin-de-cheval-38313\/#breadcrumb"},"inLanguage":"fr-FR","potentialAction":[{"@type":"ReadAction","target":["https:\/\/www.voustenshoes.com\/fr\/petite-brosse-en-bois-avec-caoutchouc-naturel-et-poils-mixtes-de-crin-de-cheval-38313\/"]}]},{"@type":"ImageObject","inLanguage":"fr-FR","@id":"https:\/\/www.voustenshoes.com\/fr\/petite-brosse-en-bois-avec-caoutchouc-naturel-et-poils-mixtes-de-crin-de-cheval-38313\/#primaryimage","url":"https:\/\/www.voustenshoes.com\/wp-content\/uploads\/2023\/06\/editorialimage-_8_.jpg","contentUrl":"https:\/\/www.voustenshoes.com\/wp-content\/uploads\/2023\/06\/editorialimage-_8_.jpg","width":1450,"height":1450},{"@type":"BreadcrumbList","@id":"https:\/\/www.voustenshoes.com\/fr\/petite-brosse-en-bois-avec-caoutchouc-naturel-et-poils-mixtes-de-crin-de-cheval-38313\/#breadcrumb","itemListElement":[{"@type":"ListItem","position":1,"name":"Home","item":"https:\/\/www.voustenshoes.com\/fr\/"},{"@type":"ListItem","position":2,"name":"Boutique","item":"https:\/\/www.voustenshoes.com\/fr\/shop\/"},{"@type":"ListItem","position":3,"name":"SANTONI &#8211; Petite Brosse en Bois avec Caoutchouc Naturel et Poils Mixtes de Crin de Cheval (38313)"}]},{"@type":"WebSite","@id":"https:\/\/www.voustenshoes.com\/nl\/#website","url":"https:\/\/www.voustenshoes.com\/nl\/","name":"Vousten Shoes","description":"","potentialAction":[{"@type":"SearchAction","target":{"@type":"EntryPoint","urlTemplate":"https:\/\/www.voustenshoes.com\/nl\/?s={search_term_string}"},"query-input":{"@type":"PropertyValueSpecification","valueRequired":true,"valueName":"search_term_string"}}],"inLanguage":"fr-FR"}]}},"_links":{"self":[{"href":"https:\/\/www.voustenshoes.com\/fr\/wp-json\/wp\/v2\/product\/192940","targetHints":{"allow":["GET"]}}],"collection":[{"href":"https:\/\/www.voustenshoes.com\/fr\/wp-json\/wp\/v2\/product"}],"about":[{"href":"https:\/\/www.voustenshoes.com\/fr\/wp-json\/wp\/v2\/types\/product"}],"replies":[{"embeddable":true,"href":"https:\/\/www.voustenshoes.com\/fr\/wp-json\/wp\/v2\/comments?post=192940"}],"wp:featuredmedia":[{"embeddable":true,"href":"https:\/\/www.voustenshoes.com\/fr\/wp-json\/wp\/v2\/media\/183482"}],"wp:attachment":[{"href":"https:\/\/www.voustenshoes.com\/fr\/wp-json\/wp\/v2\/media?parent=192940"}],"wp:term":[{"taxonomy":"product_cat","embeddable":true,"href":"https:\/\/www.voustenshoes.com\/fr\/wp-json\/wp\/v2\/product_cat?post=192940"},{"taxonomy":"product_tag","embeddable":true,"href":"https:\/\/www.voustenshoes.com\/fr\/wp-json\/wp\/v2\/product_tag?post=192940"}],"curies":[{"name":"wp","href":"https:\/\/api.w.org\/{rel}","templated":true}]}}