{"id":192968,"date":"2024-10-12T07:08:04","date_gmt":"2024-10-12T05:08:04","guid":{"rendered":"https:\/\/www.voustenshoes.com\/santoni-boite-de-soin-de-chaussure-deluxe\/"},"modified":"2026-02-05T11:17:59","modified_gmt":"2026-02-05T10:17:59","slug":"santoni-boite-de-soin-de-chaussure-deluxe","status":"publish","type":"product","link":"https:\/\/www.voustenshoes.com\/fr\/santoni-boite-de-soin-de-chaussure-deluxe\/","title":{"rendered":"Santoni Bo\u00eete De Soin De Chaussure Deluxe (38315)"},"content":{"rendered":"<div>Cette \u00e9l\u00e9gante bo\u00eete d&rsquo;entretien de chaussures en bois avec tiroir et d\u00e9tails dor\u00e9s contient tout ce dont vous avez besoin pour garder vos chaussures en parfait \u00e9tat. Un accroche-regard dans votre maison et un incontournable pour tout amateur de chaussures. La bo\u00eete d&rsquo;entretien des chaussures a un design spacieux et est remplie de :<\/div>\n<div><\/div>\n<ul>\n<li>6x cr\u00e8me pour chaussures<\/li>\n<li>8x pinceaux divers<\/li>\n<li>Spray ravivant pour nubuck et daim<\/li>\n<li>Shampoing pour nubuck et daim<\/li>\n<li>Gant de polissage<\/li>\n<li>Chausse-pied en m\u00e9tal<\/li>\n<li>Chiffon de polissage<\/li>\n<li>1 paire de semelles<\/li>\n<li>1 paire de talons<\/li>\n<\/ul>\n","protected":false},"excerpt":{"rendered":"<p>Cette \u00e9l\u00e9gante bo\u00eete d&rsquo;entretien de chaussures en bois avec tiroir et d\u00e9tails dor\u00e9s contient tout ce dont vous avez besoin pour garder vos chaussures en parfait \u00e9tat. Un accroche-regard dans votre maison et un incontournable pour tout amateur de chaussures. La bo\u00eete d&rsquo;entretien des chaussures a un design spacieux et est remplie de : 6x [&#8230;]\n","protected":false},"featured_media":180533,"comment_status":"open","ping_status":"closed","template":"","meta":{"rank_math_lock_modified_date":false},"product_cat":[1136,1176,1282,1399],"product_tag":[],"class_list":{"0":"post-192968","1":"product","2":"type-product","3":"status-publish","4":"has-post-thumbnail","6":"product_cat-heren-nl-fr","7":"product_cat-santoni-nl-fr","8":"product_cat-schoenverzorging-nl-fr","9":"product_cat-gifts-2-fr","11":"first","12":"outofstock","13":"taxable","14":"shipping-taxable","15":"purchasable","16":"product-type-variable"},"acf":[],"yoast_head":"<!-- This site is optimized with the Yoast SEO plugin v23.9 - https:\/\/yoast.com\/wordpress\/plugins\/seo\/ -->\n<title>Santoni Bo\u00eete De Soin De Chaussure Deluxe (38315) - Vousten Shoes<\/title>\n<meta name=\"robots\" content=\"index, follow, max-snippet:-1, max-image-preview:large, max-video-preview:-1\" \/>\n<link rel=\"canonical\" href=\"https:\/\/www.voustenshoes.com\/fr\/santoni-boite-de-soin-de-chaussure-deluxe\/\" \/>\n<meta property=\"og:locale\" content=\"fr_FR\" \/>\n<meta property=\"og:type\" content=\"article\" \/>\n<meta property=\"og:title\" content=\"Santoni Bo\u00eete De Soin De Chaussure Deluxe (38315) - Vousten Shoes\" \/>\n<meta property=\"og:description\" content=\"Cette \u00e9l\u00e9gante bo\u00eete d&rsquo;entretien de chaussures en bois avec tiroir et d\u00e9tails dor\u00e9s contient tout ce dont vous avez besoin pour garder vos chaussures en parfait \u00e9tat. Un accroche-regard dans votre maison et un incontournable pour tout amateur de chaussures. La bo\u00eete d&rsquo;entretien des chaussures a un design spacieux et est remplie de : 6x [...]\" \/>\n<meta property=\"og:url\" content=\"https:\/\/www.voustenshoes.com\/fr\/santoni-boite-de-soin-de-chaussure-deluxe\/\" \/>\n<meta property=\"og:site_name\" content=\"Vousten Shoes\" \/>\n<meta property=\"article:modified_time\" content=\"2026-02-05T10:17:59+00:00\" \/>\n<meta property=\"og:image\" content=\"https:\/\/www.voustenshoes.com\/wp-content\/uploads\/2023\/06\/dscf4904-removebg.png\" \/>\n\t<meta property=\"og:image:width\" content=\"1365\" \/>\n\t<meta property=\"og:image:height\" content=\"2048\" \/>\n\t<meta property=\"og:image:type\" content=\"image\/png\" \/>\n<meta name=\"twitter:card\" content=\"summary_large_image\" \/>\n<script type=\"application\/ld+json\" class=\"yoast-schema-graph\">{\"@context\":\"https:\/\/schema.org\",\"@graph\":[{\"@type\":\"WebPage\",\"@id\":\"https:\/\/www.voustenshoes.com\/fr\/santoni-boite-de-soin-de-chaussure-deluxe\/\",\"url\":\"https:\/\/www.voustenshoes.com\/fr\/santoni-boite-de-soin-de-chaussure-deluxe\/\",\"name\":\"Santoni Bo\u00eete De Soin De Chaussure Deluxe (38315) - Vousten Shoes\",\"isPartOf\":{\"@id\":\"https:\/\/www.voustenshoes.com\/nl\/#website\"},\"primaryImageOfPage\":{\"@id\":\"https:\/\/www.voustenshoes.com\/fr\/santoni-boite-de-soin-de-chaussure-deluxe\/#primaryimage\"},\"image\":{\"@id\":\"https:\/\/www.voustenshoes.com\/fr\/santoni-boite-de-soin-de-chaussure-deluxe\/#primaryimage\"},\"thumbnailUrl\":\"https:\/\/www.voustenshoes.com\/wp-content\/uploads\/2023\/06\/dscf4904-removebg.png\",\"datePublished\":\"2024-10-12T05:08:04+00:00\",\"dateModified\":\"2026-02-05T10:17:59+00:00\",\"breadcrumb\":{\"@id\":\"https:\/\/www.voustenshoes.com\/fr\/santoni-boite-de-soin-de-chaussure-deluxe\/#breadcrumb\"},\"inLanguage\":\"fr-FR\",\"potentialAction\":[{\"@type\":\"ReadAction\",\"target\":[\"https:\/\/www.voustenshoes.com\/fr\/santoni-boite-de-soin-de-chaussure-deluxe\/\"]}]},{\"@type\":\"ImageObject\",\"inLanguage\":\"fr-FR\",\"@id\":\"https:\/\/www.voustenshoes.com\/fr\/santoni-boite-de-soin-de-chaussure-deluxe\/#primaryimage\",\"url\":\"https:\/\/www.voustenshoes.com\/wp-content\/uploads\/2023\/06\/dscf4904-removebg.png\",\"contentUrl\":\"https:\/\/www.voustenshoes.com\/wp-content\/uploads\/2023\/06\/dscf4904-removebg.png\",\"width\":1365,\"height\":2048},{\"@type\":\"BreadcrumbList\",\"@id\":\"https:\/\/www.voustenshoes.com\/fr\/santoni-boite-de-soin-de-chaussure-deluxe\/#breadcrumb\",\"itemListElement\":[{\"@type\":\"ListItem\",\"position\":1,\"name\":\"Home\",\"item\":\"https:\/\/www.voustenshoes.com\/fr\/\"},{\"@type\":\"ListItem\",\"position\":2,\"name\":\"Boutique\",\"item\":\"https:\/\/www.voustenshoes.com\/fr\/shop\/\"},{\"@type\":\"ListItem\",\"position\":3,\"name\":\"Santoni Bo\u00eete De Soin De Chaussure Deluxe (38315)\"}]},{\"@type\":\"WebSite\",\"@id\":\"https:\/\/www.voustenshoes.com\/nl\/#website\",\"url\":\"https:\/\/www.voustenshoes.com\/nl\/\",\"name\":\"Vousten Shoes\",\"description\":\"\",\"potentialAction\":[{\"@type\":\"SearchAction\",\"target\":{\"@type\":\"EntryPoint\",\"urlTemplate\":\"https:\/\/www.voustenshoes.com\/nl\/?s={search_term_string}\"},\"query-input\":{\"@type\":\"PropertyValueSpecification\",\"valueRequired\":true,\"valueName\":\"search_term_string\"}}],\"inLanguage\":\"fr-FR\"}]}<\/script>\n<!-- \/ Yoast SEO plugin. -->","yoast_head_json":{"title":"Santoni Bo\u00eete De Soin De Chaussure Deluxe (38315) - Vousten Shoes","robots":{"index":"index","follow":"follow","max-snippet":"max-snippet:-1","max-image-preview":"max-image-preview:large","max-video-preview":"max-video-preview:-1"},"canonical":"https:\/\/www.voustenshoes.com\/fr\/santoni-boite-de-soin-de-chaussure-deluxe\/","og_locale":"fr_FR","og_type":"article","og_title":"Santoni Bo\u00eete De Soin De Chaussure Deluxe (38315) - Vousten Shoes","og_description":"Cette \u00e9l\u00e9gante bo\u00eete d&rsquo;entretien de chaussures en bois avec tiroir et d\u00e9tails dor\u00e9s contient tout ce dont vous avez besoin pour garder vos chaussures en parfait \u00e9tat. Un accroche-regard dans votre maison et un incontournable pour tout amateur de chaussures. La bo\u00eete d&rsquo;entretien des chaussures a un design spacieux et est remplie de : 6x [...]","og_url":"https:\/\/www.voustenshoes.com\/fr\/santoni-boite-de-soin-de-chaussure-deluxe\/","og_site_name":"Vousten Shoes","article_modified_time":"2026-02-05T10:17:59+00:00","og_image":[{"width":1365,"height":2048,"url":"https:\/\/www.voustenshoes.com\/wp-content\/uploads\/2023\/06\/dscf4904-removebg.png","type":"image\/png"}],"twitter_card":"summary_large_image","schema":{"@context":"https:\/\/schema.org","@graph":[{"@type":"WebPage","@id":"https:\/\/www.voustenshoes.com\/fr\/santoni-boite-de-soin-de-chaussure-deluxe\/","url":"https:\/\/www.voustenshoes.com\/fr\/santoni-boite-de-soin-de-chaussure-deluxe\/","name":"Santoni Bo\u00eete De Soin De Chaussure Deluxe (38315) - Vousten Shoes","isPartOf":{"@id":"https:\/\/www.voustenshoes.com\/nl\/#website"},"primaryImageOfPage":{"@id":"https:\/\/www.voustenshoes.com\/fr\/santoni-boite-de-soin-de-chaussure-deluxe\/#primaryimage"},"image":{"@id":"https:\/\/www.voustenshoes.com\/fr\/santoni-boite-de-soin-de-chaussure-deluxe\/#primaryimage"},"thumbnailUrl":"https:\/\/www.voustenshoes.com\/wp-content\/uploads\/2023\/06\/dscf4904-removebg.png","datePublished":"2024-10-12T05:08:04+00:00","dateModified":"2026-02-05T10:17:59+00:00","breadcrumb":{"@id":"https:\/\/www.voustenshoes.com\/fr\/santoni-boite-de-soin-de-chaussure-deluxe\/#breadcrumb"},"inLanguage":"fr-FR","potentialAction":[{"@type":"ReadAction","target":["https:\/\/www.voustenshoes.com\/fr\/santoni-boite-de-soin-de-chaussure-deluxe\/"]}]},{"@type":"ImageObject","inLanguage":"fr-FR","@id":"https:\/\/www.voustenshoes.com\/fr\/santoni-boite-de-soin-de-chaussure-deluxe\/#primaryimage","url":"https:\/\/www.voustenshoes.com\/wp-content\/uploads\/2023\/06\/dscf4904-removebg.png","contentUrl":"https:\/\/www.voustenshoes.com\/wp-content\/uploads\/2023\/06\/dscf4904-removebg.png","width":1365,"height":2048},{"@type":"BreadcrumbList","@id":"https:\/\/www.voustenshoes.com\/fr\/santoni-boite-de-soin-de-chaussure-deluxe\/#breadcrumb","itemListElement":[{"@type":"ListItem","position":1,"name":"Home","item":"https:\/\/www.voustenshoes.com\/fr\/"},{"@type":"ListItem","position":2,"name":"Boutique","item":"https:\/\/www.voustenshoes.com\/fr\/shop\/"},{"@type":"ListItem","position":3,"name":"Santoni Bo\u00eete De Soin De Chaussure Deluxe (38315)"}]},{"@type":"WebSite","@id":"https:\/\/www.voustenshoes.com\/nl\/#website","url":"https:\/\/www.voustenshoes.com\/nl\/","name":"Vousten Shoes","description":"","potentialAction":[{"@type":"SearchAction","target":{"@type":"EntryPoint","urlTemplate":"https:\/\/www.voustenshoes.com\/nl\/?s={search_term_string}"},"query-input":{"@type":"PropertyValueSpecification","valueRequired":true,"valueName":"search_term_string"}}],"inLanguage":"fr-FR"}]}},"_links":{"self":[{"href":"https:\/\/www.voustenshoes.com\/fr\/wp-json\/wp\/v2\/product\/192968","targetHints":{"allow":["GET"]}}],"collection":[{"href":"https:\/\/www.voustenshoes.com\/fr\/wp-json\/wp\/v2\/product"}],"about":[{"href":"https:\/\/www.voustenshoes.com\/fr\/wp-json\/wp\/v2\/types\/product"}],"replies":[{"embeddable":true,"href":"https:\/\/www.voustenshoes.com\/fr\/wp-json\/wp\/v2\/comments?post=192968"}],"wp:featuredmedia":[{"embeddable":true,"href":"https:\/\/www.voustenshoes.com\/fr\/wp-json\/wp\/v2\/media\/180533"}],"wp:attachment":[{"href":"https:\/\/www.voustenshoes.com\/fr\/wp-json\/wp\/v2\/media?parent=192968"}],"wp:term":[{"taxonomy":"product_cat","embeddable":true,"href":"https:\/\/www.voustenshoes.com\/fr\/wp-json\/wp\/v2\/product_cat?post=192968"},{"taxonomy":"product_tag","embeddable":true,"href":"https:\/\/www.voustenshoes.com\/fr\/wp-json\/wp\/v2\/product_tag?post=192968"}],"curies":[{"name":"wp","href":"https:\/\/api.w.org\/{rel}","templated":true}]}}