{"id":193038,"date":"2024-10-12T08:16:06","date_gmt":"2024-10-12T06:16:06","guid":{"rendered":"https:\/\/www.voustenshoes.com\/santoni-sebas-38803-2\/"},"modified":"2026-02-05T11:18:27","modified_gmt":"2026-02-05T10:18:27","slug":"santoni-sebas-38803-2","status":"publish","type":"product","link":"https:\/\/www.voustenshoes.com\/fr\/santoni-sebas-38803-2\/","title":{"rendered":"Santoni Sebas (38803)"},"content":{"rendered":"<p>Est une bottine en cuir et a une semelle en caoutchouc.<\/p>\n<ul>\n<li>Largeur: standard \u00e0 spacieux<\/li>\n<li>Fermeture: \u00e9lastique<\/li>\n<li>D\u00e9tail: boucle \u00e0 l&rsquo;arri\u00e8re et teint \u00e0 la main<\/li>\n<li>Dessus: cuir<\/li>\n<li>int\u00e9rieur: cuir<\/li>\n<li>Semelle construction: caoutchouc semelle d&rsquo;hiver dans Blake<\/li>\n<li>Taille standard<\/li>\n<li>Ceinture assortie possible<\/li>\n<li>Ces chaussures Santoni sont fabriqu\u00e9es \u00e0 la main en Italie<\/li>\n<\/ul>\n<p>Fourni dans la bo\u00eete Santoni d&rsquo;origine, avec les sacs \u00e0 poussi\u00e8re correspondants.<\/p>\n","protected":false},"excerpt":{"rendered":"<p>Est une bottine en cuir et a une semelle en caoutchouc. Largeur: standard \u00e0 spacieux Fermeture: \u00e9lastique D\u00e9tail: boucle \u00e0 l&rsquo;arri\u00e8re et teint \u00e0 la main Dessus: cuir int\u00e9rieur: cuir Semelle construction: caoutchouc semelle d&rsquo;hiver dans Blake Taille standard Ceinture assortie possible Ces chaussures Santoni sont fabriqu\u00e9es \u00e0 la main en Italie Fourni dans la [&#8230;]\n","protected":false},"featured_media":180605,"comment_status":"open","ping_status":"closed","template":"","meta":{"rank_math_lock_modified_date":false},"product_cat":[1136,1164,1171,1176],"product_tag":[],"class_list":{"0":"post-193038","1":"product","2":"type-product","3":"status-publish","4":"has-post-thumbnail","6":"product_cat-heren-nl-fr","7":"product_cat-boots-nl-fr","8":"product_cat-schoenen-nl-fr","9":"product_cat-santoni-nl-fr","11":"first","12":"outofstock","13":"taxable","14":"shipping-taxable","15":"purchasable","16":"product-type-variable"},"acf":[],"yoast_head":"<!-- This site is optimized with the Yoast SEO plugin v23.9 - https:\/\/yoast.com\/wordpress\/plugins\/seo\/ -->\n<title>Santoni Sebas (38803) - Vousten Shoes<\/title>\n<meta name=\"robots\" content=\"index, follow, max-snippet:-1, max-image-preview:large, max-video-preview:-1\" \/>\n<link rel=\"canonical\" href=\"https:\/\/www.voustenshoes.com\/fr\/santoni-sebas-38803-2\/\" \/>\n<meta property=\"og:locale\" content=\"fr_FR\" \/>\n<meta property=\"og:type\" content=\"article\" \/>\n<meta property=\"og:title\" content=\"Santoni Sebas (38803) - Vousten Shoes\" \/>\n<meta property=\"og:description\" content=\"Est une bottine en cuir et a une semelle en caoutchouc. Largeur: standard \u00e0 spacieux Fermeture: \u00e9lastique D\u00e9tail: boucle \u00e0 l&rsquo;arri\u00e8re et teint \u00e0 la main Dessus: cuir int\u00e9rieur: cuir Semelle construction: caoutchouc semelle d&rsquo;hiver dans Blake Taille standard Ceinture assortie possible Ces chaussures Santoni sont fabriqu\u00e9es \u00e0 la main en Italie Fourni dans la [...]\" \/>\n<meta property=\"og:url\" content=\"https:\/\/www.voustenshoes.com\/fr\/santoni-sebas-38803-2\/\" \/>\n<meta property=\"og:site_name\" content=\"Vousten Shoes\" \/>\n<meta property=\"article:modified_time\" content=\"2026-02-05T10:18:27+00:00\" \/>\n<meta property=\"og:image\" content=\"https:\/\/www.voustenshoes.com\/wp-content\/uploads\/2023\/06\/santoni_sebas_1.png\" \/>\n\t<meta property=\"og:image:width\" content=\"1384\" \/>\n\t<meta property=\"og:image:height\" content=\"1384\" \/>\n\t<meta property=\"og:image:type\" content=\"image\/png\" \/>\n<meta name=\"twitter:card\" content=\"summary_large_image\" \/>\n<script type=\"application\/ld+json\" class=\"yoast-schema-graph\">{\"@context\":\"https:\/\/schema.org\",\"@graph\":[{\"@type\":\"WebPage\",\"@id\":\"https:\/\/www.voustenshoes.com\/fr\/santoni-sebas-38803-2\/\",\"url\":\"https:\/\/www.voustenshoes.com\/fr\/santoni-sebas-38803-2\/\",\"name\":\"Santoni Sebas (38803) - Vousten Shoes\",\"isPartOf\":{\"@id\":\"https:\/\/www.voustenshoes.com\/nl\/#website\"},\"primaryImageOfPage\":{\"@id\":\"https:\/\/www.voustenshoes.com\/fr\/santoni-sebas-38803-2\/#primaryimage\"},\"image\":{\"@id\":\"https:\/\/www.voustenshoes.com\/fr\/santoni-sebas-38803-2\/#primaryimage\"},\"thumbnailUrl\":\"https:\/\/www.voustenshoes.com\/wp-content\/uploads\/2023\/06\/santoni_sebas_1.png\",\"datePublished\":\"2024-10-12T06:16:06+00:00\",\"dateModified\":\"2026-02-05T10:18:27+00:00\",\"breadcrumb\":{\"@id\":\"https:\/\/www.voustenshoes.com\/fr\/santoni-sebas-38803-2\/#breadcrumb\"},\"inLanguage\":\"fr-FR\",\"potentialAction\":[{\"@type\":\"ReadAction\",\"target\":[\"https:\/\/www.voustenshoes.com\/fr\/santoni-sebas-38803-2\/\"]}]},{\"@type\":\"ImageObject\",\"inLanguage\":\"fr-FR\",\"@id\":\"https:\/\/www.voustenshoes.com\/fr\/santoni-sebas-38803-2\/#primaryimage\",\"url\":\"https:\/\/www.voustenshoes.com\/wp-content\/uploads\/2023\/06\/santoni_sebas_1.png\",\"contentUrl\":\"https:\/\/www.voustenshoes.com\/wp-content\/uploads\/2023\/06\/santoni_sebas_1.png\",\"width\":1384,\"height\":1384},{\"@type\":\"BreadcrumbList\",\"@id\":\"https:\/\/www.voustenshoes.com\/fr\/santoni-sebas-38803-2\/#breadcrumb\",\"itemListElement\":[{\"@type\":\"ListItem\",\"position\":1,\"name\":\"Home\",\"item\":\"https:\/\/www.voustenshoes.com\/fr\/\"},{\"@type\":\"ListItem\",\"position\":2,\"name\":\"Boutique\",\"item\":\"https:\/\/www.voustenshoes.com\/fr\/shop\/\"},{\"@type\":\"ListItem\",\"position\":3,\"name\":\"Santoni Sebas (38803)\"}]},{\"@type\":\"WebSite\",\"@id\":\"https:\/\/www.voustenshoes.com\/nl\/#website\",\"url\":\"https:\/\/www.voustenshoes.com\/nl\/\",\"name\":\"Vousten Shoes\",\"description\":\"\",\"potentialAction\":[{\"@type\":\"SearchAction\",\"target\":{\"@type\":\"EntryPoint\",\"urlTemplate\":\"https:\/\/www.voustenshoes.com\/nl\/?s={search_term_string}\"},\"query-input\":{\"@type\":\"PropertyValueSpecification\",\"valueRequired\":true,\"valueName\":\"search_term_string\"}}],\"inLanguage\":\"fr-FR\"}]}<\/script>\n<!-- \/ Yoast SEO plugin. -->","yoast_head_json":{"title":"Santoni Sebas (38803) - Vousten Shoes","robots":{"index":"index","follow":"follow","max-snippet":"max-snippet:-1","max-image-preview":"max-image-preview:large","max-video-preview":"max-video-preview:-1"},"canonical":"https:\/\/www.voustenshoes.com\/fr\/santoni-sebas-38803-2\/","og_locale":"fr_FR","og_type":"article","og_title":"Santoni Sebas (38803) - Vousten Shoes","og_description":"Est une bottine en cuir et a une semelle en caoutchouc. Largeur: standard \u00e0 spacieux Fermeture: \u00e9lastique D\u00e9tail: boucle \u00e0 l&rsquo;arri\u00e8re et teint \u00e0 la main Dessus: cuir int\u00e9rieur: cuir Semelle construction: caoutchouc semelle d&rsquo;hiver dans Blake Taille standard Ceinture assortie possible Ces chaussures Santoni sont fabriqu\u00e9es \u00e0 la main en Italie Fourni dans la [...]","og_url":"https:\/\/www.voustenshoes.com\/fr\/santoni-sebas-38803-2\/","og_site_name":"Vousten Shoes","article_modified_time":"2026-02-05T10:18:27+00:00","og_image":[{"width":1384,"height":1384,"url":"https:\/\/www.voustenshoes.com\/wp-content\/uploads\/2023\/06\/santoni_sebas_1.png","type":"image\/png"}],"twitter_card":"summary_large_image","schema":{"@context":"https:\/\/schema.org","@graph":[{"@type":"WebPage","@id":"https:\/\/www.voustenshoes.com\/fr\/santoni-sebas-38803-2\/","url":"https:\/\/www.voustenshoes.com\/fr\/santoni-sebas-38803-2\/","name":"Santoni Sebas (38803) - Vousten Shoes","isPartOf":{"@id":"https:\/\/www.voustenshoes.com\/nl\/#website"},"primaryImageOfPage":{"@id":"https:\/\/www.voustenshoes.com\/fr\/santoni-sebas-38803-2\/#primaryimage"},"image":{"@id":"https:\/\/www.voustenshoes.com\/fr\/santoni-sebas-38803-2\/#primaryimage"},"thumbnailUrl":"https:\/\/www.voustenshoes.com\/wp-content\/uploads\/2023\/06\/santoni_sebas_1.png","datePublished":"2024-10-12T06:16:06+00:00","dateModified":"2026-02-05T10:18:27+00:00","breadcrumb":{"@id":"https:\/\/www.voustenshoes.com\/fr\/santoni-sebas-38803-2\/#breadcrumb"},"inLanguage":"fr-FR","potentialAction":[{"@type":"ReadAction","target":["https:\/\/www.voustenshoes.com\/fr\/santoni-sebas-38803-2\/"]}]},{"@type":"ImageObject","inLanguage":"fr-FR","@id":"https:\/\/www.voustenshoes.com\/fr\/santoni-sebas-38803-2\/#primaryimage","url":"https:\/\/www.voustenshoes.com\/wp-content\/uploads\/2023\/06\/santoni_sebas_1.png","contentUrl":"https:\/\/www.voustenshoes.com\/wp-content\/uploads\/2023\/06\/santoni_sebas_1.png","width":1384,"height":1384},{"@type":"BreadcrumbList","@id":"https:\/\/www.voustenshoes.com\/fr\/santoni-sebas-38803-2\/#breadcrumb","itemListElement":[{"@type":"ListItem","position":1,"name":"Home","item":"https:\/\/www.voustenshoes.com\/fr\/"},{"@type":"ListItem","position":2,"name":"Boutique","item":"https:\/\/www.voustenshoes.com\/fr\/shop\/"},{"@type":"ListItem","position":3,"name":"Santoni Sebas (38803)"}]},{"@type":"WebSite","@id":"https:\/\/www.voustenshoes.com\/nl\/#website","url":"https:\/\/www.voustenshoes.com\/nl\/","name":"Vousten Shoes","description":"","potentialAction":[{"@type":"SearchAction","target":{"@type":"EntryPoint","urlTemplate":"https:\/\/www.voustenshoes.com\/nl\/?s={search_term_string}"},"query-input":{"@type":"PropertyValueSpecification","valueRequired":true,"valueName":"search_term_string"}}],"inLanguage":"fr-FR"}]}},"_links":{"self":[{"href":"https:\/\/www.voustenshoes.com\/fr\/wp-json\/wp\/v2\/product\/193038","targetHints":{"allow":["GET"]}}],"collection":[{"href":"https:\/\/www.voustenshoes.com\/fr\/wp-json\/wp\/v2\/product"}],"about":[{"href":"https:\/\/www.voustenshoes.com\/fr\/wp-json\/wp\/v2\/types\/product"}],"replies":[{"embeddable":true,"href":"https:\/\/www.voustenshoes.com\/fr\/wp-json\/wp\/v2\/comments?post=193038"}],"wp:featuredmedia":[{"embeddable":true,"href":"https:\/\/www.voustenshoes.com\/fr\/wp-json\/wp\/v2\/media\/180605"}],"wp:attachment":[{"href":"https:\/\/www.voustenshoes.com\/fr\/wp-json\/wp\/v2\/media?parent=193038"}],"wp:term":[{"taxonomy":"product_cat","embeddable":true,"href":"https:\/\/www.voustenshoes.com\/fr\/wp-json\/wp\/v2\/product_cat?post=193038"},{"taxonomy":"product_tag","embeddable":true,"href":"https:\/\/www.voustenshoes.com\/fr\/wp-json\/wp\/v2\/product_tag?post=193038"}],"curies":[{"name":"wp","href":"https:\/\/api.w.org\/{rel}","templated":true}]}}