{"id":194492,"date":"2024-10-16T13:40:26","date_gmt":"2024-10-16T11:40:26","guid":{"rendered":"https:\/\/www.voustenshoes.com\/title-ident-18762-language-fr\/"},"modified":"2025-03-25T18:56:25","modified_gmt":"2025-03-25T17:56:25","slug":"santoni-rohe-18762","status":"publish","type":"product","link":"https:\/\/www.voustenshoes.com\/fr\/santoni-rohe-18762\/","title":{"rendered":"Santoni Rohe (18762)"},"content":{"rendered":"<p>Santoni Rohe 18762 sont des chaussures vierges, choisissant une couleur qui correspond \u00e0 votre style personnel. Ce mod\u00e8le peut \u00eatre personnalis\u00e9 ou nous pouvons envoyer les chaussures directement \u00e0 Santoni pour les rendre color\u00e9s. Apr\u00e8s cinq semaines, ils vous seront livr\u00e9s \u00e0 la maison ou sur le bo\u00eetier, \u00e9ventuellement avec un bracelet assorti et \/ ou un bracelet Santoni. Souhaitez-vous plus d&rsquo;informations sur nous; <a href=\"mailto:Info@voustenmode.nl\">Info@voustenmode.nl<\/a>.<\/p>\n<ul>\n<li>Largeur: standard \u00e0 spacieux<\/li>\n<li>Fermeture: dentelle<\/li>\n<li>D\u00e9tail: coutures d\u00e9coratives<\/li>\n<li>Dessus: cuir<\/li>\n<li>int\u00e9rieur: cuir<\/li>\n<li>Semelle construction: cuir dans Blake<\/li>\n<li>Taille standard<\/li>\n<li>Ceinture assortie possible<\/li>\n<li>Ces chaussures Santoni sont fabriqu\u00e9es \u00e0 la main en Italie<\/li>\n<\/ul>\n<p>Fourni dans la bo\u00eete Santoni d&rsquo;origine, avec les sacs \u00e0 poussi\u00e8re correspondants.<\/p>\n<p>\u00a0<\/p>\n","protected":false},"excerpt":{"rendered":"<p>Santoni Rohe 18762 sont des chaussures vierges, choisissant une couleur qui correspond \u00e0 votre style personnel. Ce mod\u00e8le peut \u00eatre personnalis\u00e9 ou nous pouvons envoyer les chaussures directement \u00e0 Santoni pour les rendre color\u00e9s. Apr\u00e8s cinq semaines, ils vous seront livr\u00e9s \u00e0 la maison ou sur le bo\u00eetier, \u00e9ventuellement avec un bracelet assorti et \/ [&#8230;]\n","protected":false},"featured_media":194445,"comment_status":"open","ping_status":"closed","template":"","meta":{"rank_math_lock_modified_date":false},"product_cat":[1129,1136,1171,1176,1257,1295,1333,1341,1350],"product_tag":[],"class_list":{"0":"post-194492","1":"product","2":"type-product","3":"status-publish","4":"has-post-thumbnail","6":"product_cat-herenschoenen-nl-fr","7":"product_cat-heren-nl-fr","8":"product_cat-schoenen-nl-fr","9":"product_cat-santoni-nl-fr","10":"product_cat-veter-en-gespschoenen-nl-fr","11":"product_cat-classic-schoenen-nl-fr","12":"product_cat-custom-colored-fr","13":"product_cat-kleur-kiezen-fr","14":"product_cat-veterschoenen-fr","16":"first","17":"instock","18":"taxable","19":"shipping-taxable","20":"purchasable","21":"product-type-variable"},"acf":[],"yoast_head":"<!-- This site is optimized with the Yoast SEO plugin v23.9 - https:\/\/yoast.com\/wordpress\/plugins\/seo\/ -->\n<title>Santoni Rohe (18762) - Vousten Shoes<\/title>\n<meta name=\"robots\" content=\"index, follow, max-snippet:-1, max-image-preview:large, max-video-preview:-1\" \/>\n<link rel=\"canonical\" href=\"https:\/\/www.voustenshoes.com\/fr\/santoni-rohe-18762\/\" \/>\n<meta property=\"og:locale\" content=\"fr_FR\" \/>\n<meta property=\"og:type\" content=\"article\" \/>\n<meta property=\"og:title\" content=\"Santoni Rohe (18762) - Vousten Shoes\" \/>\n<meta property=\"og:description\" content=\"Santoni Rohe 18762 sont des chaussures vierges, choisissant une couleur qui correspond \u00e0 votre style personnel. Ce mod\u00e8le peut \u00eatre personnalis\u00e9 ou nous pouvons envoyer les chaussures directement \u00e0 Santoni pour les rendre color\u00e9s. Apr\u00e8s cinq semaines, ils vous seront livr\u00e9s \u00e0 la maison ou sur le bo\u00eetier, \u00e9ventuellement avec un bracelet assorti et \/ [...]\" \/>\n<meta property=\"og:url\" content=\"https:\/\/www.voustenshoes.com\/fr\/santoni-rohe-18762\/\" \/>\n<meta property=\"og:site_name\" content=\"Vousten Shoes\" \/>\n<meta property=\"article:modified_time\" content=\"2025-03-25T17:56:25+00:00\" \/>\n<meta property=\"og:image\" content=\"https:\/\/www.voustenshoes.com\/wp-content\/uploads\/2023\/06\/santoni_colored_rohe-a_1.jpg\" \/>\n\t<meta property=\"og:image:width\" content=\"1300\" \/>\n\t<meta property=\"og:image:height\" content=\"1300\" \/>\n\t<meta property=\"og:image:type\" content=\"image\/jpeg\" \/>\n<meta name=\"twitter:card\" content=\"summary_large_image\" \/>\n<meta name=\"twitter:label1\" content=\"Est. reading time\" \/>\n\t<meta name=\"twitter:data1\" content=\"1 minute\" \/>\n<script type=\"application\/ld+json\" class=\"yoast-schema-graph\">{\"@context\":\"https:\/\/schema.org\",\"@graph\":[{\"@type\":\"WebPage\",\"@id\":\"https:\/\/www.voustenshoes.com\/fr\/santoni-rohe-18762\/\",\"url\":\"https:\/\/www.voustenshoes.com\/fr\/santoni-rohe-18762\/\",\"name\":\"Santoni Rohe (18762) - Vousten Shoes\",\"isPartOf\":{\"@id\":\"https:\/\/www.voustenshoes.com\/nl\/#website\"},\"primaryImageOfPage\":{\"@id\":\"https:\/\/www.voustenshoes.com\/fr\/santoni-rohe-18762\/#primaryimage\"},\"image\":{\"@id\":\"https:\/\/www.voustenshoes.com\/fr\/santoni-rohe-18762\/#primaryimage\"},\"thumbnailUrl\":\"https:\/\/www.voustenshoes.com\/wp-content\/uploads\/2023\/06\/santoni_colored_rohe-a_1.jpg\",\"datePublished\":\"2024-10-16T11:40:26+00:00\",\"dateModified\":\"2025-03-25T17:56:25+00:00\",\"breadcrumb\":{\"@id\":\"https:\/\/www.voustenshoes.com\/fr\/santoni-rohe-18762\/#breadcrumb\"},\"inLanguage\":\"fr-FR\",\"potentialAction\":[{\"@type\":\"ReadAction\",\"target\":[\"https:\/\/www.voustenshoes.com\/fr\/santoni-rohe-18762\/\"]}]},{\"@type\":\"ImageObject\",\"inLanguage\":\"fr-FR\",\"@id\":\"https:\/\/www.voustenshoes.com\/fr\/santoni-rohe-18762\/#primaryimage\",\"url\":\"https:\/\/www.voustenshoes.com\/wp-content\/uploads\/2023\/06\/santoni_colored_rohe-a_1.jpg\",\"contentUrl\":\"https:\/\/www.voustenshoes.com\/wp-content\/uploads\/2023\/06\/santoni_colored_rohe-a_1.jpg\",\"width\":1300,\"height\":1300},{\"@type\":\"BreadcrumbList\",\"@id\":\"https:\/\/www.voustenshoes.com\/fr\/santoni-rohe-18762\/#breadcrumb\",\"itemListElement\":[{\"@type\":\"ListItem\",\"position\":1,\"name\":\"Home\",\"item\":\"https:\/\/www.voustenshoes.com\/fr\/\"},{\"@type\":\"ListItem\",\"position\":2,\"name\":\"Boutique\",\"item\":\"https:\/\/www.voustenshoes.com\/fr\/shop\/\"},{\"@type\":\"ListItem\",\"position\":3,\"name\":\"Santoni Rohe (18762)\"}]},{\"@type\":\"WebSite\",\"@id\":\"https:\/\/www.voustenshoes.com\/nl\/#website\",\"url\":\"https:\/\/www.voustenshoes.com\/nl\/\",\"name\":\"Vousten Shoes\",\"description\":\"\",\"potentialAction\":[{\"@type\":\"SearchAction\",\"target\":{\"@type\":\"EntryPoint\",\"urlTemplate\":\"https:\/\/www.voustenshoes.com\/nl\/?s={search_term_string}\"},\"query-input\":{\"@type\":\"PropertyValueSpecification\",\"valueRequired\":true,\"valueName\":\"search_term_string\"}}],\"inLanguage\":\"fr-FR\"}]}<\/script>\n<!-- \/ Yoast SEO plugin. -->","yoast_head_json":{"title":"Santoni Rohe (18762) - Vousten Shoes","robots":{"index":"index","follow":"follow","max-snippet":"max-snippet:-1","max-image-preview":"max-image-preview:large","max-video-preview":"max-video-preview:-1"},"canonical":"https:\/\/www.voustenshoes.com\/fr\/santoni-rohe-18762\/","og_locale":"fr_FR","og_type":"article","og_title":"Santoni Rohe (18762) - Vousten Shoes","og_description":"Santoni Rohe 18762 sont des chaussures vierges, choisissant une couleur qui correspond \u00e0 votre style personnel. Ce mod\u00e8le peut \u00eatre personnalis\u00e9 ou nous pouvons envoyer les chaussures directement \u00e0 Santoni pour les rendre color\u00e9s. Apr\u00e8s cinq semaines, ils vous seront livr\u00e9s \u00e0 la maison ou sur le bo\u00eetier, \u00e9ventuellement avec un bracelet assorti et \/ [...]","og_url":"https:\/\/www.voustenshoes.com\/fr\/santoni-rohe-18762\/","og_site_name":"Vousten Shoes","article_modified_time":"2025-03-25T17:56:25+00:00","og_image":[{"width":1300,"height":1300,"url":"https:\/\/www.voustenshoes.com\/wp-content\/uploads\/2023\/06\/santoni_colored_rohe-a_1.jpg","type":"image\/jpeg"}],"twitter_card":"summary_large_image","twitter_misc":{"Est. reading time":"1 minute"},"schema":{"@context":"https:\/\/schema.org","@graph":[{"@type":"WebPage","@id":"https:\/\/www.voustenshoes.com\/fr\/santoni-rohe-18762\/","url":"https:\/\/www.voustenshoes.com\/fr\/santoni-rohe-18762\/","name":"Santoni Rohe (18762) - Vousten Shoes","isPartOf":{"@id":"https:\/\/www.voustenshoes.com\/nl\/#website"},"primaryImageOfPage":{"@id":"https:\/\/www.voustenshoes.com\/fr\/santoni-rohe-18762\/#primaryimage"},"image":{"@id":"https:\/\/www.voustenshoes.com\/fr\/santoni-rohe-18762\/#primaryimage"},"thumbnailUrl":"https:\/\/www.voustenshoes.com\/wp-content\/uploads\/2023\/06\/santoni_colored_rohe-a_1.jpg","datePublished":"2024-10-16T11:40:26+00:00","dateModified":"2025-03-25T17:56:25+00:00","breadcrumb":{"@id":"https:\/\/www.voustenshoes.com\/fr\/santoni-rohe-18762\/#breadcrumb"},"inLanguage":"fr-FR","potentialAction":[{"@type":"ReadAction","target":["https:\/\/www.voustenshoes.com\/fr\/santoni-rohe-18762\/"]}]},{"@type":"ImageObject","inLanguage":"fr-FR","@id":"https:\/\/www.voustenshoes.com\/fr\/santoni-rohe-18762\/#primaryimage","url":"https:\/\/www.voustenshoes.com\/wp-content\/uploads\/2023\/06\/santoni_colored_rohe-a_1.jpg","contentUrl":"https:\/\/www.voustenshoes.com\/wp-content\/uploads\/2023\/06\/santoni_colored_rohe-a_1.jpg","width":1300,"height":1300},{"@type":"BreadcrumbList","@id":"https:\/\/www.voustenshoes.com\/fr\/santoni-rohe-18762\/#breadcrumb","itemListElement":[{"@type":"ListItem","position":1,"name":"Home","item":"https:\/\/www.voustenshoes.com\/fr\/"},{"@type":"ListItem","position":2,"name":"Boutique","item":"https:\/\/www.voustenshoes.com\/fr\/shop\/"},{"@type":"ListItem","position":3,"name":"Santoni Rohe (18762)"}]},{"@type":"WebSite","@id":"https:\/\/www.voustenshoes.com\/nl\/#website","url":"https:\/\/www.voustenshoes.com\/nl\/","name":"Vousten Shoes","description":"","potentialAction":[{"@type":"SearchAction","target":{"@type":"EntryPoint","urlTemplate":"https:\/\/www.voustenshoes.com\/nl\/?s={search_term_string}"},"query-input":{"@type":"PropertyValueSpecification","valueRequired":true,"valueName":"search_term_string"}}],"inLanguage":"fr-FR"}]}},"_links":{"self":[{"href":"https:\/\/www.voustenshoes.com\/fr\/wp-json\/wp\/v2\/product\/194492","targetHints":{"allow":["GET"]}}],"collection":[{"href":"https:\/\/www.voustenshoes.com\/fr\/wp-json\/wp\/v2\/product"}],"about":[{"href":"https:\/\/www.voustenshoes.com\/fr\/wp-json\/wp\/v2\/types\/product"}],"replies":[{"embeddable":true,"href":"https:\/\/www.voustenshoes.com\/fr\/wp-json\/wp\/v2\/comments?post=194492"}],"wp:featuredmedia":[{"embeddable":true,"href":"https:\/\/www.voustenshoes.com\/fr\/wp-json\/wp\/v2\/media\/194445"}],"wp:attachment":[{"href":"https:\/\/www.voustenshoes.com\/fr\/wp-json\/wp\/v2\/media?parent=194492"}],"wp:term":[{"taxonomy":"product_cat","embeddable":true,"href":"https:\/\/www.voustenshoes.com\/fr\/wp-json\/wp\/v2\/product_cat?post=194492"},{"taxonomy":"product_tag","embeddable":true,"href":"https:\/\/www.voustenshoes.com\/fr\/wp-json\/wp\/v2\/product_tag?post=194492"}],"curies":[{"name":"wp","href":"https:\/\/api.w.org\/{rel}","templated":true}]}}