{"id":195676,"date":"2024-10-18T13:08:05","date_gmt":"2024-10-18T11:08:06","guid":{"rendered":"https:\/\/www.voustenshoes.com\/santoni-limited-tiesto-19980-2\/"},"modified":"2024-11-14T08:09:36","modified_gmt":"2024-11-14T07:09:36","slug":"santoni-limited-tiesto-19980-2","status":"publish","type":"product","link":"https:\/\/www.voustenshoes.com\/fr\/santoni-limited-tiesto-19980-2\/","title":{"rendered":"Santoni Limited Tiesto (19980)"},"content":{"rendered":"<p><!--StartFragment--><\/p>\n<div><span style=\"font-size:14px\"><span style=\"font-family:raleway,sans-serif\">Il y a un stock limit\u00e9 de ceux-ci, d&rsquo;autres tailles peuvent \u00eatre command\u00e9es en une seule paire, mais avec un suppl\u00e9ment pour une seule paire et sont dans ce cas non retournables.<\/span><\/span><\/div>\n<div>Est-ce un tr\u00e8s exclusif chaussures \u00e0 lacets en cuir et a diff\u00e9rents nuances de marron.<\/div>\n<ul>\n<li>\n<div>Largeur: standard \u00e0 spacieux<\/div>\n<\/li>\n<li>\n<div>Fermeture: dentelle<\/div>\n<\/li>\n<li>\n<div>D\u00e9tail: motif perfor\u00e9s et teint \u00e0 la main<\/div>\n<\/li>\n<li>\n<div>Dessus: cuir<\/div>\n<\/li>\n<li>\n<div>int\u00e9rieur: cuir<\/div>\n<\/li>\n<li>\n<div>Semelle construction: cuir dans Goodyear<\/div>\n<\/li>\n<li>\n<div>Taille standard<\/div>\n<\/li>\n<li>\n<div>Ceinture assortie possible<\/div>\n<\/li>\n<li>\n<div>Ces chaussures Santoni sont fabriqu\u00e9es \u00e0 la main en Italie<\/div>\n<\/li>\n<\/ul>\n<div>Fourni dans la bo\u00eete Santoni d&rsquo;origine, avec les sacs \u00e0 poussi\u00e8re correspondants.<\/div>\n","protected":false},"excerpt":{"rendered":"<p>Il y a un stock limit\u00e9 de ceux-ci, d&rsquo;autres tailles peuvent \u00eatre command\u00e9es en une seule paire, mais avec un suppl\u00e9ment pour une seule paire et sont dans ce cas non retournables. Est-ce un tr\u00e8s exclusif chaussures \u00e0 lacets en cuir et a diff\u00e9rents nuances de marron. Largeur: standard \u00e0 spacieux Fermeture: dentelle D\u00e9tail: motif [&#8230;]\n","protected":false},"featured_media":0,"comment_status":"open","ping_status":"closed","template":"","meta":{"rank_math_lock_modified_date":false},"product_cat":[1136,1171,1176],"product_tag":[],"class_list":{"0":"post-195676","1":"product","2":"type-product","3":"status-publish","5":"product_cat-heren-nl-fr","6":"product_cat-schoenen-nl-fr","7":"product_cat-santoni-nl-fr","9":"first","10":"outofstock","11":"taxable","12":"shipping-taxable","13":"product-type-variable"},"acf":[],"yoast_head":"<!-- This site is optimized with the Yoast SEO plugin v23.9 - https:\/\/yoast.com\/wordpress\/plugins\/seo\/ -->\n<title>Santoni Limited Tiesto (19980) - Vousten Shoes<\/title>\n<meta name=\"robots\" content=\"index, follow, max-snippet:-1, max-image-preview:large, max-video-preview:-1\" \/>\n<link rel=\"canonical\" href=\"https:\/\/www.voustenshoes.com\/fr\/santoni-limited-tiesto-19980-2\/\" \/>\n<meta property=\"og:locale\" content=\"fr_FR\" \/>\n<meta property=\"og:type\" content=\"article\" \/>\n<meta property=\"og:title\" content=\"Santoni Limited Tiesto (19980) - Vousten Shoes\" \/>\n<meta property=\"og:description\" content=\"Il y a un stock limit\u00e9 de ceux-ci, d&rsquo;autres tailles peuvent \u00eatre command\u00e9es en une seule paire, mais avec un suppl\u00e9ment pour une seule paire et sont dans ce cas non retournables. Est-ce un tr\u00e8s exclusif chaussures \u00e0 lacets en cuir et a diff\u00e9rents nuances de marron. Largeur: standard \u00e0 spacieux Fermeture: dentelle D\u00e9tail: motif [...]\" \/>\n<meta property=\"og:url\" content=\"https:\/\/www.voustenshoes.com\/fr\/santoni-limited-tiesto-19980-2\/\" \/>\n<meta property=\"og:site_name\" content=\"Vousten Shoes\" \/>\n<meta property=\"article:modified_time\" content=\"2024-11-14T07:09:36+00:00\" \/>\n<meta name=\"twitter:card\" content=\"summary_large_image\" \/>\n<meta name=\"twitter:label1\" content=\"Est. reading time\" \/>\n\t<meta name=\"twitter:data1\" content=\"1 minute\" \/>\n<script type=\"application\/ld+json\" class=\"yoast-schema-graph\">{\"@context\":\"https:\/\/schema.org\",\"@graph\":[{\"@type\":\"WebPage\",\"@id\":\"https:\/\/www.voustenshoes.com\/fr\/santoni-limited-tiesto-19980-2\/\",\"url\":\"https:\/\/www.voustenshoes.com\/fr\/santoni-limited-tiesto-19980-2\/\",\"name\":\"Santoni Limited Tiesto (19980) - Vousten Shoes\",\"isPartOf\":{\"@id\":\"https:\/\/www.voustenshoes.com\/nl\/#website\"},\"datePublished\":\"2024-10-18T11:08:06+00:00\",\"dateModified\":\"2024-11-14T07:09:36+00:00\",\"breadcrumb\":{\"@id\":\"https:\/\/www.voustenshoes.com\/fr\/santoni-limited-tiesto-19980-2\/#breadcrumb\"},\"inLanguage\":\"fr-FR\",\"potentialAction\":[{\"@type\":\"ReadAction\",\"target\":[\"https:\/\/www.voustenshoes.com\/fr\/santoni-limited-tiesto-19980-2\/\"]}]},{\"@type\":\"BreadcrumbList\",\"@id\":\"https:\/\/www.voustenshoes.com\/fr\/santoni-limited-tiesto-19980-2\/#breadcrumb\",\"itemListElement\":[{\"@type\":\"ListItem\",\"position\":1,\"name\":\"Home\",\"item\":\"https:\/\/www.voustenshoes.com\/fr\/\"},{\"@type\":\"ListItem\",\"position\":2,\"name\":\"Boutique\",\"item\":\"https:\/\/www.voustenshoes.com\/fr\/shop\/\"},{\"@type\":\"ListItem\",\"position\":3,\"name\":\"Santoni Limited Tiesto (19980)\"}]},{\"@type\":\"WebSite\",\"@id\":\"https:\/\/www.voustenshoes.com\/nl\/#website\",\"url\":\"https:\/\/www.voustenshoes.com\/nl\/\",\"name\":\"Vousten Shoes\",\"description\":\"\",\"potentialAction\":[{\"@type\":\"SearchAction\",\"target\":{\"@type\":\"EntryPoint\",\"urlTemplate\":\"https:\/\/www.voustenshoes.com\/nl\/?s={search_term_string}\"},\"query-input\":{\"@type\":\"PropertyValueSpecification\",\"valueRequired\":true,\"valueName\":\"search_term_string\"}}],\"inLanguage\":\"fr-FR\"}]}<\/script>\n<!-- \/ Yoast SEO plugin. -->","yoast_head_json":{"title":"Santoni Limited Tiesto (19980) - Vousten Shoes","robots":{"index":"index","follow":"follow","max-snippet":"max-snippet:-1","max-image-preview":"max-image-preview:large","max-video-preview":"max-video-preview:-1"},"canonical":"https:\/\/www.voustenshoes.com\/fr\/santoni-limited-tiesto-19980-2\/","og_locale":"fr_FR","og_type":"article","og_title":"Santoni Limited Tiesto (19980) - Vousten Shoes","og_description":"Il y a un stock limit\u00e9 de ceux-ci, d&rsquo;autres tailles peuvent \u00eatre command\u00e9es en une seule paire, mais avec un suppl\u00e9ment pour une seule paire et sont dans ce cas non retournables. Est-ce un tr\u00e8s exclusif chaussures \u00e0 lacets en cuir et a diff\u00e9rents nuances de marron. Largeur: standard \u00e0 spacieux Fermeture: dentelle D\u00e9tail: motif [...]","og_url":"https:\/\/www.voustenshoes.com\/fr\/santoni-limited-tiesto-19980-2\/","og_site_name":"Vousten Shoes","article_modified_time":"2024-11-14T07:09:36+00:00","twitter_card":"summary_large_image","twitter_misc":{"Est. reading time":"1 minute"},"schema":{"@context":"https:\/\/schema.org","@graph":[{"@type":"WebPage","@id":"https:\/\/www.voustenshoes.com\/fr\/santoni-limited-tiesto-19980-2\/","url":"https:\/\/www.voustenshoes.com\/fr\/santoni-limited-tiesto-19980-2\/","name":"Santoni Limited Tiesto (19980) - Vousten Shoes","isPartOf":{"@id":"https:\/\/www.voustenshoes.com\/nl\/#website"},"datePublished":"2024-10-18T11:08:06+00:00","dateModified":"2024-11-14T07:09:36+00:00","breadcrumb":{"@id":"https:\/\/www.voustenshoes.com\/fr\/santoni-limited-tiesto-19980-2\/#breadcrumb"},"inLanguage":"fr-FR","potentialAction":[{"@type":"ReadAction","target":["https:\/\/www.voustenshoes.com\/fr\/santoni-limited-tiesto-19980-2\/"]}]},{"@type":"BreadcrumbList","@id":"https:\/\/www.voustenshoes.com\/fr\/santoni-limited-tiesto-19980-2\/#breadcrumb","itemListElement":[{"@type":"ListItem","position":1,"name":"Home","item":"https:\/\/www.voustenshoes.com\/fr\/"},{"@type":"ListItem","position":2,"name":"Boutique","item":"https:\/\/www.voustenshoes.com\/fr\/shop\/"},{"@type":"ListItem","position":3,"name":"Santoni Limited Tiesto (19980)"}]},{"@type":"WebSite","@id":"https:\/\/www.voustenshoes.com\/nl\/#website","url":"https:\/\/www.voustenshoes.com\/nl\/","name":"Vousten Shoes","description":"","potentialAction":[{"@type":"SearchAction","target":{"@type":"EntryPoint","urlTemplate":"https:\/\/www.voustenshoes.com\/nl\/?s={search_term_string}"},"query-input":{"@type":"PropertyValueSpecification","valueRequired":true,"valueName":"search_term_string"}}],"inLanguage":"fr-FR"}]}},"_links":{"self":[{"href":"https:\/\/www.voustenshoes.com\/fr\/wp-json\/wp\/v2\/product\/195676","targetHints":{"allow":["GET"]}}],"collection":[{"href":"https:\/\/www.voustenshoes.com\/fr\/wp-json\/wp\/v2\/product"}],"about":[{"href":"https:\/\/www.voustenshoes.com\/fr\/wp-json\/wp\/v2\/types\/product"}],"replies":[{"embeddable":true,"href":"https:\/\/www.voustenshoes.com\/fr\/wp-json\/wp\/v2\/comments?post=195676"}],"wp:attachment":[{"href":"https:\/\/www.voustenshoes.com\/fr\/wp-json\/wp\/v2\/media?parent=195676"}],"wp:term":[{"taxonomy":"product_cat","embeddable":true,"href":"https:\/\/www.voustenshoes.com\/fr\/wp-json\/wp\/v2\/product_cat?post=195676"},{"taxonomy":"product_tag","embeddable":true,"href":"https:\/\/www.voustenshoes.com\/fr\/wp-json\/wp\/v2\/product_tag?post=195676"}],"curies":[{"name":"wp","href":"https:\/\/api.w.org\/{rel}","templated":true}]}}