{"id":196993,"date":"2024-10-22T14:19:07","date_gmt":"2024-10-22T12:19:07","guid":{"rendered":"https:\/\/www.voustenshoes.com\/santoni-document-computer-bag-39825-2\/"},"modified":"2026-03-19T12:42:08","modified_gmt":"2026-03-19T11:42:08","slug":"santoni-document-computer-bag-39825-2","status":"publish","type":"product","link":"https:\/\/www.voustenshoes.com\/fr\/santoni-document-computer-bag-39825-2\/","title":{"rendered":"Santoni Document \/ Computer Bag (39825)"},"content":{"rendered":"<p><strong>Description<\/strong><\/p>\n<p>Ce sac Santoni d\u00e9gage une allure raffin\u00e9e : parfait pour les r\u00e9unions importantes et les voyages d&rsquo;affaires. Fabriqu\u00e9 en cuir gaufr\u00e9, ce sac s&rsquo;ouvre pour r\u00e9v\u00e9ler une pochette rembourr\u00e9e pour ordinateur portable et de nombreux compartiments pour garder le contenu propre et organis\u00e9. Portez-le sur votre \u00e9paule ou en bandouli\u00e8re selon votre style, gr\u00e2ce \u00e0 la bandouli\u00e8re amovible et r\u00e9glable.<\/p>\n<p><strong>D\u00e9tails du produit<\/strong><\/p>\n<ul>\n<li>Sac pour ordinateur portable pour hommes<\/li>\n<li>Taille: 37x28x7 CM<\/li>\n<li>Fabriqu\u00e9 en cuir<\/li>\n<li>La couleur marron<\/li>\n<li>Poign\u00e9es rembourr\u00e9es\u00a0<\/li>\n<li>Fermeture \u00e9clair bidirectionnelle\u00a0<\/li>\n<li>Deux poches int\u00e9rieures rembourr\u00e9es<\/li>\n<li>Bandouli\u00e8re r\u00e9glable et amovible\u00a0<\/li>\n<li>Cl\u00e9 d\u00e9corative\u00a0<\/li>\n<li>Logo Santoni imprim\u00e9\u00a0<\/li>\n<li>Fabriqu\u00e9 en Italie<\/li>\n<\/ul>\n","protected":false},"excerpt":{"rendered":"<p>Description Ce sac Santoni d\u00e9gage une allure raffin\u00e9e : parfait pour les r\u00e9unions importantes et les voyages d&rsquo;affaires. Fabriqu\u00e9 en cuir gaufr\u00e9, ce sac s&rsquo;ouvre pour r\u00e9v\u00e9ler une pochette rembourr\u00e9e pour ordinateur portable et de nombreux compartiments pour garder le contenu propre et organis\u00e9. Portez-le sur votre \u00e9paule ou en bandouli\u00e8re selon votre style, gr\u00e2ce [&#8230;]\n","protected":false},"featured_media":194834,"comment_status":"open","ping_status":"closed","template":"","meta":{"rank_math_lock_modified_date":false},"product_cat":[1136,1176,1268,1399],"product_tag":[],"class_list":{"0":"post-196993","1":"product","2":"type-product","3":"status-publish","4":"has-post-thumbnail","6":"product_cat-heren-nl-fr","7":"product_cat-santoni-nl-fr","8":"product_cat-tassen-nl-fr","9":"product_cat-gifts-2-fr","11":"first","12":"outofstock","13":"taxable","14":"shipping-taxable","15":"purchasable","16":"product-type-variable"},"acf":[],"yoast_head":"<!-- This site is optimized with the Yoast SEO plugin v23.9 - https:\/\/yoast.com\/wordpress\/plugins\/seo\/ -->\n<title>Santoni Document \/ Computer Bag (39825) - Vousten Shoes<\/title>\n<meta name=\"robots\" content=\"index, follow, max-snippet:-1, max-image-preview:large, max-video-preview:-1\" \/>\n<link rel=\"canonical\" href=\"https:\/\/www.voustenshoes.com\/fr\/santoni-document-computer-bag-39825-2\/\" \/>\n<meta property=\"og:locale\" content=\"fr_FR\" \/>\n<meta property=\"og:type\" content=\"article\" \/>\n<meta property=\"og:title\" content=\"Santoni Document \/ Computer Bag (39825) - Vousten Shoes\" \/>\n<meta property=\"og:description\" content=\"Description Ce sac Santoni d\u00e9gage une allure raffin\u00e9e : parfait pour les r\u00e9unions importantes et les voyages d&rsquo;affaires. Fabriqu\u00e9 en cuir gaufr\u00e9, ce sac s&rsquo;ouvre pour r\u00e9v\u00e9ler une pochette rembourr\u00e9e pour ordinateur portable et de nombreux compartiments pour garder le contenu propre et organis\u00e9. Portez-le sur votre \u00e9paule ou en bandouli\u00e8re selon votre style, gr\u00e2ce [...]\" \/>\n<meta property=\"og:url\" content=\"https:\/\/www.voustenshoes.com\/fr\/santoni-document-computer-bag-39825-2\/\" \/>\n<meta property=\"og:site_name\" content=\"Vousten Shoes\" \/>\n<meta property=\"article:modified_time\" content=\"2026-03-19T11:42:08+00:00\" \/>\n<meta property=\"og:image\" content=\"https:\/\/www.voustenshoes.com\/wp-content\/uploads\/2023\/06\/santoni_document_computer_bag_39825.png\" \/>\n\t<meta property=\"og:image:width\" content=\"1449\" \/>\n\t<meta property=\"og:image:height\" content=\"1449\" \/>\n\t<meta property=\"og:image:type\" content=\"image\/png\" \/>\n<meta name=\"twitter:card\" content=\"summary_large_image\" \/>\n<meta name=\"twitter:label1\" content=\"Est. reading time\" \/>\n\t<meta name=\"twitter:data1\" content=\"1 minute\" \/>\n<script type=\"application\/ld+json\" class=\"yoast-schema-graph\">{\"@context\":\"https:\/\/schema.org\",\"@graph\":[{\"@type\":\"WebPage\",\"@id\":\"https:\/\/www.voustenshoes.com\/fr\/santoni-document-computer-bag-39825-2\/\",\"url\":\"https:\/\/www.voustenshoes.com\/fr\/santoni-document-computer-bag-39825-2\/\",\"name\":\"Santoni Document \/ Computer Bag (39825) - Vousten Shoes\",\"isPartOf\":{\"@id\":\"https:\/\/www.voustenshoes.com\/nl\/#website\"},\"primaryImageOfPage\":{\"@id\":\"https:\/\/www.voustenshoes.com\/fr\/santoni-document-computer-bag-39825-2\/#primaryimage\"},\"image\":{\"@id\":\"https:\/\/www.voustenshoes.com\/fr\/santoni-document-computer-bag-39825-2\/#primaryimage\"},\"thumbnailUrl\":\"https:\/\/www.voustenshoes.com\/wp-content\/uploads\/2023\/06\/santoni_document_computer_bag_39825.png\",\"datePublished\":\"2024-10-22T12:19:07+00:00\",\"dateModified\":\"2026-03-19T11:42:08+00:00\",\"breadcrumb\":{\"@id\":\"https:\/\/www.voustenshoes.com\/fr\/santoni-document-computer-bag-39825-2\/#breadcrumb\"},\"inLanguage\":\"fr-FR\",\"potentialAction\":[{\"@type\":\"ReadAction\",\"target\":[\"https:\/\/www.voustenshoes.com\/fr\/santoni-document-computer-bag-39825-2\/\"]}]},{\"@type\":\"ImageObject\",\"inLanguage\":\"fr-FR\",\"@id\":\"https:\/\/www.voustenshoes.com\/fr\/santoni-document-computer-bag-39825-2\/#primaryimage\",\"url\":\"https:\/\/www.voustenshoes.com\/wp-content\/uploads\/2023\/06\/santoni_document_computer_bag_39825.png\",\"contentUrl\":\"https:\/\/www.voustenshoes.com\/wp-content\/uploads\/2023\/06\/santoni_document_computer_bag_39825.png\",\"width\":1449,\"height\":1449},{\"@type\":\"BreadcrumbList\",\"@id\":\"https:\/\/www.voustenshoes.com\/fr\/santoni-document-computer-bag-39825-2\/#breadcrumb\",\"itemListElement\":[{\"@type\":\"ListItem\",\"position\":1,\"name\":\"Home\",\"item\":\"https:\/\/www.voustenshoes.com\/fr\/\"},{\"@type\":\"ListItem\",\"position\":2,\"name\":\"Boutique\",\"item\":\"https:\/\/www.voustenshoes.com\/fr\/shop\/\"},{\"@type\":\"ListItem\",\"position\":3,\"name\":\"Santoni Document \/ Computer Bag (39825)\"}]},{\"@type\":\"WebSite\",\"@id\":\"https:\/\/www.voustenshoes.com\/nl\/#website\",\"url\":\"https:\/\/www.voustenshoes.com\/nl\/\",\"name\":\"Vousten Shoes\",\"description\":\"\",\"potentialAction\":[{\"@type\":\"SearchAction\",\"target\":{\"@type\":\"EntryPoint\",\"urlTemplate\":\"https:\/\/www.voustenshoes.com\/nl\/?s={search_term_string}\"},\"query-input\":{\"@type\":\"PropertyValueSpecification\",\"valueRequired\":true,\"valueName\":\"search_term_string\"}}],\"inLanguage\":\"fr-FR\"}]}<\/script>\n<!-- \/ Yoast SEO plugin. -->","yoast_head_json":{"title":"Santoni Document \/ Computer Bag (39825) - Vousten Shoes","robots":{"index":"index","follow":"follow","max-snippet":"max-snippet:-1","max-image-preview":"max-image-preview:large","max-video-preview":"max-video-preview:-1"},"canonical":"https:\/\/www.voustenshoes.com\/fr\/santoni-document-computer-bag-39825-2\/","og_locale":"fr_FR","og_type":"article","og_title":"Santoni Document \/ Computer Bag (39825) - Vousten Shoes","og_description":"Description Ce sac Santoni d\u00e9gage une allure raffin\u00e9e : parfait pour les r\u00e9unions importantes et les voyages d&rsquo;affaires. Fabriqu\u00e9 en cuir gaufr\u00e9, ce sac s&rsquo;ouvre pour r\u00e9v\u00e9ler une pochette rembourr\u00e9e pour ordinateur portable et de nombreux compartiments pour garder le contenu propre et organis\u00e9. Portez-le sur votre \u00e9paule ou en bandouli\u00e8re selon votre style, gr\u00e2ce [...]","og_url":"https:\/\/www.voustenshoes.com\/fr\/santoni-document-computer-bag-39825-2\/","og_site_name":"Vousten Shoes","article_modified_time":"2026-03-19T11:42:08+00:00","og_image":[{"width":1449,"height":1449,"url":"https:\/\/www.voustenshoes.com\/wp-content\/uploads\/2023\/06\/santoni_document_computer_bag_39825.png","type":"image\/png"}],"twitter_card":"summary_large_image","twitter_misc":{"Est. reading time":"1 minute"},"schema":{"@context":"https:\/\/schema.org","@graph":[{"@type":"WebPage","@id":"https:\/\/www.voustenshoes.com\/fr\/santoni-document-computer-bag-39825-2\/","url":"https:\/\/www.voustenshoes.com\/fr\/santoni-document-computer-bag-39825-2\/","name":"Santoni Document \/ Computer Bag (39825) - Vousten Shoes","isPartOf":{"@id":"https:\/\/www.voustenshoes.com\/nl\/#website"},"primaryImageOfPage":{"@id":"https:\/\/www.voustenshoes.com\/fr\/santoni-document-computer-bag-39825-2\/#primaryimage"},"image":{"@id":"https:\/\/www.voustenshoes.com\/fr\/santoni-document-computer-bag-39825-2\/#primaryimage"},"thumbnailUrl":"https:\/\/www.voustenshoes.com\/wp-content\/uploads\/2023\/06\/santoni_document_computer_bag_39825.png","datePublished":"2024-10-22T12:19:07+00:00","dateModified":"2026-03-19T11:42:08+00:00","breadcrumb":{"@id":"https:\/\/www.voustenshoes.com\/fr\/santoni-document-computer-bag-39825-2\/#breadcrumb"},"inLanguage":"fr-FR","potentialAction":[{"@type":"ReadAction","target":["https:\/\/www.voustenshoes.com\/fr\/santoni-document-computer-bag-39825-2\/"]}]},{"@type":"ImageObject","inLanguage":"fr-FR","@id":"https:\/\/www.voustenshoes.com\/fr\/santoni-document-computer-bag-39825-2\/#primaryimage","url":"https:\/\/www.voustenshoes.com\/wp-content\/uploads\/2023\/06\/santoni_document_computer_bag_39825.png","contentUrl":"https:\/\/www.voustenshoes.com\/wp-content\/uploads\/2023\/06\/santoni_document_computer_bag_39825.png","width":1449,"height":1449},{"@type":"BreadcrumbList","@id":"https:\/\/www.voustenshoes.com\/fr\/santoni-document-computer-bag-39825-2\/#breadcrumb","itemListElement":[{"@type":"ListItem","position":1,"name":"Home","item":"https:\/\/www.voustenshoes.com\/fr\/"},{"@type":"ListItem","position":2,"name":"Boutique","item":"https:\/\/www.voustenshoes.com\/fr\/shop\/"},{"@type":"ListItem","position":3,"name":"Santoni Document \/ Computer Bag (39825)"}]},{"@type":"WebSite","@id":"https:\/\/www.voustenshoes.com\/nl\/#website","url":"https:\/\/www.voustenshoes.com\/nl\/","name":"Vousten Shoes","description":"","potentialAction":[{"@type":"SearchAction","target":{"@type":"EntryPoint","urlTemplate":"https:\/\/www.voustenshoes.com\/nl\/?s={search_term_string}"},"query-input":{"@type":"PropertyValueSpecification","valueRequired":true,"valueName":"search_term_string"}}],"inLanguage":"fr-FR"}]}},"_links":{"self":[{"href":"https:\/\/www.voustenshoes.com\/fr\/wp-json\/wp\/v2\/product\/196993","targetHints":{"allow":["GET"]}}],"collection":[{"href":"https:\/\/www.voustenshoes.com\/fr\/wp-json\/wp\/v2\/product"}],"about":[{"href":"https:\/\/www.voustenshoes.com\/fr\/wp-json\/wp\/v2\/types\/product"}],"replies":[{"embeddable":true,"href":"https:\/\/www.voustenshoes.com\/fr\/wp-json\/wp\/v2\/comments?post=196993"}],"wp:featuredmedia":[{"embeddable":true,"href":"https:\/\/www.voustenshoes.com\/fr\/wp-json\/wp\/v2\/media\/194834"}],"wp:attachment":[{"href":"https:\/\/www.voustenshoes.com\/fr\/wp-json\/wp\/v2\/media?parent=196993"}],"wp:term":[{"taxonomy":"product_cat","embeddable":true,"href":"https:\/\/www.voustenshoes.com\/fr\/wp-json\/wp\/v2\/product_cat?post=196993"},{"taxonomy":"product_tag","embeddable":true,"href":"https:\/\/www.voustenshoes.com\/fr\/wp-json\/wp\/v2\/product_tag?post=196993"}],"curies":[{"name":"wp","href":"https:\/\/api.w.org\/{rel}","templated":true}]}}