{"id":197240,"date":"2024-10-22T14:20:44","date_gmt":"2024-10-22T12:20:44","guid":{"rendered":"https:\/\/www.voustenshoes.com\/santoni-cirage-a-la-cire-dabeille-noir\/"},"modified":"2026-04-01T02:00:11","modified_gmt":"2026-04-01T00:00:11","slug":"santoni-cirage-a-la-cire-dabeille-noir","status":"publish","type":"product","link":"https:\/\/www.voustenshoes.com\/fr\/santoni-cirage-a-la-cire-dabeille-noir\/","title":{"rendered":"SANTONI &#8211; Cirage \u00e0 la Cire d&#8217;abeille noir (39916)"},"content":{"rendered":"<p>Un bon entretien est le secret d&rsquo;une beaut\u00e9 intemporelle. Cette cr\u00e8me pour chaussures \u00e0 base de cire d&rsquo;abeille poss\u00e8de des propri\u00e9t\u00e9s hydratantes qui permettent \u00e0 vos chaussures en cuir de rester souples et \u00e9clatantes, utilisables apr\u00e8s usage. Frottez la surface de la chaussure avec une \u00e9ponge ou un chiffon doux et terminez en polissant le cuir avec un autre chiffon propre. Ne pas utiliser sur le daim ou le cuir verni.<\/p>\n","protected":false},"excerpt":{"rendered":"<p>Un bon entretien est le secret d&rsquo;une beaut\u00e9 intemporelle. Cette cr\u00e8me pour chaussures \u00e0 base de cire d&rsquo;abeille poss\u00e8de des propri\u00e9t\u00e9s hydratantes qui permettent \u00e0 vos chaussures en cuir de rester souples et \u00e9clatantes, utilisables apr\u00e8s usage. Frottez la surface de la chaussure avec une \u00e9ponge ou un chiffon doux et terminez en polissant le [&#8230;]\n","protected":false},"featured_media":183733,"comment_status":"open","ping_status":"closed","template":"","meta":{"rank_math_lock_modified_date":false},"product_cat":[1399,1136,1176,1282],"product_tag":[],"class_list":{"0":"post-197240","1":"product","2":"type-product","3":"status-publish","4":"has-post-thumbnail","6":"product_cat-gifts-2-fr","7":"product_cat-heren-nl-fr","8":"product_cat-santoni-nl-fr","9":"product_cat-schoenverzorging-nl-fr","11":"first","12":"instock","13":"taxable","14":"shipping-taxable","15":"purchasable","16":"product-type-variable"},"acf":[],"yoast_head":"<!-- This site is optimized with the Yoast SEO plugin v23.9 - https:\/\/yoast.com\/wordpress\/plugins\/seo\/ -->\n<title>SANTONI - Cirage \u00e0 la Cire d&#8217;abeille noir (39916) - Vousten Shoes<\/title>\n<meta name=\"robots\" content=\"index, follow, max-snippet:-1, max-image-preview:large, max-video-preview:-1\" \/>\n<link rel=\"canonical\" href=\"https:\/\/www.voustenshoes.com\/fr\/santoni-cirage-a-la-cire-dabeille-noir\/\" \/>\n<meta property=\"og:locale\" content=\"fr_FR\" \/>\n<meta property=\"og:type\" content=\"article\" \/>\n<meta property=\"og:title\" content=\"SANTONI - Cirage \u00e0 la Cire d&#8217;abeille noir (39916) - Vousten Shoes\" \/>\n<meta property=\"og:description\" content=\"Un bon entretien est le secret d&rsquo;une beaut\u00e9 intemporelle. Cette cr\u00e8me pour chaussures \u00e0 base de cire d&rsquo;abeille poss\u00e8de des propri\u00e9t\u00e9s hydratantes qui permettent \u00e0 vos chaussures en cuir de rester souples et \u00e9clatantes, utilisables apr\u00e8s usage. Frottez la surface de la chaussure avec une \u00e9ponge ou un chiffon doux et terminez en polissant le [...]\" \/>\n<meta property=\"og:url\" content=\"https:\/\/www.voustenshoes.com\/fr\/santoni-cirage-a-la-cire-dabeille-noir\/\" \/>\n<meta property=\"og:site_name\" content=\"Vousten Shoes\" \/>\n<meta property=\"article:modified_time\" content=\"2026-04-01T00:00:11+00:00\" \/>\n<meta property=\"og:image\" content=\"https:\/\/www.voustenshoes.com\/wp-content\/uploads\/2023\/06\/italo_3_van_5.jpg\" \/>\n\t<meta property=\"og:image:width\" content=\"1300\" \/>\n\t<meta property=\"og:image:height\" content=\"1300\" \/>\n\t<meta property=\"og:image:type\" content=\"image\/jpeg\" \/>\n<meta name=\"twitter:card\" content=\"summary_large_image\" \/>\n<script type=\"application\/ld+json\" class=\"yoast-schema-graph\">{\"@context\":\"https:\/\/schema.org\",\"@graph\":[{\"@type\":\"WebPage\",\"@id\":\"https:\/\/www.voustenshoes.com\/fr\/santoni-cirage-a-la-cire-dabeille-noir\/\",\"url\":\"https:\/\/www.voustenshoes.com\/fr\/santoni-cirage-a-la-cire-dabeille-noir\/\",\"name\":\"SANTONI - Cirage \u00e0 la Cire d&#8217;abeille noir (39916) - Vousten Shoes\",\"isPartOf\":{\"@id\":\"https:\/\/www.voustenshoes.com\/nl\/#website\"},\"primaryImageOfPage\":{\"@id\":\"https:\/\/www.voustenshoes.com\/fr\/santoni-cirage-a-la-cire-dabeille-noir\/#primaryimage\"},\"image\":{\"@id\":\"https:\/\/www.voustenshoes.com\/fr\/santoni-cirage-a-la-cire-dabeille-noir\/#primaryimage\"},\"thumbnailUrl\":\"https:\/\/www.voustenshoes.com\/wp-content\/uploads\/2023\/06\/italo_3_van_5.jpg\",\"datePublished\":\"2024-10-22T12:20:44+00:00\",\"dateModified\":\"2026-04-01T00:00:11+00:00\",\"breadcrumb\":{\"@id\":\"https:\/\/www.voustenshoes.com\/fr\/santoni-cirage-a-la-cire-dabeille-noir\/#breadcrumb\"},\"inLanguage\":\"fr-FR\",\"potentialAction\":[{\"@type\":\"ReadAction\",\"target\":[\"https:\/\/www.voustenshoes.com\/fr\/santoni-cirage-a-la-cire-dabeille-noir\/\"]}]},{\"@type\":\"ImageObject\",\"inLanguage\":\"fr-FR\",\"@id\":\"https:\/\/www.voustenshoes.com\/fr\/santoni-cirage-a-la-cire-dabeille-noir\/#primaryimage\",\"url\":\"https:\/\/www.voustenshoes.com\/wp-content\/uploads\/2023\/06\/italo_3_van_5.jpg\",\"contentUrl\":\"https:\/\/www.voustenshoes.com\/wp-content\/uploads\/2023\/06\/italo_3_van_5.jpg\",\"width\":1300,\"height\":1300},{\"@type\":\"BreadcrumbList\",\"@id\":\"https:\/\/www.voustenshoes.com\/fr\/santoni-cirage-a-la-cire-dabeille-noir\/#breadcrumb\",\"itemListElement\":[{\"@type\":\"ListItem\",\"position\":1,\"name\":\"Home\",\"item\":\"https:\/\/www.voustenshoes.com\/fr\/\"},{\"@type\":\"ListItem\",\"position\":2,\"name\":\"Boutique\",\"item\":\"https:\/\/www.voustenshoes.com\/fr\/shop\/\"},{\"@type\":\"ListItem\",\"position\":3,\"name\":\"SANTONI &#8211; Cirage \u00e0 la Cire d&#8217;abeille noir (39916)\"}]},{\"@type\":\"WebSite\",\"@id\":\"https:\/\/www.voustenshoes.com\/nl\/#website\",\"url\":\"https:\/\/www.voustenshoes.com\/nl\/\",\"name\":\"Vousten Shoes\",\"description\":\"\",\"potentialAction\":[{\"@type\":\"SearchAction\",\"target\":{\"@type\":\"EntryPoint\",\"urlTemplate\":\"https:\/\/www.voustenshoes.com\/nl\/?s={search_term_string}\"},\"query-input\":{\"@type\":\"PropertyValueSpecification\",\"valueRequired\":true,\"valueName\":\"search_term_string\"}}],\"inLanguage\":\"fr-FR\"}]}<\/script>\n<!-- \/ Yoast SEO plugin. -->","yoast_head_json":{"title":"SANTONI - Cirage \u00e0 la Cire d&#8217;abeille noir (39916) - Vousten Shoes","robots":{"index":"index","follow":"follow","max-snippet":"max-snippet:-1","max-image-preview":"max-image-preview:large","max-video-preview":"max-video-preview:-1"},"canonical":"https:\/\/www.voustenshoes.com\/fr\/santoni-cirage-a-la-cire-dabeille-noir\/","og_locale":"fr_FR","og_type":"article","og_title":"SANTONI - Cirage \u00e0 la Cire d&#8217;abeille noir (39916) - Vousten Shoes","og_description":"Un bon entretien est le secret d&rsquo;une beaut\u00e9 intemporelle. Cette cr\u00e8me pour chaussures \u00e0 base de cire d&rsquo;abeille poss\u00e8de des propri\u00e9t\u00e9s hydratantes qui permettent \u00e0 vos chaussures en cuir de rester souples et \u00e9clatantes, utilisables apr\u00e8s usage. Frottez la surface de la chaussure avec une \u00e9ponge ou un chiffon doux et terminez en polissant le [...]","og_url":"https:\/\/www.voustenshoes.com\/fr\/santoni-cirage-a-la-cire-dabeille-noir\/","og_site_name":"Vousten Shoes","article_modified_time":"2026-04-01T00:00:11+00:00","og_image":[{"width":1300,"height":1300,"url":"https:\/\/www.voustenshoes.com\/wp-content\/uploads\/2023\/06\/italo_3_van_5.jpg","type":"image\/jpeg"}],"twitter_card":"summary_large_image","schema":{"@context":"https:\/\/schema.org","@graph":[{"@type":"WebPage","@id":"https:\/\/www.voustenshoes.com\/fr\/santoni-cirage-a-la-cire-dabeille-noir\/","url":"https:\/\/www.voustenshoes.com\/fr\/santoni-cirage-a-la-cire-dabeille-noir\/","name":"SANTONI - Cirage \u00e0 la Cire d&#8217;abeille noir (39916) - Vousten Shoes","isPartOf":{"@id":"https:\/\/www.voustenshoes.com\/nl\/#website"},"primaryImageOfPage":{"@id":"https:\/\/www.voustenshoes.com\/fr\/santoni-cirage-a-la-cire-dabeille-noir\/#primaryimage"},"image":{"@id":"https:\/\/www.voustenshoes.com\/fr\/santoni-cirage-a-la-cire-dabeille-noir\/#primaryimage"},"thumbnailUrl":"https:\/\/www.voustenshoes.com\/wp-content\/uploads\/2023\/06\/italo_3_van_5.jpg","datePublished":"2024-10-22T12:20:44+00:00","dateModified":"2026-04-01T00:00:11+00:00","breadcrumb":{"@id":"https:\/\/www.voustenshoes.com\/fr\/santoni-cirage-a-la-cire-dabeille-noir\/#breadcrumb"},"inLanguage":"fr-FR","potentialAction":[{"@type":"ReadAction","target":["https:\/\/www.voustenshoes.com\/fr\/santoni-cirage-a-la-cire-dabeille-noir\/"]}]},{"@type":"ImageObject","inLanguage":"fr-FR","@id":"https:\/\/www.voustenshoes.com\/fr\/santoni-cirage-a-la-cire-dabeille-noir\/#primaryimage","url":"https:\/\/www.voustenshoes.com\/wp-content\/uploads\/2023\/06\/italo_3_van_5.jpg","contentUrl":"https:\/\/www.voustenshoes.com\/wp-content\/uploads\/2023\/06\/italo_3_van_5.jpg","width":1300,"height":1300},{"@type":"BreadcrumbList","@id":"https:\/\/www.voustenshoes.com\/fr\/santoni-cirage-a-la-cire-dabeille-noir\/#breadcrumb","itemListElement":[{"@type":"ListItem","position":1,"name":"Home","item":"https:\/\/www.voustenshoes.com\/fr\/"},{"@type":"ListItem","position":2,"name":"Boutique","item":"https:\/\/www.voustenshoes.com\/fr\/shop\/"},{"@type":"ListItem","position":3,"name":"SANTONI &#8211; Cirage \u00e0 la Cire d&#8217;abeille noir (39916)"}]},{"@type":"WebSite","@id":"https:\/\/www.voustenshoes.com\/nl\/#website","url":"https:\/\/www.voustenshoes.com\/nl\/","name":"Vousten Shoes","description":"","potentialAction":[{"@type":"SearchAction","target":{"@type":"EntryPoint","urlTemplate":"https:\/\/www.voustenshoes.com\/nl\/?s={search_term_string}"},"query-input":{"@type":"PropertyValueSpecification","valueRequired":true,"valueName":"search_term_string"}}],"inLanguage":"fr-FR"}]}},"_links":{"self":[{"href":"https:\/\/www.voustenshoes.com\/fr\/wp-json\/wp\/v2\/product\/197240","targetHints":{"allow":["GET"]}}],"collection":[{"href":"https:\/\/www.voustenshoes.com\/fr\/wp-json\/wp\/v2\/product"}],"about":[{"href":"https:\/\/www.voustenshoes.com\/fr\/wp-json\/wp\/v2\/types\/product"}],"replies":[{"embeddable":true,"href":"https:\/\/www.voustenshoes.com\/fr\/wp-json\/wp\/v2\/comments?post=197240"}],"wp:featuredmedia":[{"embeddable":true,"href":"https:\/\/www.voustenshoes.com\/fr\/wp-json\/wp\/v2\/media\/183733"}],"wp:attachment":[{"href":"https:\/\/www.voustenshoes.com\/fr\/wp-json\/wp\/v2\/media?parent=197240"}],"wp:term":[{"taxonomy":"product_cat","embeddable":true,"href":"https:\/\/www.voustenshoes.com\/fr\/wp-json\/wp\/v2\/product_cat?post=197240"},{"taxonomy":"product_tag","embeddable":true,"href":"https:\/\/www.voustenshoes.com\/fr\/wp-json\/wp\/v2\/product_tag?post=197240"}],"curies":[{"name":"wp","href":"https:\/\/api.w.org\/{rel}","templated":true}]}}