{"id":197855,"date":"2024-10-23T17:44:11","date_gmt":"2024-10-23T15:44:13","guid":{"rendered":"https:\/\/www.voustenshoes.com\/title-ident-37603-language-fr\/"},"modified":"2026-04-17T01:51:04","modified_gmt":"2026-04-16T23:51:04","slug":"santoni-ceintuur-leather-black-37603","status":"publish","type":"product","link":"https:\/\/www.voustenshoes.com\/fr\/santoni-ceintuur-leather-black-37603\/","title":{"rendered":"Santoni ceintuur leather black (37603)"},"content":{"rendered":"<p>Ceinture Santoni :<\/p>\n<p>&#8211; Fabriqu\u00e9 \u00e0 la main en Italie.<\/p>\n<p>&#8211; 3,5 cm de large.<\/p>\n<p>&#8211; Santoni grav\u00e9 dans la boucle.<\/p>\n<p>&#8211; La longueur est de 110 cm<\/p>\n<p>&#8211; Facile \u00e0 r\u00e9gler en longueur \u00e0 l&rsquo;aide d&rsquo;une vis.<\/p>\n<p>&#8211; Nous sommes heureux de raccourcir la ceinture pour vous, nous vous contacterons (cependant, une ceinture plus courte ne peut pas \u00eatre retourn\u00e9e).<\/p>\n","protected":false},"excerpt":{"rendered":"<p>Ceinture Santoni : &#8211; Fabriqu\u00e9 \u00e0 la main en Italie. &#8211; 3,5 cm de large. &#8211; Santoni grav\u00e9 dans la boucle. &#8211; La longueur est de 110 cm &#8211; Facile \u00e0 r\u00e9gler en longueur \u00e0 l&rsquo;aide d&rsquo;une vis. &#8211; Nous sommes heureux de raccourcir la ceinture pour vous, nous vous contacterons (cependant, une ceinture plus [&#8230;]\n","protected":false},"featured_media":197848,"comment_status":"open","ping_status":"closed","template":"","meta":{"rank_math_lock_modified_date":false},"product_cat":[1185,1399,1110,1136,1176],"product_tag":[],"class_list":{"0":"post-197855","1":"product","2":"type-product","3":"status-publish","4":"has-post-thumbnail","6":"product_cat-riemen-nl-fr","7":"product_cat-gifts-2-fr","8":"product_cat-accessoires-nl-fr","9":"product_cat-heren-nl-fr","10":"product_cat-santoni-nl-fr","12":"first","13":"instock","14":"taxable","15":"shipping-taxable","16":"purchasable","17":"product-type-variable"},"acf":[],"yoast_head":"<!-- This site is optimized with the Yoast SEO plugin v23.9 - https:\/\/yoast.com\/wordpress\/plugins\/seo\/ -->\n<title>Santoni ceintuur leather black (37603) - Vousten Shoes<\/title>\n<meta name=\"robots\" content=\"index, follow, max-snippet:-1, max-image-preview:large, max-video-preview:-1\" \/>\n<link rel=\"canonical\" href=\"https:\/\/www.voustenshoes.com\/fr\/santoni-ceintuur-leather-black-37603\/\" \/>\n<meta property=\"og:locale\" content=\"fr_FR\" \/>\n<meta property=\"og:type\" content=\"article\" \/>\n<meta property=\"og:title\" content=\"Santoni ceintuur leather black (37603) - Vousten Shoes\" \/>\n<meta property=\"og:description\" content=\"Ceinture Santoni : &#8211; Fabriqu\u00e9 \u00e0 la main en Italie. &#8211; 3,5 cm de large. &#8211; Santoni grav\u00e9 dans la boucle. &#8211; La longueur est de 110 cm &#8211; Facile \u00e0 r\u00e9gler en longueur \u00e0 l&rsquo;aide d&rsquo;une vis. &#8211; Nous sommes heureux de raccourcir la ceinture pour vous, nous vous contacterons (cependant, une ceinture plus [...]\" \/>\n<meta property=\"og:url\" content=\"https:\/\/www.voustenshoes.com\/fr\/santoni-ceintuur-leather-black-37603\/\" \/>\n<meta property=\"og:site_name\" content=\"Vousten Shoes\" \/>\n<meta property=\"article:modified_time\" content=\"2026-04-16T23:51:04+00:00\" \/>\n<meta property=\"og:image\" content=\"https:\/\/www.voustenshoes.com\/wp-content\/uploads\/2023\/06\/santoni_riemen-3006-removebg.png\" \/>\n\t<meta property=\"og:image:width\" content=\"1480\" \/>\n\t<meta property=\"og:image:height\" content=\"1480\" \/>\n\t<meta property=\"og:image:type\" content=\"image\/png\" \/>\n<meta name=\"twitter:card\" content=\"summary_large_image\" \/>\n<script type=\"application\/ld+json\" class=\"yoast-schema-graph\">{\"@context\":\"https:\/\/schema.org\",\"@graph\":[{\"@type\":\"WebPage\",\"@id\":\"https:\/\/www.voustenshoes.com\/fr\/santoni-ceintuur-leather-black-37603\/\",\"url\":\"https:\/\/www.voustenshoes.com\/fr\/santoni-ceintuur-leather-black-37603\/\",\"name\":\"Santoni ceintuur leather black (37603) - Vousten Shoes\",\"isPartOf\":{\"@id\":\"https:\/\/www.voustenshoes.com\/nl\/#website\"},\"primaryImageOfPage\":{\"@id\":\"https:\/\/www.voustenshoes.com\/fr\/santoni-ceintuur-leather-black-37603\/#primaryimage\"},\"image\":{\"@id\":\"https:\/\/www.voustenshoes.com\/fr\/santoni-ceintuur-leather-black-37603\/#primaryimage\"},\"thumbnailUrl\":\"https:\/\/www.voustenshoes.com\/wp-content\/uploads\/2023\/06\/santoni_riemen-3006-removebg.png\",\"datePublished\":\"2024-10-23T15:44:13+00:00\",\"dateModified\":\"2026-04-16T23:51:04+00:00\",\"breadcrumb\":{\"@id\":\"https:\/\/www.voustenshoes.com\/fr\/santoni-ceintuur-leather-black-37603\/#breadcrumb\"},\"inLanguage\":\"fr-FR\",\"potentialAction\":[{\"@type\":\"ReadAction\",\"target\":[\"https:\/\/www.voustenshoes.com\/fr\/santoni-ceintuur-leather-black-37603\/\"]}]},{\"@type\":\"ImageObject\",\"inLanguage\":\"fr-FR\",\"@id\":\"https:\/\/www.voustenshoes.com\/fr\/santoni-ceintuur-leather-black-37603\/#primaryimage\",\"url\":\"https:\/\/www.voustenshoes.com\/wp-content\/uploads\/2023\/06\/santoni_riemen-3006-removebg.png\",\"contentUrl\":\"https:\/\/www.voustenshoes.com\/wp-content\/uploads\/2023\/06\/santoni_riemen-3006-removebg.png\",\"width\":1480,\"height\":1480},{\"@type\":\"BreadcrumbList\",\"@id\":\"https:\/\/www.voustenshoes.com\/fr\/santoni-ceintuur-leather-black-37603\/#breadcrumb\",\"itemListElement\":[{\"@type\":\"ListItem\",\"position\":1,\"name\":\"Home\",\"item\":\"https:\/\/www.voustenshoes.com\/fr\/\"},{\"@type\":\"ListItem\",\"position\":2,\"name\":\"Boutique\",\"item\":\"https:\/\/www.voustenshoes.com\/fr\/shop\/\"},{\"@type\":\"ListItem\",\"position\":3,\"name\":\"Santoni ceintuur leather black (37603)\"}]},{\"@type\":\"WebSite\",\"@id\":\"https:\/\/www.voustenshoes.com\/nl\/#website\",\"url\":\"https:\/\/www.voustenshoes.com\/nl\/\",\"name\":\"Vousten Shoes\",\"description\":\"\",\"potentialAction\":[{\"@type\":\"SearchAction\",\"target\":{\"@type\":\"EntryPoint\",\"urlTemplate\":\"https:\/\/www.voustenshoes.com\/nl\/?s={search_term_string}\"},\"query-input\":{\"@type\":\"PropertyValueSpecification\",\"valueRequired\":true,\"valueName\":\"search_term_string\"}}],\"inLanguage\":\"fr-FR\"}]}<\/script>\n<!-- \/ Yoast SEO plugin. -->","yoast_head_json":{"title":"Santoni ceintuur leather black (37603) - Vousten Shoes","robots":{"index":"index","follow":"follow","max-snippet":"max-snippet:-1","max-image-preview":"max-image-preview:large","max-video-preview":"max-video-preview:-1"},"canonical":"https:\/\/www.voustenshoes.com\/fr\/santoni-ceintuur-leather-black-37603\/","og_locale":"fr_FR","og_type":"article","og_title":"Santoni ceintuur leather black (37603) - Vousten Shoes","og_description":"Ceinture Santoni : &#8211; Fabriqu\u00e9 \u00e0 la main en Italie. &#8211; 3,5 cm de large. &#8211; Santoni grav\u00e9 dans la boucle. &#8211; La longueur est de 110 cm &#8211; Facile \u00e0 r\u00e9gler en longueur \u00e0 l&rsquo;aide d&rsquo;une vis. &#8211; Nous sommes heureux de raccourcir la ceinture pour vous, nous vous contacterons (cependant, une ceinture plus [...]","og_url":"https:\/\/www.voustenshoes.com\/fr\/santoni-ceintuur-leather-black-37603\/","og_site_name":"Vousten Shoes","article_modified_time":"2026-04-16T23:51:04+00:00","og_image":[{"width":1480,"height":1480,"url":"https:\/\/www.voustenshoes.com\/wp-content\/uploads\/2023\/06\/santoni_riemen-3006-removebg.png","type":"image\/png"}],"twitter_card":"summary_large_image","schema":{"@context":"https:\/\/schema.org","@graph":[{"@type":"WebPage","@id":"https:\/\/www.voustenshoes.com\/fr\/santoni-ceintuur-leather-black-37603\/","url":"https:\/\/www.voustenshoes.com\/fr\/santoni-ceintuur-leather-black-37603\/","name":"Santoni ceintuur leather black (37603) - Vousten Shoes","isPartOf":{"@id":"https:\/\/www.voustenshoes.com\/nl\/#website"},"primaryImageOfPage":{"@id":"https:\/\/www.voustenshoes.com\/fr\/santoni-ceintuur-leather-black-37603\/#primaryimage"},"image":{"@id":"https:\/\/www.voustenshoes.com\/fr\/santoni-ceintuur-leather-black-37603\/#primaryimage"},"thumbnailUrl":"https:\/\/www.voustenshoes.com\/wp-content\/uploads\/2023\/06\/santoni_riemen-3006-removebg.png","datePublished":"2024-10-23T15:44:13+00:00","dateModified":"2026-04-16T23:51:04+00:00","breadcrumb":{"@id":"https:\/\/www.voustenshoes.com\/fr\/santoni-ceintuur-leather-black-37603\/#breadcrumb"},"inLanguage":"fr-FR","potentialAction":[{"@type":"ReadAction","target":["https:\/\/www.voustenshoes.com\/fr\/santoni-ceintuur-leather-black-37603\/"]}]},{"@type":"ImageObject","inLanguage":"fr-FR","@id":"https:\/\/www.voustenshoes.com\/fr\/santoni-ceintuur-leather-black-37603\/#primaryimage","url":"https:\/\/www.voustenshoes.com\/wp-content\/uploads\/2023\/06\/santoni_riemen-3006-removebg.png","contentUrl":"https:\/\/www.voustenshoes.com\/wp-content\/uploads\/2023\/06\/santoni_riemen-3006-removebg.png","width":1480,"height":1480},{"@type":"BreadcrumbList","@id":"https:\/\/www.voustenshoes.com\/fr\/santoni-ceintuur-leather-black-37603\/#breadcrumb","itemListElement":[{"@type":"ListItem","position":1,"name":"Home","item":"https:\/\/www.voustenshoes.com\/fr\/"},{"@type":"ListItem","position":2,"name":"Boutique","item":"https:\/\/www.voustenshoes.com\/fr\/shop\/"},{"@type":"ListItem","position":3,"name":"Santoni ceintuur leather black (37603)"}]},{"@type":"WebSite","@id":"https:\/\/www.voustenshoes.com\/nl\/#website","url":"https:\/\/www.voustenshoes.com\/nl\/","name":"Vousten Shoes","description":"","potentialAction":[{"@type":"SearchAction","target":{"@type":"EntryPoint","urlTemplate":"https:\/\/www.voustenshoes.com\/nl\/?s={search_term_string}"},"query-input":{"@type":"PropertyValueSpecification","valueRequired":true,"valueName":"search_term_string"}}],"inLanguage":"fr-FR"}]}},"_links":{"self":[{"href":"https:\/\/www.voustenshoes.com\/fr\/wp-json\/wp\/v2\/product\/197855","targetHints":{"allow":["GET"]}}],"collection":[{"href":"https:\/\/www.voustenshoes.com\/fr\/wp-json\/wp\/v2\/product"}],"about":[{"href":"https:\/\/www.voustenshoes.com\/fr\/wp-json\/wp\/v2\/types\/product"}],"replies":[{"embeddable":true,"href":"https:\/\/www.voustenshoes.com\/fr\/wp-json\/wp\/v2\/comments?post=197855"}],"wp:featuredmedia":[{"embeddable":true,"href":"https:\/\/www.voustenshoes.com\/fr\/wp-json\/wp\/v2\/media\/197848"}],"wp:attachment":[{"href":"https:\/\/www.voustenshoes.com\/fr\/wp-json\/wp\/v2\/media?parent=197855"}],"wp:term":[{"taxonomy":"product_cat","embeddable":true,"href":"https:\/\/www.voustenshoes.com\/fr\/wp-json\/wp\/v2\/product_cat?post=197855"},{"taxonomy":"product_tag","embeddable":true,"href":"https:\/\/www.voustenshoes.com\/fr\/wp-json\/wp\/v2\/product_tag?post=197855"}],"curies":[{"name":"wp","href":"https:\/\/api.w.org\/{rel}","templated":true}]}}