{"id":198815,"date":"2024-10-23T20:52:20","date_gmt":"2024-10-23T18:52:20","guid":{"rendered":"https:\/\/www.voustenshoes.com\/santoni-nata-39912-2\/"},"modified":"2026-04-21T02:48:12","modified_gmt":"2026-04-21T00:48:12","slug":"santoni-nata-39912-2","status":"publish","type":"product","link":"https:\/\/www.voustenshoes.com\/fr\/santoni-nata-39912-2\/","title":{"rendered":"Santoni Nata (39912)"},"content":{"rendered":"<p>C&rsquo;est une chaussure en cuir de couleur marron fonc\u00e9 et dot\u00e9e de lacets.<\/p>\n<p>Santoni r\u00e9interpr\u00e8te le design intemporel de la desert boot avec une construction l\u00e9g\u00e8re et des d\u00e9tails tendances, soigneusement s\u00e9lectionn\u00e9s pour faire ressortir son c\u00f4t\u00e9 contemporain. Cette version est r\u00e9alis\u00e9e en daim et pr\u00e9sente une silhouette \u00e9pur\u00e9e mais r\u00e9sistante avec une \u00e9paisse semelle crant\u00e9e en caoutchouc.<\/p>\n<ul>\n<li>Largeur : standard \u00e0 spacieuse<\/li>\n<li>Fermeture : lacets<\/li>\n<li>D\u00e9tail : coutures d\u00e9coratives<\/li>\n<li>Ext\u00e9rieur : daim<\/li>\n<li>Int\u00e9rieur : cuir<\/li>\n<li>Construction de la semelle : caoutchouc<\/li>\n<li>Taille standard<\/li>\n<li>Ces chaussures Santoni sont fabriqu\u00e9es \u00e0 la main en Italie<\/li>\n<\/ul>\n<p>Livr\u00e9 dans l&#8217;emballage d&rsquo;origine Santoni avec sacs \u00e0 poussi\u00e8re assortis.<\/p>\n","protected":false},"excerpt":{"rendered":"<p>C&rsquo;est une chaussure en cuir de couleur marron fonc\u00e9 et dot\u00e9e de lacets. Santoni r\u00e9interpr\u00e8te le design intemporel de la desert boot avec une construction l\u00e9g\u00e8re et des d\u00e9tails tendances, soigneusement s\u00e9lectionn\u00e9s pour faire ressortir son c\u00f4t\u00e9 contemporain. Cette version est r\u00e9alis\u00e9e en daim et pr\u00e9sente une silhouette \u00e9pur\u00e9e mais r\u00e9sistante avec une \u00e9paisse semelle [&#8230;]\n","protected":false},"featured_media":210823,"comment_status":"open","ping_status":"closed","template":"","meta":{"rank_math_lock_modified_date":false},"product_cat":[1136,1164,1171,1176,1254,1257],"product_tag":[],"class_list":{"0":"post-198815","1":"product","2":"type-product","3":"status-publish","4":"has-post-thumbnail","6":"product_cat-heren-nl-fr","7":"product_cat-boots-nl-fr","8":"product_cat-schoenen-nl-fr","9":"product_cat-santoni-nl-fr","10":"product_cat-vousten-sports-nl-fr","11":"product_cat-veter-en-gespschoenen-nl-fr","13":"first","14":"instock","15":"taxable","16":"shipping-taxable","17":"purchasable","18":"product-type-variable"},"acf":[],"yoast_head":"<!-- This site is optimized with the Yoast SEO plugin v23.9 - https:\/\/yoast.com\/wordpress\/plugins\/seo\/ -->\n<title>Santoni Nata (39912) - Vousten Shoes<\/title>\n<meta name=\"robots\" content=\"index, follow, max-snippet:-1, max-image-preview:large, max-video-preview:-1\" \/>\n<link rel=\"canonical\" href=\"https:\/\/www.voustenshoes.com\/fr\/santoni-nata-39912-2\/\" \/>\n<meta property=\"og:locale\" content=\"fr_FR\" \/>\n<meta property=\"og:type\" content=\"article\" \/>\n<meta property=\"og:title\" content=\"Santoni Nata (39912) - Vousten Shoes\" \/>\n<meta property=\"og:description\" content=\"C&rsquo;est une chaussure en cuir de couleur marron fonc\u00e9 et dot\u00e9e de lacets. Santoni r\u00e9interpr\u00e8te le design intemporel de la desert boot avec une construction l\u00e9g\u00e8re et des d\u00e9tails tendances, soigneusement s\u00e9lectionn\u00e9s pour faire ressortir son c\u00f4t\u00e9 contemporain. Cette version est r\u00e9alis\u00e9e en daim et pr\u00e9sente une silhouette \u00e9pur\u00e9e mais r\u00e9sistante avec une \u00e9paisse semelle [...]\" \/>\n<meta property=\"og:url\" content=\"https:\/\/www.voustenshoes.com\/fr\/santoni-nata-39912-2\/\" \/>\n<meta property=\"og:site_name\" content=\"Vousten Shoes\" \/>\n<meta property=\"article:modified_time\" content=\"2026-04-21T00:48:12+00:00\" \/>\n<meta property=\"og:image\" content=\"https:\/\/www.voustenshoes.com\/wp-content\/uploads\/2023\/06\/santoni_nata_39912.png\" \/>\n\t<meta property=\"og:image:width\" content=\"1377\" \/>\n\t<meta property=\"og:image:height\" content=\"1377\" \/>\n\t<meta property=\"og:image:type\" content=\"image\/png\" \/>\n<meta name=\"twitter:card\" content=\"summary_large_image\" \/>\n<meta name=\"twitter:label1\" content=\"Est. reading time\" \/>\n\t<meta name=\"twitter:data1\" content=\"1 minute\" \/>\n<script type=\"application\/ld+json\" class=\"yoast-schema-graph\">{\"@context\":\"https:\/\/schema.org\",\"@graph\":[{\"@type\":\"WebPage\",\"@id\":\"https:\/\/www.voustenshoes.com\/fr\/santoni-nata-39912-2\/\",\"url\":\"https:\/\/www.voustenshoes.com\/fr\/santoni-nata-39912-2\/\",\"name\":\"Santoni Nata (39912) - Vousten Shoes\",\"isPartOf\":{\"@id\":\"https:\/\/www.voustenshoes.com\/nl\/#website\"},\"primaryImageOfPage\":{\"@id\":\"https:\/\/www.voustenshoes.com\/fr\/santoni-nata-39912-2\/#primaryimage\"},\"image\":{\"@id\":\"https:\/\/www.voustenshoes.com\/fr\/santoni-nata-39912-2\/#primaryimage\"},\"thumbnailUrl\":\"https:\/\/www.voustenshoes.com\/wp-content\/uploads\/2023\/06\/Santoni-Nata.png\",\"datePublished\":\"2024-10-23T18:52:20+00:00\",\"dateModified\":\"2026-04-21T00:48:12+00:00\",\"breadcrumb\":{\"@id\":\"https:\/\/www.voustenshoes.com\/fr\/santoni-nata-39912-2\/#breadcrumb\"},\"inLanguage\":\"fr-FR\",\"potentialAction\":[{\"@type\":\"ReadAction\",\"target\":[\"https:\/\/www.voustenshoes.com\/fr\/santoni-nata-39912-2\/\"]}]},{\"@type\":\"ImageObject\",\"inLanguage\":\"fr-FR\",\"@id\":\"https:\/\/www.voustenshoes.com\/fr\/santoni-nata-39912-2\/#primaryimage\",\"url\":\"https:\/\/www.voustenshoes.com\/wp-content\/uploads\/2023\/06\/Santoni-Nata.png\",\"contentUrl\":\"https:\/\/www.voustenshoes.com\/wp-content\/uploads\/2023\/06\/Santoni-Nata.png\",\"width\":1288,\"height\":1288},{\"@type\":\"BreadcrumbList\",\"@id\":\"https:\/\/www.voustenshoes.com\/fr\/santoni-nata-39912-2\/#breadcrumb\",\"itemListElement\":[{\"@type\":\"ListItem\",\"position\":1,\"name\":\"Home\",\"item\":\"https:\/\/www.voustenshoes.com\/fr\/\"},{\"@type\":\"ListItem\",\"position\":2,\"name\":\"Boutique\",\"item\":\"https:\/\/www.voustenshoes.com\/fr\/shop\/\"},{\"@type\":\"ListItem\",\"position\":3,\"name\":\"Santoni Nata (39912)\"}]},{\"@type\":\"WebSite\",\"@id\":\"https:\/\/www.voustenshoes.com\/nl\/#website\",\"url\":\"https:\/\/www.voustenshoes.com\/nl\/\",\"name\":\"Vousten Shoes\",\"description\":\"\",\"potentialAction\":[{\"@type\":\"SearchAction\",\"target\":{\"@type\":\"EntryPoint\",\"urlTemplate\":\"https:\/\/www.voustenshoes.com\/nl\/?s={search_term_string}\"},\"query-input\":{\"@type\":\"PropertyValueSpecification\",\"valueRequired\":true,\"valueName\":\"search_term_string\"}}],\"inLanguage\":\"fr-FR\"}]}<\/script>\n<!-- \/ Yoast SEO plugin. -->","yoast_head_json":{"title":"Santoni Nata (39912) - Vousten Shoes","robots":{"index":"index","follow":"follow","max-snippet":"max-snippet:-1","max-image-preview":"max-image-preview:large","max-video-preview":"max-video-preview:-1"},"canonical":"https:\/\/www.voustenshoes.com\/fr\/santoni-nata-39912-2\/","og_locale":"fr_FR","og_type":"article","og_title":"Santoni Nata (39912) - Vousten Shoes","og_description":"C&rsquo;est une chaussure en cuir de couleur marron fonc\u00e9 et dot\u00e9e de lacets. Santoni r\u00e9interpr\u00e8te le design intemporel de la desert boot avec une construction l\u00e9g\u00e8re et des d\u00e9tails tendances, soigneusement s\u00e9lectionn\u00e9s pour faire ressortir son c\u00f4t\u00e9 contemporain. Cette version est r\u00e9alis\u00e9e en daim et pr\u00e9sente une silhouette \u00e9pur\u00e9e mais r\u00e9sistante avec une \u00e9paisse semelle [...]","og_url":"https:\/\/www.voustenshoes.com\/fr\/santoni-nata-39912-2\/","og_site_name":"Vousten Shoes","article_modified_time":"2026-04-21T00:48:12+00:00","og_image":[{"width":1377,"height":1377,"url":"https:\/\/www.voustenshoes.com\/wp-content\/uploads\/2023\/06\/santoni_nata_39912.png","type":"image\/png"}],"twitter_card":"summary_large_image","twitter_misc":{"Est. reading time":"1 minute"},"schema":{"@context":"https:\/\/schema.org","@graph":[{"@type":"WebPage","@id":"https:\/\/www.voustenshoes.com\/fr\/santoni-nata-39912-2\/","url":"https:\/\/www.voustenshoes.com\/fr\/santoni-nata-39912-2\/","name":"Santoni Nata (39912) - Vousten Shoes","isPartOf":{"@id":"https:\/\/www.voustenshoes.com\/nl\/#website"},"primaryImageOfPage":{"@id":"https:\/\/www.voustenshoes.com\/fr\/santoni-nata-39912-2\/#primaryimage"},"image":{"@id":"https:\/\/www.voustenshoes.com\/fr\/santoni-nata-39912-2\/#primaryimage"},"thumbnailUrl":"https:\/\/www.voustenshoes.com\/wp-content\/uploads\/2023\/06\/Santoni-Nata.png","datePublished":"2024-10-23T18:52:20+00:00","dateModified":"2026-04-21T00:48:12+00:00","breadcrumb":{"@id":"https:\/\/www.voustenshoes.com\/fr\/santoni-nata-39912-2\/#breadcrumb"},"inLanguage":"fr-FR","potentialAction":[{"@type":"ReadAction","target":["https:\/\/www.voustenshoes.com\/fr\/santoni-nata-39912-2\/"]}]},{"@type":"ImageObject","inLanguage":"fr-FR","@id":"https:\/\/www.voustenshoes.com\/fr\/santoni-nata-39912-2\/#primaryimage","url":"https:\/\/www.voustenshoes.com\/wp-content\/uploads\/2023\/06\/Santoni-Nata.png","contentUrl":"https:\/\/www.voustenshoes.com\/wp-content\/uploads\/2023\/06\/Santoni-Nata.png","width":1288,"height":1288},{"@type":"BreadcrumbList","@id":"https:\/\/www.voustenshoes.com\/fr\/santoni-nata-39912-2\/#breadcrumb","itemListElement":[{"@type":"ListItem","position":1,"name":"Home","item":"https:\/\/www.voustenshoes.com\/fr\/"},{"@type":"ListItem","position":2,"name":"Boutique","item":"https:\/\/www.voustenshoes.com\/fr\/shop\/"},{"@type":"ListItem","position":3,"name":"Santoni Nata (39912)"}]},{"@type":"WebSite","@id":"https:\/\/www.voustenshoes.com\/nl\/#website","url":"https:\/\/www.voustenshoes.com\/nl\/","name":"Vousten Shoes","description":"","potentialAction":[{"@type":"SearchAction","target":{"@type":"EntryPoint","urlTemplate":"https:\/\/www.voustenshoes.com\/nl\/?s={search_term_string}"},"query-input":{"@type":"PropertyValueSpecification","valueRequired":true,"valueName":"search_term_string"}}],"inLanguage":"fr-FR"}]}},"_links":{"self":[{"href":"https:\/\/www.voustenshoes.com\/fr\/wp-json\/wp\/v2\/product\/198815","targetHints":{"allow":["GET"]}}],"collection":[{"href":"https:\/\/www.voustenshoes.com\/fr\/wp-json\/wp\/v2\/product"}],"about":[{"href":"https:\/\/www.voustenshoes.com\/fr\/wp-json\/wp\/v2\/types\/product"}],"replies":[{"embeddable":true,"href":"https:\/\/www.voustenshoes.com\/fr\/wp-json\/wp\/v2\/comments?post=198815"}],"wp:featuredmedia":[{"embeddable":true,"href":"https:\/\/www.voustenshoes.com\/fr\/wp-json\/wp\/v2\/media\/210823"}],"wp:attachment":[{"href":"https:\/\/www.voustenshoes.com\/fr\/wp-json\/wp\/v2\/media?parent=198815"}],"wp:term":[{"taxonomy":"product_cat","embeddable":true,"href":"https:\/\/www.voustenshoes.com\/fr\/wp-json\/wp\/v2\/product_cat?post=198815"},{"taxonomy":"product_tag","embeddable":true,"href":"https:\/\/www.voustenshoes.com\/fr\/wp-json\/wp\/v2\/product_tag?post=198815"}],"curies":[{"name":"wp","href":"https:\/\/api.w.org\/{rel}","templated":true}]}}