{"id":205729,"date":"2024-10-31T13:32:06","date_gmt":"2024-10-31T12:32:06","guid":{"rendered":"https:\/\/www.voustenshoes.com\/la-cardonnerie-embauchoirs\/"},"modified":"2026-02-05T10:50:33","modified_gmt":"2026-02-05T09:50:33","slug":"la-cardonnerie-embauchoirs","status":"publish","type":"product","link":"https:\/\/www.voustenshoes.com\/fr\/la-cardonnerie-embauchoirs\/","title":{"rendered":"LA CARDONNERIE &#8211; Embauchoirs (18863)"},"content":{"rendered":"<p>Bois de h\u00eatre, embauchoirs l\u00e9g\u00e8rement huil\u00e9s de La Cordonnerie Anglaise \u2013 Paris. Les embauchoirs massifs sont \u00e9quip\u00e9s de diff\u00e9rents ressorts afin de bien s&rsquo;adapter \u00e0 la forme de vos chaussures. De plus, les embauchoirs ont un \u00e9videment \u00e0 l&rsquo;avant afin que les chaussures re\u00e7oivent suffisamment d&rsquo;air apr\u00e8s le port et que l&rsquo;humidit\u00e9 de vos chaussures puisse s&rsquo;\u00e9vaporer.<\/p>\n","protected":false},"excerpt":{"rendered":"<p>Bois de h\u00eatre, embauchoirs l\u00e9g\u00e8rement huil\u00e9s de La Cordonnerie Anglaise \u2013 Paris. Les embauchoirs massifs sont \u00e9quip\u00e9s de diff\u00e9rents ressorts afin de bien s&rsquo;adapter \u00e0 la forme de vos chaussures. De plus, les embauchoirs ont un \u00e9videment \u00e0 l&rsquo;avant afin que les chaussures re\u00e7oivent suffisamment d&rsquo;air apr\u00e8s le port et que l&rsquo;humidit\u00e9 de vos chaussures [&#8230;]\n","protected":false},"featured_media":205720,"comment_status":"open","ping_status":"closed","template":"","meta":{"rank_math_lock_modified_date":false},"product_cat":[1136,1176,1282,1399],"product_tag":[],"class_list":{"0":"post-205729","1":"product","2":"type-product","3":"status-publish","4":"has-post-thumbnail","6":"product_cat-heren-nl-fr","7":"product_cat-santoni-nl-fr","8":"product_cat-schoenverzorging-nl-fr","9":"product_cat-gifts-2-fr","11":"first","12":"instock","13":"taxable","14":"shipping-taxable","15":"purchasable","16":"product-type-variable"},"acf":[],"yoast_head":"<!-- This site is optimized with the Yoast SEO plugin v23.9 - https:\/\/yoast.com\/wordpress\/plugins\/seo\/ -->\n<title>LA CARDONNERIE - Embauchoirs (18863) - Vousten Shoes<\/title>\n<meta name=\"robots\" content=\"index, follow, max-snippet:-1, max-image-preview:large, max-video-preview:-1\" \/>\n<link rel=\"canonical\" href=\"https:\/\/www.voustenshoes.com\/fr\/la-cardonnerie-embauchoirs\/\" \/>\n<meta property=\"og:locale\" content=\"fr_FR\" \/>\n<meta property=\"og:type\" content=\"article\" \/>\n<meta property=\"og:title\" content=\"LA CARDONNERIE - Embauchoirs (18863) - Vousten Shoes\" \/>\n<meta property=\"og:description\" content=\"Bois de h\u00eatre, embauchoirs l\u00e9g\u00e8rement huil\u00e9s de La Cordonnerie Anglaise \u2013 Paris. Les embauchoirs massifs sont \u00e9quip\u00e9s de diff\u00e9rents ressorts afin de bien s&rsquo;adapter \u00e0 la forme de vos chaussures. De plus, les embauchoirs ont un \u00e9videment \u00e0 l&rsquo;avant afin que les chaussures re\u00e7oivent suffisamment d&rsquo;air apr\u00e8s le port et que l&rsquo;humidit\u00e9 de vos chaussures [...]\" \/>\n<meta property=\"og:url\" content=\"https:\/\/www.voustenshoes.com\/fr\/la-cardonnerie-embauchoirs\/\" \/>\n<meta property=\"og:site_name\" content=\"Vousten Shoes\" \/>\n<meta property=\"article:modified_time\" content=\"2026-02-05T09:50:33+00:00\" \/>\n<meta property=\"og:image\" content=\"https:\/\/www.voustenshoes.com\/wp-content\/uploads\/2023\/06\/italo_3_van_3_1.jpg\" \/>\n\t<meta property=\"og:image:width\" content=\"1950\" \/>\n\t<meta property=\"og:image:height\" content=\"1300\" \/>\n\t<meta property=\"og:image:type\" content=\"image\/jpeg\" \/>\n<meta name=\"twitter:card\" content=\"summary_large_image\" \/>\n<script type=\"application\/ld+json\" class=\"yoast-schema-graph\">{\"@context\":\"https:\/\/schema.org\",\"@graph\":[{\"@type\":\"WebPage\",\"@id\":\"https:\/\/www.voustenshoes.com\/fr\/la-cardonnerie-embauchoirs\/\",\"url\":\"https:\/\/www.voustenshoes.com\/fr\/la-cardonnerie-embauchoirs\/\",\"name\":\"LA CARDONNERIE - Embauchoirs (18863) - Vousten Shoes\",\"isPartOf\":{\"@id\":\"https:\/\/www.voustenshoes.com\/nl\/#website\"},\"primaryImageOfPage\":{\"@id\":\"https:\/\/www.voustenshoes.com\/fr\/la-cardonnerie-embauchoirs\/#primaryimage\"},\"image\":{\"@id\":\"https:\/\/www.voustenshoes.com\/fr\/la-cardonnerie-embauchoirs\/#primaryimage\"},\"thumbnailUrl\":\"https:\/\/www.voustenshoes.com\/wp-content\/uploads\/2023\/06\/italo_3_van_3_1.jpg\",\"datePublished\":\"2024-10-31T12:32:06+00:00\",\"dateModified\":\"2026-02-05T09:50:33+00:00\",\"breadcrumb\":{\"@id\":\"https:\/\/www.voustenshoes.com\/fr\/la-cardonnerie-embauchoirs\/#breadcrumb\"},\"inLanguage\":\"fr-FR\",\"potentialAction\":[{\"@type\":\"ReadAction\",\"target\":[\"https:\/\/www.voustenshoes.com\/fr\/la-cardonnerie-embauchoirs\/\"]}]},{\"@type\":\"ImageObject\",\"inLanguage\":\"fr-FR\",\"@id\":\"https:\/\/www.voustenshoes.com\/fr\/la-cardonnerie-embauchoirs\/#primaryimage\",\"url\":\"https:\/\/www.voustenshoes.com\/wp-content\/uploads\/2023\/06\/italo_3_van_3_1.jpg\",\"contentUrl\":\"https:\/\/www.voustenshoes.com\/wp-content\/uploads\/2023\/06\/italo_3_van_3_1.jpg\",\"width\":1950,\"height\":1300},{\"@type\":\"BreadcrumbList\",\"@id\":\"https:\/\/www.voustenshoes.com\/fr\/la-cardonnerie-embauchoirs\/#breadcrumb\",\"itemListElement\":[{\"@type\":\"ListItem\",\"position\":1,\"name\":\"Home\",\"item\":\"https:\/\/www.voustenshoes.com\/fr\/\"},{\"@type\":\"ListItem\",\"position\":2,\"name\":\"Boutique\",\"item\":\"https:\/\/www.voustenshoes.com\/fr\/shop\/\"},{\"@type\":\"ListItem\",\"position\":3,\"name\":\"LA CARDONNERIE &#8211; Embauchoirs (18863)\"}]},{\"@type\":\"WebSite\",\"@id\":\"https:\/\/www.voustenshoes.com\/nl\/#website\",\"url\":\"https:\/\/www.voustenshoes.com\/nl\/\",\"name\":\"Vousten Shoes\",\"description\":\"\",\"potentialAction\":[{\"@type\":\"SearchAction\",\"target\":{\"@type\":\"EntryPoint\",\"urlTemplate\":\"https:\/\/www.voustenshoes.com\/nl\/?s={search_term_string}\"},\"query-input\":{\"@type\":\"PropertyValueSpecification\",\"valueRequired\":true,\"valueName\":\"search_term_string\"}}],\"inLanguage\":\"fr-FR\"}]}<\/script>\n<!-- \/ Yoast SEO plugin. -->","yoast_head_json":{"title":"LA CARDONNERIE - Embauchoirs (18863) - Vousten Shoes","robots":{"index":"index","follow":"follow","max-snippet":"max-snippet:-1","max-image-preview":"max-image-preview:large","max-video-preview":"max-video-preview:-1"},"canonical":"https:\/\/www.voustenshoes.com\/fr\/la-cardonnerie-embauchoirs\/","og_locale":"fr_FR","og_type":"article","og_title":"LA CARDONNERIE - Embauchoirs (18863) - Vousten Shoes","og_description":"Bois de h\u00eatre, embauchoirs l\u00e9g\u00e8rement huil\u00e9s de La Cordonnerie Anglaise \u2013 Paris. Les embauchoirs massifs sont \u00e9quip\u00e9s de diff\u00e9rents ressorts afin de bien s&rsquo;adapter \u00e0 la forme de vos chaussures. De plus, les embauchoirs ont un \u00e9videment \u00e0 l&rsquo;avant afin que les chaussures re\u00e7oivent suffisamment d&rsquo;air apr\u00e8s le port et que l&rsquo;humidit\u00e9 de vos chaussures [...]","og_url":"https:\/\/www.voustenshoes.com\/fr\/la-cardonnerie-embauchoirs\/","og_site_name":"Vousten Shoes","article_modified_time":"2026-02-05T09:50:33+00:00","og_image":[{"width":1950,"height":1300,"url":"https:\/\/www.voustenshoes.com\/wp-content\/uploads\/2023\/06\/italo_3_van_3_1.jpg","type":"image\/jpeg"}],"twitter_card":"summary_large_image","schema":{"@context":"https:\/\/schema.org","@graph":[{"@type":"WebPage","@id":"https:\/\/www.voustenshoes.com\/fr\/la-cardonnerie-embauchoirs\/","url":"https:\/\/www.voustenshoes.com\/fr\/la-cardonnerie-embauchoirs\/","name":"LA CARDONNERIE - Embauchoirs (18863) - Vousten Shoes","isPartOf":{"@id":"https:\/\/www.voustenshoes.com\/nl\/#website"},"primaryImageOfPage":{"@id":"https:\/\/www.voustenshoes.com\/fr\/la-cardonnerie-embauchoirs\/#primaryimage"},"image":{"@id":"https:\/\/www.voustenshoes.com\/fr\/la-cardonnerie-embauchoirs\/#primaryimage"},"thumbnailUrl":"https:\/\/www.voustenshoes.com\/wp-content\/uploads\/2023\/06\/italo_3_van_3_1.jpg","datePublished":"2024-10-31T12:32:06+00:00","dateModified":"2026-02-05T09:50:33+00:00","breadcrumb":{"@id":"https:\/\/www.voustenshoes.com\/fr\/la-cardonnerie-embauchoirs\/#breadcrumb"},"inLanguage":"fr-FR","potentialAction":[{"@type":"ReadAction","target":["https:\/\/www.voustenshoes.com\/fr\/la-cardonnerie-embauchoirs\/"]}]},{"@type":"ImageObject","inLanguage":"fr-FR","@id":"https:\/\/www.voustenshoes.com\/fr\/la-cardonnerie-embauchoirs\/#primaryimage","url":"https:\/\/www.voustenshoes.com\/wp-content\/uploads\/2023\/06\/italo_3_van_3_1.jpg","contentUrl":"https:\/\/www.voustenshoes.com\/wp-content\/uploads\/2023\/06\/italo_3_van_3_1.jpg","width":1950,"height":1300},{"@type":"BreadcrumbList","@id":"https:\/\/www.voustenshoes.com\/fr\/la-cardonnerie-embauchoirs\/#breadcrumb","itemListElement":[{"@type":"ListItem","position":1,"name":"Home","item":"https:\/\/www.voustenshoes.com\/fr\/"},{"@type":"ListItem","position":2,"name":"Boutique","item":"https:\/\/www.voustenshoes.com\/fr\/shop\/"},{"@type":"ListItem","position":3,"name":"LA CARDONNERIE &#8211; Embauchoirs (18863)"}]},{"@type":"WebSite","@id":"https:\/\/www.voustenshoes.com\/nl\/#website","url":"https:\/\/www.voustenshoes.com\/nl\/","name":"Vousten Shoes","description":"","potentialAction":[{"@type":"SearchAction","target":{"@type":"EntryPoint","urlTemplate":"https:\/\/www.voustenshoes.com\/nl\/?s={search_term_string}"},"query-input":{"@type":"PropertyValueSpecification","valueRequired":true,"valueName":"search_term_string"}}],"inLanguage":"fr-FR"}]}},"_links":{"self":[{"href":"https:\/\/www.voustenshoes.com\/fr\/wp-json\/wp\/v2\/product\/205729","targetHints":{"allow":["GET"]}}],"collection":[{"href":"https:\/\/www.voustenshoes.com\/fr\/wp-json\/wp\/v2\/product"}],"about":[{"href":"https:\/\/www.voustenshoes.com\/fr\/wp-json\/wp\/v2\/types\/product"}],"replies":[{"embeddable":true,"href":"https:\/\/www.voustenshoes.com\/fr\/wp-json\/wp\/v2\/comments?post=205729"}],"wp:featuredmedia":[{"embeddable":true,"href":"https:\/\/www.voustenshoes.com\/fr\/wp-json\/wp\/v2\/media\/205720"}],"wp:attachment":[{"href":"https:\/\/www.voustenshoes.com\/fr\/wp-json\/wp\/v2\/media?parent=205729"}],"wp:term":[{"taxonomy":"product_cat","embeddable":true,"href":"https:\/\/www.voustenshoes.com\/fr\/wp-json\/wp\/v2\/product_cat?post=205729"},{"taxonomy":"product_tag","embeddable":true,"href":"https:\/\/www.voustenshoes.com\/fr\/wp-json\/wp\/v2\/product_tag?post=205729"}],"curies":[{"name":"wp","href":"https:\/\/api.w.org\/{rel}","templated":true}]}}