{"id":209552,"date":"2024-11-13T16:32:04","date_gmt":"2024-11-13T15:32:05","guid":{"rendered":"https:\/\/www.voustenshoes.com\/santoni-nava-40031-2\/"},"modified":"2026-03-28T01:36:13","modified_gmt":"2026-03-28T00:36:13","slug":"santoni-nava-40031-2","status":"publish","type":"product","link":"https:\/\/www.voustenshoes.com\/fr\/santoni-nava-40031-2\/","title":{"rendered":"Santoni Nava (40031)"},"content":{"rendered":"<p>Une fusion harmonieuse entre allure artisanale et charme contemporain. Structur\u00e9e mais l\u00e9g\u00e8re, cette chaussure Derby \u00e0 lacets est con\u00e7ue avec une construction sp\u00e9ciale Goodyear pour une sensation ultra douce et flexible. La semelle en caoutchouc robuste offre une adh\u00e9rence optimale.<br \/>\nC&rsquo;est une chaussure \u00e0 la cheville en cuir et pr\u00e9sente diff\u00e9rentes nuances de marron.<\/p>\n<ul>\n<li>Largeur : standard \u00e0 spacieuse<\/li>\n<li>Fermeture : dentelle<\/li>\n<li>D\u00e9tail : color\u00e9 \u00e0 la main<\/li>\n<li>Ext\u00e9rieur : cuir<\/li>\n<li>Int\u00e9rieur : cuir<\/li>\n<li>Construction de la semelle : Goodyear<\/li>\n<li>Taille standard<\/li>\n<li>Ceinture assortie possible<\/li>\n<li>Ces chaussures Santoni sont fabriqu\u00e9es \u00e0 la main en Italie<\/li>\n<\/ul>\n<p>Livr\u00e9 dans la bo\u00eete d&rsquo;origine Santoni, avec sacs \u00e0 poussi\u00e8re qui l&rsquo;accompagnent.<\/p>\n","protected":false},"excerpt":{"rendered":"<p>Une fusion harmonieuse entre allure artisanale et charme contemporain. Structur\u00e9e mais l\u00e9g\u00e8re, cette chaussure Derby \u00e0 lacets est con\u00e7ue avec une construction sp\u00e9ciale Goodyear pour une sensation ultra douce et flexible. La semelle en caoutchouc robuste offre une adh\u00e9rence optimale. C&rsquo;est une chaussure \u00e0 la cheville en cuir et pr\u00e9sente diff\u00e9rentes nuances de marron. Largeur [&#8230;]\n","protected":false},"featured_media":210639,"comment_status":"open","ping_status":"closed","template":"","meta":{"rank_math_lock_modified_date":false},"product_cat":[1242,1254,1136,1171,1176],"product_tag":[],"class_list":{"0":"post-209552","1":"product","2":"type-product","3":"status-publish","4":"has-post-thumbnail","6":"product_cat-winterschoenen-nl-fr","7":"product_cat-vousten-sports-nl-fr","8":"product_cat-heren-nl-fr","9":"product_cat-schoenen-nl-fr","10":"product_cat-santoni-nl-fr","12":"first","13":"instock","14":"taxable","15":"shipping-taxable","16":"purchasable","17":"product-type-variable"},"acf":[],"yoast_head":"<!-- This site is optimized with the Yoast SEO plugin v23.9 - https:\/\/yoast.com\/wordpress\/plugins\/seo\/ -->\n<title>Santoni Nava (40031) - Vousten Shoes<\/title>\n<meta name=\"robots\" content=\"index, follow, max-snippet:-1, max-image-preview:large, max-video-preview:-1\" \/>\n<link rel=\"canonical\" href=\"https:\/\/www.voustenshoes.com\/fr\/santoni-nava-40031-2\/\" \/>\n<meta property=\"og:locale\" content=\"fr_FR\" \/>\n<meta property=\"og:type\" content=\"article\" \/>\n<meta property=\"og:title\" content=\"Santoni Nava (40031) - Vousten Shoes\" \/>\n<meta property=\"og:description\" content=\"Une fusion harmonieuse entre allure artisanale et charme contemporain. Structur\u00e9e mais l\u00e9g\u00e8re, cette chaussure Derby \u00e0 lacets est con\u00e7ue avec une construction sp\u00e9ciale Goodyear pour une sensation ultra douce et flexible. La semelle en caoutchouc robuste offre une adh\u00e9rence optimale. C&rsquo;est une chaussure \u00e0 la cheville en cuir et pr\u00e9sente diff\u00e9rentes nuances de marron. Largeur [...]\" \/>\n<meta property=\"og:url\" content=\"https:\/\/www.voustenshoes.com\/fr\/santoni-nava-40031-2\/\" \/>\n<meta property=\"og:site_name\" content=\"Vousten Shoes\" \/>\n<meta property=\"article:modified_time\" content=\"2026-03-28T00:36:13+00:00\" \/>\n<meta property=\"og:image\" content=\"https:\/\/www.voustenshoes.com\/wp-content\/uploads\/2023\/06\/santoni_nava_40031.png\" \/>\n\t<meta property=\"og:image:width\" content=\"1288\" \/>\n\t<meta property=\"og:image:height\" content=\"1288\" \/>\n\t<meta property=\"og:image:type\" content=\"image\/png\" \/>\n<meta name=\"twitter:card\" content=\"summary_large_image\" \/>\n<meta name=\"twitter:label1\" content=\"Est. reading time\" \/>\n\t<meta name=\"twitter:data1\" content=\"1 minute\" \/>\n<script type=\"application\/ld+json\" class=\"yoast-schema-graph\">{\"@context\":\"https:\/\/schema.org\",\"@graph\":[{\"@type\":\"WebPage\",\"@id\":\"https:\/\/www.voustenshoes.com\/fr\/santoni-nava-40031-2\/\",\"url\":\"https:\/\/www.voustenshoes.com\/fr\/santoni-nava-40031-2\/\",\"name\":\"Santoni Nava (40031) - Vousten Shoes\",\"isPartOf\":{\"@id\":\"https:\/\/www.voustenshoes.com\/nl\/#website\"},\"primaryImageOfPage\":{\"@id\":\"https:\/\/www.voustenshoes.com\/fr\/santoni-nava-40031-2\/#primaryimage\"},\"image\":{\"@id\":\"https:\/\/www.voustenshoes.com\/fr\/santoni-nava-40031-2\/#primaryimage\"},\"thumbnailUrl\":\"https:\/\/www.voustenshoes.com\/wp-content\/uploads\/2023\/06\/Santoni-Roge-8.png\",\"datePublished\":\"2024-11-13T15:32:05+00:00\",\"dateModified\":\"2026-03-28T00:36:13+00:00\",\"breadcrumb\":{\"@id\":\"https:\/\/www.voustenshoes.com\/fr\/santoni-nava-40031-2\/#breadcrumb\"},\"inLanguage\":\"fr-FR\",\"potentialAction\":[{\"@type\":\"ReadAction\",\"target\":[\"https:\/\/www.voustenshoes.com\/fr\/santoni-nava-40031-2\/\"]}]},{\"@type\":\"ImageObject\",\"inLanguage\":\"fr-FR\",\"@id\":\"https:\/\/www.voustenshoes.com\/fr\/santoni-nava-40031-2\/#primaryimage\",\"url\":\"https:\/\/www.voustenshoes.com\/wp-content\/uploads\/2023\/06\/Santoni-Roge-8.png\",\"contentUrl\":\"https:\/\/www.voustenshoes.com\/wp-content\/uploads\/2023\/06\/Santoni-Roge-8.png\",\"width\":1288,\"height\":1288},{\"@type\":\"BreadcrumbList\",\"@id\":\"https:\/\/www.voustenshoes.com\/fr\/santoni-nava-40031-2\/#breadcrumb\",\"itemListElement\":[{\"@type\":\"ListItem\",\"position\":1,\"name\":\"Home\",\"item\":\"https:\/\/www.voustenshoes.com\/fr\/\"},{\"@type\":\"ListItem\",\"position\":2,\"name\":\"Boutique\",\"item\":\"https:\/\/www.voustenshoes.com\/fr\/shop\/\"},{\"@type\":\"ListItem\",\"position\":3,\"name\":\"Santoni Nava (40031)\"}]},{\"@type\":\"WebSite\",\"@id\":\"https:\/\/www.voustenshoes.com\/nl\/#website\",\"url\":\"https:\/\/www.voustenshoes.com\/nl\/\",\"name\":\"Vousten Shoes\",\"description\":\"\",\"potentialAction\":[{\"@type\":\"SearchAction\",\"target\":{\"@type\":\"EntryPoint\",\"urlTemplate\":\"https:\/\/www.voustenshoes.com\/nl\/?s={search_term_string}\"},\"query-input\":{\"@type\":\"PropertyValueSpecification\",\"valueRequired\":true,\"valueName\":\"search_term_string\"}}],\"inLanguage\":\"fr-FR\"}]}<\/script>\n<!-- \/ Yoast SEO plugin. -->","yoast_head_json":{"title":"Santoni Nava (40031) - Vousten Shoes","robots":{"index":"index","follow":"follow","max-snippet":"max-snippet:-1","max-image-preview":"max-image-preview:large","max-video-preview":"max-video-preview:-1"},"canonical":"https:\/\/www.voustenshoes.com\/fr\/santoni-nava-40031-2\/","og_locale":"fr_FR","og_type":"article","og_title":"Santoni Nava (40031) - Vousten Shoes","og_description":"Une fusion harmonieuse entre allure artisanale et charme contemporain. Structur\u00e9e mais l\u00e9g\u00e8re, cette chaussure Derby \u00e0 lacets est con\u00e7ue avec une construction sp\u00e9ciale Goodyear pour une sensation ultra douce et flexible. La semelle en caoutchouc robuste offre une adh\u00e9rence optimale. C&rsquo;est une chaussure \u00e0 la cheville en cuir et pr\u00e9sente diff\u00e9rentes nuances de marron. Largeur [...]","og_url":"https:\/\/www.voustenshoes.com\/fr\/santoni-nava-40031-2\/","og_site_name":"Vousten Shoes","article_modified_time":"2026-03-28T00:36:13+00:00","og_image":[{"width":1288,"height":1288,"url":"https:\/\/www.voustenshoes.com\/wp-content\/uploads\/2023\/06\/santoni_nava_40031.png","type":"image\/png"}],"twitter_card":"summary_large_image","twitter_misc":{"Est. reading time":"1 minute"},"schema":{"@context":"https:\/\/schema.org","@graph":[{"@type":"WebPage","@id":"https:\/\/www.voustenshoes.com\/fr\/santoni-nava-40031-2\/","url":"https:\/\/www.voustenshoes.com\/fr\/santoni-nava-40031-2\/","name":"Santoni Nava (40031) - Vousten Shoes","isPartOf":{"@id":"https:\/\/www.voustenshoes.com\/nl\/#website"},"primaryImageOfPage":{"@id":"https:\/\/www.voustenshoes.com\/fr\/santoni-nava-40031-2\/#primaryimage"},"image":{"@id":"https:\/\/www.voustenshoes.com\/fr\/santoni-nava-40031-2\/#primaryimage"},"thumbnailUrl":"https:\/\/www.voustenshoes.com\/wp-content\/uploads\/2023\/06\/Santoni-Roge-8.png","datePublished":"2024-11-13T15:32:05+00:00","dateModified":"2026-03-28T00:36:13+00:00","breadcrumb":{"@id":"https:\/\/www.voustenshoes.com\/fr\/santoni-nava-40031-2\/#breadcrumb"},"inLanguage":"fr-FR","potentialAction":[{"@type":"ReadAction","target":["https:\/\/www.voustenshoes.com\/fr\/santoni-nava-40031-2\/"]}]},{"@type":"ImageObject","inLanguage":"fr-FR","@id":"https:\/\/www.voustenshoes.com\/fr\/santoni-nava-40031-2\/#primaryimage","url":"https:\/\/www.voustenshoes.com\/wp-content\/uploads\/2023\/06\/Santoni-Roge-8.png","contentUrl":"https:\/\/www.voustenshoes.com\/wp-content\/uploads\/2023\/06\/Santoni-Roge-8.png","width":1288,"height":1288},{"@type":"BreadcrumbList","@id":"https:\/\/www.voustenshoes.com\/fr\/santoni-nava-40031-2\/#breadcrumb","itemListElement":[{"@type":"ListItem","position":1,"name":"Home","item":"https:\/\/www.voustenshoes.com\/fr\/"},{"@type":"ListItem","position":2,"name":"Boutique","item":"https:\/\/www.voustenshoes.com\/fr\/shop\/"},{"@type":"ListItem","position":3,"name":"Santoni Nava (40031)"}]},{"@type":"WebSite","@id":"https:\/\/www.voustenshoes.com\/nl\/#website","url":"https:\/\/www.voustenshoes.com\/nl\/","name":"Vousten Shoes","description":"","potentialAction":[{"@type":"SearchAction","target":{"@type":"EntryPoint","urlTemplate":"https:\/\/www.voustenshoes.com\/nl\/?s={search_term_string}"},"query-input":{"@type":"PropertyValueSpecification","valueRequired":true,"valueName":"search_term_string"}}],"inLanguage":"fr-FR"}]}},"_links":{"self":[{"href":"https:\/\/www.voustenshoes.com\/fr\/wp-json\/wp\/v2\/product\/209552","targetHints":{"allow":["GET"]}}],"collection":[{"href":"https:\/\/www.voustenshoes.com\/fr\/wp-json\/wp\/v2\/product"}],"about":[{"href":"https:\/\/www.voustenshoes.com\/fr\/wp-json\/wp\/v2\/types\/product"}],"replies":[{"embeddable":true,"href":"https:\/\/www.voustenshoes.com\/fr\/wp-json\/wp\/v2\/comments?post=209552"}],"wp:featuredmedia":[{"embeddable":true,"href":"https:\/\/www.voustenshoes.com\/fr\/wp-json\/wp\/v2\/media\/210639"}],"wp:attachment":[{"href":"https:\/\/www.voustenshoes.com\/fr\/wp-json\/wp\/v2\/media?parent=209552"}],"wp:term":[{"taxonomy":"product_cat","embeddable":true,"href":"https:\/\/www.voustenshoes.com\/fr\/wp-json\/wp\/v2\/product_cat?post=209552"},{"taxonomy":"product_tag","embeddable":true,"href":"https:\/\/www.voustenshoes.com\/fr\/wp-json\/wp\/v2\/product_tag?post=209552"}],"curies":[{"name":"wp","href":"https:\/\/api.w.org\/{rel}","templated":true}]}}