{"id":212271,"date":"2024-06-22T05:32:04","date_gmt":"2024-12-16T16:16:08","guid":{"rendered":"https:\/\/www.voustenshoes.com\/santoni-branded-metal-shoehorn-38323\/"},"modified":"2026-02-05T11:18:02","modified_gmt":"2026-02-05T10:18:02","slug":"santoni-branded-metal-shoehorn-38323","status":"publish","type":"product","link":"https:\/\/www.voustenshoes.com\/fr\/santoni-branded-metal-shoehorn-38323\/","title":{"rendered":"SANTONI &#8211; Branded Metal Shoehorn (38323)"},"content":{"rendered":"<p>Offrez-vous ou offrez \u00e0 quelqu&rsquo;un de sp\u00e9cial ce chausse-pied exclusif Santoni, dot\u00e9 d&rsquo;une silhouette \u00e9l\u00e9gante con\u00e7ue pour suivre les contours naturels du pied pour un confort maximal. Fabriqu\u00e9 en m\u00e9tal, il est rehauss\u00e9 d&rsquo;un logo imprim\u00e9 et d&rsquo;un trou de suspension pratique \u00e0 l&rsquo;extr\u00e9mit\u00e9.<\/p>\n<p>D\u00e9tails du produit<\/p>\n<ul>\n<li>Chausse-pied en m\u00e9tal<\/li>\n<li>Couleur : dor\u00e9<\/li>\n<li>Bo\u00eete rectangulaire<\/li>\n<li>Logo Santoni imprim\u00e9<\/li>\n<li>Trou de suspension<\/li>\n<li>Dimensions : 18 cm<\/li>\n<\/ul>\n<p>100% fabriqu\u00e9 en Italie<\/p>\n","protected":false},"excerpt":{"rendered":"<p>Offrez-vous ou offrez \u00e0 quelqu&rsquo;un de sp\u00e9cial ce chausse-pied exclusif Santoni, dot\u00e9 d&rsquo;une silhouette \u00e9l\u00e9gante con\u00e7ue pour suivre les contours naturels du pied pour un confort maximal. Fabriqu\u00e9 en m\u00e9tal, il est rehauss\u00e9 d&rsquo;un logo imprim\u00e9 et d&rsquo;un trou de suspension pratique \u00e0 l&rsquo;extr\u00e9mit\u00e9. D\u00e9tails du produit Chausse-pied en m\u00e9tal Couleur : dor\u00e9 Bo\u00eete rectangulaire [&#8230;]\n","protected":false},"featured_media":183645,"comment_status":"open","ping_status":"closed","template":"","meta":{"rank_math_lock_modified_date":false},"product_cat":[1136,1176,1282,1399],"product_tag":[],"class_list":{"0":"post-212271","1":"product","2":"type-product","3":"status-publish","4":"has-post-thumbnail","6":"product_cat-heren-nl-fr","7":"product_cat-santoni-nl-fr","8":"product_cat-schoenverzorging-nl-fr","9":"product_cat-gifts-2-fr","11":"first","12":"instock","13":"taxable","14":"shipping-taxable","15":"purchasable","16":"product-type-variable"},"acf":[],"yoast_head":"<!-- This site is optimized with the Yoast SEO plugin v23.9 - https:\/\/yoast.com\/wordpress\/plugins\/seo\/ -->\n<title>SANTONI - Branded Metal Shoehorn (38323) - Vousten Shoes<\/title>\n<meta name=\"robots\" content=\"index, follow, max-snippet:-1, max-image-preview:large, max-video-preview:-1\" \/>\n<link rel=\"canonical\" href=\"https:\/\/www.voustenshoes.com\/fr\/santoni-branded-metal-shoehorn-38323\/\" \/>\n<meta property=\"og:locale\" content=\"fr_FR\" \/>\n<meta property=\"og:type\" content=\"article\" \/>\n<meta property=\"og:title\" content=\"SANTONI - Branded Metal Shoehorn (38323) - Vousten Shoes\" \/>\n<meta property=\"og:description\" content=\"Offrez-vous ou offrez \u00e0 quelqu&rsquo;un de sp\u00e9cial ce chausse-pied exclusif Santoni, dot\u00e9 d&rsquo;une silhouette \u00e9l\u00e9gante con\u00e7ue pour suivre les contours naturels du pied pour un confort maximal. Fabriqu\u00e9 en m\u00e9tal, il est rehauss\u00e9 d&rsquo;un logo imprim\u00e9 et d&rsquo;un trou de suspension pratique \u00e0 l&rsquo;extr\u00e9mit\u00e9. D\u00e9tails du produit Chausse-pied en m\u00e9tal Couleur : dor\u00e9 Bo\u00eete rectangulaire [...]\" \/>\n<meta property=\"og:url\" content=\"https:\/\/www.voustenshoes.com\/fr\/santoni-branded-metal-shoehorn-38323\/\" \/>\n<meta property=\"og:site_name\" content=\"Vousten Shoes\" \/>\n<meta property=\"article:modified_time\" content=\"2026-02-05T10:18:02+00:00\" \/>\n<meta property=\"og:image\" content=\"https:\/\/www.voustenshoes.com\/wp-content\/uploads\/2023\/06\/editorialimage-_1_.jpg\" \/>\n\t<meta property=\"og:image:width\" content=\"1450\" \/>\n\t<meta property=\"og:image:height\" content=\"1450\" \/>\n\t<meta property=\"og:image:type\" content=\"image\/jpeg\" \/>\n<meta name=\"twitter:card\" content=\"summary_large_image\" \/>\n<meta name=\"twitter:label1\" content=\"Est. reading time\" \/>\n\t<meta name=\"twitter:data1\" content=\"1 minute\" \/>\n<script type=\"application\/ld+json\" class=\"yoast-schema-graph\">{\"@context\":\"https:\/\/schema.org\",\"@graph\":[{\"@type\":\"WebPage\",\"@id\":\"https:\/\/www.voustenshoes.com\/fr\/santoni-branded-metal-shoehorn-38323\/\",\"url\":\"https:\/\/www.voustenshoes.com\/fr\/santoni-branded-metal-shoehorn-38323\/\",\"name\":\"SANTONI - Branded Metal Shoehorn (38323) - Vousten Shoes\",\"isPartOf\":{\"@id\":\"https:\/\/www.voustenshoes.com\/nl\/#website\"},\"primaryImageOfPage\":{\"@id\":\"https:\/\/www.voustenshoes.com\/fr\/santoni-branded-metal-shoehorn-38323\/#primaryimage\"},\"image\":{\"@id\":\"https:\/\/www.voustenshoes.com\/fr\/santoni-branded-metal-shoehorn-38323\/#primaryimage\"},\"thumbnailUrl\":\"https:\/\/www.voustenshoes.com\/wp-content\/uploads\/2023\/06\/editorialimage-_1_.jpg\",\"datePublished\":\"2024-12-16T16:16:08+00:00\",\"dateModified\":\"2026-02-05T10:18:02+00:00\",\"breadcrumb\":{\"@id\":\"https:\/\/www.voustenshoes.com\/fr\/santoni-branded-metal-shoehorn-38323\/#breadcrumb\"},\"inLanguage\":\"fr-FR\",\"potentialAction\":[{\"@type\":\"ReadAction\",\"target\":[\"https:\/\/www.voustenshoes.com\/fr\/santoni-branded-metal-shoehorn-38323\/\"]}]},{\"@type\":\"ImageObject\",\"inLanguage\":\"fr-FR\",\"@id\":\"https:\/\/www.voustenshoes.com\/fr\/santoni-branded-metal-shoehorn-38323\/#primaryimage\",\"url\":\"https:\/\/www.voustenshoes.com\/wp-content\/uploads\/2023\/06\/editorialimage-_1_.jpg\",\"contentUrl\":\"https:\/\/www.voustenshoes.com\/wp-content\/uploads\/2023\/06\/editorialimage-_1_.jpg\",\"width\":1450,\"height\":1450},{\"@type\":\"BreadcrumbList\",\"@id\":\"https:\/\/www.voustenshoes.com\/fr\/santoni-branded-metal-shoehorn-38323\/#breadcrumb\",\"itemListElement\":[{\"@type\":\"ListItem\",\"position\":1,\"name\":\"Home\",\"item\":\"https:\/\/www.voustenshoes.com\/fr\/\"},{\"@type\":\"ListItem\",\"position\":2,\"name\":\"Boutique\",\"item\":\"https:\/\/www.voustenshoes.com\/fr\/shop\/\"},{\"@type\":\"ListItem\",\"position\":3,\"name\":\"SANTONI &#8211; Branded Metal Shoehorn (38323)\"}]},{\"@type\":\"WebSite\",\"@id\":\"https:\/\/www.voustenshoes.com\/nl\/#website\",\"url\":\"https:\/\/www.voustenshoes.com\/nl\/\",\"name\":\"Vousten Shoes\",\"description\":\"\",\"potentialAction\":[{\"@type\":\"SearchAction\",\"target\":{\"@type\":\"EntryPoint\",\"urlTemplate\":\"https:\/\/www.voustenshoes.com\/nl\/?s={search_term_string}\"},\"query-input\":{\"@type\":\"PropertyValueSpecification\",\"valueRequired\":true,\"valueName\":\"search_term_string\"}}],\"inLanguage\":\"fr-FR\"}]}<\/script>\n<!-- \/ Yoast SEO plugin. -->","yoast_head_json":{"title":"SANTONI - Branded Metal Shoehorn (38323) - Vousten Shoes","robots":{"index":"index","follow":"follow","max-snippet":"max-snippet:-1","max-image-preview":"max-image-preview:large","max-video-preview":"max-video-preview:-1"},"canonical":"https:\/\/www.voustenshoes.com\/fr\/santoni-branded-metal-shoehorn-38323\/","og_locale":"fr_FR","og_type":"article","og_title":"SANTONI - Branded Metal Shoehorn (38323) - Vousten Shoes","og_description":"Offrez-vous ou offrez \u00e0 quelqu&rsquo;un de sp\u00e9cial ce chausse-pied exclusif Santoni, dot\u00e9 d&rsquo;une silhouette \u00e9l\u00e9gante con\u00e7ue pour suivre les contours naturels du pied pour un confort maximal. Fabriqu\u00e9 en m\u00e9tal, il est rehauss\u00e9 d&rsquo;un logo imprim\u00e9 et d&rsquo;un trou de suspension pratique \u00e0 l&rsquo;extr\u00e9mit\u00e9. D\u00e9tails du produit Chausse-pied en m\u00e9tal Couleur : dor\u00e9 Bo\u00eete rectangulaire [...]","og_url":"https:\/\/www.voustenshoes.com\/fr\/santoni-branded-metal-shoehorn-38323\/","og_site_name":"Vousten Shoes","article_modified_time":"2026-02-05T10:18:02+00:00","og_image":[{"width":1450,"height":1450,"url":"https:\/\/www.voustenshoes.com\/wp-content\/uploads\/2023\/06\/editorialimage-_1_.jpg","type":"image\/jpeg"}],"twitter_card":"summary_large_image","twitter_misc":{"Est. reading time":"1 minute"},"schema":{"@context":"https:\/\/schema.org","@graph":[{"@type":"WebPage","@id":"https:\/\/www.voustenshoes.com\/fr\/santoni-branded-metal-shoehorn-38323\/","url":"https:\/\/www.voustenshoes.com\/fr\/santoni-branded-metal-shoehorn-38323\/","name":"SANTONI - Branded Metal Shoehorn (38323) - Vousten Shoes","isPartOf":{"@id":"https:\/\/www.voustenshoes.com\/nl\/#website"},"primaryImageOfPage":{"@id":"https:\/\/www.voustenshoes.com\/fr\/santoni-branded-metal-shoehorn-38323\/#primaryimage"},"image":{"@id":"https:\/\/www.voustenshoes.com\/fr\/santoni-branded-metal-shoehorn-38323\/#primaryimage"},"thumbnailUrl":"https:\/\/www.voustenshoes.com\/wp-content\/uploads\/2023\/06\/editorialimage-_1_.jpg","datePublished":"2024-12-16T16:16:08+00:00","dateModified":"2026-02-05T10:18:02+00:00","breadcrumb":{"@id":"https:\/\/www.voustenshoes.com\/fr\/santoni-branded-metal-shoehorn-38323\/#breadcrumb"},"inLanguage":"fr-FR","potentialAction":[{"@type":"ReadAction","target":["https:\/\/www.voustenshoes.com\/fr\/santoni-branded-metal-shoehorn-38323\/"]}]},{"@type":"ImageObject","inLanguage":"fr-FR","@id":"https:\/\/www.voustenshoes.com\/fr\/santoni-branded-metal-shoehorn-38323\/#primaryimage","url":"https:\/\/www.voustenshoes.com\/wp-content\/uploads\/2023\/06\/editorialimage-_1_.jpg","contentUrl":"https:\/\/www.voustenshoes.com\/wp-content\/uploads\/2023\/06\/editorialimage-_1_.jpg","width":1450,"height":1450},{"@type":"BreadcrumbList","@id":"https:\/\/www.voustenshoes.com\/fr\/santoni-branded-metal-shoehorn-38323\/#breadcrumb","itemListElement":[{"@type":"ListItem","position":1,"name":"Home","item":"https:\/\/www.voustenshoes.com\/fr\/"},{"@type":"ListItem","position":2,"name":"Boutique","item":"https:\/\/www.voustenshoes.com\/fr\/shop\/"},{"@type":"ListItem","position":3,"name":"SANTONI &#8211; Branded Metal Shoehorn (38323)"}]},{"@type":"WebSite","@id":"https:\/\/www.voustenshoes.com\/nl\/#website","url":"https:\/\/www.voustenshoes.com\/nl\/","name":"Vousten Shoes","description":"","potentialAction":[{"@type":"SearchAction","target":{"@type":"EntryPoint","urlTemplate":"https:\/\/www.voustenshoes.com\/nl\/?s={search_term_string}"},"query-input":{"@type":"PropertyValueSpecification","valueRequired":true,"valueName":"search_term_string"}}],"inLanguage":"fr-FR"}]}},"_links":{"self":[{"href":"https:\/\/www.voustenshoes.com\/fr\/wp-json\/wp\/v2\/product\/212271","targetHints":{"allow":["GET"]}}],"collection":[{"href":"https:\/\/www.voustenshoes.com\/fr\/wp-json\/wp\/v2\/product"}],"about":[{"href":"https:\/\/www.voustenshoes.com\/fr\/wp-json\/wp\/v2\/types\/product"}],"replies":[{"embeddable":true,"href":"https:\/\/www.voustenshoes.com\/fr\/wp-json\/wp\/v2\/comments?post=212271"}],"wp:featuredmedia":[{"embeddable":true,"href":"https:\/\/www.voustenshoes.com\/fr\/wp-json\/wp\/v2\/media\/183645"}],"wp:attachment":[{"href":"https:\/\/www.voustenshoes.com\/fr\/wp-json\/wp\/v2\/media?parent=212271"}],"wp:term":[{"taxonomy":"product_cat","embeddable":true,"href":"https:\/\/www.voustenshoes.com\/fr\/wp-json\/wp\/v2\/product_cat?post=212271"},{"taxonomy":"product_tag","embeddable":true,"href":"https:\/\/www.voustenshoes.com\/fr\/wp-json\/wp\/v2\/product_tag?post=212271"}],"curies":[{"name":"wp","href":"https:\/\/api.w.org\/{rel}","templated":true}]}}