{"id":212407,"date":"2024-12-30T14:11:42","date_gmt":"2024-12-30T13:11:42","guid":{"rendered":"https:\/\/www.voustenshoes.com\/santoni-chausse-pied-de-voyage-avec-poignee-en-cuir-38314\/"},"modified":"2026-02-05T11:17:58","modified_gmt":"2026-02-05T10:17:58","slug":"santoni-chausse-pied-de-voyage-avec-poignee-en-cuir-38314","status":"publish","type":"product","link":"https:\/\/www.voustenshoes.com\/fr\/santoni-chausse-pied-de-voyage-avec-poignee-en-cuir-38314\/","title":{"rendered":"SANTONI &#8211; Chausse-pied de Voyage avec Poign\u00e9e en Cuir (38314)"},"content":{"rendered":"<p>Fonctionnel et \u00e9l\u00e9gant, ce chausse-pied de voyage pliable est une id\u00e9e cadeau bien pens\u00e9e et constitue le moyen id\u00e9al pour compl\u00e9ter n&rsquo;importe quel kit d&rsquo;entretien de chaussures. Fabriqu\u00e9 en acier, il comporte une poign\u00e9e en cuir avec des surpiq\u00fbres d\u00e9coratives.<\/p>\n<ul>\n<li>D\u00e9tails du produit<\/li>\n<li>Chausse-pied de voyage pliable<\/li>\n<li>Fabriqu\u00e9 en acier<\/li>\n<li>Poign\u00e9e en cuir<\/li>\n<li>Surpiq\u00fbres d\u00e9coratives<\/li>\n<li>Bo\u00eete rectangulaire<\/li>\n<li>Logo Santoni imprim\u00e9 sur la poign\u00e9e<\/li>\n<li>Dimensions : 14 cm ferm\u00e9, 21 cm ouvert<\/li>\n<\/ul>\n<p>100% fabriqu\u00e9 en Italie<\/p>\n","protected":false},"excerpt":{"rendered":"<p>Fonctionnel et \u00e9l\u00e9gant, ce chausse-pied de voyage pliable est une id\u00e9e cadeau bien pens\u00e9e et constitue le moyen id\u00e9al pour compl\u00e9ter n&rsquo;importe quel kit d&rsquo;entretien de chaussures. Fabriqu\u00e9 en acier, il comporte une poign\u00e9e en cuir avec des surpiq\u00fbres d\u00e9coratives. D\u00e9tails du produit Chausse-pied de voyage pliable Fabriqu\u00e9 en acier Poign\u00e9e en cuir Surpiq\u00fbres d\u00e9coratives [&#8230;]\n","protected":false},"featured_media":183448,"comment_status":"open","ping_status":"closed","template":"","meta":{"rank_math_lock_modified_date":false},"product_cat":[1399,1136,1176,1282],"product_tag":[],"class_list":{"0":"post-212407","1":"product","2":"type-product","3":"status-publish","4":"has-post-thumbnail","6":"product_cat-gifts-2-fr","7":"product_cat-heren-nl-fr","8":"product_cat-santoni-nl-fr","9":"product_cat-schoenverzorging-nl-fr","11":"first","12":"instock","13":"taxable","14":"shipping-taxable","15":"purchasable","16":"product-type-variable"},"acf":[],"yoast_head":"<!-- This site is optimized with the Yoast SEO plugin v23.9 - https:\/\/yoast.com\/wordpress\/plugins\/seo\/ -->\n<title>SANTONI - Chausse-pied de Voyage avec Poign\u00e9e en Cuir (38314) - Vousten Shoes<\/title>\n<meta name=\"robots\" content=\"index, follow, max-snippet:-1, max-image-preview:large, max-video-preview:-1\" \/>\n<link rel=\"canonical\" href=\"https:\/\/www.voustenshoes.com\/fr\/santoni-chausse-pied-de-voyage-avec-poignee-en-cuir-38314\/\" \/>\n<meta property=\"og:locale\" content=\"fr_FR\" \/>\n<meta property=\"og:type\" content=\"article\" \/>\n<meta property=\"og:title\" content=\"SANTONI - Chausse-pied de Voyage avec Poign\u00e9e en Cuir (38314) - Vousten Shoes\" \/>\n<meta property=\"og:description\" content=\"Fonctionnel et \u00e9l\u00e9gant, ce chausse-pied de voyage pliable est une id\u00e9e cadeau bien pens\u00e9e et constitue le moyen id\u00e9al pour compl\u00e9ter n&rsquo;importe quel kit d&rsquo;entretien de chaussures. Fabriqu\u00e9 en acier, il comporte une poign\u00e9e en cuir avec des surpiq\u00fbres d\u00e9coratives. D\u00e9tails du produit Chausse-pied de voyage pliable Fabriqu\u00e9 en acier Poign\u00e9e en cuir Surpiq\u00fbres d\u00e9coratives [...]\" \/>\n<meta property=\"og:url\" content=\"https:\/\/www.voustenshoes.com\/fr\/santoni-chausse-pied-de-voyage-avec-poignee-en-cuir-38314\/\" \/>\n<meta property=\"og:site_name\" content=\"Vousten Shoes\" \/>\n<meta property=\"article:modified_time\" content=\"2026-02-05T10:17:58+00:00\" \/>\n<meta property=\"og:image\" content=\"https:\/\/www.voustenshoes.com\/wp-content\/uploads\/2023\/06\/editorialimage.jpg\" \/>\n\t<meta property=\"og:image:width\" content=\"1450\" \/>\n\t<meta property=\"og:image:height\" content=\"1450\" \/>\n\t<meta property=\"og:image:type\" content=\"image\/jpeg\" \/>\n<meta name=\"twitter:card\" content=\"summary_large_image\" \/>\n<script type=\"application\/ld+json\" class=\"yoast-schema-graph\">{\"@context\":\"https:\/\/schema.org\",\"@graph\":[{\"@type\":\"WebPage\",\"@id\":\"https:\/\/www.voustenshoes.com\/fr\/santoni-chausse-pied-de-voyage-avec-poignee-en-cuir-38314\/\",\"url\":\"https:\/\/www.voustenshoes.com\/fr\/santoni-chausse-pied-de-voyage-avec-poignee-en-cuir-38314\/\",\"name\":\"SANTONI - Chausse-pied de Voyage avec Poign\u00e9e en Cuir (38314) - Vousten Shoes\",\"isPartOf\":{\"@id\":\"https:\/\/www.voustenshoes.com\/nl\/#website\"},\"primaryImageOfPage\":{\"@id\":\"https:\/\/www.voustenshoes.com\/fr\/santoni-chausse-pied-de-voyage-avec-poignee-en-cuir-38314\/#primaryimage\"},\"image\":{\"@id\":\"https:\/\/www.voustenshoes.com\/fr\/santoni-chausse-pied-de-voyage-avec-poignee-en-cuir-38314\/#primaryimage\"},\"thumbnailUrl\":\"https:\/\/www.voustenshoes.com\/wp-content\/uploads\/2023\/06\/editorialimage.jpg\",\"datePublished\":\"2024-12-30T13:11:42+00:00\",\"dateModified\":\"2026-02-05T10:17:58+00:00\",\"breadcrumb\":{\"@id\":\"https:\/\/www.voustenshoes.com\/fr\/santoni-chausse-pied-de-voyage-avec-poignee-en-cuir-38314\/#breadcrumb\"},\"inLanguage\":\"fr-FR\",\"potentialAction\":[{\"@type\":\"ReadAction\",\"target\":[\"https:\/\/www.voustenshoes.com\/fr\/santoni-chausse-pied-de-voyage-avec-poignee-en-cuir-38314\/\"]}]},{\"@type\":\"ImageObject\",\"inLanguage\":\"fr-FR\",\"@id\":\"https:\/\/www.voustenshoes.com\/fr\/santoni-chausse-pied-de-voyage-avec-poignee-en-cuir-38314\/#primaryimage\",\"url\":\"https:\/\/www.voustenshoes.com\/wp-content\/uploads\/2023\/06\/editorialimage.jpg\",\"contentUrl\":\"https:\/\/www.voustenshoes.com\/wp-content\/uploads\/2023\/06\/editorialimage.jpg\",\"width\":1450,\"height\":1450},{\"@type\":\"BreadcrumbList\",\"@id\":\"https:\/\/www.voustenshoes.com\/fr\/santoni-chausse-pied-de-voyage-avec-poignee-en-cuir-38314\/#breadcrumb\",\"itemListElement\":[{\"@type\":\"ListItem\",\"position\":1,\"name\":\"Home\",\"item\":\"https:\/\/www.voustenshoes.com\/fr\/\"},{\"@type\":\"ListItem\",\"position\":2,\"name\":\"Boutique\",\"item\":\"https:\/\/www.voustenshoes.com\/fr\/shop\/\"},{\"@type\":\"ListItem\",\"position\":3,\"name\":\"SANTONI &#8211; Chausse-pied de Voyage avec Poign\u00e9e en Cuir (38314)\"}]},{\"@type\":\"WebSite\",\"@id\":\"https:\/\/www.voustenshoes.com\/nl\/#website\",\"url\":\"https:\/\/www.voustenshoes.com\/nl\/\",\"name\":\"Vousten Shoes\",\"description\":\"\",\"potentialAction\":[{\"@type\":\"SearchAction\",\"target\":{\"@type\":\"EntryPoint\",\"urlTemplate\":\"https:\/\/www.voustenshoes.com\/nl\/?s={search_term_string}\"},\"query-input\":{\"@type\":\"PropertyValueSpecification\",\"valueRequired\":true,\"valueName\":\"search_term_string\"}}],\"inLanguage\":\"fr-FR\"}]}<\/script>\n<!-- \/ Yoast SEO plugin. -->","yoast_head_json":{"title":"SANTONI - Chausse-pied de Voyage avec Poign\u00e9e en Cuir (38314) - Vousten Shoes","robots":{"index":"index","follow":"follow","max-snippet":"max-snippet:-1","max-image-preview":"max-image-preview:large","max-video-preview":"max-video-preview:-1"},"canonical":"https:\/\/www.voustenshoes.com\/fr\/santoni-chausse-pied-de-voyage-avec-poignee-en-cuir-38314\/","og_locale":"fr_FR","og_type":"article","og_title":"SANTONI - Chausse-pied de Voyage avec Poign\u00e9e en Cuir (38314) - Vousten Shoes","og_description":"Fonctionnel et \u00e9l\u00e9gant, ce chausse-pied de voyage pliable est une id\u00e9e cadeau bien pens\u00e9e et constitue le moyen id\u00e9al pour compl\u00e9ter n&rsquo;importe quel kit d&rsquo;entretien de chaussures. Fabriqu\u00e9 en acier, il comporte une poign\u00e9e en cuir avec des surpiq\u00fbres d\u00e9coratives. D\u00e9tails du produit Chausse-pied de voyage pliable Fabriqu\u00e9 en acier Poign\u00e9e en cuir Surpiq\u00fbres d\u00e9coratives [...]","og_url":"https:\/\/www.voustenshoes.com\/fr\/santoni-chausse-pied-de-voyage-avec-poignee-en-cuir-38314\/","og_site_name":"Vousten Shoes","article_modified_time":"2026-02-05T10:17:58+00:00","og_image":[{"width":1450,"height":1450,"url":"https:\/\/www.voustenshoes.com\/wp-content\/uploads\/2023\/06\/editorialimage.jpg","type":"image\/jpeg"}],"twitter_card":"summary_large_image","schema":{"@context":"https:\/\/schema.org","@graph":[{"@type":"WebPage","@id":"https:\/\/www.voustenshoes.com\/fr\/santoni-chausse-pied-de-voyage-avec-poignee-en-cuir-38314\/","url":"https:\/\/www.voustenshoes.com\/fr\/santoni-chausse-pied-de-voyage-avec-poignee-en-cuir-38314\/","name":"SANTONI - Chausse-pied de Voyage avec Poign\u00e9e en Cuir (38314) - Vousten Shoes","isPartOf":{"@id":"https:\/\/www.voustenshoes.com\/nl\/#website"},"primaryImageOfPage":{"@id":"https:\/\/www.voustenshoes.com\/fr\/santoni-chausse-pied-de-voyage-avec-poignee-en-cuir-38314\/#primaryimage"},"image":{"@id":"https:\/\/www.voustenshoes.com\/fr\/santoni-chausse-pied-de-voyage-avec-poignee-en-cuir-38314\/#primaryimage"},"thumbnailUrl":"https:\/\/www.voustenshoes.com\/wp-content\/uploads\/2023\/06\/editorialimage.jpg","datePublished":"2024-12-30T13:11:42+00:00","dateModified":"2026-02-05T10:17:58+00:00","breadcrumb":{"@id":"https:\/\/www.voustenshoes.com\/fr\/santoni-chausse-pied-de-voyage-avec-poignee-en-cuir-38314\/#breadcrumb"},"inLanguage":"fr-FR","potentialAction":[{"@type":"ReadAction","target":["https:\/\/www.voustenshoes.com\/fr\/santoni-chausse-pied-de-voyage-avec-poignee-en-cuir-38314\/"]}]},{"@type":"ImageObject","inLanguage":"fr-FR","@id":"https:\/\/www.voustenshoes.com\/fr\/santoni-chausse-pied-de-voyage-avec-poignee-en-cuir-38314\/#primaryimage","url":"https:\/\/www.voustenshoes.com\/wp-content\/uploads\/2023\/06\/editorialimage.jpg","contentUrl":"https:\/\/www.voustenshoes.com\/wp-content\/uploads\/2023\/06\/editorialimage.jpg","width":1450,"height":1450},{"@type":"BreadcrumbList","@id":"https:\/\/www.voustenshoes.com\/fr\/santoni-chausse-pied-de-voyage-avec-poignee-en-cuir-38314\/#breadcrumb","itemListElement":[{"@type":"ListItem","position":1,"name":"Home","item":"https:\/\/www.voustenshoes.com\/fr\/"},{"@type":"ListItem","position":2,"name":"Boutique","item":"https:\/\/www.voustenshoes.com\/fr\/shop\/"},{"@type":"ListItem","position":3,"name":"SANTONI &#8211; Chausse-pied de Voyage avec Poign\u00e9e en Cuir (38314)"}]},{"@type":"WebSite","@id":"https:\/\/www.voustenshoes.com\/nl\/#website","url":"https:\/\/www.voustenshoes.com\/nl\/","name":"Vousten Shoes","description":"","potentialAction":[{"@type":"SearchAction","target":{"@type":"EntryPoint","urlTemplate":"https:\/\/www.voustenshoes.com\/nl\/?s={search_term_string}"},"query-input":{"@type":"PropertyValueSpecification","valueRequired":true,"valueName":"search_term_string"}}],"inLanguage":"fr-FR"}]}},"_links":{"self":[{"href":"https:\/\/www.voustenshoes.com\/fr\/wp-json\/wp\/v2\/product\/212407","targetHints":{"allow":["GET"]}}],"collection":[{"href":"https:\/\/www.voustenshoes.com\/fr\/wp-json\/wp\/v2\/product"}],"about":[{"href":"https:\/\/www.voustenshoes.com\/fr\/wp-json\/wp\/v2\/types\/product"}],"replies":[{"embeddable":true,"href":"https:\/\/www.voustenshoes.com\/fr\/wp-json\/wp\/v2\/comments?post=212407"}],"wp:featuredmedia":[{"embeddable":true,"href":"https:\/\/www.voustenshoes.com\/fr\/wp-json\/wp\/v2\/media\/183448"}],"wp:attachment":[{"href":"https:\/\/www.voustenshoes.com\/fr\/wp-json\/wp\/v2\/media?parent=212407"}],"wp:term":[{"taxonomy":"product_cat","embeddable":true,"href":"https:\/\/www.voustenshoes.com\/fr\/wp-json\/wp\/v2\/product_cat?post=212407"},{"taxonomy":"product_tag","embeddable":true,"href":"https:\/\/www.voustenshoes.com\/fr\/wp-json\/wp\/v2\/product_tag?post=212407"}],"curies":[{"name":"wp","href":"https:\/\/api.w.org\/{rel}","templated":true}]}}